{"id":706,"date":"2022-10-26T19:07:25","date_gmt":"2022-10-26T17:07:25","guid":{"rendered":"http:\/\/agora.xtec.cat\/ceip-ferreriguardia\/?page_id=706"},"modified":"2023-04-14T09:49:46","modified_gmt":"2023-04-14T07:49:46","slug":"estrategiadigitaldecentre","status":"publish","type":"page","link":"https:\/\/agora.xtec.cat\/ceip-ferreriguardia\/pagina-dinici-buida\/estrategiadigitaldecentre\/","title":{"rendered":"Estrat\u00e8gia Digital de Centre"},"content":{"rendered":"<p><a href=\"https:\/\/sites.google.com\/escolaferreriguardia.com\/escolaferreriguardia\/inici\" target=\"_blank\" rel=\"noopener\">L\u2019Estrat\u00e8gia Digital de Centre (EDC)<\/a> \u00e9s un document que recull totes les accions que es realitzen o realitzaran en un centre per aconseguir la m\u00e0xima compet\u00e8ncia digital de l\u2019alumnat, del professorat i del centre educatiu. El podeu consultar\u00a0<a href=\"https:\/\/sites.google.com\/escolaferreriguardia.com\/escolaferreriguardia\/inici?authuser=0\" target=\"_blank\" rel=\"noopener\">aqu\u00ed.<\/a><\/p>\n<p><a href=\"https:\/\/sites.google.com\/escolaferreriguardia.com\/escolaferreriguardia\/inici\" target=\"_blank\" rel=\"noopener\"><img loading=\"lazy\" decoding=\"async\" class=\"alignnone wp-image-7594 size-large\" src=\"https:\/\/agora.xtec.cat\/ceip-ferreriguardia\/wp-content\/uploads\/usu418\/2022\/10\/Captura-de-Pantalla-2022-10-26-a-las-19.01.09-1024x724.png\" alt=\"\" width=\"1024\" height=\"724\" \/><\/a><\/p>\n<p>&nbsp;<\/p>\n<p>&nbsp;<\/p>\n<p>&nbsp;<\/p>\n","protected":false},"excerpt":{"rendered":"<p><a href=\"https:\/\/sites.google.com\/escolaferreriguardia.com\/escolaferreriguardia\/inici\" target=\"_blank\" rel=\"noopener\">L\u2019Estrat\u00e8gia Digital de Centre (EDC)<\/a> \u00e9s un document que recull totes les accions que es realitzen o realitzaran en un centre per aconseguir la m\u00e0xima compet\u00e8ncia digital de l\u2019alumnat, del professorat i del centre educatiu. El podeu consultar\u00a0<a href=\"https:\/\/sites.google.com\/escolaferreriguardia.com\/escolaferreriguardia\/inici?authuser=0\" target=\"_blank\" rel=\"noopener\">aqu\u00ed.<\/a><br \/>\n<a href=\"https:\/\/sites.google.com\/escolaferreriguardia.com\/escolaferreriguardia\/inici\"&hellip;  <a href=\"https:\/\/agora.xtec.cat\/ceip-ferreriguardia\/pagina-dinici-buida\/estrategiadigitaldecentre\/\" title=\"Read Estrat\u00e8gia Digital de Centre\">Llegeix m\u00e9s\u00bb<\/a><\/p>\n","protected":false},"author":11,"featured_media":0,"parent":9,"menu_order":0,"comment_status":"closed","ping_status":"closed","template":"page-templates\/side-menu.php","meta":{"_bbp_topic_count":0,"_bbp_reply_count":0,"_bbp_total_topic_count":0,"_bbp_total_reply_count":0,"_bbp_voice_count":0,"_bbp_anonymous_reply_count":0,"_bbp_topic_count_hidden":0,"_bbp_reply_count_hidden":0,"_bbp_forum_subforum_count":0,"footnotes":""},"class_list":["post-706","page","type-page","status-publish","hentry"],"post_mailing_queue_ids":[],"_links":{"self":[{"href":"https:\/\/agora.xtec.cat\/ceip-ferreriguardia\/wp-json\/wp\/v2\/pages\/706","targetHints":{"allow":["GET"]}}],"collection":[{"href":"https:\/\/agora.xtec.cat\/ceip-ferreriguardia\/wp-json\/wp\/v2\/pages"}],"about":[{"href":"https:\/\/agora.xtec.cat\/ceip-ferreriguardia\/wp-json\/wp\/v2\/types\/page"}],"author":[{"embeddable":true,"href":"https:\/\/agora.xtec.cat\/ceip-ferreriguardia\/wp-json\/wp\/v2\/users\/11"}],"replies":[{"embeddable":true,"href":"https:\/\/agora.xtec.cat\/ceip-ferreriguardia\/wp-json\/wp\/v2\/comments?post=706"}],"version-history":[{"count":0,"href":"https:\/\/agora.xtec.cat\/ceip-ferreriguardia\/wp-json\/wp\/v2\/pages\/706\/revisions"}],"up":[{"embeddable":true,"href":"https:\/\/agora.xtec.cat\/ceip-ferreriguardia\/wp-json\/wp\/v2\/pages\/9"}],"wp:attachment":[{"href":"https:\/\/agora.xtec.cat\/ceip-ferreriguardia\/wp-json\/wp\/v2\/media?parent=706"}],"curies":[{"name":"wp","href":"https:\/\/api.w.org\/{rel}","templated":true}]}}