{"id":702,"date":"2017-09-21T22:06:14","date_gmt":"2017-09-21T20:06:14","guid":{"rendered":"http:\/\/agora.xtec.cat\/ceip-ferreriguardia\/?page_id=702"},"modified":"2022-11-04T09:41:45","modified_gmt":"2022-11-04T08:41:45","slug":"educarts","status":"publish","type":"page","link":"https:\/\/agora.xtec.cat\/ceip-ferreriguardia\/projectes\/educarts\/","title":{"rendered":"EducArts"},"content":{"rendered":"<p>EducArTS Zona Nord \u00e9s una iniciativa de Pla de Barris i es desenvolupa als barris de Ciutat Meridiana, Torre Bar\u00f3 i Vallbona de la ciutat de Barcelona. La seva gesti\u00f3, adjudicada a trav\u00e9s d\u2019un concurs p\u00fablic, \u00e9s a c\u00e0rrec de la Fundaci\u00f3 L\u2019ARC M\u00fasica, a partir de l\u2019experi\u00e8ncia en projectes i programes d\u2019arts esc\u00e8niques per a la inclusi\u00f3 social de Xamfr\u00e0, centre socioeducatiu i art\u00edstic que aquesta Fundaci\u00f3 t\u00e9 al barri del Raval de Barcelona des de fa 16 anys.<\/p>\n<p><a href=\"https:\/\/agora.xtec.cat\/ceip-ferreriguardia\/wp-content\/uploads\/usu418\/2022\/11\/719F5CE1-F0C3-4432-9390-50B609013DCC.jpeg\"><img loading=\"lazy\" decoding=\"async\" class=\"alignnone size-large wp-image-7629\" src=\"https:\/\/agora.xtec.cat\/ceip-ferreriguardia\/wp-content\/uploads\/usu418\/2022\/11\/719F5CE1-F0C3-4432-9390-50B609013DCC-1024x1004.jpeg\" alt=\"\" width=\"1024\" height=\"1004\" \/><\/a><\/p>\n<p>La mirada, des de la que duem a terme EducArtS \u00e9s la d\u2019una \u201ctemptativa\u201d pedag\u00f2gica, que es val de les arts esc\u00e8niques com a eines socioeducatives, i que vol caminar cap a la millora de les oportunitats educatives dels infants i joves d\u2019aquests barris.\u00a0EducArtS va comen\u00e7ar a desplegar-se el mes d\u2019octubre de 2017, d\u2019entrada en franges d\u2019horari lectiu, en tots els cicles de les quatre escoles p\u00fabliques d\u2019infantil i prim\u00e0ria de la Zona Nord. Des del 2018 incorpora, tamb\u00e9 EducArtS, l\u2019escola concertada de Zona Nord i l\u2019Institut Picasso.<\/p>\n<p>El repte al que , d\u2019entrada, EducArtS es plantejava afrontar, va partir de la demanda, per part dels centres educatius, de treballar l\u2019acompanyament de l\u2019estat emocional dels infants, per contribuir a la seva millora i per provenir-los d\u2019eines per gestionar els conflictes. El segon repte demandat era el de contribuir a la millora de les compet\u00e8ncies ling\u00fc\u00edstiques i comunicatives d\u2019aquests infants.<\/p>\n<p>&nbsp;<\/p>\n<p>EducArtS, des d\u2019un principi, contempla la implicaci\u00f3 necess\u00e0ria de diferents agents de la comunitat educativa (el propi equip d\u2019artistes-formadors que duen a terme els tallers, acompanyats de l\u2019equip de coordinaci\u00f3, els equips directius i docents de les escoles. D\u2019una manera progressiva es contempla i, de fet, est\u00e0 tenint lloc, l\u2019ampliaci\u00f3 d\u2019agents del territori que s\u2019impliquen i participen en el desplegament d\u2019EducArtS (principalment educatius, socials i culturals) i de les fam\u00edlies.<\/p>\n<p>A partir del 2019, i en coordinaci\u00f3 amb les\u00a0 AFAS de Zona Nord, equipaments i entitats dels tres barris, s\u2019inicia oferta de tallers art\u00edstics fora escola.<\/p>\n<p>El repte d\u2019EducArtS \u00e9s:\u00a0<b>acompanyar, a trav\u00e9s de les arts esc\u00e8niques, a infants i joves de zona nord dins i fora escola, per contribuir a que es facin un projecte de vida propi i amb uns valors que vetllin pel b\u00e9 com\u00fa.<\/b><\/p>\n<p>La ra\u00f3 de plantejar-nos aquest repte t\u00e9 a veure amb la situaci\u00f3 d\u2019inequitat educativa i social d\u2019aquest territori, en el que conflueixen diferents factors desencadenants de processos d\u2019exclusi\u00f3\u00a0social. Caminar per assolir-lo demana perman\u00e8ncia i const\u00e0ncia en l\u2019acci\u00f3, demana partir del treball d\u2019uns elements clau (des de la interpel\u00b7laci\u00f3 a la comunitat i des del\u00a0preguntar-nos sobre\u00a0el per a qu\u00e8 el\u00a0qu\u00e8, i per a qui eduquem), que involucrin la comunitat a diferents nivells, que de manera progressiva es coresponsabilitza com a agent educatiu (en una clara aposta per una mirada transversal, de 360\u00ba, on tot agent interpel\u00b7lat esdev\u00e9 agent educatiu).<\/p>\n<p>EducArtS duu a terme aquest acompanyament a trav\u00e9s de la pr\u00e0ctica art\u00edstica, on els diferents llenguatges s\u00f3n eines precioses d\u2019acc\u00e9s a l\u2019expressi\u00f3 emocional i est\u00e8tica conjunta i compartida, que fa de la implicaci\u00f3 personal, l\u2019escolta, el respecte, la complementarietat i la cooperaci\u00f3, requisits necessaris i compartits per la voluntat individual i grupal, de viure una experi\u00e8ncia est\u00e8tica, que aporta bellesa i benestar a tothom que hi participa.<\/p>\n","protected":false},"excerpt":{"rendered":"<p>EducArTS Zona Nord \u00e9s una iniciativa de Pla de Barris i es desenvolupa als barris de Ciutat Meridiana, Torre Bar\u00f3 i Vallbona de la ciutat de Barcelona. La seva gesti\u00f3, adjudicada a trav\u00e9s d\u2019un concurs p\u00fablic, \u00e9s a c\u00e0rrec de la Fundaci\u00f3 L\u2019ARC M\u00fasica, a&hellip;  <a href=\"https:\/\/agora.xtec.cat\/ceip-ferreriguardia\/projectes\/educarts\/\" title=\"Read EducArts\">Llegeix m\u00e9s\u00bb<\/a><\/p>\n","protected":false},"author":11,"featured_media":0,"parent":64,"menu_order":0,"comment_status":"closed","ping_status":"closed","template":"","meta":{"_bbp_topic_count":0,"_bbp_reply_count":0,"_bbp_total_topic_count":0,"_bbp_total_reply_count":0,"_bbp_voice_count":0,"_bbp_anonymous_reply_count":0,"_bbp_topic_count_hidden":0,"_bbp_reply_count_hidden":0,"_bbp_forum_subforum_count":0,"footnotes":""},"class_list":["post-702","page","type-page","status-publish","hentry"],"post_mailing_queue_ids":[],"_links":{"self":[{"href":"https:\/\/agora.xtec.cat\/ceip-ferreriguardia\/wp-json\/wp\/v2\/pages\/702","targetHints":{"allow":["GET"]}}],"collection":[{"href":"https:\/\/agora.xtec.cat\/ceip-ferreriguardia\/wp-json\/wp\/v2\/pages"}],"about":[{"href":"https:\/\/agora.xtec.cat\/ceip-ferreriguardia\/wp-json\/wp\/v2\/types\/page"}],"author":[{"embeddable":true,"href":"https:\/\/agora.xtec.cat\/ceip-ferreriguardia\/wp-json\/wp\/v2\/users\/11"}],"replies":[{"embeddable":true,"href":"https:\/\/agora.xtec.cat\/ceip-ferreriguardia\/wp-json\/wp\/v2\/comments?post=702"}],"version-history":[{"count":1,"href":"https:\/\/agora.xtec.cat\/ceip-ferreriguardia\/wp-json\/wp\/v2\/pages\/702\/revisions"}],"predecessor-version":[{"id":703,"href":"https:\/\/agora.xtec.cat\/ceip-ferreriguardia\/wp-json\/wp\/v2\/pages\/702\/revisions\/703"}],"up":[{"embeddable":true,"href":"https:\/\/agora.xtec.cat\/ceip-ferreriguardia\/wp-json\/wp\/v2\/pages\/64"}],"wp:attachment":[{"href":"https:\/\/agora.xtec.cat\/ceip-ferreriguardia\/wp-json\/wp\/v2\/media?parent=702"}],"curies":[{"name":"wp","href":"https:\/\/api.w.org\/{rel}","templated":true}]}}