{"id":675,"date":"2017-09-21T21:12:37","date_gmt":"2017-09-21T19:12:37","guid":{"rendered":"http:\/\/agora.xtec.cat\/ceip-ferreriguardia\/?page_id=675"},"modified":"2024-11-15T12:20:25","modified_gmt":"2024-11-15T11:20:25","slug":"ampa","status":"publish","type":"page","link":"https:\/\/agora.xtec.cat\/ceip-ferreriguardia\/lescola\/ampa\/","title":{"rendered":"AFA"},"content":{"rendered":"<div class=\"FW_sInfoCanal\">\n<h3>Qu\u00e8 \u00e9s l\u2019AFA?<\/h3>\n<\/div>\n<div class=\"entry clearfix\">\n<p>Qu\u00e8 \u00e9s l\u2019AFA?<br \/>\nCom diuen les seves sigles, Associaci\u00f3 de Fam\u00edlies d\u2019Alumnes, l\u2019AFA\u00e9s l\u2019entitat que agrupa els pares i mares de l\u2019escola per tal d\u2019estructurar la seva participaci\u00f3 al servei del conjunt de la comunitat educativa.<\/p>\n<p><strong>Quines funcions t\u00e9?<\/strong><\/p>\n<p>En general, podem dir que les seves funcions s\u00f3n:<\/p>\n<ul>\n<li>Dialogar, col\u00b7laborar i donar suport a la comunitat educativa per tal de millor la qualitat de l\u2019educaci\u00f3 dels nens i nenes.<\/li>\n<li>Oferir un espai de di\u00e0leg i tamb\u00e9 una infraestructura perqu\u00e8 es puguin organitzar serveis i activitats.<\/li>\n<\/ul>\n<p>I m\u00e9s concretament, aix\u00f2 ho fa a trav\u00e9s de:<\/p>\n<ul>\n<li><strong>Activitats complement\u00e0ries<\/strong> a les activitats docents de l\u2019escola com s\u00f3n:<\/li>\n<\/ul>\n<ul>\n<li>\n<ul>\n<li>Les activitats extraescolars: angl\u00e8s, inform\u00e0tica, esport, expressi\u00f3 corporal, percussi\u00f3, nataci\u00f3, patinatge i teatre.<\/li>\n<li>Servei d\u2019acollida al mat\u00ed.<\/li>\n<li>Els racons de juny: complementen l\u2019horari lectiu quan hi ha jornada intensiva.<\/li>\n<li>El Casal d\u2019Estiu: obert a tot el barri, durant cinc setmanes a partir de Sant Joan.<\/li>\n<li>El Casal de Nadal.<\/li>\n<\/ul>\n<\/li>\n<\/ul>\n<ul>\n<li><strong>Projectes en col\u00b7laboraci\u00f3 amb l\u2019escola <\/strong>que abracen:\n<ul>\n<li>Les infraestructures de l\u2019escola: per aconseguir coses que els pressupostos de l\u2019Administraci\u00f3 no contemplaven o no arribaven (ordinadors, cortines, tendals, prestatges, instruments musicals, material l\u00fadic\u2026).<\/li>\n<li>Part del material escolar: per cobrir les necessitats educatives dels nostres fills que no arriba amb el que rep l\u2019escola del Departament d\u2019Ensenyament.<\/li>\n<li>Patrocinem sortides i col\u00f2nies.<\/li>\n<li>Les festes: organitzaci\u00f3 de la Fira de Sant Jordi (venda de llibres i material audiovisual de segona m\u00e0, jocs i berenar). Col\u00b7laboraci\u00f3 en l\u2019organitzaci\u00f3 de la festa de final de curs.<\/li>\n<li>La sortida de 6\u00e8.<\/li>\n<li>El projecte de Socialitzaci\u00f3 de Llibres.<\/li>\n<li>Xerrades i confer\u00e8ncies.<\/li>\n<\/ul>\n<\/li>\n<\/ul>\n<p><strong>Com funciona?<\/strong><\/p>\n<p>L\u2019AFA es nodreix de la participaci\u00f3 desinteressada, voluntarista, imaginativa i generosa del col\u00b7lectiu de mares i pares d\u2019aquesta escola.<\/p>\n<p>Algunes de les seves funcions les delega en una <strong>Junta Directiva<\/strong> que \u00e9s qui regeix, administra i representa l\u2019associaci\u00f3, a l\u2019hora que gestiona els recursos que aporten els associats en una quota de pagament mensual. Tothom en pot formar part i els seus membres son escollits democr\u00e0ticament a l\u2019Assemblea General que es celebra anualment.<\/p>\n<p>Els pares i mares que ens hem ofert per ser membres de la Junta ens trobem un cop al mes a la nit per anar organitzant totes les activitats assignades. El calendari de reunions l\u2019establim a principi de curs i aquestes s\u00f3n obertes a tothom.<\/p>\n<p>Per cada una de les activitats hi ha Comissions organitzades. Podeu consultar quines s\u00f3n i qu\u00e8 fan en aquesta mateixa web.<\/p>\n<p><strong>Com contactar-hi<\/strong><\/p>\n<p>Per qualsevol dubte, pregunta, sugger\u00e8ncia, queixa, proposta d\u2019activitat, etc. us podeu adre\u00e7ar a:<\/p>\n<ul>\n<li>EL LOCAL DE L\u2019AFA, a la mateixa escola, planta 2\u00aa. <strong>Dimarts de 15.00 a 16.15h i dimecres de 8.30 a 10.00h.<\/strong><\/li>\n<li>afaferreriguardia2021@gmail.com<\/li>\n<li>Venir a les reunions de la Junta.<\/li>\n<\/ul>\n<p>&nbsp;<\/p>\n<\/div>\n","protected":false},"excerpt":{"rendered":"<p>Qu\u00e8 \u00e9s l\u2019AFA?<\/p>\n<p>Qu\u00e8 \u00e9s l\u2019AFA?<br \/>\nCom diuen les seves sigles, Associaci\u00f3 de Fam\u00edlies d\u2019Alumnes, l\u2019AFA\u00e9s l\u2019entitat que agrupa els pares i mares de l\u2019escola per tal d\u2019estructurar la seva participaci\u00f3 al servei del conjunt de la comunitat educativa.<br \/>\nQuines funcions t\u00e9?<br \/>\nEn general, podem dir que les seves&hellip;  <a href=\"https:\/\/agora.xtec.cat\/ceip-ferreriguardia\/lescola\/ampa\/\" title=\"Read AFA\">Llegeix m\u00e9s\u00bb<\/a><\/p>\n","protected":false},"author":11,"featured_media":0,"parent":26,"menu_order":0,"comment_status":"closed","ping_status":"closed","template":"page-templates\/side-menu.php","meta":{"_bbp_topic_count":0,"_bbp_reply_count":0,"_bbp_total_topic_count":0,"_bbp_total_reply_count":0,"_bbp_voice_count":0,"_bbp_anonymous_reply_count":0,"_bbp_topic_count_hidden":0,"_bbp_reply_count_hidden":0,"_bbp_forum_subforum_count":0,"footnotes":""},"class_list":["post-675","page","type-page","status-publish","hentry"],"post_mailing_queue_ids":[],"_links":{"self":[{"href":"https:\/\/agora.xtec.cat\/ceip-ferreriguardia\/wp-json\/wp\/v2\/pages\/675","targetHints":{"allow":["GET"]}}],"collection":[{"href":"https:\/\/agora.xtec.cat\/ceip-ferreriguardia\/wp-json\/wp\/v2\/pages"}],"about":[{"href":"https:\/\/agora.xtec.cat\/ceip-ferreriguardia\/wp-json\/wp\/v2\/types\/page"}],"author":[{"embeddable":true,"href":"https:\/\/agora.xtec.cat\/ceip-ferreriguardia\/wp-json\/wp\/v2\/users\/11"}],"replies":[{"embeddable":true,"href":"https:\/\/agora.xtec.cat\/ceip-ferreriguardia\/wp-json\/wp\/v2\/comments?post=675"}],"version-history":[{"count":4,"href":"https:\/\/agora.xtec.cat\/ceip-ferreriguardia\/wp-json\/wp\/v2\/pages\/675\/revisions"}],"predecessor-version":[{"id":8232,"href":"https:\/\/agora.xtec.cat\/ceip-ferreriguardia\/wp-json\/wp\/v2\/pages\/675\/revisions\/8232"}],"up":[{"embeddable":true,"href":"https:\/\/agora.xtec.cat\/ceip-ferreriguardia\/wp-json\/wp\/v2\/pages\/26"}],"wp:attachment":[{"href":"https:\/\/agora.xtec.cat\/ceip-ferreriguardia\/wp-json\/wp\/v2\/media?parent=675"}],"curies":[{"name":"wp","href":"https:\/\/api.w.org\/{rel}","templated":true}]}}