{"id":32,"date":"2017-03-25T23:31:33","date_gmt":"2017-03-25T22:31:33","guid":{"rendered":"http:\/\/agora.xtec.cat\/ceip-ferreriguardia\/?page_id=32"},"modified":"2023-10-14T17:21:32","modified_gmt":"2023-10-14T15:21:32","slug":"calendari-del-curs","status":"publish","type":"page","link":"https:\/\/agora.xtec.cat\/ceip-ferreriguardia\/lescola\/calendari-del-curs\/","title":{"rendered":"Calendari del curs"},"content":{"rendered":"<h4><\/h4>\n<h4><\/h4>\n<p>El proper\u00a0 6 de setembre l&#8217;escola Ferrer i Gu\u00e0rdia iniciar\u00e0 el per\u00edode de classes corresponent al curs 2023 &#8211; 2024.<\/p>\n<p>Tot l&#8217;equip educatiu de l&#8217;escola iniciem aquest curs amb tota la il.lusi\u00f3 i les ganes del m\u00f3n.<\/p>\n<p>Esperem comptar amb l&#8217;ajuda i la complicitat de tots els qui formem part de la comunitat educativa per tal de tenir un curs ple d&#8217;\u00e8xits i poder acompanyar de la millor manera possible a l&#8217;alumnat del centre.<\/p>\n<p>Salut \u00a0i endavant.<\/p>\n<h4><strong>Inici de curs:<\/strong><\/h4>\n<p>6 de setembre de 2023<\/p>\n<p>L\u2019<b>horari lectiu<\/b> del centre \u00e9s de 8:30 a 13:00 h i de 15,30 a 16:30h (PRIM\u00c0RIA) i de 9:30 a 13:00 i de 15:00 a 16:30 (INFANTIL)<\/p>\n<h4><strong>Vacances:<\/strong><\/h4>\n<p>Del 21 de desembre de 2023 al 7 de gener de 2024\u00a0 (ambd\u00f3s inclosos)<\/p>\n<p>Del 23 de mar\u00e7 a l&#8217;1 d\u2019abril de 2024 (ambd\u00f3s inclosos)<\/p>\n<p>A partir del 22 de juny de 2024 fins al setembre del 2024 (Vacances d&#8217;estiu)<\/p>\n<h4><strong>Dies festius locals i nacionals:<\/strong><\/h4>\n<ul style=\"list-style-type: square;\">\n<li>11 de setembre<\/li>\n<li>25 de setembre<\/li>\n<li>12 d&#8217;octubre<\/li>\n<li>1 de novembre<\/li>\n<li>6 i 8 de desembre<\/li>\n<li>1 de maig<\/li>\n<li>20 de maig<\/li>\n<\/ul>\n<h4><strong>Dies festius de lliure disposici\u00f3:<\/strong><\/h4>\n<p>13 d&#8217;octubre del 2023<\/p>\n<p>7 de desembre del 2023<br \/>\n12 de febrer de 2024<\/p>\n<p style=\"text-align: left;\">17 de maig de 2024<\/p>\n<h4><strong>Jornada compactada:<\/strong><\/h4>\n<p>20 de desembre de 2023<br \/>\nDel 5 al 21 de juny de 2024 (ambd\u00f3s inclosos)<\/p>\n<p>Per als alumnes que inicien l\u2019escolaritzaci\u00f3 a I3 s\u2019organitza un breu per\u00edode d\u2019adaptaci\u00f3 que suposa una certa modificaci\u00f3 dels horaris dels \u00a0primers dies de classe, i que es fa saber a les fam\u00edlies en les reunions pr\u00e8vies corresponents.<\/p>\n<p><a href=\"https:\/\/agora.xtec.cat\/ceip-ferreriguardia\/wp-content\/uploads\/usu418\/2023\/10\/Calendari_escolar_2023-2024.pdf\">Calendari_escolar_2023-2024<\/a><\/p>\n<p>&nbsp;<\/p>\n","protected":false},"excerpt":{"rendered":"<p>El proper\u00a0 6 de setembre l&#8217;escola Ferrer i Gu\u00e0rdia iniciar\u00e0 el per\u00edode de classes corresponent al curs 2023 &#8211; 2024.<br \/>\nTot l&#8217;equip educatiu de l&#8217;escola iniciem aquest curs amb tota la il.lusi\u00f3 i les ganes del m\u00f3n.<br \/>\nEsperem comptar amb l&#8217;ajuda i la complicitat de tots els&hellip;  <a href=\"https:\/\/agora.xtec.cat\/ceip-ferreriguardia\/lescola\/calendari-del-curs\/\" title=\"Read Calendari del curs\">Llegeix m\u00e9s\u00bb<\/a><\/p>\n","protected":false},"author":1,"featured_media":0,"parent":26,"menu_order":50,"comment_status":"closed","ping_status":"closed","template":"page-templates\/side-menu.php","meta":{"_bbp_topic_count":0,"_bbp_reply_count":0,"_bbp_total_topic_count":0,"_bbp_total_reply_count":0,"_bbp_voice_count":0,"_bbp_anonymous_reply_count":0,"_bbp_topic_count_hidden":0,"_bbp_reply_count_hidden":0,"_bbp_forum_subforum_count":0,"footnotes":""},"class_list":["post-32","page","type-page","status-publish","hentry"],"post_mailing_queue_ids":[],"_links":{"self":[{"href":"https:\/\/agora.xtec.cat\/ceip-ferreriguardia\/wp-json\/wp\/v2\/pages\/32","targetHints":{"allow":["GET"]}}],"collection":[{"href":"https:\/\/agora.xtec.cat\/ceip-ferreriguardia\/wp-json\/wp\/v2\/pages"}],"about":[{"href":"https:\/\/agora.xtec.cat\/ceip-ferreriguardia\/wp-json\/wp\/v2\/types\/page"}],"author":[{"embeddable":true,"href":"https:\/\/agora.xtec.cat\/ceip-ferreriguardia\/wp-json\/wp\/v2\/users\/1"}],"replies":[{"embeddable":true,"href":"https:\/\/agora.xtec.cat\/ceip-ferreriguardia\/wp-json\/wp\/v2\/comments?post=32"}],"version-history":[{"count":5,"href":"https:\/\/agora.xtec.cat\/ceip-ferreriguardia\/wp-json\/wp\/v2\/pages\/32\/revisions"}],"predecessor-version":[{"id":5233,"href":"https:\/\/agora.xtec.cat\/ceip-ferreriguardia\/wp-json\/wp\/v2\/pages\/32\/revisions\/5233"}],"up":[{"embeddable":true,"href":"https:\/\/agora.xtec.cat\/ceip-ferreriguardia\/wp-json\/wp\/v2\/pages\/26"}],"wp:attachment":[{"href":"https:\/\/agora.xtec.cat\/ceip-ferreriguardia\/wp-json\/wp\/v2\/media?parent=32"}],"curies":[{"name":"wp","href":"https:\/\/api.w.org\/{rel}","templated":true}]}}