{"id":28,"date":"2017-03-25T22:29:35","date_gmt":"2017-03-25T21:29:35","guid":{"rendered":"http:\/\/agora.xtec.cat\/ceip-ferreriguardia\/?page_id=28"},"modified":"2025-11-03T20:26:17","modified_gmt":"2025-11-03T19:26:17","slug":"consell-escolar","status":"publish","type":"page","link":"https:\/\/agora.xtec.cat\/ceip-ferreriguardia\/lescola\/consell-escolar\/","title":{"rendered":"Consell escolar"},"content":{"rendered":"<p>Es l\u2019\u00f2rgan m\u00e0xim de decisi\u00f3 i participaci\u00f3 del centre, on estan representats els diferents sectors de la comunitat educativa.<\/p>\n<p><strong>Composici\u00f3 del Consell Escolar<\/strong><\/p>\n<ul>\n<li>El director del centre, que n\u2019\u00e9s el president<\/li>\n<li>El cap d\u2019estudis<\/li>\n<li>El secretari del centre, que assumeix la secretaria, amb veu i sense vot<\/li>\n<li>1 representant municipal<\/li>\n<li>1 representant del personal d\u2019administraci\u00f3 i serveis<\/li>\n<li>6 mestres, elegits pel claustre<\/li>\n<li>5 pares o mares d&#8217;alumnes, elegits pels pares i mares<\/li>\n<li>1 pare o mare designat per l&#8217;AMPA<\/li>\n<\/ul>\n<p><strong>Elecci\u00f3 dels membres del Consell Escolar<\/strong><\/p>\n<p>Cada 2 anys es renoven la meitat de membres representants de mestres i de pares mitjan\u00e7ant la convocat\u00f2ria d&#8217;eleccions.<\/p>\n<p><strong>Les funcions del Consell Escolar s\u00f3n, entre d&#8217;altres:<\/strong><\/p>\n<ul>\n<li>Participar en el proc\u00e9s d&#8217;admissi\u00f3 d&#8217;alumnat i vetllar perqu\u00e8 es realitzi segons marca la llei.<\/li>\n<li>Formular propostes a l&#8217;equip directiu sobre la programaci\u00f3 anual del centre i el projecte educatiu, sens perjudici de les compet\u00e8ncies del claustre en relaci\u00f3 amb la planificaci\u00f3 i l\u2019organitzaci\u00f3 docent.<\/li>\n<li>Aprovar el projecte educatiu del centre i avaluar-ne el compliment.<\/li>\n<li>Aprovar el projecte de pressupost del centre i la seva execuci\u00f3.<\/li>\n<li>Aprovar el reglament de r\u00e8gim intern del centre.<\/li>\n<li>Avaluar i aprovar la mem\u00f2ria anual d\u2019activitats del centre.<\/li>\n<li>Analitzar i valorar el funcionament general del centre, l\u2019evoluci\u00f3 del rendiment escolar i els resultats de l\u2019avaluaci\u00f3 del centre feta per l\u2019Administraci\u00f3 educativa.<\/li>\n<li>Con\u00e8ixer la resoluci\u00f3 de conflictes disciplinaris i la imposici\u00f3 de sancions, d\u2019acord amb les normes que regulen els drets i deures de l\u2019alumnat<\/li>\n<li>Elaborar les directrius per a la programaci\u00f3 i el desenvolupament de les activitats escolars complement\u00e0ries, de les activitats extraescolars i dels serveis, si escau, amb la col\u00b7laboraci\u00f3 de les associacions de pares d\u2019alumnes. Aprovar-ne la programaci\u00f3 i avaluar-ne l\u2019execuci\u00f3.<\/li>\n<li>Promoure el manteniment i la renovaci\u00f3 de les instal\u00b7lacions i l\u2019equipament escolar.<\/li>\n<li>Participar en la comissi\u00f3 de selecci\u00f3 per a la designaci\u00f3 del\/de la director\/a del centre i ser consultat sobre els projectes presentats pels candidats\/es.<\/li>\n<\/ul>\n<table style=\"width: 32.9796%;\" border=\"1\" cellspacing=\"0\" cellpadding=\"0\">\n<tbody>\n<tr>\n<td style=\"width: 99.5614%;\" colspan=\"2\" valign=\"top\" width=\"454\">\n<p align=\"center\">MEMBRES DEL \u00a0 CONSELL ESCOLAR<\/p>\n<\/td>\n<\/tr>\n<tr>\n<td style=\"width: 99.5614%;\" colspan=\"2\" valign=\"top\" width=\"454\">President: Toni Camacho P\u00e9rez<\/p>\n<p>Cap d&#8217;estudis: Llu\u00efsa Selma<\/p>\n<p>Secretaria: Carmenza Sabogal<\/td>\n<\/tr>\n<tr>\n<td style=\"width: 99.5614%;\" colspan=\"2\" width=\"454\">Representants \u00a0 dels mestres:<\/td>\n<\/tr>\n<tr>\n<td style=\"width: 99.5614%;\" colspan=\"2\" valign=\"top\" width=\"454\">\n<ul>\n<li>Marina Jou<\/li>\n<li>M\u00f3nica C\u00e1ceres<\/li>\n<li>Clara Gonz\u00e1lez<\/li>\n<li>Mar\u00eda L\u00f3pez-Mesas L\u00f3pez<\/li>\n<\/ul>\n<\/td>\n<\/tr>\n<tr>\n<td style=\"width: 99.5614%;\" colspan=\"2\" valign=\"top\" width=\"454\">Representants \u00a0 dels pares i mares:<\/td>\n<\/tr>\n<tr>\n<td style=\"width: 99.5614%;\" colspan=\"2\" valign=\"top\" width=\"454\">\n<ul>\n<li>Lineth Torrico<\/li>\n<li>Griselda Coello<\/li>\n<li>Assia Ouhaddou<\/li>\n<li>Miriam Rodr\u00edguez<\/li>\n<li>Cristian C\u00e9spedes<\/li>\n<li>Rebeca Iniesta (representant AFA)<\/li>\n<\/ul>\n<\/td>\n<\/tr>\n<tr>\n<td style=\"width: 58.114%;\" valign=\"top\" width=\"265\">Representant del \u00a0 Pas:<\/td>\n<td style=\"width: 41.4474%;\" valign=\"top\" width=\"189\">\u00a0 Vacant<\/td>\n<\/tr>\n<tr>\n<td style=\"width: 58.114%;\" valign=\"top\" width=\"265\">Representant de \u00a0 l&#8217;Ajuntament:<\/td>\n<td style=\"width: 41.4474%;\" valign=\"top\" width=\"189\">\u00a0 Manel Sol\u00e9<\/td>\n<\/tr>\n<\/tbody>\n<\/table>\n","protected":false},"excerpt":{"rendered":"<p>Es l\u2019\u00f2rgan m\u00e0xim de decisi\u00f3 i participaci\u00f3 del centre, on estan representats els diferents sectors de la comunitat educativa.<br \/>\nComposici\u00f3 del Consell Escolar<\/p>\n<ul>\n<li>El director del centre, que n\u2019\u00e9s el president<\/li>\n<li>El cap d\u2019estudis<\/li>\n<li>El secretari del centre, que assumeix la secretaria, amb veu i sense vot<\/li>\n<li>1 representant municipal<\/li>\n<li>1&hellip;  <a href=\"https:\/\/agora.xtec.cat\/ceip-ferreriguardia\/lescola\/consell-escolar\/\" title=\"Read Consell escolar\">Llegeix m\u00e9s\u00bb<\/a><br \/>\n","protected":false},"author":1,"featured_media":0,"parent":26,"menu_order":30,"comment_status":"closed","ping_status":"closed","template":"page-templates\/side-menu.php","meta":{"_bbp_topic_count":0,"_bbp_reply_count":0,"_bbp_total_topic_count":0,"_bbp_total_reply_count":0,"_bbp_voice_count":0,"_bbp_anonymous_reply_count":0,"_bbp_topic_count_hidden":0,"_bbp_reply_count_hidden":0,"_bbp_forum_subforum_count":0,"footnotes":""},"class_list":["post-28","page","type-page","status-publish","hentry"],"post_mailing_queue_ids":[],"_links":{"self":[{"href":"https:\/\/agora.xtec.cat\/ceip-ferreriguardia\/wp-json\/wp\/v2\/pages\/28","targetHints":{"allow":["GET"]}}],"collection":[{"href":"https:\/\/agora.xtec.cat\/ceip-ferreriguardia\/wp-json\/wp\/v2\/pages"}],"about":[{"href":"https:\/\/agora.xtec.cat\/ceip-ferreriguardia\/wp-json\/wp\/v2\/types\/page"}],"author":[{"embeddable":true,"href":"https:\/\/agora.xtec.cat\/ceip-ferreriguardia\/wp-json\/wp\/v2\/users\/1"}],"replies":[{"embeddable":true,"href":"https:\/\/agora.xtec.cat\/ceip-ferreriguardia\/wp-json\/wp\/v2\/comments?post=28"}],"version-history":[{"count":5,"href":"https:\/\/agora.xtec.cat\/ceip-ferreriguardia\/wp-json\/wp\/v2\/pages\/28\/revisions"}],"predecessor-version":[{"id":8420,"href":"https:\/\/agora.xtec.cat\/ceip-ferreriguardia\/wp-json\/wp\/v2\/pages\/28\/revisions\/8420"}],"up":[{"embeddable":true,"href":"https:\/\/agora.xtec.cat\/ceip-ferreriguardia\/wp-json\/wp\/v2\/pages\/26"}],"wp:attachment":[{"href":"https:\/\/agora.xtec.cat\/ceip-ferreriguardia\/wp-json\/wp\/v2\/media?parent=28"}],"curies":[{"name":"wp","href":"https:\/\/api.w.org\/{rel}","templated":true}]}}