{"id":22,"date":"2017-03-25T23:19:57","date_gmt":"2017-03-25T22:19:57","guid":{"rendered":"http:\/\/agora.xtec.cat\/ceip-ferreriguardia\/?page_id=22"},"modified":"2025-11-03T20:17:52","modified_gmt":"2025-11-03T19:17:52","slug":"equip","status":"publish","type":"page","link":"https:\/\/agora.xtec.cat\/ceip-ferreriguardia\/lescola\/equip\/","title":{"rendered":"Equip"},"content":{"rendered":"<p>&nbsp;<\/p>\n<h1>PERSONAL DOCENT<\/h1>\n<table style=\"width: 38.0555%;\">\n<tbody>\n<tr>\n<td style=\"width: 54.6667%;\" width=\"243\"><strong>Equip Directiu<\/strong><\/td>\n<td style=\"width: 43.619%;\" width=\"273\"><strong>\u00a0<\/strong><\/td>\n<\/tr>\n<tr>\n<td style=\"width: 54.6667%;\" width=\"243\"><strong>Direcci\u00f3:<\/strong>\u00a0Toni Camacho<\/p>\n<p><strong>Coordinaci\u00f3 Pedag\u00f2gica<\/strong>: Sonia S\u00e1nchez<\/p>\n<p><strong>Cap d&#8217;Estudis:<\/strong> Llu\u00efsa Selma<\/p>\n<p><strong>Secretaria:\u00a0<\/strong>Carmenza Sabogal<\/td>\n<td style=\"width: 43.619%;\" width=\"273\"><strong>\u00a0<\/strong><\/td>\n<\/tr>\n<\/tbody>\n<\/table>\n<table>\n<tbody>\n<tr>\n<td style=\"width: 311px;\"><strong>Equip de coordinaci\u00f3<\/strong><\/td>\n<td style=\"width: 270px;\"><strong>\u00a0<\/strong><\/td>\n<\/tr>\n<tr>\n<td style=\"width: 583px;\" colspan=\"2\"><strong>Cercle Petit@es:<\/strong> Eul\u00e0lia Marc\u00e9<strong><br \/>\n<\/strong><\/p>\n<p><strong>Cercle Mitjan@s: <\/strong>Vanessa Minguet<strong><br \/>\n<\/strong><\/p>\n<p><strong>Cercle Grans:<\/strong> Susana Casta\u00f1o<\/p>\n<p><strong>Cercle Joves<\/strong>: Ana Trav\u00e9<\/td>\n<\/tr>\n<\/tbody>\n<\/table>\n<table style=\"width: 80.2971%;\">\n<tbody>\n<tr>\n<td style=\"width: 52.7919%;\"><strong>Altres c\u00e0rrecs<\/strong><\/td>\n<td style=\"width: 45.8545%;\"><strong>\u00a0<\/strong><\/td>\n<\/tr>\n<tr>\n<td style=\"width: 98.6464%;\" colspan=\"2\"><strong>Riscos laborals:<\/strong> Francesc Gomis<\/p>\n<p><strong>Coordinaci\u00f3 inform\u00e0tica:<\/strong> Toni Lled\u00f3<strong><br \/>\n<\/strong><\/p>\n<p><strong>Coordinaci\u00f3 LIC: <\/strong>Clara Gonz\u00e1lez<\/p>\n<p><strong>Coordinaci\u00f3 Benestar i Conviv\u00e8ncia<\/strong>: Francisco Moraleda<\/td>\n<\/tr>\n<\/tbody>\n<\/table>\n<table style=\"height: 323px; width: 63.5903%;\" width=\"476\">\n<tbody>\n<tr style=\"height: 33px;\">\n<td style=\"width: 256px; height: 33px;\"><strong>Educaci\u00f3 Infantil<\/strong><\/td>\n<td style=\"width: 212px; height: 33px;\"><strong>\u00a0<\/strong><\/td>\n<\/tr>\n<tr style=\"height: 257px;\">\n<td style=\"width: 470px; height: 257px;\" colspan=\"2\"><strong>I3\u00a0 \u00a0 \u00a0 \u00a0 \u00a0 <\/strong>Eul\u00e0lia Marc\u00e9<\/p>\n<p><strong>I4 &#8211; A\u00a0 \u00a0 \u00a0<\/strong>Marina Jou<\/p>\n<p><strong>I4 &#8211; B\u00a0 \u00a0 \u00a0<\/strong>Evelin Dom\u00ednguez<strong><br \/>\n<\/strong><\/p>\n<p><strong>I5 &#8211; A\u00a0 \u00a0 \u00a0<\/strong>Pili Gracia<\/p>\n<p><strong>I5 &#8211; B\u00a0 \u00a0 <\/strong>\u00a0Bea Soriano<\/td>\n<\/tr>\n<tr style=\"height: 33px;\">\n<td style=\"width: 470px; height: 33px;\" colspan=\"2\"><strong>\u00a0<\/strong><\/td>\n<\/tr>\n<\/tbody>\n<\/table>\n<table>\n<tbody>\n<tr>\n<td width=\"576\"><strong>Educaci\u00f3 Prim\u00e0ria<\/strong><\/td>\n<\/tr>\n<tr>\n<td width=\"576\"><strong>1r\u00a0 \u00a0 \u00a0<\/strong>Maribel Hern\u00e1ndez, Judith Recaj i Esther Sol\u00e9<br \/>\n<strong><br \/>\n<\/strong><strong>2n\u00a0 \u00a0<\/strong> Alba Cort\u00e9s, Sara Palomero i Noem\u00ed Pijuan<strong>3r\u00a0 \u00a0 <\/strong>Francesc Gomis, Marta Gonz\u00e1lez i Vanessa Minguet\u00a0\u00a0<strong><br \/>\n<\/strong><\/p>\n<p><strong>4t\u00a0 \u00a0 <\/strong>Susana Casta\u00f1o, Toni Lled\u00f3 i Neus Valls<\/p>\n<p><strong>5\u00e8\u00a0 <\/strong>\u00a0Clara Gonz\u00e1lez, Paula Mir\u00f3 i Marta Rodr\u00edguez<\/p>\n<p><strong>6\u00e8\u00a0 \u00a0<\/strong>X\u00e8nia Alca\u00f1iz, Jorge Gonz\u00e1lez i Anna Zurr\u00f3n<\/td>\n<\/tr>\n<tr>\n<td><\/td>\n<\/tr>\n<\/tbody>\n<\/table>\n<table>\n<tbody>\n<tr>\n<td style=\"width: 311px;\"><strong>ESO\u00a0<\/strong><\/td>\n<td style=\"width: 270px;\"><strong>\u00a0<\/strong><\/td>\n<\/tr>\n<tr>\n<td style=\"width: 583px;\" colspan=\"2\">1r ESO<\/p>\n<p>&nbsp;<\/p>\n<p>&nbsp;<\/p>\n<p>&nbsp;<\/p>\n<p>&nbsp;<\/td>\n<\/tr>\n<\/tbody>\n<\/table>\n<table style=\"width: 587px;\">\n<tbody>\n<tr style=\"height: 33px;\">\n<td style=\"width: 436px; height: 33px;\"><strong>SIEI<\/strong><\/td>\n<td style=\"width: 143px; height: 33px;\"><strong>\u00a0<\/strong><\/td>\n<\/tr>\n<tr style=\"height: 63px;\">\n<td style=\"width: 579px; height: 63px;\" colspan=\"2\"><span style=\"font-family: inherit; font-size: 1em;\">Judith Gonz\u00e1lez<\/span><\/p>\n<p>Marta Ordi<\/p>\n<p>Julia Gil<\/p>\n<p><span style=\"font-family: inherit; font-size: 1em;\">\u00a0 \u00a0 \u00a0 \u00a0 \u00a0 \u00a0 \u00a0 \u00a0 \u00a0 \u00a0 \u00a0 \u00a0 \u00a0 \u00a0 \u00a0 \u00a0 \u00a0 \u00a0 \u00a0 \u00a0 \u00a0 \u00a0 \u00a0 \u00a0 \u00a0 \u00a0 \u00a0 \u00a0 \u00a0 \u00a0 \u00a0 \u00a0 \u00a0 \u00a0 \u00a0 \u00a0 \u00a0 \u00a0 \u00a0 \u00a0 \u00a0 \u00a0 \u00a0 \u00a0 \u00a0 \u00a0 \u00a0 \u00a0 \u00a0 \u00a0 \u00a0 \u00a0 \u00a0 \u00a0 \u00a0 \u00a0 \u00a0 \u00a0 \u00a0 \u00a0 \u00a0 \u00a0<\/span><\/td>\n<\/tr>\n<\/tbody>\n<\/table>\n<table>\n<tbody>\n<tr>\n<td style=\"width: 311px;\"><strong>Equip d&#8217;Educaci\u00f3 Especial<\/strong><\/td>\n<td style=\"width: 270px;\"><strong>\u00a0<\/strong><\/td>\n<\/tr>\n<tr>\n<td style=\"width: 583px;\" colspan=\"2\"><strong><br \/>\n<\/strong>M\u00f2nica C\u00e1ceres, Iris Grimal, Nat\u00e0lia Zorrilla<\/td>\n<\/tr>\n<\/tbody>\n<\/table>\n<table>\n<tbody>\n<tr>\n<td width=\"576\"><strong>Educaci\u00f3 Musical<\/strong><\/td>\n<\/tr>\n<tr>\n<td width=\"576\">\n<div>Marta Compte<\/div>\n<div><\/div>\n<div>Ester G\u00f3mez<\/div>\n<div><\/div>\n<\/td>\n<\/tr>\n<\/tbody>\n<\/table>\n<table>\n<tbody>\n<tr>\n<td style=\"width: 311px;\"><strong>Angl\u00e8s<\/strong><\/td>\n<td style=\"width: 270px;\"><strong>\u00a0<\/strong><\/td>\n<\/tr>\n<tr>\n<td style=\"width: 583px;\" colspan=\"2\">Lucie Lorenz<\/p>\n<p>Judith Recaj<\/p>\n<p>Andrea P\u00e9rez<strong><br \/>\n<\/strong><\/td>\n<\/tr>\n<\/tbody>\n<\/table>\n<table>\n<tbody>\n<tr>\n<td style=\"width: 311px;\"><strong>Educaci\u00f3 F\u00edsica<\/strong><\/td>\n<td style=\"width: 270px;\"><strong>\u00a0<\/strong><\/td>\n<\/tr>\n<tr>\n<td style=\"width: 583px;\" colspan=\"2\">Laura Callejas, Fran Moraleda, Toni Lled\u00f3, Ana Trav\u00e9<\/td>\n<\/tr>\n<\/tbody>\n<\/table>\n<table style=\"height: 151px; width: 35.2887%;\" width=\"485\">\n<tbody>\n<tr>\n<td style=\"width: 260px;\"><strong>Orientadors<\/strong><\/td>\n<td style=\"width: 217px;\"><\/td>\n<\/tr>\n<tr>\n<td style=\"width: 479px;\" colspan=\"2\">Sonia \u00e1nchez, Manel Delgado<\/td>\n<\/tr>\n<\/tbody>\n<\/table>\n<table>\n<tbody>\n<tr>\n<td width=\"576\"><strong>Aula D&#8217;acollida<\/strong><\/td>\n<\/tr>\n<tr>\n<td width=\"576\">Anna-Merc\u00e8 Giraldo<\/td>\n<\/tr>\n<\/tbody>\n<\/table>\n<p>&nbsp;<\/p>\n<table>\n<tbody>\n<tr>\n<td width=\"576\"><strong>Altres<\/strong><\/td>\n<\/tr>\n<tr>\n<td width=\"576\"><strong>Consergeria: <\/strong>Rosana Real (edifici Pedraforca) i Sara Coll (edifici Rasos de Peguera)<br \/>\n<strong><br \/>\n<\/strong><strong>Administrativa: <\/strong>Melani Navaro<br \/>\n<strong><br \/>\n<\/strong><strong>T\u00e8cnic d&#8217;Educaci\u00f3 Infantil: <\/strong>Cristina Mart\u00edn<strong><br \/>\n<\/strong><strong>Cuinera: \u00a0<\/strong> Aisha<strong><br \/>\n<\/strong><\/p>\n<p><strong>Ajudant de cuina: <\/strong>Rosa<strong><br \/>\n<\/strong><\/p>\n<p><strong>Neteja: <\/strong>Ana, Sara i Michael<strong><br \/>\n<\/strong><\/p>\n<p><strong>Coordinador Menjador: <\/strong>Eduard<strong><br \/>\n<\/strong><\/p>\n<p><strong>EAP:<\/strong> Irene Arcones<strong><br \/>\n<\/strong><\/p>\n<p><strong>Assistent social:\u00a0 \u00a0<\/strong>Sara Barreda<strong>\u00a0<\/strong><strong><br \/>\n<\/strong><\/p>\n<p><strong>T\u00e8cnica d&#8217;integraci\u00f3 Social (TIS):<\/strong> Alejandra L\u00f3pez<\/p>\n<p><strong>Educador emocional:<\/strong> Nuria Fortuny<\/p>\n<p><strong>Mediadora: <\/strong>Olga de la Rosa\u00a0 \u00a0 \u00a0 \u00a0 \u00a0 \u00a0 \u00a0 \u00a0 \u00a0 \u00a0 \u00a0 \u00a0 \u00a0 \u00a0 \u00a0 \u00a0 \u00a0 \u00a0 \u00a0 \u00a0 \u00a0 \u00a0 \u00a0 \u00a0 \u00a0 \u00a0 \u00a0 \u00a0 \u00a0 \u00a0 \u00a0 \u00a0 \u00a0 \u00a0 \u00a0 \u00a0 \u00a0 \u00a0<strong><br \/>\n<\/strong><\/td>\n<\/tr>\n<\/tbody>\n<\/table>\n","protected":false},"excerpt":{"rendered":"<p>&nbsp;<br \/>\nPERSONAL DOCENT<\/p>\n<p>Equip Directiu<br \/>\n\u00a0<\/p>\n<p>Direcci\u00f3:\u00a0Toni Camacho<br \/>\nCoordinaci\u00f3 Pedag\u00f2gica: Sonia S\u00e1nchez<br \/>\nCap d&#8217;Estudis: Llu\u00efsa Selma<br \/>\nSecretaria:\u00a0Carmenza Sabogal<br \/>\n\u00a0<\/p>\n<p>Equip de coordinaci\u00f3<br \/>\n\u00a0<\/p>\n<p>Cercle Petit@es: Eul\u00e0lia Marc\u00e9<\/p>\n<p>Cercle Mitjan@s: Vanessa Minguet<\/p>\n<p>Cercle Grans: Susana Casta\u00f1o<br \/>\nCercle Joves: Ana Trav\u00e9<\/p>\n<p>Altres c\u00e0rrecs<br \/>\n\u00a0<\/p>\n<p>Riscos laborals: Francesc Gomis<br \/>\nCoordinaci\u00f3 inform\u00e0tica: Toni Lled\u00f3<\/p>\n<p>Coordinaci\u00f3 LIC: Clara Gonz\u00e1lez<br \/>\nCoordinaci\u00f3 Benestar i Conviv\u00e8ncia: Francisco Moraleda<\/p>\n<p>Educaci\u00f3 Infantil<br \/>\n\u00a0<\/p>\n<p>I3\u00a0 \u00a0 \u00a0 \u00a0 \u00a0&hellip;  <a href=\"https:\/\/agora.xtec.cat\/ceip-ferreriguardia\/lescola\/equip\/\" title=\"Read Equip\">Llegeix m\u00e9s\u00bb<\/a><\/p>\n","protected":false},"author":1,"featured_media":0,"parent":26,"menu_order":0,"comment_status":"closed","ping_status":"closed","template":"page-templates\/side-menu.php","meta":{"_bbp_topic_count":0,"_bbp_reply_count":0,"_bbp_total_topic_count":0,"_bbp_total_reply_count":0,"_bbp_voice_count":0,"_bbp_anonymous_reply_count":0,"_bbp_topic_count_hidden":0,"_bbp_reply_count_hidden":0,"_bbp_forum_subforum_count":0,"footnotes":""},"class_list":["post-22","page","type-page","status-publish","hentry"],"post_mailing_queue_ids":[],"_links":{"self":[{"href":"https:\/\/agora.xtec.cat\/ceip-ferreriguardia\/wp-json\/wp\/v2\/pages\/22","targetHints":{"allow":["GET"]}}],"collection":[{"href":"https:\/\/agora.xtec.cat\/ceip-ferreriguardia\/wp-json\/wp\/v2\/pages"}],"about":[{"href":"https:\/\/agora.xtec.cat\/ceip-ferreriguardia\/wp-json\/wp\/v2\/types\/page"}],"author":[{"embeddable":true,"href":"https:\/\/agora.xtec.cat\/ceip-ferreriguardia\/wp-json\/wp\/v2\/users\/1"}],"replies":[{"embeddable":true,"href":"https:\/\/agora.xtec.cat\/ceip-ferreriguardia\/wp-json\/wp\/v2\/comments?post=22"}],"version-history":[{"count":9,"href":"https:\/\/agora.xtec.cat\/ceip-ferreriguardia\/wp-json\/wp\/v2\/pages\/22\/revisions"}],"predecessor-version":[{"id":8418,"href":"https:\/\/agora.xtec.cat\/ceip-ferreriguardia\/wp-json\/wp\/v2\/pages\/22\/revisions\/8418"}],"up":[{"embeddable":true,"href":"https:\/\/agora.xtec.cat\/ceip-ferreriguardia\/wp-json\/wp\/v2\/pages\/26"}],"wp:attachment":[{"href":"https:\/\/agora.xtec.cat\/ceip-ferreriguardia\/wp-json\/wp\/v2\/media?parent=22"}],"curies":[{"name":"wp","href":"https:\/\/api.w.org\/{rel}","templated":true}]}}