{"id":8769,"date":"2023-09-29T09:49:49","date_gmt":"2023-09-29T07:49:49","guid":{"rendered":"https:\/\/agora.xtec.cat\/ceip-ferra\/?page_id=8769"},"modified":"2025-12-15T11:45:13","modified_gmt":"2025-12-15T10:45:13","slug":"altres-informacions","status":"publish","type":"page","link":"https:\/\/agora.xtec.cat\/ceip-ferra\/altres-informacions\/","title":{"rendered":"Altres informacions"},"content":{"rendered":"<p>Segons la normativa en mat\u00e8ria de transpar\u00e8ncia aplicada als centres educatius, els centres educatius han de publicar a la p\u00e0gina web, de forma obligat\u00f2ria i activa, un seguit d&#8217;informacions i documents segons el dret d&#8217;acc\u00e9s establert per part de la ciutadania.<\/p>\n<p>Seguidament podeu consultar aquests informacions i documents.<\/p>\n<h3><strong><span style=\"color: #000000;\">Acords del Consell Escolar<\/span><\/strong><\/h3>\n<p><a href=\"https:\/\/agora.xtec.cat\/ceip-ferra\/wp-content\/uploads\/usu925\/2025\/09\/2025_09_24-Acords-CE.pdf\">Acords del Consell Escolar 24 de setembre de 2025<\/a><\/p>\n<p><a href=\"https:\/\/agora.xtec.cat\/ceip-ferra\/wp-content\/uploads\/usu925\/2025\/12\/2025_11_27-Acords-CE.pdf\">Acords del Consell Escolar 27 de novembre de 2025<\/a><\/p>\n<p><a href=\"https:\/\/agora.xtec.cat\/ceip-ferra\/wp-content\/uploads\/usu925\/2025\/12\/2025_11_28-Acords-CE.pdf\">Acords del Consell Escolar 28 de novembre de 2025<\/a><\/p>\n<h3><span style=\"color: #000000;\"><strong>Estructura organitzativa del centre i perfils de l&#8217;equip directiu<\/strong><\/span><\/h3>\n<p><a href=\"https:\/\/agora.xtec.cat\/ceip-ferra\/wp-content\/uploads\/usu925\/2023\/09\/Estructura-organitzativa-del-centre.pdf\">Estructura organitzativa del centre<\/a><\/p>\n<p><a href=\"https:\/\/agora.xtec.cat\/ceip-ferra\/wp-content\/uploads\/usu925\/2023\/09\/Perfil-professional-ROSSEND.pdf\">Perfil del director<\/a><\/p>\n<p><a href=\"https:\/\/agora.xtec.cat\/ceip-ferra\/wp-content\/uploads\/usu925\/2023\/10\/Expedient-Camino.pdf\">Perfil de la cap d&#8217;estudis<\/a><\/p>\n<p><a href=\"https:\/\/agora.xtec.cat\/ceip-ferra\/wp-content\/uploads\/usu925\/2023\/10\/Expedient-Sonia.pdf\">Perfil de la secret\u00e0ria<\/a><\/p>\n<h3><span style=\"color: #000000;\"><strong>Quotes de material i sortides<\/strong><\/span><\/h3>\n<table width=\"573\">\n<tbody>\n<tr>\n<td style=\"text-align: center;\" width=\"82\"><strong>Curs<\/strong><\/td>\n<td style=\"text-align: center;\" width=\"82\"><strong>Material<\/strong><\/td>\n<td style=\"text-align: center;\" width=\"82\"><strong>Sortides<\/strong><\/td>\n<td style=\"text-align: center;\" width=\"82\"><strong>PAGAMENT TOTAL<\/strong><\/td>\n<td style=\"text-align: center;\" width=\"82\"><strong>PAGAMENT \u00daNIC<\/strong><\/td>\n<td style=\"text-align: center;\" width=\"82\"><strong>PAGAMENT SETEMBRE<\/strong><\/td>\n<td style=\"text-align: center;\" width=\"82\"><strong>PAGAMENT GENER<\/strong><\/td>\n<\/tr>\n<tr>\n<td style=\"text-align: center;\" width=\"82\">I3<\/td>\n<td style=\"text-align: center;\" width=\"82\">108,00\u20ac<\/td>\n<td style=\"text-align: center;\" width=\"82\">67,00\u20ac<\/td>\n<td style=\"text-align: center;\" width=\"82\">175,00\u20ac<\/td>\n<td style=\"text-align: center;\" width=\"82\">175,00\u20ac<\/td>\n<td style=\"text-align: center;\" width=\"82\">87,50\u20ac<\/td>\n<td style=\"text-align: center;\" width=\"82\">87,50\u20ac<\/td>\n<\/tr>\n<tr>\n<td style=\"text-align: center;\" width=\"82\">I4<\/td>\n<td style=\"text-align: center;\" width=\"82\">108,00\u20ac<\/td>\n<td style=\"text-align: center;\" width=\"82\">67,00\u20ac<\/td>\n<td style=\"text-align: center;\" width=\"82\">175,00\u20ac<\/td>\n<td style=\"text-align: center;\" width=\"82\">175,00\u20ac<\/td>\n<td style=\"text-align: center;\" width=\"82\">87,50\u20ac<\/td>\n<td style=\"text-align: center;\" width=\"82\">87,50\u20ac<\/td>\n<\/tr>\n<tr>\n<td style=\"text-align: center;\" width=\"82\">I5<\/td>\n<td style=\"text-align: center;\" width=\"82\">108,00\u20ac<\/td>\n<td style=\"text-align: center;\" width=\"82\">42,00\u20ac<\/td>\n<td style=\"text-align: center;\" width=\"82\">150,00\u20ac<\/td>\n<td style=\"text-align: center;\" width=\"82\">150,00\u20ac<\/td>\n<td style=\"text-align: center;\" width=\"82\">75,00\u20ac<\/td>\n<td style=\"text-align: center;\" width=\"82\">75,00\u20ac<\/td>\n<\/tr>\n<tr>\n<td style=\"text-align: center;\" width=\"82\">1r<\/td>\n<td style=\"text-align: center;\" width=\"82\">92,00\u20ac<\/td>\n<td style=\"text-align: center;\" width=\"82\">67,00\u20ac<\/td>\n<td style=\"text-align: center;\" width=\"82\">159,00\u20ac<\/td>\n<td style=\"text-align: center;\" width=\"82\">159,00\u20ac<\/td>\n<td style=\"text-align: center;\" width=\"82\">79,50\u20ac<\/td>\n<td style=\"text-align: center;\" width=\"82\">79,50\u20ac<\/td>\n<\/tr>\n<tr>\n<td style=\"text-align: center;\" width=\"82\">2n<\/td>\n<td style=\"text-align: center;\" width=\"82\">92,00\u20ac<\/td>\n<td style=\"text-align: center;\" width=\"82\">42,00\u20ac<\/td>\n<td style=\"text-align: center;\" width=\"82\">134,00\u20ac<\/td>\n<td style=\"text-align: center;\" width=\"82\">134,00\u20ac<\/td>\n<td style=\"text-align: center;\" width=\"82\">67,00\u20ac<\/td>\n<td style=\"text-align: center;\" width=\"82\">67,00\u20ac<\/td>\n<\/tr>\n<tr>\n<td style=\"text-align: center;\" width=\"82\">3r<\/td>\n<td style=\"text-align: center;\" width=\"82\">77,00\u20ac<\/td>\n<td style=\"text-align: center;\" width=\"82\">67,00\u20ac<\/td>\n<td style=\"text-align: center;\" width=\"82\">144,00\u20ac<\/td>\n<td style=\"text-align: center;\" width=\"82\">144,00\u20ac<\/td>\n<td style=\"text-align: center;\" width=\"82\">72,00\u20ac<\/td>\n<td style=\"text-align: center;\" width=\"82\">72,00\u20ac<\/td>\n<\/tr>\n<tr>\n<td style=\"text-align: center;\" width=\"82\">4t<\/td>\n<td style=\"text-align: center;\" width=\"82\">77,00\u20ac<\/td>\n<td style=\"text-align: center;\" width=\"82\">42,00\u20ac<\/td>\n<td style=\"text-align: center;\" width=\"82\">119,00\u20ac<\/td>\n<td style=\"text-align: center;\" width=\"82\">119,00\u20ac<\/td>\n<td style=\"text-align: center;\" width=\"82\">59,50\u20ac<\/td>\n<td style=\"text-align: center;\" width=\"82\">59,50\u20ac<\/td>\n<\/tr>\n<tr>\n<td style=\"text-align: center;\" width=\"82\">5\u00e8<\/td>\n<td style=\"text-align: center;\" width=\"82\">77,00\u20ac<\/td>\n<td style=\"text-align: center;\" width=\"82\">52,00\u20ac<\/td>\n<td style=\"text-align: center;\" width=\"82\">129,00\u20ac<\/td>\n<td style=\"text-align: center;\" width=\"82\">129,00\u20ac<\/td>\n<td style=\"text-align: center;\" width=\"82\">64,50\u20ac<\/td>\n<td style=\"text-align: center;\" width=\"82\">64,50\u20ac<\/td>\n<\/tr>\n<tr>\n<td style=\"text-align: center;\" width=\"82\">6\u00e8<\/td>\n<td style=\"text-align: center;\" width=\"82\">77,00\u20ac<\/td>\n<td style=\"text-align: center;\" width=\"82\">42,00\u20ac<\/td>\n<td style=\"text-align: center;\" width=\"82\">119,00\u20ac<\/td>\n<td style=\"text-align: center;\" width=\"82\">119,00\u20ac<\/td>\n<td style=\"text-align: center;\" width=\"82\">59,50\u20ac<\/td>\n<td style=\"text-align: center;\" width=\"82\">59,50\u20ac<\/td>\n<\/tr>\n<\/tbody>\n<\/table>\n<h3><span style=\"color: #000000;\"><strong>Execuci\u00f3 i liquidaci\u00f3 del pressupost<\/strong><\/span><\/h3>\n<p><a href=\"https:\/\/agora.xtec.cat\/ceip-ferra\/wp-content\/uploads\/usu925\/2025\/02\/Estat-dexecucio-del-pressupost-2025.pdf\" target=\"_blank\" rel=\"noopener\">Pressupost aprovat de l&#8217;exercici 2025<\/a><\/p>\n<p><a href=\"https:\/\/agora.xtec.cat\/ceip-ferra\/wp-content\/uploads\/usu925\/2025\/02\/Liquidacio-del-pressupost-2024.pdf\" target=\"_blank\" rel=\"noopener\">Liquidaci\u00f3 econ\u00f2mica de l&#8217;exercici 2024<\/a><\/p>\n<p>&nbsp;<\/p>\n<p>&nbsp;<\/p>\n<p>&nbsp;<\/p>\n<p>&nbsp;<\/p>\n<p>&nbsp;<\/p>\n<p>&nbsp;<\/p>\n","protected":false},"excerpt":{"rendered":"<p>Segons la normativa en mat\u00e8ria de transpar\u00e8ncia aplicada als centres educatius, els centres educatius han de publicar a la p\u00e0gina web, de forma obligat\u00f2ria i activa, un seguit d&#8217;informacions i documents segons el dret d&#8217;acc\u00e9s establert per part de la ciutadania. Seguidament podeu consultar aquests informacions i documents. Acords del Consell Escolar Acords del Consell [&hellip;]<\/p>\n","protected":false},"author":3,"featured_media":0,"parent":0,"menu_order":0,"comment_status":"closed","ping_status":"closed","template":"","meta":{"_bbp_topic_count":0,"_bbp_reply_count":0,"_bbp_total_topic_count":0,"_bbp_total_reply_count":0,"_bbp_voice_count":0,"_bbp_anonymous_reply_count":0,"_bbp_topic_count_hidden":0,"_bbp_reply_count_hidden":0,"_bbp_forum_subforum_count":0,"site-sidebar-layout":"default","site-content-layout":"","ast-site-content-layout":"default","site-content-style":"default","site-sidebar-style":"default","ast-global-header-display":"","ast-banner-title-visibility":"","ast-main-header-display":"","ast-hfb-above-header-display":"","ast-hfb-below-header-display":"","ast-hfb-mobile-header-display":"","site-post-title":"","ast-breadcrumbs-content":"","ast-featured-img":"","footer-sml-layout":"","theme-transparent-header-meta":"default","adv-header-id-meta":"","stick-header-meta":"","header-above-stick-meta":"","header-main-stick-meta":"","header-below-stick-meta":"","astra-migrate-meta-layouts":"set","ast-page-background-enabled":"default","ast-page-background-meta":{"desktop":{"background-color":"var(--ast-global-color-4)","background-image":"","background-repeat":"repeat","background-position":"center center","background-size":"auto","background-attachment":"scroll","background-type":"","background-media":"","overlay-type":"","overlay-color":"","overlay-opacity":"","overlay-gradient":""},"tablet":{"background-color":"","background-image":"","background-repeat":"repeat","background-position":"center center","background-size":"auto","background-attachment":"scroll","background-type":"","background-media":"","overlay-type":"","overlay-color":"","overlay-opacity":"","overlay-gradient":""},"mobile":{"background-color":"","background-image":"","background-repeat":"repeat","background-position":"center center","background-size":"auto","background-attachment":"scroll","background-type":"","background-media":"","overlay-type":"","overlay-color":"","overlay-opacity":"","overlay-gradient":""}},"ast-content-background-meta":{"desktop":{"background-color":"var(--ast-global-color-5)","background-image":"","background-repeat":"repeat","background-position":"center center","background-size":"auto","background-attachment":"scroll","background-type":"","background-media":"","overlay-type":"","overlay-color":"","overlay-opacity":"","overlay-gradient":""},"tablet":{"background-color":"var(--ast-global-color-5)","background-image":"","background-repeat":"repeat","background-position":"center center","background-size":"auto","background-attachment":"scroll","background-type":"","background-media":"","overlay-type":"","overlay-color":"","overlay-opacity":"","overlay-gradient":""},"mobile":{"background-color":"var(--ast-global-color-5)","background-image":"","background-repeat":"repeat","background-position":"center center","background-size":"auto","background-attachment":"scroll","background-type":"","background-media":"","overlay-type":"","overlay-color":"","overlay-opacity":"","overlay-gradient":""}},"footnotes":""},"class_list":["post-8769","page","type-page","status-publish","hentry"],"post_mailing_queue_ids":[],"_links":{"self":[{"href":"https:\/\/agora.xtec.cat\/ceip-ferra\/wp-json\/wp\/v2\/pages\/8769","targetHints":{"allow":["GET"]}}],"collection":[{"href":"https:\/\/agora.xtec.cat\/ceip-ferra\/wp-json\/wp\/v2\/pages"}],"about":[{"href":"https:\/\/agora.xtec.cat\/ceip-ferra\/wp-json\/wp\/v2\/types\/page"}],"author":[{"embeddable":true,"href":"https:\/\/agora.xtec.cat\/ceip-ferra\/wp-json\/wp\/v2\/users\/3"}],"replies":[{"embeddable":true,"href":"https:\/\/agora.xtec.cat\/ceip-ferra\/wp-json\/wp\/v2\/comments?post=8769"}],"version-history":[{"count":6,"href":"https:\/\/agora.xtec.cat\/ceip-ferra\/wp-json\/wp\/v2\/pages\/8769\/revisions"}],"predecessor-version":[{"id":9948,"href":"https:\/\/agora.xtec.cat\/ceip-ferra\/wp-json\/wp\/v2\/pages\/8769\/revisions\/9948"}],"wp:attachment":[{"href":"https:\/\/agora.xtec.cat\/ceip-ferra\/wp-json\/wp\/v2\/media?parent=8769"}],"curies":[{"name":"wp","href":"https:\/\/api.w.org\/{rel}","templated":true}]}}