{"id":7900,"date":"2022-10-27T11:51:00","date_gmt":"2022-10-27T09:51:00","guid":{"rendered":"https:\/\/agora.xtec.cat\/ceip-ferra\/?page_id=7900"},"modified":"2024-10-14T08:30:33","modified_gmt":"2024-10-14T06:30:33","slug":"autoritzacions-i-sol%c2%b7licituds","status":"publish","type":"page","link":"https:\/\/agora.xtec.cat\/ceip-ferra\/families\/autoritzacions-i-sol%c2%b7licituds\/","title":{"rendered":"AUTORITZACIONS I SOL\u00b7LICITUDS"},"content":{"rendered":"<p>Benvolgudes fam\u00edlies,<\/p>\n<p>Us adjuntem uns documents per tal que, si els necessiteu, els pugueu imprimir i portar despr\u00e9s degudament signats al centre.<\/p>\n<p>Si disposeu de signatura digital tamb\u00e9 els podeu omplir i signar digitalment i enviar-los per email a comunicats@gmail.com.<\/p>\n<p><a href=\"https:\/\/agora.xtec.cat\/ceip-ferra\/wp-content\/uploads\/usu925\/2023\/04\/Sollicitud-certificats.pdf\">Sol\u00b7licitud gen\u00e8rica<\/a><\/p>\n<p><a href=\"https:\/\/agora.xtec.cat\/ceip-ferra\/wp-content\/uploads\/usu925\/2024\/10\/Autoritzacio-sortides-locals.pdf\">Autoritzaci\u00f3 sortides locals<\/a><\/p>\n<p><a href=\"https:\/\/agora.xtec.cat\/ceip-ferra\/wp-content\/uploads\/usu925\/2024\/10\/Autoritzacio-a-sortir-sol.pdf\">Autoritzaci\u00f3 a sortir sol<\/a><\/p>\n<p><a href=\"https:\/\/agora.xtec.cat\/ceip-ferra\/wp-content\/uploads\/usu925\/2024\/10\/Autoritzacio-medicaments.pdf\">Autoritzaci\u00f3 medicaments<\/a><\/p>\n<p><a href=\"https:\/\/agora.xtec.cat\/ceip-ferra\/wp-content\/uploads\/usu925\/2024\/10\/Autoritzacio-recollida-alumnes.pdf\">Autoritzaci\u00f3 recollida alumnes<\/a><\/p>\n<p>&nbsp;<\/p>\n","protected":false},"excerpt":{"rendered":"<p>Benvolgudes fam\u00edlies, Us adjuntem uns documents per tal que, si els necessiteu, els pugueu imprimir i portar despr\u00e9s degudament signats al centre. Si disposeu de signatura digital tamb\u00e9 els podeu omplir i signar digitalment i enviar-los per email a comunicats@gmail.com. Sol\u00b7licitud gen\u00e8rica Autoritzaci\u00f3 sortides locals Autoritzaci\u00f3 a sortir sol Autoritzaci\u00f3 medicaments Autoritzaci\u00f3 recollida alumnes &nbsp;<\/p>\n","protected":false},"author":3,"featured_media":0,"parent":64,"menu_order":0,"comment_status":"closed","ping_status":"closed","template":"page-templates\/side-menu.php","meta":{"_bbp_topic_count":0,"_bbp_reply_count":0,"_bbp_total_topic_count":0,"_bbp_total_reply_count":0,"_bbp_voice_count":0,"_bbp_anonymous_reply_count":0,"_bbp_topic_count_hidden":0,"_bbp_reply_count_hidden":0,"_bbp_forum_subforum_count":0,"site-sidebar-layout":"default","site-content-layout":"","ast-site-content-layout":"","site-content-style":"default","site-sidebar-style":"default","ast-global-header-display":"","ast-banner-title-visibility":"","ast-main-header-display":"","ast-hfb-above-header-display":"","ast-hfb-below-header-display":"","ast-hfb-mobile-header-display":"","site-post-title":"","ast-breadcrumbs-content":"","ast-featured-img":"","footer-sml-layout":"","theme-transparent-header-meta":"","adv-header-id-meta":"","stick-header-meta":"","header-above-stick-meta":"","header-main-stick-meta":"","header-below-stick-meta":"","astra-migrate-meta-layouts":"default","ast-page-background-enabled":"default","ast-page-background-meta":{"desktop":{"background-color":"var(--ast-global-color-4)","background-image":"","background-repeat":"repeat","background-position":"center center","background-size":"auto","background-attachment":"scroll","background-type":"","background-media":"","overlay-type":"","overlay-color":"","overlay-opacity":"","overlay-gradient":""},"tablet":{"background-color":"","background-image":"","background-repeat":"repeat","background-position":"center center","background-size":"auto","background-attachment":"scroll","background-type":"","background-media":"","overlay-type":"","overlay-color":"","overlay-opacity":"","overlay-gradient":""},"mobile":{"background-color":"","background-image":"","background-repeat":"repeat","background-position":"center center","background-size":"auto","background-attachment":"scroll","background-type":"","background-media":"","overlay-type":"","overlay-color":"","overlay-opacity":"","overlay-gradient":""}},"ast-content-background-meta":{"desktop":{"background-color":"var(--ast-global-color-5)","background-image":"","background-repeat":"repeat","background-position":"center center","background-size":"auto","background-attachment":"scroll","background-type":"","background-media":"","overlay-type":"","overlay-color":"","overlay-opacity":"","overlay-gradient":""},"tablet":{"background-color":"var(--ast-global-color-5)","background-image":"","background-repeat":"repeat","background-position":"center center","background-size":"auto","background-attachment":"scroll","background-type":"","background-media":"","overlay-type":"","overlay-color":"","overlay-opacity":"","overlay-gradient":""},"mobile":{"background-color":"var(--ast-global-color-5)","background-image":"","background-repeat":"repeat","background-position":"center center","background-size":"auto","background-attachment":"scroll","background-type":"","background-media":"","overlay-type":"","overlay-color":"","overlay-opacity":"","overlay-gradient":""}},"footnotes":""},"class_list":["post-7900","page","type-page","status-publish","hentry"],"post_mailing_queue_ids":[],"_links":{"self":[{"href":"https:\/\/agora.xtec.cat\/ceip-ferra\/wp-json\/wp\/v2\/pages\/7900","targetHints":{"allow":["GET"]}}],"collection":[{"href":"https:\/\/agora.xtec.cat\/ceip-ferra\/wp-json\/wp\/v2\/pages"}],"about":[{"href":"https:\/\/agora.xtec.cat\/ceip-ferra\/wp-json\/wp\/v2\/types\/page"}],"author":[{"embeddable":true,"href":"https:\/\/agora.xtec.cat\/ceip-ferra\/wp-json\/wp\/v2\/users\/3"}],"replies":[{"embeddable":true,"href":"https:\/\/agora.xtec.cat\/ceip-ferra\/wp-json\/wp\/v2\/comments?post=7900"}],"version-history":[{"count":4,"href":"https:\/\/agora.xtec.cat\/ceip-ferra\/wp-json\/wp\/v2\/pages\/7900\/revisions"}],"predecessor-version":[{"id":9445,"href":"https:\/\/agora.xtec.cat\/ceip-ferra\/wp-json\/wp\/v2\/pages\/7900\/revisions\/9445"}],"up":[{"embeddable":true,"href":"https:\/\/agora.xtec.cat\/ceip-ferra\/wp-json\/wp\/v2\/pages\/64"}],"wp:attachment":[{"href":"https:\/\/agora.xtec.cat\/ceip-ferra\/wp-json\/wp\/v2\/media?parent=7900"}],"curies":[{"name":"wp","href":"https:\/\/api.w.org\/{rel}","templated":true}]}}