{"id":6706,"date":"2021-04-12T16:31:30","date_gmt":"2021-04-12T14:31:30","guid":{"rendered":"http:\/\/agora.xtec.cat\/ceip-ferra\/?page_id=6706"},"modified":"2023-07-20T17:10:06","modified_gmt":"2023-07-20T15:10:06","slug":"comunicacio","status":"publish","type":"page","link":"https:\/\/agora.xtec.cat\/ceip-ferra\/estrategia-digital-de-centre\/cultura-digital\/comunicacio\/","title":{"rendered":"Comunicaci\u00f3"},"content":{"rendered":"<h4>E-MAIL<\/h4>\n<p>El correu electr\u00f2nic\u00a0 <strong><em>\u201c@xtec.cat\u201d<\/em> <\/strong>\u00e9s corporatiu per a tots els empleats de la Generalitat de Catalunya i identifica la pertinen\u00e7a a la Instituci\u00f3.<\/p>\n<p>El correu electr\u00f2nic @xtec.cat \u00e9s tamb\u00e9 considerat corporatiu, per a \u00fas laboral del personal del Departament d&#8217;Ensenyament, sens detriment que altres usuaris d&#8217;aquest tipus de correu l&#8217;utilitzin per al seu \u00fas personal, ja que \u00e9s un servei que el Departament d&#8217;Ensenyament posa a disposici\u00f3 dels usuaris registrats a la XTEC.<\/p>\n<p>L&#8217;escola posa a disposici\u00f3 de les fam\u00edlies el correu <strong>administracio@josepferra.com<\/strong> per a contactar amb la secretaria del centre.<\/p>\n<h4>GSUITE<\/h4>\n<p>L\u2019escola tamb\u00e9 facilitar\u00e0 al professorat un nou compte de correu electr\u00f2nic dins del domini <strong><em>\u201c@josepferra.com\u201d<\/em><\/strong> per tal de poder estar en contacte amb les fam\u00edlies i els alumnes sense haver d\u2019usar el del departament.<\/p>\n<p>Es crear\u00e0 un compte d&#8217;usuari per a cada nou alumne <strong>&#8220;alumne@josepferra.com&#8221;<\/strong>, el qual s&#8217;utilitzar\u00e0 com a eina de comunicaci\u00f3 via e-mail entre l&#8217;alumnat i entre les fam\u00edlies i el professorat.<\/p>\n<p>A mesura que l&#8217;alumnat vagi avan\u00e7ant de curs s&#8217;utilitzar\u00e0 tamb\u00e9 per a\u00a0 fer tasques escolars amb el GSUITE, entre elles el Google Classroom.<\/p>\n<h4>TOKAPP<\/h4>\n<p>A m\u00e9s, l\u2019escola utilitza el sistema de comunicaci\u00f3 TOKAPP per a poder rebre i enviar missatges entre els mestres i amb les fam\u00edlies.<\/p>\n<p>Entre altres coses les fam\u00edlies poden informar de: abs\u00e8ncies, retards fer consultes, donar informacions&#8230; directament amb el tutor o amb administraci\u00f3.<\/p>\n<h4>TEL\u00c8FON<\/h4>\n<p>Tamb\u00e9 disposarem d&#8217;un n\u00famero de tel\u00e8fons per aquells tr\u00e0mits urgents o no previstos amb els mitjans anteriors.<\/p>\n<p>Aquests tres sistemes de comunicaci\u00f3 (correu electr\u00f2nic @xtec.cat, tokapp i tel\u00e8fon) configuren la xarxa principal de comunicaci\u00f3 entre el professorat del centre i cada mestre \u00e9s responsable d&#8217;aquests recursos assignats i de totes les accions que es duguin a terme en la seva utilitzaci\u00f3 i \u00e9s obligaci\u00f3 de cada mestre atendre\u2019ls.<\/p>\n<h4>WEB<\/h4>\n<p>Finalment, moltes informacions poden ser trobades en aquesta p\u00e0gina web a partir dels men\u00fas que apareixen a la part superior.<\/p>\n","protected":false},"excerpt":{"rendered":"<p>E-MAIL El correu electr\u00f2nic\u00a0 \u201c@xtec.cat\u201d \u00e9s corporatiu per a tots els empleats de la Generalitat de Catalunya i identifica la pertinen\u00e7a a la Instituci\u00f3. El correu electr\u00f2nic @xtec.cat \u00e9s tamb\u00e9 considerat corporatiu, per a \u00fas laboral del personal del Departament d&#8217;Ensenyament, sens detriment que altres usuaris d&#8217;aquest tipus de correu l&#8217;utilitzin per al seu \u00fas [&hellip;]<\/p>\n","protected":false},"author":3,"featured_media":0,"parent":6697,"menu_order":0,"comment_status":"closed","ping_status":"closed","template":"","meta":{"_bbp_topic_count":0,"_bbp_reply_count":0,"_bbp_total_topic_count":0,"_bbp_total_reply_count":0,"_bbp_voice_count":0,"_bbp_anonymous_reply_count":0,"_bbp_topic_count_hidden":0,"_bbp_reply_count_hidden":0,"_bbp_forum_subforum_count":0,"site-sidebar-layout":"default","site-content-layout":"","ast-site-content-layout":"","site-content-style":"default","site-sidebar-style":"default","ast-global-header-display":"","ast-banner-title-visibility":"","ast-main-header-display":"","ast-hfb-above-header-display":"","ast-hfb-below-header-display":"","ast-hfb-mobile-header-display":"","site-post-title":"","ast-breadcrumbs-content":"","ast-featured-img":"","footer-sml-layout":"","theme-transparent-header-meta":"","adv-header-id-meta":"","stick-header-meta":"","header-above-stick-meta":"","header-main-stick-meta":"","header-below-stick-meta":"","astra-migrate-meta-layouts":"default","ast-page-background-enabled":"default","ast-page-background-meta":{"desktop":{"background-color":"var(--ast-global-color-4)","background-image":"","background-repeat":"repeat","background-position":"center center","background-size":"auto","background-attachment":"scroll","background-type":"","background-media":"","overlay-type":"","overlay-color":"","overlay-opacity":"","overlay-gradient":""},"tablet":{"background-color":"","background-image":"","background-repeat":"repeat","background-position":"center center","background-size":"auto","background-attachment":"scroll","background-type":"","background-media":"","overlay-type":"","overlay-color":"","overlay-opacity":"","overlay-gradient":""},"mobile":{"background-color":"","background-image":"","background-repeat":"repeat","background-position":"center center","background-size":"auto","background-attachment":"scroll","background-type":"","background-media":"","overlay-type":"","overlay-color":"","overlay-opacity":"","overlay-gradient":""}},"ast-content-background-meta":{"desktop":{"background-color":"var(--ast-global-color-5)","background-image":"","background-repeat":"repeat","background-position":"center center","background-size":"auto","background-attachment":"scroll","background-type":"","background-media":"","overlay-type":"","overlay-color":"","overlay-opacity":"","overlay-gradient":""},"tablet":{"background-color":"var(--ast-global-color-5)","background-image":"","background-repeat":"repeat","background-position":"center center","background-size":"auto","background-attachment":"scroll","background-type":"","background-media":"","overlay-type":"","overlay-color":"","overlay-opacity":"","overlay-gradient":""},"mobile":{"background-color":"var(--ast-global-color-5)","background-image":"","background-repeat":"repeat","background-position":"center center","background-size":"auto","background-attachment":"scroll","background-type":"","background-media":"","overlay-type":"","overlay-color":"","overlay-opacity":"","overlay-gradient":""}},"footnotes":""},"class_list":["post-6706","page","type-page","status-publish","hentry"],"post_mailing_queue_ids":[],"_links":{"self":[{"href":"https:\/\/agora.xtec.cat\/ceip-ferra\/wp-json\/wp\/v2\/pages\/6706","targetHints":{"allow":["GET"]}}],"collection":[{"href":"https:\/\/agora.xtec.cat\/ceip-ferra\/wp-json\/wp\/v2\/pages"}],"about":[{"href":"https:\/\/agora.xtec.cat\/ceip-ferra\/wp-json\/wp\/v2\/types\/page"}],"author":[{"embeddable":true,"href":"https:\/\/agora.xtec.cat\/ceip-ferra\/wp-json\/wp\/v2\/users\/3"}],"replies":[{"embeddable":true,"href":"https:\/\/agora.xtec.cat\/ceip-ferra\/wp-json\/wp\/v2\/comments?post=6706"}],"version-history":[{"count":3,"href":"https:\/\/agora.xtec.cat\/ceip-ferra\/wp-json\/wp\/v2\/pages\/6706\/revisions"}],"predecessor-version":[{"id":8539,"href":"https:\/\/agora.xtec.cat\/ceip-ferra\/wp-json\/wp\/v2\/pages\/6706\/revisions\/8539"}],"up":[{"embeddable":true,"href":"https:\/\/agora.xtec.cat\/ceip-ferra\/wp-json\/wp\/v2\/pages\/6697"}],"wp:attachment":[{"href":"https:\/\/agora.xtec.cat\/ceip-ferra\/wp-json\/wp\/v2\/media?parent=6706"}],"curies":[{"name":"wp","href":"https:\/\/api.w.org\/{rel}","templated":true}]}}