{"id":6697,"date":"2021-04-12T16:29:09","date_gmt":"2021-04-12T14:29:09","guid":{"rendered":"http:\/\/agora.xtec.cat\/ceip-ferra\/?page_id=6697"},"modified":"2024-01-18T15:40:06","modified_gmt":"2024-01-18T14:40:06","slug":"cultura-digital","status":"publish","type":"page","link":"https:\/\/agora.xtec.cat\/ceip-ferra\/estrategia-digital-de-centre\/cultura-digital\/","title":{"rendered":"Cultura Digital"},"content":{"rendered":"<p>La segona part de l\u2019EDC permet recollir i tenir unifica- des totes les accions que el centre ja realitza en l\u2019\u00e0mbit digital. Fruit de l\u2019experi\u00e8ncia del centre, per\u00f2 tamb\u00e9 de l\u2019aplicaci\u00f3 de la part m\u00e9s estrat\u00e8gica de l\u2019EDC, els cen- tres defineixen procediments, protocols, normes, acords i plans per assolir les compet\u00e8ncies digitals. \u00c9s interes- sant que estiguin recollits en la segona part del docu- ment de l\u2019EDC, ja que permet tenir una refer\u00e8ncia \u00fanica en el centre.<\/p>\n<p>Cada centre definir\u00e0 i estructurar\u00e0 aquesta part segons la seva experi\u00e8ncia pr\u00e8via i segons la seva evoluci\u00f3. Tot i aix\u00f2, els aspectes que s\u2019anomenen a continuaci\u00f3 hauri- en de quedar-hi reflectits.<\/p>\n<p><a href=\"https:\/\/agora.xtec.cat\/ceip-ferra\/wp-content\/uploads\/usu925\/2023\/07\/IMG_0672.jpeg\"><img loading=\"lazy\" decoding=\"async\" class=\"alignnone size-large wp-image-8720\" src=\"https:\/\/agora.xtec.cat\/ceip-ferra\/wp-content\/uploads\/usu925\/2023\/07\/IMG_0672-1024x749.jpeg\" alt=\"\" width=\"1024\" height=\"749\" srcset=\"https:\/\/agora.xtec.cat\/ceip-ferra\/wp-content\/uploads\/usu925\/2023\/07\/IMG_0672-1024x749.jpeg 1024w, https:\/\/agora.xtec.cat\/ceip-ferra\/wp-content\/uploads\/usu925\/2023\/07\/IMG_0672-300x219.jpeg 300w, https:\/\/agora.xtec.cat\/ceip-ferra\/wp-content\/uploads\/usu925\/2023\/07\/IMG_0672-768x562.jpeg 768w, https:\/\/agora.xtec.cat\/ceip-ferra\/wp-content\/uploads\/usu925\/2023\/07\/IMG_0672-1536x1124.jpeg 1536w, https:\/\/agora.xtec.cat\/ceip-ferra\/wp-content\/uploads\/usu925\/2023\/07\/IMG_0672.jpeg 2037w\" sizes=\"auto, (max-width: 1024px) 100vw, 1024px\" \/><\/a><\/p>\n","protected":false},"excerpt":{"rendered":"<p>La segona part de l\u2019EDC permet recollir i tenir unifica- des totes les accions que el centre ja realitza en l\u2019\u00e0mbit digital. Fruit de l\u2019experi\u00e8ncia del centre, per\u00f2 tamb\u00e9 de l\u2019aplicaci\u00f3 de la part m\u00e9s estrat\u00e8gica de l\u2019EDC, els cen- tres defineixen procediments, protocols, normes, acords i plans per assolir les compet\u00e8ncies digitals. \u00c9s interes- [&hellip;]<\/p>\n","protected":false},"author":3,"featured_media":0,"parent":6673,"menu_order":0,"comment_status":"closed","ping_status":"closed","template":"page-templates\/side-menu.php","meta":{"_bbp_topic_count":0,"_bbp_reply_count":0,"_bbp_total_topic_count":0,"_bbp_total_reply_count":0,"_bbp_voice_count":0,"_bbp_anonymous_reply_count":0,"_bbp_topic_count_hidden":0,"_bbp_reply_count_hidden":0,"_bbp_forum_subforum_count":0,"site-sidebar-layout":"default","site-content-layout":"","ast-site-content-layout":"","site-content-style":"default","site-sidebar-style":"default","ast-global-header-display":"","ast-banner-title-visibility":"","ast-main-header-display":"","ast-hfb-above-header-display":"","ast-hfb-below-header-display":"","ast-hfb-mobile-header-display":"","site-post-title":"","ast-breadcrumbs-content":"","ast-featured-img":"","footer-sml-layout":"","theme-transparent-header-meta":"","adv-header-id-meta":"","stick-header-meta":"","header-above-stick-meta":"","header-main-stick-meta":"","header-below-stick-meta":"","astra-migrate-meta-layouts":"default","ast-page-background-enabled":"default","ast-page-background-meta":{"desktop":{"background-color":"var(--ast-global-color-4)","background-image":"","background-repeat":"repeat","background-position":"center center","background-size":"auto","background-attachment":"scroll","background-type":"","background-media":"","overlay-type":"","overlay-color":"","overlay-opacity":"","overlay-gradient":""},"tablet":{"background-color":"","background-image":"","background-repeat":"repeat","background-position":"center center","background-size":"auto","background-attachment":"scroll","background-type":"","background-media":"","overlay-type":"","overlay-color":"","overlay-opacity":"","overlay-gradient":""},"mobile":{"background-color":"","background-image":"","background-repeat":"repeat","background-position":"center center","background-size":"auto","background-attachment":"scroll","background-type":"","background-media":"","overlay-type":"","overlay-color":"","overlay-opacity":"","overlay-gradient":""}},"ast-content-background-meta":{"desktop":{"background-color":"var(--ast-global-color-5)","background-image":"","background-repeat":"repeat","background-position":"center center","background-size":"auto","background-attachment":"scroll","background-type":"","background-media":"","overlay-type":"","overlay-color":"","overlay-opacity":"","overlay-gradient":""},"tablet":{"background-color":"var(--ast-global-color-5)","background-image":"","background-repeat":"repeat","background-position":"center center","background-size":"auto","background-attachment":"scroll","background-type":"","background-media":"","overlay-type":"","overlay-color":"","overlay-opacity":"","overlay-gradient":""},"mobile":{"background-color":"var(--ast-global-color-5)","background-image":"","background-repeat":"repeat","background-position":"center center","background-size":"auto","background-attachment":"scroll","background-type":"","background-media":"","overlay-type":"","overlay-color":"","overlay-opacity":"","overlay-gradient":""}},"footnotes":""},"class_list":["post-6697","page","type-page","status-publish","hentry"],"post_mailing_queue_ids":[],"_links":{"self":[{"href":"https:\/\/agora.xtec.cat\/ceip-ferra\/wp-json\/wp\/v2\/pages\/6697","targetHints":{"allow":["GET"]}}],"collection":[{"href":"https:\/\/agora.xtec.cat\/ceip-ferra\/wp-json\/wp\/v2\/pages"}],"about":[{"href":"https:\/\/agora.xtec.cat\/ceip-ferra\/wp-json\/wp\/v2\/types\/page"}],"author":[{"embeddable":true,"href":"https:\/\/agora.xtec.cat\/ceip-ferra\/wp-json\/wp\/v2\/users\/3"}],"replies":[{"embeddable":true,"href":"https:\/\/agora.xtec.cat\/ceip-ferra\/wp-json\/wp\/v2\/comments?post=6697"}],"version-history":[{"count":3,"href":"https:\/\/agora.xtec.cat\/ceip-ferra\/wp-json\/wp\/v2\/pages\/6697\/revisions"}],"predecessor-version":[{"id":8721,"href":"https:\/\/agora.xtec.cat\/ceip-ferra\/wp-json\/wp\/v2\/pages\/6697\/revisions\/8721"}],"up":[{"embeddable":true,"href":"https:\/\/agora.xtec.cat\/ceip-ferra\/wp-json\/wp\/v2\/pages\/6673"}],"wp:attachment":[{"href":"https:\/\/agora.xtec.cat\/ceip-ferra\/wp-json\/wp\/v2\/media?parent=6697"}],"curies":[{"name":"wp","href":"https:\/\/api.w.org\/{rel}","templated":true}]}}