{"id":6675,"date":"2021-04-12T16:13:47","date_gmt":"2021-04-12T14:13:47","guid":{"rendered":"http:\/\/agora.xtec.cat\/ceip-ferra\/?page_id=6675"},"modified":"2024-01-18T15:41:10","modified_gmt":"2024-01-18T14:41:10","slug":"part-estrategica","status":"publish","type":"page","link":"https:\/\/agora.xtec.cat\/ceip-ferra\/estrategia-digital-de-centre\/part-estrategica\/","title":{"rendered":"Part Estrat\u00e8gica"},"content":{"rendered":"<p>Amb la finalitat de simplificar, per\u00f2 tenint en compte els models de disseny estrat\u00e8gic, l\u2019EDC es concreta en quatre fases:<\/p>\n<p>1. Diagnosi<\/p>\n<p>2. Objectius<\/p>\n<p>3. Planificaci\u00f3<\/p>\n<p>4. Avaluaci\u00f3<\/p>\n<p>En aquest sentit, segueix les mateixes fases que l\u2019antic Pla TAC.<\/p>\n<p><a href=\"https:\/\/agora.xtec.cat\/ceip-ferra\/wp-content\/uploads\/usu925\/2023\/07\/IMG_0671.jpeg\"><img loading=\"lazy\" decoding=\"async\" class=\"alignnone size-large wp-image-8718\" src=\"https:\/\/agora.xtec.cat\/ceip-ferra\/wp-content\/uploads\/usu925\/2023\/07\/IMG_0671-1024x614.jpeg\" alt=\"\" width=\"1024\" height=\"614\" srcset=\"https:\/\/agora.xtec.cat\/ceip-ferra\/wp-content\/uploads\/usu925\/2023\/07\/IMG_0671-1024x614.jpeg 1024w, https:\/\/agora.xtec.cat\/ceip-ferra\/wp-content\/uploads\/usu925\/2023\/07\/IMG_0671-300x180.jpeg 300w, https:\/\/agora.xtec.cat\/ceip-ferra\/wp-content\/uploads\/usu925\/2023\/07\/IMG_0671-768x461.jpeg 768w, https:\/\/agora.xtec.cat\/ceip-ferra\/wp-content\/uploads\/usu925\/2023\/07\/IMG_0671-1536x921.jpeg 1536w, https:\/\/agora.xtec.cat\/ceip-ferra\/wp-content\/uploads\/usu925\/2023\/07\/IMG_0671.jpeg 1736w\" sizes=\"auto, (max-width: 1024px) 100vw, 1024px\" \/><\/a><\/p>\n","protected":false},"excerpt":{"rendered":"<p>Amb la finalitat de simplificar, per\u00f2 tenint en compte els models de disseny estrat\u00e8gic, l\u2019EDC es concreta en quatre fases: 1. Diagnosi 2. Objectius 3. Planificaci\u00f3 4. Avaluaci\u00f3 En aquest sentit, segueix les mateixes fases que l\u2019antic Pla TAC.<\/p>\n","protected":false},"author":3,"featured_media":0,"parent":6673,"menu_order":0,"comment_status":"closed","ping_status":"closed","template":"page-templates\/side-menu.php","meta":{"_bbp_topic_count":0,"_bbp_reply_count":0,"_bbp_total_topic_count":0,"_bbp_total_reply_count":0,"_bbp_voice_count":0,"_bbp_anonymous_reply_count":0,"_bbp_topic_count_hidden":0,"_bbp_reply_count_hidden":0,"_bbp_forum_subforum_count":0,"site-sidebar-layout":"default","site-content-layout":"","ast-site-content-layout":"","site-content-style":"default","site-sidebar-style":"default","ast-global-header-display":"","ast-banner-title-visibility":"","ast-main-header-display":"","ast-hfb-above-header-display":"","ast-hfb-below-header-display":"","ast-hfb-mobile-header-display":"","site-post-title":"","ast-breadcrumbs-content":"","ast-featured-img":"","footer-sml-layout":"","theme-transparent-header-meta":"","adv-header-id-meta":"","stick-header-meta":"","header-above-stick-meta":"","header-main-stick-meta":"","header-below-stick-meta":"","astra-migrate-meta-layouts":"default","ast-page-background-enabled":"default","ast-page-background-meta":{"desktop":{"background-color":"var(--ast-global-color-4)","background-image":"","background-repeat":"repeat","background-position":"center center","background-size":"auto","background-attachment":"scroll","background-type":"","background-media":"","overlay-type":"","overlay-color":"","overlay-opacity":"","overlay-gradient":""},"tablet":{"background-color":"","background-image":"","background-repeat":"repeat","background-position":"center center","background-size":"auto","background-attachment":"scroll","background-type":"","background-media":"","overlay-type":"","overlay-color":"","overlay-opacity":"","overlay-gradient":""},"mobile":{"background-color":"","background-image":"","background-repeat":"repeat","background-position":"center center","background-size":"auto","background-attachment":"scroll","background-type":"","background-media":"","overlay-type":"","overlay-color":"","overlay-opacity":"","overlay-gradient":""}},"ast-content-background-meta":{"desktop":{"background-color":"var(--ast-global-color-5)","background-image":"","background-repeat":"repeat","background-position":"center center","background-size":"auto","background-attachment":"scroll","background-type":"","background-media":"","overlay-type":"","overlay-color":"","overlay-opacity":"","overlay-gradient":""},"tablet":{"background-color":"var(--ast-global-color-5)","background-image":"","background-repeat":"repeat","background-position":"center center","background-size":"auto","background-attachment":"scroll","background-type":"","background-media":"","overlay-type":"","overlay-color":"","overlay-opacity":"","overlay-gradient":""},"mobile":{"background-color":"var(--ast-global-color-5)","background-image":"","background-repeat":"repeat","background-position":"center center","background-size":"auto","background-attachment":"scroll","background-type":"","background-media":"","overlay-type":"","overlay-color":"","overlay-opacity":"","overlay-gradient":""}},"footnotes":""},"class_list":["post-6675","page","type-page","status-publish","hentry"],"post_mailing_queue_ids":[],"_links":{"self":[{"href":"https:\/\/agora.xtec.cat\/ceip-ferra\/wp-json\/wp\/v2\/pages\/6675","targetHints":{"allow":["GET"]}}],"collection":[{"href":"https:\/\/agora.xtec.cat\/ceip-ferra\/wp-json\/wp\/v2\/pages"}],"about":[{"href":"https:\/\/agora.xtec.cat\/ceip-ferra\/wp-json\/wp\/v2\/types\/page"}],"author":[{"embeddable":true,"href":"https:\/\/agora.xtec.cat\/ceip-ferra\/wp-json\/wp\/v2\/users\/3"}],"replies":[{"embeddable":true,"href":"https:\/\/agora.xtec.cat\/ceip-ferra\/wp-json\/wp\/v2\/comments?post=6675"}],"version-history":[{"count":3,"href":"https:\/\/agora.xtec.cat\/ceip-ferra\/wp-json\/wp\/v2\/pages\/6675\/revisions"}],"predecessor-version":[{"id":8719,"href":"https:\/\/agora.xtec.cat\/ceip-ferra\/wp-json\/wp\/v2\/pages\/6675\/revisions\/8719"}],"up":[{"embeddable":true,"href":"https:\/\/agora.xtec.cat\/ceip-ferra\/wp-json\/wp\/v2\/pages\/6673"}],"wp:attachment":[{"href":"https:\/\/agora.xtec.cat\/ceip-ferra\/wp-json\/wp\/v2\/media?parent=6675"}],"curies":[{"name":"wp","href":"https:\/\/api.w.org\/{rel}","templated":true}]}}