{"id":6673,"date":"2021-04-12T16:12:31","date_gmt":"2021-04-12T14:12:31","guid":{"rendered":"http:\/\/agora.xtec.cat\/ceip-ferra\/?page_id=6673"},"modified":"2025-07-02T11:51:50","modified_gmt":"2025-07-02T09:51:50","slug":"estrategia-digital-de-centre","status":"publish","type":"page","link":"https:\/\/agora.xtec.cat\/ceip-ferra\/estrategia-digital-de-centre\/","title":{"rendered":"Estrat\u00e8gia Digital de Centre"},"content":{"rendered":"<p>Els canvis tecnol\u00f2gics es produeixen cada cop a un ritme m\u00e9s accelerat. Tecnologies digitals que apareixen i d\u2019altres que deixen de ser utilitzades. Els centres educatius no s\u00f3n aliens a aquest ritme. Ben al contrari, hi s\u00f3n immersos i no poden desvincular-se\u2019n. Les eines digitals permeten no sols tenir els estudiants com a receptors d\u2019aprenentatge sin\u00f3 incrementar exponencialment les possibilitats creatives. Per tant, les tecnologies digitals poden tenir un impacte\u00a0 favorable en l\u2019aprenentatge dels alumnes si s\u2019utilitzen de manera adequada, amb objectius clars i definits.<\/p>\n<p>Definir clarament quina estrat\u00e8gia vol seguir un centre vers aquestes tecnologies digitals, ajuda a treure\u2019n el m\u00e0xim profit educatiu. El Pla TAC ja feia aquesta funci\u00f3, per\u00f2 els canvis dels darrers anys obliguen a fer-ne un replantejament.<br \/>\nPer aix\u00f2, tal com indica el Pla d\u2019Educaci\u00f3 Digital de Catalunya (PEDC), els centres hem de concretar l\u2019Estrat\u00e8gia Digital de Centre (EDC).<\/p>\n<p style=\"text-align: justify;\">L\u2019Estrat\u00e8gia Digital de Centre defineix i concreta les l\u00ednies d\u2019actuaci\u00f3 d\u2019un centre que fan possible que docents, alumnat i centre assoleixin la compet\u00e8ncia digital. Per aconseguir aquesta compet\u00e8ncia digital, l\u2019EDC compr\u00e8n tots els \u00e0mbits del centre: organitzatius, metodol\u00f2gics, curriculars i comunicatius, els quals s\u2019han de veure necess\u00e0riament implicats i, si escau, transformats, des d\u2019una perspectiva d\u2019innovaci\u00f3 i de millora cont\u00ednua.<\/p>\n<p>L\u2019EDC parteix de l\u2019antic Pla TAC amb la finalitat de donar resposta a les noves necessitats i de ser una eina \u00e0gil i flexible.<\/p>\n<p>Durant uns mesos estarem elaborant aquesta estrat\u00e8gia i l&#8217;anirem recollint a la documentaci\u00f3 interna de centre i publicant al web.<\/p>\n","protected":false},"excerpt":{"rendered":"<p>Els canvis tecnol\u00f2gics es produeixen cada cop a un ritme m\u00e9s accelerat. Tecnologies digitals que apareixen i d\u2019altres que deixen de ser utilitzades. Els centres educatius no s\u00f3n aliens a aquest ritme. Ben al contrari, hi s\u00f3n immersos i no poden desvincular-se\u2019n. Les eines digitals permeten no sols tenir els estudiants com a receptors d\u2019aprenentatge [&hellip;]<\/p>\n","protected":false},"author":3,"featured_media":0,"parent":0,"menu_order":0,"comment_status":"closed","ping_status":"closed","template":"","meta":{"_bbp_topic_count":0,"_bbp_reply_count":0,"_bbp_total_topic_count":0,"_bbp_total_reply_count":0,"_bbp_voice_count":0,"_bbp_anonymous_reply_count":0,"_bbp_topic_count_hidden":0,"_bbp_reply_count_hidden":0,"_bbp_forum_subforum_count":0,"site-sidebar-layout":"default","site-content-layout":"","ast-site-content-layout":"default","site-content-style":"default","site-sidebar-style":"default","ast-global-header-display":"","ast-banner-title-visibility":"","ast-main-header-display":"","ast-hfb-above-header-display":"","ast-hfb-below-header-display":"","ast-hfb-mobile-header-display":"","site-post-title":"","ast-breadcrumbs-content":"","ast-featured-img":"","footer-sml-layout":"","theme-transparent-header-meta":"default","adv-header-id-meta":"","stick-header-meta":"","header-above-stick-meta":"","header-main-stick-meta":"","header-below-stick-meta":"","astra-migrate-meta-layouts":"set","ast-page-background-enabled":"default","ast-page-background-meta":{"desktop":{"background-color":"var(--ast-global-color-4)","background-image":"","background-repeat":"repeat","background-position":"center center","background-size":"auto","background-attachment":"scroll","background-type":"","background-media":"","overlay-type":"","overlay-color":"","overlay-opacity":"","overlay-gradient":""},"tablet":{"background-color":"","background-image":"","background-repeat":"repeat","background-position":"center center","background-size":"auto","background-attachment":"scroll","background-type":"","background-media":"","overlay-type":"","overlay-color":"","overlay-opacity":"","overlay-gradient":""},"mobile":{"background-color":"","background-image":"","background-repeat":"repeat","background-position":"center center","background-size":"auto","background-attachment":"scroll","background-type":"","background-media":"","overlay-type":"","overlay-color":"","overlay-opacity":"","overlay-gradient":""}},"ast-content-background-meta":{"desktop":{"background-color":"var(--ast-global-color-5)","background-image":"","background-repeat":"repeat","background-position":"center center","background-size":"auto","background-attachment":"scroll","background-type":"","background-media":"","overlay-type":"","overlay-color":"","overlay-opacity":"","overlay-gradient":""},"tablet":{"background-color":"var(--ast-global-color-5)","background-image":"","background-repeat":"repeat","background-position":"center center","background-size":"auto","background-attachment":"scroll","background-type":"","background-media":"","overlay-type":"","overlay-color":"","overlay-opacity":"","overlay-gradient":""},"mobile":{"background-color":"var(--ast-global-color-5)","background-image":"","background-repeat":"repeat","background-position":"center center","background-size":"auto","background-attachment":"scroll","background-type":"","background-media":"","overlay-type":"","overlay-color":"","overlay-opacity":"","overlay-gradient":""}},"footnotes":""},"class_list":["post-6673","page","type-page","status-publish","hentry"],"post_mailing_queue_ids":[],"_links":{"self":[{"href":"https:\/\/agora.xtec.cat\/ceip-ferra\/wp-json\/wp\/v2\/pages\/6673","targetHints":{"allow":["GET"]}}],"collection":[{"href":"https:\/\/agora.xtec.cat\/ceip-ferra\/wp-json\/wp\/v2\/pages"}],"about":[{"href":"https:\/\/agora.xtec.cat\/ceip-ferra\/wp-json\/wp\/v2\/types\/page"}],"author":[{"embeddable":true,"href":"https:\/\/agora.xtec.cat\/ceip-ferra\/wp-json\/wp\/v2\/users\/3"}],"replies":[{"embeddable":true,"href":"https:\/\/agora.xtec.cat\/ceip-ferra\/wp-json\/wp\/v2\/comments?post=6673"}],"version-history":[{"count":4,"href":"https:\/\/agora.xtec.cat\/ceip-ferra\/wp-json\/wp\/v2\/pages\/6673\/revisions"}],"predecessor-version":[{"id":9801,"href":"https:\/\/agora.xtec.cat\/ceip-ferra\/wp-json\/wp\/v2\/pages\/6673\/revisions\/9801"}],"wp:attachment":[{"href":"https:\/\/agora.xtec.cat\/ceip-ferra\/wp-json\/wp\/v2\/media?parent=6673"}],"curies":[{"name":"wp","href":"https:\/\/api.w.org\/{rel}","templated":true}]}}