{"id":3519,"date":"2019-10-09T16:23:37","date_gmt":"2019-10-09T14:23:37","guid":{"rendered":"http:\/\/agora.xtec.cat\/ceip-ferra\/?page_id=3519"},"modified":"2026-04-16T11:54:18","modified_gmt":"2026-04-16T09:54:18","slug":"pressupost-i-aportacions","status":"publish","type":"page","link":"https:\/\/agora.xtec.cat\/ceip-ferra\/families\/pressupost-i-aportacions\/","title":{"rendered":"Quotes de material i sortides"},"content":{"rendered":"<p>Les fam\u00edlies fan unes aportacions en concepte de material i de sortides que es detallen a continuaci\u00f3:<\/p>\n<table style=\"width: 100%;\" width=\"100%\">\n<tbody>\n<tr>\n<td style=\"width: 8%;\" width=\"8%\"><strong>Curs<\/strong><\/td>\n<td style=\"width: 13%;\" width=\"13%\"><strong>Material<\/strong><\/td>\n<td style=\"width: 12%;\" width=\"12%\"><strong>Sortides<\/strong><\/td>\n<td style=\"width: 16%;\" width=\"16%\"><strong>PAGAMENT TOTAL<\/strong><\/td>\n<td style=\"width: 16%;\" width=\"16%\"><strong>PAGAMENT \u00daNIC<\/strong><\/td>\n<td style=\"width: 16%;\" width=\"16%\"><strong>PAGAMENT SETEMBRE<\/strong><\/td>\n<td style=\"width: 16%;\" width=\"16%\"><strong>PAGAMENT GENER<\/strong><\/td>\n<\/tr>\n<tr>\n<td style=\"width: 8%;\" width=\"8%\">I3<\/td>\n<td style=\"width: 13%;\" width=\"13%\">108,00\u20ac<\/td>\n<td style=\"width: 12%;\" width=\"12%\">67,00\u20ac<\/td>\n<td style=\"width: 16%;\" width=\"16%\">175,00\u20ac<\/td>\n<td style=\"width: 16%;\" width=\"16%\">175,00\u20ac<\/td>\n<td style=\"width: 16%;\" width=\"16%\">87,50\u20ac<\/td>\n<td style=\"width: 16%;\" width=\"16%\">87,50\u20ac<\/td>\n<\/tr>\n<tr>\n<td style=\"width: 8%;\" width=\"8%\">14<\/td>\n<td style=\"width: 13%;\" width=\"13%\">108,00\u20ac<\/td>\n<td style=\"width: 12%;\" width=\"12%\">67,00\u20ac<\/td>\n<td style=\"width: 16%;\" width=\"16%\">175,00\u20ac<\/td>\n<td style=\"width: 16%;\" width=\"16%\">175,00\u20ac<\/td>\n<td style=\"width: 16%;\" width=\"16%\">87,50\u20ac<\/td>\n<td style=\"width: 16%;\" width=\"16%\">87,50\u20ac<\/td>\n<\/tr>\n<tr>\n<td style=\"width: 8%;\" width=\"8%\">I5<\/td>\n<td style=\"width: 13%;\" width=\"13%\">108,00\u20ac<\/td>\n<td style=\"width: 12%;\" width=\"12%\">42,00\u20ac<\/td>\n<td style=\"width: 16%;\" width=\"16%\">150,00\u20ac<\/td>\n<td style=\"width: 16%;\" width=\"16%\">150,00\u20ac<\/td>\n<td style=\"width: 16%;\" width=\"16%\">75,00\u20ac<\/td>\n<td style=\"width: 16%;\" width=\"16%\">75,00\u20ac<\/td>\n<\/tr>\n<tr>\n<td style=\"width: 8%;\" width=\"8%\">1r<\/td>\n<td style=\"width: 13%;\" width=\"13%\">92,00\u20ac<\/td>\n<td style=\"width: 12%;\" width=\"12%\">67,00\u20ac<\/td>\n<td style=\"width: 16%;\" width=\"16%\">159,00\u20ac<\/td>\n<td style=\"width: 16%;\" width=\"16%\">159,00\u20ac<\/td>\n<td style=\"width: 16%;\" width=\"16%\">79,50\u20ac<\/td>\n<td style=\"width: 16%;\" width=\"16%\">79,50\u20ac<\/td>\n<\/tr>\n<tr>\n<td style=\"width: 8%;\" width=\"8%\">2n<\/td>\n<td style=\"width: 13%;\" width=\"13%\">92,00\u20ac<\/td>\n<td style=\"width: 12%;\" width=\"12%\">42,00\u20ac<\/td>\n<td style=\"width: 16%;\" width=\"16%\">134,00\u20ac<\/td>\n<td style=\"width: 16%;\" width=\"16%\">134,00\u20ac<\/td>\n<td style=\"width: 16%;\" width=\"16%\">67,00\u20ac<\/td>\n<td style=\"width: 16%;\" width=\"16%\">67,00\u20ac<\/td>\n<\/tr>\n<tr>\n<td style=\"width: 8%;\" width=\"8%\">3r<\/td>\n<td style=\"width: 13%;\" width=\"13%\">77,00\u20ac<\/td>\n<td style=\"width: 12%;\" width=\"12%\">67,00\u20ac<\/td>\n<td style=\"width: 16%;\" width=\"16%\">144,00\u20ac<\/td>\n<td style=\"width: 16%;\" width=\"16%\">144,00\u20ac<\/td>\n<td style=\"width: 16%;\" width=\"16%\">72,00\u20ac<\/td>\n<td style=\"width: 16%;\" width=\"16%\">72,00\u20ac<\/td>\n<\/tr>\n<tr>\n<td style=\"width: 8%;\" width=\"8%\">4t<\/td>\n<td style=\"width: 13%;\" width=\"13%\">77,00\u20ac<\/td>\n<td style=\"width: 12%;\" width=\"12%\">42,00\u20ac<\/td>\n<td style=\"width: 16%;\" width=\"16%\">119,00\u20ac<\/td>\n<td style=\"width: 16%;\" width=\"16%\">119,00\u20ac<\/td>\n<td style=\"width: 16%;\" width=\"16%\">59,50\u20ac<\/td>\n<td style=\"width: 16%;\" width=\"16%\">59,50\u20ac<\/td>\n<\/tr>\n<tr>\n<td style=\"width: 8%;\" width=\"8%\">5\u00e8<\/td>\n<td style=\"width: 13%;\" width=\"13%\">77,00\u20ac<\/td>\n<td style=\"width: 12%;\" width=\"12%\">52,00\u20ac<\/td>\n<td style=\"width: 16%;\" width=\"16%\">129,00\u20ac<\/td>\n<td style=\"width: 16%;\" width=\"16%\">129,00\u20ac<\/td>\n<td style=\"width: 16%;\" width=\"16%\">64,50\u20ac<\/td>\n<td style=\"width: 16%;\" width=\"16%\">64,50\u20ac<\/td>\n<\/tr>\n<tr>\n<td style=\"width: 8%;\" width=\"8%\">6\u00e8<\/td>\n<td style=\"width: 13%;\" width=\"13%\">77,00\u20ac<\/td>\n<td style=\"width: 12%;\" width=\"12%\">42,00\u20ac<\/td>\n<td style=\"width: 16%;\" width=\"16%\">119,00\u20ac<\/td>\n<td style=\"width: 16%;\" width=\"16%\">119,00\u20ac<\/td>\n<td style=\"width: 16%;\" width=\"16%\">59,50\u20ac<\/td>\n<td style=\"width: 16%;\" width=\"16%\">59,50\u20ac<\/td>\n<\/tr>\n<\/tbody>\n<\/table>\n<p style=\"text-align: right;\">\n","protected":false},"excerpt":{"rendered":"<p>Les fam\u00edlies fan unes aportacions en concepte de material i de sortides que es detallen a continuaci\u00f3: Curs Material Sortides PAGAMENT TOTAL PAGAMENT \u00daNIC PAGAMENT SETEMBRE PAGAMENT GENER I3 108,00\u20ac 67,00\u20ac 175,00\u20ac 175,00\u20ac 87,50\u20ac 87,50\u20ac 14 108,00\u20ac 67,00\u20ac 175,00\u20ac 175,00\u20ac 87,50\u20ac 87,50\u20ac I5 108,00\u20ac 42,00\u20ac 150,00\u20ac 150,00\u20ac 75,00\u20ac 75,00\u20ac 1r 92,00\u20ac 67,00\u20ac 159,00\u20ac 159,00\u20ac 79,50\u20ac [&hellip;]<\/p>\n","protected":false},"author":3,"featured_media":0,"parent":64,"menu_order":0,"comment_status":"closed","ping_status":"closed","template":"","meta":{"_bbp_topic_count":0,"_bbp_reply_count":0,"_bbp_total_topic_count":0,"_bbp_total_reply_count":0,"_bbp_voice_count":0,"_bbp_anonymous_reply_count":0,"_bbp_topic_count_hidden":0,"_bbp_reply_count_hidden":0,"_bbp_forum_subforum_count":0,"site-sidebar-layout":"default","site-content-layout":"","ast-site-content-layout":"default","site-content-style":"default","site-sidebar-style":"default","ast-global-header-display":"","ast-banner-title-visibility":"","ast-main-header-display":"","ast-hfb-above-header-display":"","ast-hfb-below-header-display":"","ast-hfb-mobile-header-display":"","site-post-title":"","ast-breadcrumbs-content":"","ast-featured-img":"","footer-sml-layout":"","theme-transparent-header-meta":"default","adv-header-id-meta":"","stick-header-meta":"","header-above-stick-meta":"","header-main-stick-meta":"","header-below-stick-meta":"","astra-migrate-meta-layouts":"set","ast-page-background-enabled":"default","ast-page-background-meta":{"desktop":{"background-color":"var(--ast-global-color-4)","background-image":"","background-repeat":"repeat","background-position":"center center","background-size":"auto","background-attachment":"scroll","background-type":"","background-media":"","overlay-type":"","overlay-color":"","overlay-opacity":"","overlay-gradient":""},"tablet":{"background-color":"","background-image":"","background-repeat":"repeat","background-position":"center center","background-size":"auto","background-attachment":"scroll","background-type":"","background-media":"","overlay-type":"","overlay-color":"","overlay-opacity":"","overlay-gradient":""},"mobile":{"background-color":"","background-image":"","background-repeat":"repeat","background-position":"center center","background-size":"auto","background-attachment":"scroll","background-type":"","background-media":"","overlay-type":"","overlay-color":"","overlay-opacity":"","overlay-gradient":""}},"ast-content-background-meta":{"desktop":{"background-color":"var(--ast-global-color-5)","background-image":"","background-repeat":"repeat","background-position":"center center","background-size":"auto","background-attachment":"scroll","background-type":"","background-media":"","overlay-type":"","overlay-color":"","overlay-opacity":"","overlay-gradient":""},"tablet":{"background-color":"var(--ast-global-color-5)","background-image":"","background-repeat":"repeat","background-position":"center center","background-size":"auto","background-attachment":"scroll","background-type":"","background-media":"","overlay-type":"","overlay-color":"","overlay-opacity":"","overlay-gradient":""},"mobile":{"background-color":"var(--ast-global-color-5)","background-image":"","background-repeat":"repeat","background-position":"center center","background-size":"auto","background-attachment":"scroll","background-type":"","background-media":"","overlay-type":"","overlay-color":"","overlay-opacity":"","overlay-gradient":""}},"footnotes":""},"class_list":["post-3519","page","type-page","status-publish","hentry"],"post_mailing_queue_ids":[],"_links":{"self":[{"href":"https:\/\/agora.xtec.cat\/ceip-ferra\/wp-json\/wp\/v2\/pages\/3519","targetHints":{"allow":["GET"]}}],"collection":[{"href":"https:\/\/agora.xtec.cat\/ceip-ferra\/wp-json\/wp\/v2\/pages"}],"about":[{"href":"https:\/\/agora.xtec.cat\/ceip-ferra\/wp-json\/wp\/v2\/types\/page"}],"author":[{"embeddable":true,"href":"https:\/\/agora.xtec.cat\/ceip-ferra\/wp-json\/wp\/v2\/users\/3"}],"replies":[{"embeddable":true,"href":"https:\/\/agora.xtec.cat\/ceip-ferra\/wp-json\/wp\/v2\/comments?post=3519"}],"version-history":[{"count":5,"href":"https:\/\/agora.xtec.cat\/ceip-ferra\/wp-json\/wp\/v2\/pages\/3519\/revisions"}],"predecessor-version":[{"id":10097,"href":"https:\/\/agora.xtec.cat\/ceip-ferra\/wp-json\/wp\/v2\/pages\/3519\/revisions\/10097"}],"up":[{"embeddable":true,"href":"https:\/\/agora.xtec.cat\/ceip-ferra\/wp-json\/wp\/v2\/pages\/64"}],"wp:attachment":[{"href":"https:\/\/agora.xtec.cat\/ceip-ferra\/wp-json\/wp\/v2\/media?parent=3519"}],"curies":[{"name":"wp","href":"https:\/\/api.w.org\/{rel}","templated":true}]}}