{"id":30,"date":"2014-09-18T12:30:23","date_gmt":"2014-09-18T11:30:23","guid":{"rendered":"http:\/\/agora.xtec.cat\/ceip-ferra\/?page_id=30"},"modified":"2017-11-03T15:12:10","modified_gmt":"2017-11-03T14:12:10","slug":"instal%c2%b7lacions","status":"publish","type":"page","link":"https:\/\/agora.xtec.cat\/ceip-ferra\/lescola\/instal%c2%b7lacions\/","title":{"rendered":"Instal\u00b7lacions"},"content":{"rendered":"<header id=\"header\">\n<div id=\"stuck_container\" class=\"isStuck\">\n<p class=\"mar_t_4 s6\"><a class=\"\" href=\"http:\/\/www.xtec.cat\/ceip-ferra\/Escola.html#\"><img decoding=\"async\" src=\"http:\/\/www.xtec.cat\/ceip-ferra\/BallIcons\/light gradient\/100x100\/candy.png\" alt=\"\" width=\"50\" \/>\u00a0 Educaci\u00f3 Infantil<\/a><\/p>\n<p class=\"mar_t_4 s6\">Un edifici amb 6 aules.<br \/>\nDos patis independents.<br \/>\nUna aula de psicomotricitat.<br \/>\nUna aula de refor\u00e7 de pl\u00e0stica.<br \/>\nUna tutoria per a fer reunions.<\/p>\n<p class=\"mar_t_4 s7\"><a class=\"\" href=\"http:\/\/www.xtec.cat\/ceip-ferra\/Escola.html#\"> <img decoding=\"async\" src=\"http:\/\/www.xtec.cat\/ceip-ferra\/BallIcons\/light gradient\/100x100\/blueprints.png\" alt=\"\" width=\"50\" \/>\u00a0 Educaci\u00f3 Prim\u00e0ria<\/a><\/p>\n<p class=\"mar_t_4 s7\">El centre compta amb un total de 13 aules.<br \/>\nUna aula d&#8217;inform\u00e0tica amb 15 ordinadors.<br \/>\nTres carros d&#8217;ordinador per a treballar a les aules ordin\u00e0ries.<br \/>\nDues aules d&#8217;educaci\u00f3 especial.<br \/>\nUna aula de m\u00fasica.<br \/>\nTres despatxos de tutories.<br \/>\nUna aula de refor\u00e7.<br \/>\nUna aula de religi\u00f3.<br \/>\nDues aules d&#8217;idiomes.<br \/>\nUna biblioteca.<br \/>\nUn gimn\u00e0s.<br \/>\nUn laboratori.<\/p>\n<p class=\"mar_t_4 s8\"><a class=\"\" href=\"http:\/\/www.xtec.cat\/ceip-ferra\/Escola.html#\"> <img decoding=\"async\" src=\"http:\/\/www.xtec.cat\/ceip-ferra\/BallIcons\/light gradient\/100x100\/run.png\" alt=\"\" width=\"50\" \/>\u00a0 El pati<\/a><\/p>\n<p class=\"mar_t_4 s8\">Un pati amb dues pistes esportives reglament\u00e0ries.<br \/>\nUn petit camp de futbol.<br \/>\nUn bosc mediterrani, un hort escolar i una bassa on poder estudiar el medi.<br \/>\nUnes estructures d&#8217;educaci\u00f3 f\u00edsica i de lleure.<\/p>\n<p class=\"mar_t_4 s9\"><a class=\"\" href=\"http:\/\/www.xtec.cat\/ceip-ferra\/Escola.html#\"> <img decoding=\"async\" src=\"http:\/\/www.xtec.cat\/ceip-ferra\/BallIcons\/light gradient\/100x100\/archive2.png\" alt=\"\" width=\"50\" \/>\u00a0 Administraci\u00f3 i serveis<\/a><\/p>\n<p class=\"mar_t_4 s9\">Despatxos de direcci\u00f3, cap d&#8217;estudis i secretaria.<br \/>\nConsergeria.<br \/>\nUn menjador amb capacitat per uns 180 alumnes en un sol torn.<br \/>\nUna cuina completament equipada i amb cuinera pr\u00f2pia.<br \/>\nDespatx de l&#8217;AMPA independent.<\/p>\n<\/div>\n<\/header>\n<section id=\"content\" class=\"page6\"><\/section>\n","protected":false},"excerpt":{"rendered":"<p>\u00a0 Educaci\u00f3 Infantil Un edifici amb 6 aules. Dos patis independents. Una aula de psicomotricitat. Una aula de refor\u00e7 de pl\u00e0stica. Una tutoria per a fer reunions. \u00a0 Educaci\u00f3 Prim\u00e0ria El centre compta amb un total de 13 aules. Una aula d&#8217;inform\u00e0tica amb 15 ordinadors. Tres carros d&#8217;ordinador per a treballar a les aules ordin\u00e0ries. [&hellip;]<\/p>\n","protected":false},"author":1,"featured_media":0,"parent":22,"menu_order":40,"comment_status":"closed","ping_status":"closed","template":"page-templates\/side-menu.php","meta":{"_bbp_topic_count":0,"_bbp_reply_count":0,"_bbp_total_topic_count":0,"_bbp_total_reply_count":0,"_bbp_voice_count":0,"_bbp_anonymous_reply_count":0,"_bbp_topic_count_hidden":0,"_bbp_reply_count_hidden":0,"_bbp_forum_subforum_count":0,"site-sidebar-layout":"default","site-content-layout":"","ast-site-content-layout":"","site-content-style":"default","site-sidebar-style":"default","ast-global-header-display":"","ast-banner-title-visibility":"","ast-main-header-display":"","ast-hfb-above-header-display":"","ast-hfb-below-header-display":"","ast-hfb-mobile-header-display":"","site-post-title":"","ast-breadcrumbs-content":"","ast-featured-img":"","footer-sml-layout":"","theme-transparent-header-meta":"","adv-header-id-meta":"","stick-header-meta":"","header-above-stick-meta":"","header-main-stick-meta":"","header-below-stick-meta":"","astra-migrate-meta-layouts":"default","ast-page-background-enabled":"default","ast-page-background-meta":{"desktop":{"background-color":"var(--ast-global-color-4)","background-image":"","background-repeat":"repeat","background-position":"center center","background-size":"auto","background-attachment":"scroll","background-type":"","background-media":"","overlay-type":"","overlay-color":"","overlay-opacity":"","overlay-gradient":""},"tablet":{"background-color":"","background-image":"","background-repeat":"repeat","background-position":"center center","background-size":"auto","background-attachment":"scroll","background-type":"","background-media":"","overlay-type":"","overlay-color":"","overlay-opacity":"","overlay-gradient":""},"mobile":{"background-color":"","background-image":"","background-repeat":"repeat","background-position":"center center","background-size":"auto","background-attachment":"scroll","background-type":"","background-media":"","overlay-type":"","overlay-color":"","overlay-opacity":"","overlay-gradient":""}},"ast-content-background-meta":{"desktop":{"background-color":"var(--ast-global-color-5)","background-image":"","background-repeat":"repeat","background-position":"center center","background-size":"auto","background-attachment":"scroll","background-type":"","background-media":"","overlay-type":"","overlay-color":"","overlay-opacity":"","overlay-gradient":""},"tablet":{"background-color":"var(--ast-global-color-5)","background-image":"","background-repeat":"repeat","background-position":"center center","background-size":"auto","background-attachment":"scroll","background-type":"","background-media":"","overlay-type":"","overlay-color":"","overlay-opacity":"","overlay-gradient":""},"mobile":{"background-color":"var(--ast-global-color-5)","background-image":"","background-repeat":"repeat","background-position":"center center","background-size":"auto","background-attachment":"scroll","background-type":"","background-media":"","overlay-type":"","overlay-color":"","overlay-opacity":"","overlay-gradient":""}},"footnotes":""},"class_list":["post-30","page","type-page","status-publish","hentry"],"post_mailing_queue_ids":[],"_links":{"self":[{"href":"https:\/\/agora.xtec.cat\/ceip-ferra\/wp-json\/wp\/v2\/pages\/30","targetHints":{"allow":["GET"]}}],"collection":[{"href":"https:\/\/agora.xtec.cat\/ceip-ferra\/wp-json\/wp\/v2\/pages"}],"about":[{"href":"https:\/\/agora.xtec.cat\/ceip-ferra\/wp-json\/wp\/v2\/types\/page"}],"author":[{"embeddable":true,"href":"https:\/\/agora.xtec.cat\/ceip-ferra\/wp-json\/wp\/v2\/users\/1"}],"replies":[{"embeddable":true,"href":"https:\/\/agora.xtec.cat\/ceip-ferra\/wp-json\/wp\/v2\/comments?post=30"}],"version-history":[{"count":3,"href":"https:\/\/agora.xtec.cat\/ceip-ferra\/wp-json\/wp\/v2\/pages\/30\/revisions"}],"predecessor-version":[{"id":306,"href":"https:\/\/agora.xtec.cat\/ceip-ferra\/wp-json\/wp\/v2\/pages\/30\/revisions\/306"}],"up":[{"embeddable":true,"href":"https:\/\/agora.xtec.cat\/ceip-ferra\/wp-json\/wp\/v2\/pages\/22"}],"wp:attachment":[{"href":"https:\/\/agora.xtec.cat\/ceip-ferra\/wp-json\/wp\/v2\/media?parent=30"}],"curies":[{"name":"wp","href":"https:\/\/api.w.org\/{rel}","templated":true}]}}