{"id":273,"date":"2017-11-03T11:18:48","date_gmt":"2017-11-03T10:18:48","guid":{"rendered":"http:\/\/agora.xtec.cat\/ceip-ferra\/?page_id=273"},"modified":"2025-10-06T15:17:24","modified_gmt":"2025-10-06T13:17:24","slug":"plans-de-treball-a-cicle-mitja","status":"publish","type":"page","link":"https:\/\/agora.xtec.cat\/ceip-ferra\/projectes-educatius\/plans-de-treball-a-cicle-mitja\/","title":{"rendered":"Racons a Cicle Mitj\u00e0"},"content":{"rendered":"<h4><strong>Els racons<\/strong><\/h4>\n<p><em>\u201cA tothom li agrada triar la pr\u00f2pia feina, malgrat que la tria no sigui avantatjosa\u201c<strong>\u00a0 <\/strong>(Invariant n\u00fam 7 de Freinet)<\/em><\/p>\n<h6><strong>Per qu\u00e8 treballem per racons?<\/strong><\/h6>\n<ul style=\"list-style-type: square;\">\n<li>\u00c9s una estrat\u00e8gia organitzativa que permet donar resposta a la diversitat d&#8217;interessos, de capacitats i de ritmes d&#8217;aprenentatge de cada nen\/a.<\/li>\n<li>\u00c9s una manera d&#8217;aprofitar la seva capacitat l\u00fadica per abordar els diferents aprenentatges, \u00a0ja que s\u2019inclouen materials que acostumen a ser engrescadors i el motiven a treballar.<\/li>\n<li>Permet una certa flexibilitat en el treball dels nens\/es, a partir de les propostes d&#8217;activitats.<\/li>\n<li>Afavoreix l&#8217;autonomia dels alumnes: els nens i nenes aprenen a organitzar-se, a planificar-se la feina, a saber qu\u00e8 volen fer. Tamb\u00e9 els ajuda a ser responsables amb el material i el treball, exigint i creant alhora la necessitat d&#8217;un ordre.<\/li>\n<li>D\u00f3na als nens\/es l&#8217;oportunitat d&#8217;utilitzar materials diferents de caire manipulatiu dels que es fan servir col\u00b7lectivament. Aix\u00ed mateix \u00e9s una manera econ\u00f2mica de tenir i utilitzar m\u00e9s materials diversos.<\/li>\n<li>L&#8217; infant participa activament en la construcci\u00f3 del seu aprenentatge i la mestra i els propis companys el poden ajudar individualment en el seu progr\u00e9s.<\/li>\n<li>Facilita el seguiment individual per part de la mestra dels progressos i dificultats dels infants.<\/li>\n<\/ul>\n<h6><strong>Com organitzem els racons?<\/strong><\/h6>\n<p>Hem organitzat els racons tenint en compte els objectius i continguts que volem treballar.<\/p>\n<ul style=\"list-style-type: square;\">\n<li>Cada rac\u00f3 t\u00e9 un espai fix o establert.<\/li>\n<li>Disposem de 6 o 7 llocs m\u00e9s que el nombre d\u2019alumnes.<\/li>\n<li>Abans de comen\u00e7ar aquesta metodologia, cal explicar el seu funcionament, nombre d\u2019alumnes per rac\u00f3, activitats que es fan, temps que si pot romandre, materials que es necessiten, planificaci\u00f3 de les tasques no acabades, avaluaci\u00f3 de la feina, etc..<\/li>\n<li>El disseny de les activitats que oferim a cada rac\u00f3 t\u00e9 diferents graus de dificultat (refor\u00e7 i ampliaci\u00f3), basats en l\u2019avaluaci\u00f3 inicial dels alumnes i les estrat\u00e8gies que volem ensenyar i practicar.<\/li>\n<li>A cada sessi\u00f3, fem una valoraci\u00f3 de la din\u00e0mica de treball i del grau de satisfacci\u00f3 dels alumnes.<\/li>\n<li>A la finalitzaci\u00f3 dels\u00a0 Plans de treball, fem una avaluaci\u00f3 i una autoavaluaci\u00f3 \u00a0per regular els objectius i les propostes d\u2019activitats i, a la vegada, saber si els alumnes assoleixen els objectius plantejats.<\/li>\n<\/ul>\n<p><a href=\"http:\/\/agora.xtec.cat\/ceip-ferra\/wp-content\/uploads\/usu925\/2018\/09\/Cambiar-tama\u00f1oIMG_20171129_094049.jpg\"><img loading=\"lazy\" decoding=\"async\" class=\"alignnone wp-image-1924\" src=\"http:\/\/agora.xtec.cat\/ceip-ferra\/wp-content\/uploads\/usu925\/2018\/09\/Cambiar-tama\u00f1oIMG_20171129_094049-1024x759.jpg\" alt=\"\" width=\"545\" height=\"404\" srcset=\"https:\/\/agora.xtec.cat\/ceip-ferra\/wp-content\/uploads\/usu925\/2018\/09\/Cambiar-tama\u00f1oIMG_20171129_094049-1024x759.jpg 1024w, https:\/\/agora.xtec.cat\/ceip-ferra\/wp-content\/uploads\/usu925\/2018\/09\/Cambiar-tama\u00f1oIMG_20171129_094049-300x222.jpg 300w, https:\/\/agora.xtec.cat\/ceip-ferra\/wp-content\/uploads\/usu925\/2018\/09\/Cambiar-tama\u00f1oIMG_20171129_094049-768x569.jpg 768w, https:\/\/agora.xtec.cat\/ceip-ferra\/wp-content\/uploads\/usu925\/2018\/09\/Cambiar-tama\u00f1oIMG_20171129_094049.jpg 1473w\" sizes=\"auto, (max-width: 545px) 100vw, 545px\" \/><\/a> <a href=\"http:\/\/agora.xtec.cat\/ceip-ferra\/wp-content\/uploads\/usu925\/2018\/09\/Cambiar-tama\u00f1oIMG_20171129_094112.jpg\"><img loading=\"lazy\" decoding=\"async\" class=\"alignnone wp-image-1925\" src=\"http:\/\/agora.xtec.cat\/ceip-ferra\/wp-content\/uploads\/usu925\/2018\/09\/Cambiar-tama\u00f1oIMG_20171129_094112-1024x759.jpg\" alt=\"\" width=\"544\" height=\"403\" srcset=\"https:\/\/agora.xtec.cat\/ceip-ferra\/wp-content\/uploads\/usu925\/2018\/09\/Cambiar-tama\u00f1oIMG_20171129_094112-1024x759.jpg 1024w, https:\/\/agora.xtec.cat\/ceip-ferra\/wp-content\/uploads\/usu925\/2018\/09\/Cambiar-tama\u00f1oIMG_20171129_094112-300x222.jpg 300w, https:\/\/agora.xtec.cat\/ceip-ferra\/wp-content\/uploads\/usu925\/2018\/09\/Cambiar-tama\u00f1oIMG_20171129_094112-768x569.jpg 768w, https:\/\/agora.xtec.cat\/ceip-ferra\/wp-content\/uploads\/usu925\/2018\/09\/Cambiar-tama\u00f1oIMG_20171129_094112.jpg 1473w\" sizes=\"auto, (max-width: 544px) 100vw, 544px\" \/><\/a> <a href=\"http:\/\/agora.xtec.cat\/ceip-ferra\/wp-content\/uploads\/usu925\/2018\/09\/IMG_20171129_094035.jpg\"><img loading=\"lazy\" decoding=\"async\" class=\"alignnone wp-image-1926\" src=\"http:\/\/agora.xtec.cat\/ceip-ferra\/wp-content\/uploads\/usu925\/2018\/09\/IMG_20171129_094035-1024x759.jpg\" alt=\"\" width=\"544\" height=\"403\" srcset=\"https:\/\/agora.xtec.cat\/ceip-ferra\/wp-content\/uploads\/usu925\/2018\/09\/IMG_20171129_094035-1024x759.jpg 1024w, https:\/\/agora.xtec.cat\/ceip-ferra\/wp-content\/uploads\/usu925\/2018\/09\/IMG_20171129_094035-300x222.jpg 300w, https:\/\/agora.xtec.cat\/ceip-ferra\/wp-content\/uploads\/usu925\/2018\/09\/IMG_20171129_094035-768x569.jpg 768w, https:\/\/agora.xtec.cat\/ceip-ferra\/wp-content\/uploads\/usu925\/2018\/09\/IMG_20171129_094035.jpg 1473w\" sizes=\"auto, (max-width: 544px) 100vw, 544px\" \/><\/a><\/p>\n","protected":false},"excerpt":{"rendered":"<p>Els racons \u201cA tothom li agrada triar la pr\u00f2pia feina, malgrat que la tria no sigui avantatjosa\u201c\u00a0 (Invariant n\u00fam 7 de Freinet) Per qu\u00e8 treballem per racons? \u00c9s una estrat\u00e8gia organitzativa que permet donar resposta a la diversitat d&#8217;interessos, de capacitats i de ritmes d&#8217;aprenentatge de cada nen\/a. \u00c9s una manera d&#8217;aprofitar la seva capacitat [&hellip;]<\/p>\n","protected":false},"author":1,"featured_media":0,"parent":257,"menu_order":0,"comment_status":"closed","ping_status":"closed","template":"","meta":{"_bbp_topic_count":0,"_bbp_reply_count":0,"_bbp_total_topic_count":0,"_bbp_total_reply_count":0,"_bbp_voice_count":0,"_bbp_anonymous_reply_count":0,"_bbp_topic_count_hidden":0,"_bbp_reply_count_hidden":0,"_bbp_forum_subforum_count":0,"site-sidebar-layout":"default","site-content-layout":"","ast-site-content-layout":"default","site-content-style":"default","site-sidebar-style":"default","ast-global-header-display":"","ast-banner-title-visibility":"","ast-main-header-display":"","ast-hfb-above-header-display":"","ast-hfb-below-header-display":"","ast-hfb-mobile-header-display":"","site-post-title":"","ast-breadcrumbs-content":"","ast-featured-img":"","footer-sml-layout":"","theme-transparent-header-meta":"default","adv-header-id-meta":"","stick-header-meta":"","header-above-stick-meta":"","header-main-stick-meta":"","header-below-stick-meta":"","astra-migrate-meta-layouts":"set","ast-page-background-enabled":"default","ast-page-background-meta":{"desktop":{"background-color":"var(--ast-global-color-4)","background-image":"","background-repeat":"repeat","background-position":"center center","background-size":"auto","background-attachment":"scroll","background-type":"","background-media":"","overlay-type":"","overlay-color":"","overlay-opacity":"","overlay-gradient":""},"tablet":{"background-color":"","background-image":"","background-repeat":"repeat","background-position":"center center","background-size":"auto","background-attachment":"scroll","background-type":"","background-media":"","overlay-type":"","overlay-color":"","overlay-opacity":"","overlay-gradient":""},"mobile":{"background-color":"","background-image":"","background-repeat":"repeat","background-position":"center center","background-size":"auto","background-attachment":"scroll","background-type":"","background-media":"","overlay-type":"","overlay-color":"","overlay-opacity":"","overlay-gradient":""}},"ast-content-background-meta":{"desktop":{"background-color":"var(--ast-global-color-5)","background-image":"","background-repeat":"repeat","background-position":"center center","background-size":"auto","background-attachment":"scroll","background-type":"","background-media":"","overlay-type":"","overlay-color":"","overlay-opacity":"","overlay-gradient":""},"tablet":{"background-color":"var(--ast-global-color-5)","background-image":"","background-repeat":"repeat","background-position":"center center","background-size":"auto","background-attachment":"scroll","background-type":"","background-media":"","overlay-type":"","overlay-color":"","overlay-opacity":"","overlay-gradient":""},"mobile":{"background-color":"var(--ast-global-color-5)","background-image":"","background-repeat":"repeat","background-position":"center center","background-size":"auto","background-attachment":"scroll","background-type":"","background-media":"","overlay-type":"","overlay-color":"","overlay-opacity":"","overlay-gradient":""}},"footnotes":""},"class_list":["post-273","page","type-page","status-publish","hentry"],"post_mailing_queue_ids":[],"_links":{"self":[{"href":"https:\/\/agora.xtec.cat\/ceip-ferra\/wp-json\/wp\/v2\/pages\/273","targetHints":{"allow":["GET"]}}],"collection":[{"href":"https:\/\/agora.xtec.cat\/ceip-ferra\/wp-json\/wp\/v2\/pages"}],"about":[{"href":"https:\/\/agora.xtec.cat\/ceip-ferra\/wp-json\/wp\/v2\/types\/page"}],"author":[{"embeddable":true,"href":"https:\/\/agora.xtec.cat\/ceip-ferra\/wp-json\/wp\/v2\/users\/1"}],"replies":[{"embeddable":true,"href":"https:\/\/agora.xtec.cat\/ceip-ferra\/wp-json\/wp\/v2\/comments?post=273"}],"version-history":[{"count":5,"href":"https:\/\/agora.xtec.cat\/ceip-ferra\/wp-json\/wp\/v2\/pages\/273\/revisions"}],"predecessor-version":[{"id":9871,"href":"https:\/\/agora.xtec.cat\/ceip-ferra\/wp-json\/wp\/v2\/pages\/273\/revisions\/9871"}],"up":[{"embeddable":true,"href":"https:\/\/agora.xtec.cat\/ceip-ferra\/wp-json\/wp\/v2\/pages\/257"}],"wp:attachment":[{"href":"https:\/\/agora.xtec.cat\/ceip-ferra\/wp-json\/wp\/v2\/media?parent=273"}],"curies":[{"name":"wp","href":"https:\/\/api.w.org\/{rel}","templated":true}]}}