{"id":267,"date":"2017-11-03T11:17:42","date_gmt":"2017-11-03T10:17:42","guid":{"rendered":"http:\/\/agora.xtec.cat\/ceip-ferra\/?page_id=267"},"modified":"2017-11-30T16:24:29","modified_gmt":"2017-11-30T15:24:29","slug":"edicio-de-video","status":"publish","type":"page","link":"https:\/\/agora.xtec.cat\/ceip-ferra\/projectes-educatius\/edicio-de-video\/","title":{"rendered":"Edici\u00f3 de v\u00eddeo"},"content":{"rendered":"<p>Els objectius de l&#8217;edici\u00f3 de v\u00eddeo s\u00f3n:<\/p>\n<ul style=\"list-style-type: square;\">\n<li>Con\u00e8ixer els codis i les estructures narratives del llenguatge audiovisual.<\/li>\n<li>Aprendre a desenvolupar projectes audiovisuals: plantejaments, gui\u00f3, enregistraments, edici\u00f3, publicaci\u00f3.<\/li>\n<li>Utilitzar programes i aplicacions de creaci\u00f3 de dibuix i d\u2019edici\u00f3 d\u2019imatge fixa, so i imatge en moviment.<\/li>\n<li>Con\u00e8ixer diferents programes i aplicacions que els permetin crear i editar dibuixos, fotografies, arxius de so i v\u00eddeos de forma integrada en la realitzaci\u00f3 de tasques escolars.<\/li>\n<\/ul>\n<p>S\u00f3n pr\u00f2pies d\u2019aquesta compet\u00e8ncia les accions<\/p>\n<ul style=\"list-style-type: square;\">\n<li>Afegir text a fotografies, variar-ne la mida o el pes, afegir pistes a un arxiu de so o b\u00e9 tallar una part d\u2019un v\u00eddeo;<\/li>\n<li>Recon\u00e8ixer els tipus de format que es creen amb aquests arxius: JPG, GIF, SWF, MP3.<\/li>\n<li>Utilitzar la c\u00e0mera de fotografiar per realitzar un \u00e0lbum multim\u00e8dia que es penjar\u00e0 al web del centre.<\/li>\n<li>Crear un curtmetratge. Amb la utilitzaci\u00f3 d\u2019una c\u00e0mera de v\u00eddeo i a partir d\u2019un gui\u00f3 creat pr\u00e8viament, els alumnes enregistren, editen i emmagatzemen la seva producci\u00f3.<\/li>\n<li>Enregistrar i editar les festes escolars.<\/li>\n<\/ul>\n<p>&nbsp;<\/p>\n","protected":false},"excerpt":{"rendered":"<p>Els objectius de l&#8217;edici\u00f3 de v\u00eddeo s\u00f3n: Con\u00e8ixer els codis i les estructures narratives del llenguatge audiovisual. Aprendre a desenvolupar projectes audiovisuals: plantejaments, gui\u00f3, enregistraments, edici\u00f3, publicaci\u00f3. Utilitzar programes i aplicacions de creaci\u00f3 de dibuix i d\u2019edici\u00f3 d\u2019imatge fixa, so i imatge en moviment. Con\u00e8ixer diferents programes i aplicacions que els permetin crear i editar [&hellip;]<\/p>\n","protected":false},"author":1,"featured_media":0,"parent":257,"menu_order":0,"comment_status":"closed","ping_status":"closed","template":"page-templates\/side-menu.php","meta":{"_bbp_topic_count":0,"_bbp_reply_count":0,"_bbp_total_topic_count":0,"_bbp_total_reply_count":0,"_bbp_voice_count":0,"_bbp_anonymous_reply_count":0,"_bbp_topic_count_hidden":0,"_bbp_reply_count_hidden":0,"_bbp_forum_subforum_count":0,"site-sidebar-layout":"default","site-content-layout":"","ast-site-content-layout":"","site-content-style":"default","site-sidebar-style":"default","ast-global-header-display":"","ast-banner-title-visibility":"","ast-main-header-display":"","ast-hfb-above-header-display":"","ast-hfb-below-header-display":"","ast-hfb-mobile-header-display":"","site-post-title":"","ast-breadcrumbs-content":"","ast-featured-img":"","footer-sml-layout":"","theme-transparent-header-meta":"","adv-header-id-meta":"","stick-header-meta":"","header-above-stick-meta":"","header-main-stick-meta":"","header-below-stick-meta":"","astra-migrate-meta-layouts":"default","ast-page-background-enabled":"default","ast-page-background-meta":{"desktop":{"background-color":"var(--ast-global-color-4)","background-image":"","background-repeat":"repeat","background-position":"center center","background-size":"auto","background-attachment":"scroll","background-type":"","background-media":"","overlay-type":"","overlay-color":"","overlay-opacity":"","overlay-gradient":""},"tablet":{"background-color":"","background-image":"","background-repeat":"repeat","background-position":"center center","background-size":"auto","background-attachment":"scroll","background-type":"","background-media":"","overlay-type":"","overlay-color":"","overlay-opacity":"","overlay-gradient":""},"mobile":{"background-color":"","background-image":"","background-repeat":"repeat","background-position":"center center","background-size":"auto","background-attachment":"scroll","background-type":"","background-media":"","overlay-type":"","overlay-color":"","overlay-opacity":"","overlay-gradient":""}},"ast-content-background-meta":{"desktop":{"background-color":"var(--ast-global-color-5)","background-image":"","background-repeat":"repeat","background-position":"center center","background-size":"auto","background-attachment":"scroll","background-type":"","background-media":"","overlay-type":"","overlay-color":"","overlay-opacity":"","overlay-gradient":""},"tablet":{"background-color":"var(--ast-global-color-5)","background-image":"","background-repeat":"repeat","background-position":"center center","background-size":"auto","background-attachment":"scroll","background-type":"","background-media":"","overlay-type":"","overlay-color":"","overlay-opacity":"","overlay-gradient":""},"mobile":{"background-color":"var(--ast-global-color-5)","background-image":"","background-repeat":"repeat","background-position":"center center","background-size":"auto","background-attachment":"scroll","background-type":"","background-media":"","overlay-type":"","overlay-color":"","overlay-opacity":"","overlay-gradient":""}},"footnotes":""},"class_list":["post-267","page","type-page","status-publish","hentry"],"post_mailing_queue_ids":[],"_links":{"self":[{"href":"https:\/\/agora.xtec.cat\/ceip-ferra\/wp-json\/wp\/v2\/pages\/267","targetHints":{"allow":["GET"]}}],"collection":[{"href":"https:\/\/agora.xtec.cat\/ceip-ferra\/wp-json\/wp\/v2\/pages"}],"about":[{"href":"https:\/\/agora.xtec.cat\/ceip-ferra\/wp-json\/wp\/v2\/types\/page"}],"author":[{"embeddable":true,"href":"https:\/\/agora.xtec.cat\/ceip-ferra\/wp-json\/wp\/v2\/users\/1"}],"replies":[{"embeddable":true,"href":"https:\/\/agora.xtec.cat\/ceip-ferra\/wp-json\/wp\/v2\/comments?post=267"}],"version-history":[{"count":2,"href":"https:\/\/agora.xtec.cat\/ceip-ferra\/wp-json\/wp\/v2\/pages\/267\/revisions"}],"predecessor-version":[{"id":765,"href":"https:\/\/agora.xtec.cat\/ceip-ferra\/wp-json\/wp\/v2\/pages\/267\/revisions\/765"}],"up":[{"embeddable":true,"href":"https:\/\/agora.xtec.cat\/ceip-ferra\/wp-json\/wp\/v2\/pages\/257"}],"wp:attachment":[{"href":"https:\/\/agora.xtec.cat\/ceip-ferra\/wp-json\/wp\/v2\/media?parent=267"}],"curies":[{"name":"wp","href":"https:\/\/api.w.org\/{rel}","templated":true}]}}