{"id":263,"date":"2017-11-03T11:16:51","date_gmt":"2017-11-03T10:16:51","guid":{"rendered":"http:\/\/agora.xtec.cat\/ceip-ferra\/?page_id=263"},"modified":"2019-01-31T15:18:59","modified_gmt":"2019-01-31T14:18:59","slug":"pla-catala-de-lesport","status":"publish","type":"page","link":"https:\/\/agora.xtec.cat\/ceip-ferra\/projectes-educatius\/pla-catala-de-lesport\/","title":{"rendered":"Pla Catal\u00e0 de l&#8217;esport"},"content":{"rendered":"<p style=\"text-align: justify;\">El Pla Catal\u00e0 de l&#8217;Esport t\u00e9 com a objectiu principal posar a l&#8217;abast de tots els alumnes la pr\u00e0ctica d&#8217;activitats f\u00edsiques i esportives i aprofitar el gran potencial d&#8217;aquestes activitats per contribuir a la formaci\u00f3 personal i c\u00edvica dels nostres alumnes.<\/p>\n<p style=\"text-align: justify;\">L\u2019escola disposa d\u2019un Projecte Esportiu lligat al Projecte Educatiu de Centre i aprovat pel Consell Escolar del Centre.<\/p>\n<p style=\"text-align: justify;\">Tenim constitu\u00efda i inscrita al Registre d\u2019Entitats Esportives de la Generalitat de Catalunya una Secci\u00f3 Esportiva Escolar del AMPA (SEE).<\/p>\n<h6 style=\"text-align: justify;\">Qu\u00e8 volem aconseguir amb aquest pla?<\/h6>\n<ul>\n<li style=\"text-align: justify;\">Incrementar la participaci\u00f3 en activitats f\u00edsiques i esportives en horari no lectiu de l&#8217;alumnat, incidint especialment en el col\u00b7lectiu de noies.<\/li>\n<li style=\"text-align: justify;\">Aprofitar el gran potencial educatiu i formatiu de les activitats f\u00edsiques i esportives, cercant la participaci\u00f3 per damunt de la competitivitat.<\/li>\n<li style=\"text-align: justify;\">Potenciar la funci\u00f3 integradora i de cohesi\u00f3 social de l&#8217;esport escolar, facilitant l&#8217;acc\u00e9s de tots els nens i nenes a la pr\u00e0ctica esportiva escolar, i en especial dels nouvinguts.<\/li>\n<li style=\"text-align: justify;\">Contribuir mitjan\u00e7ant la pr\u00e0ctica esportiva a la formaci\u00f3 en valors com la toler\u00e0ncia, el respecte als altres i a les regles, la confian\u00e7a en un mateix, l&#8217;esfor\u00e7 de superaci\u00f3, l&#8217;autocr\u00edtica, l&#8217;autonomia, la capacitat de decisi\u00f3, l&#8217;autogesti\u00f3, la cooperaci\u00f3, el treball en equip, entre d&#8217;altres.<\/li>\n<li style=\"text-align: justify;\">Fomentar la pr\u00e0ctica regular d&#8217;activitats f\u00edsiques i esportives i l&#8217;adquisici\u00f3 d&#8217;h\u00e0bits saludables que contribueixin a un millor benestar.<\/li>\n<li style=\"text-align: justify;\">Formar joves en els valors ciutadans mitjan\u00e7ant la seva participaci\u00f3 activa en la gesti\u00f3 de les associacions esportives escolars de nova creaci\u00f3.<\/li>\n<\/ul>\n","protected":false},"excerpt":{"rendered":"<p>El Pla Catal\u00e0 de l&#8217;Esport t\u00e9 com a objectiu principal posar a l&#8217;abast de tots els alumnes la pr\u00e0ctica d&#8217;activitats f\u00edsiques i esportives i aprofitar el gran potencial d&#8217;aquestes activitats per contribuir a la formaci\u00f3 personal i c\u00edvica dels nostres alumnes. L\u2019escola disposa d\u2019un Projecte Esportiu lligat al Projecte Educatiu de Centre i aprovat pel [&hellip;]<\/p>\n","protected":false},"author":1,"featured_media":0,"parent":257,"menu_order":0,"comment_status":"closed","ping_status":"closed","template":"page-templates\/side-menu.php","meta":{"_bbp_topic_count":0,"_bbp_reply_count":0,"_bbp_total_topic_count":0,"_bbp_total_reply_count":0,"_bbp_voice_count":0,"_bbp_anonymous_reply_count":0,"_bbp_topic_count_hidden":0,"_bbp_reply_count_hidden":0,"_bbp_forum_subforum_count":0,"site-sidebar-layout":"default","site-content-layout":"","ast-site-content-layout":"","site-content-style":"default","site-sidebar-style":"default","ast-global-header-display":"","ast-banner-title-visibility":"","ast-main-header-display":"","ast-hfb-above-header-display":"","ast-hfb-below-header-display":"","ast-hfb-mobile-header-display":"","site-post-title":"","ast-breadcrumbs-content":"","ast-featured-img":"","footer-sml-layout":"","theme-transparent-header-meta":"","adv-header-id-meta":"","stick-header-meta":"","header-above-stick-meta":"","header-main-stick-meta":"","header-below-stick-meta":"","astra-migrate-meta-layouts":"default","ast-page-background-enabled":"default","ast-page-background-meta":{"desktop":{"background-color":"var(--ast-global-color-4)","background-image":"","background-repeat":"repeat","background-position":"center center","background-size":"auto","background-attachment":"scroll","background-type":"","background-media":"","overlay-type":"","overlay-color":"","overlay-opacity":"","overlay-gradient":""},"tablet":{"background-color":"","background-image":"","background-repeat":"repeat","background-position":"center center","background-size":"auto","background-attachment":"scroll","background-type":"","background-media":"","overlay-type":"","overlay-color":"","overlay-opacity":"","overlay-gradient":""},"mobile":{"background-color":"","background-image":"","background-repeat":"repeat","background-position":"center center","background-size":"auto","background-attachment":"scroll","background-type":"","background-media":"","overlay-type":"","overlay-color":"","overlay-opacity":"","overlay-gradient":""}},"ast-content-background-meta":{"desktop":{"background-color":"var(--ast-global-color-5)","background-image":"","background-repeat":"repeat","background-position":"center center","background-size":"auto","background-attachment":"scroll","background-type":"","background-media":"","overlay-type":"","overlay-color":"","overlay-opacity":"","overlay-gradient":""},"tablet":{"background-color":"var(--ast-global-color-5)","background-image":"","background-repeat":"repeat","background-position":"center center","background-size":"auto","background-attachment":"scroll","background-type":"","background-media":"","overlay-type":"","overlay-color":"","overlay-opacity":"","overlay-gradient":""},"mobile":{"background-color":"var(--ast-global-color-5)","background-image":"","background-repeat":"repeat","background-position":"center center","background-size":"auto","background-attachment":"scroll","background-type":"","background-media":"","overlay-type":"","overlay-color":"","overlay-opacity":"","overlay-gradient":""}},"footnotes":""},"class_list":["post-263","page","type-page","status-publish","hentry"],"post_mailing_queue_ids":[],"_links":{"self":[{"href":"https:\/\/agora.xtec.cat\/ceip-ferra\/wp-json\/wp\/v2\/pages\/263","targetHints":{"allow":["GET"]}}],"collection":[{"href":"https:\/\/agora.xtec.cat\/ceip-ferra\/wp-json\/wp\/v2\/pages"}],"about":[{"href":"https:\/\/agora.xtec.cat\/ceip-ferra\/wp-json\/wp\/v2\/types\/page"}],"author":[{"embeddable":true,"href":"https:\/\/agora.xtec.cat\/ceip-ferra\/wp-json\/wp\/v2\/users\/1"}],"replies":[{"embeddable":true,"href":"https:\/\/agora.xtec.cat\/ceip-ferra\/wp-json\/wp\/v2\/comments?post=263"}],"version-history":[{"count":2,"href":"https:\/\/agora.xtec.cat\/ceip-ferra\/wp-json\/wp\/v2\/pages\/263\/revisions"}],"predecessor-version":[{"id":2647,"href":"https:\/\/agora.xtec.cat\/ceip-ferra\/wp-json\/wp\/v2\/pages\/263\/revisions\/2647"}],"up":[{"embeddable":true,"href":"https:\/\/agora.xtec.cat\/ceip-ferra\/wp-json\/wp\/v2\/pages\/257"}],"wp:attachment":[{"href":"https:\/\/agora.xtec.cat\/ceip-ferra\/wp-json\/wp\/v2\/media?parent=263"}],"curies":[{"name":"wp","href":"https:\/\/api.w.org\/{rel}","templated":true}]}}