{"id":261,"date":"2017-11-03T11:16:22","date_gmt":"2017-11-03T10:16:22","guid":{"rendered":"http:\/\/agora.xtec.cat\/ceip-ferra\/?page_id=261"},"modified":"2019-01-31T15:19:25","modified_gmt":"2019-01-31T14:19:25","slug":"escola-verda","status":"publish","type":"page","link":"https:\/\/agora.xtec.cat\/ceip-ferra\/projectes-educatius\/escola-verda\/","title":{"rendered":"Escola Verda"},"content":{"rendered":"<p>El curs 2004 ens van concedir el Distintiu d&#8217;Escola Verda.<\/p>\n<p>El programa escoles verdes \u00e9s el comprom\u00eds de l\u2019escola per innovar, incloure, avan\u00e7ar, sistematitzar i organitzar accions educatives que tinguin la finalitat d&#8217;afrontar, des de l&#8217;educaci\u00f3, els nous reptes i valors de la sostenibilitat.<\/p>\n<p>\u00c9s un projecte d\u2019escola en defensa del medi ambient i la sostenibilitat, amb una doble vessant:<\/p>\n<ul>\n<li>Per una part incorporar al funcionament de centre controls per a la gesti\u00f3 del residus, estalvi energ\u00e8tic i malbaratament de recursos (aigua, menjar,&#8230;)<\/li>\n<li>En segon lloc incorporar al curr\u00edculum accions de caire ambiental: bosc mediterrani, la bassa, projecte rius, projecte orenetes, l\u2019estaci\u00f3 meteorol\u00f2gica,&#8230;<\/li>\n<\/ul>\n<p>Com a escola ens plantegem <strong>tres grans objectius<\/strong>:<\/p>\n<ul>\n<li>Incorporar els valors de l&#8217;educaci\u00f3 per a la sostenibilitat en tots els \u00e0mbits de la vida del centre (curr\u00edculum, gesti\u00f3, relacions amb l&#8217;entorn, etc.).<\/li>\n<li>Promoure la participaci\u00f3 i la implicaci\u00f3 activa de la comunitat educativa en la millora del seu entorn.<\/li>\n<li>Buscar l&#8217;intercanvi entre els centres que comparteixen uns mateixos objectius.<\/li>\n<\/ul>\n<h6><strong>Accions que portem a terme com a Escola Verda<\/strong>:<\/h6>\n<ul>\n<li>Recollida d\u2019oli (els divendres).<\/li>\n<li>Recollida de piles.<\/li>\n<li>Reducci\u00f3 de paper, fulls reciclats,&#8230;<\/li>\n<li>Reutilitzaci\u00f3 de materials: pl\u00e0stica, andr\u00f2mines, invents&#8230;<\/li>\n<li>Estaci\u00f3 meteorol\u00f2gica.<\/li>\n<li>Utilitzaci\u00f3 d\u2019embolcalls sostenibles (reducci\u00f3 del paper d\u2019alumini).<\/li>\n<li>Dos dies de la fruita (dimecres i divendres).<\/li>\n<li>Curricular: Projecte rius, projecte orenetes, bosc mediterrani, plantes arom\u00e0tiques, bassa i hort.<\/li>\n<\/ul>\n","protected":false},"excerpt":{"rendered":"<p>El curs 2004 ens van concedir el Distintiu d&#8217;Escola Verda. El programa escoles verdes \u00e9s el comprom\u00eds de l\u2019escola per innovar, incloure, avan\u00e7ar, sistematitzar i organitzar accions educatives que tinguin la finalitat d&#8217;afrontar, des de l&#8217;educaci\u00f3, els nous reptes i valors de la sostenibilitat. \u00c9s un projecte d\u2019escola en defensa del medi ambient i la [&hellip;]<\/p>\n","protected":false},"author":1,"featured_media":0,"parent":257,"menu_order":0,"comment_status":"closed","ping_status":"closed","template":"page-templates\/side-menu.php","meta":{"_bbp_topic_count":0,"_bbp_reply_count":0,"_bbp_total_topic_count":0,"_bbp_total_reply_count":0,"_bbp_voice_count":0,"_bbp_anonymous_reply_count":0,"_bbp_topic_count_hidden":0,"_bbp_reply_count_hidden":0,"_bbp_forum_subforum_count":0,"site-sidebar-layout":"default","site-content-layout":"","ast-site-content-layout":"","site-content-style":"default","site-sidebar-style":"default","ast-global-header-display":"","ast-banner-title-visibility":"","ast-main-header-display":"","ast-hfb-above-header-display":"","ast-hfb-below-header-display":"","ast-hfb-mobile-header-display":"","site-post-title":"","ast-breadcrumbs-content":"","ast-featured-img":"","footer-sml-layout":"","theme-transparent-header-meta":"","adv-header-id-meta":"","stick-header-meta":"","header-above-stick-meta":"","header-main-stick-meta":"","header-below-stick-meta":"","astra-migrate-meta-layouts":"default","ast-page-background-enabled":"default","ast-page-background-meta":{"desktop":{"background-color":"var(--ast-global-color-4)","background-image":"","background-repeat":"repeat","background-position":"center center","background-size":"auto","background-attachment":"scroll","background-type":"","background-media":"","overlay-type":"","overlay-color":"","overlay-opacity":"","overlay-gradient":""},"tablet":{"background-color":"","background-image":"","background-repeat":"repeat","background-position":"center center","background-size":"auto","background-attachment":"scroll","background-type":"","background-media":"","overlay-type":"","overlay-color":"","overlay-opacity":"","overlay-gradient":""},"mobile":{"background-color":"","background-image":"","background-repeat":"repeat","background-position":"center center","background-size":"auto","background-attachment":"scroll","background-type":"","background-media":"","overlay-type":"","overlay-color":"","overlay-opacity":"","overlay-gradient":""}},"ast-content-background-meta":{"desktop":{"background-color":"var(--ast-global-color-5)","background-image":"","background-repeat":"repeat","background-position":"center center","background-size":"auto","background-attachment":"scroll","background-type":"","background-media":"","overlay-type":"","overlay-color":"","overlay-opacity":"","overlay-gradient":""},"tablet":{"background-color":"var(--ast-global-color-5)","background-image":"","background-repeat":"repeat","background-position":"center center","background-size":"auto","background-attachment":"scroll","background-type":"","background-media":"","overlay-type":"","overlay-color":"","overlay-opacity":"","overlay-gradient":""},"mobile":{"background-color":"var(--ast-global-color-5)","background-image":"","background-repeat":"repeat","background-position":"center center","background-size":"auto","background-attachment":"scroll","background-type":"","background-media":"","overlay-type":"","overlay-color":"","overlay-opacity":"","overlay-gradient":""}},"footnotes":""},"class_list":["post-261","page","type-page","status-publish","hentry"],"post_mailing_queue_ids":[],"_links":{"self":[{"href":"https:\/\/agora.xtec.cat\/ceip-ferra\/wp-json\/wp\/v2\/pages\/261","targetHints":{"allow":["GET"]}}],"collection":[{"href":"https:\/\/agora.xtec.cat\/ceip-ferra\/wp-json\/wp\/v2\/pages"}],"about":[{"href":"https:\/\/agora.xtec.cat\/ceip-ferra\/wp-json\/wp\/v2\/types\/page"}],"author":[{"embeddable":true,"href":"https:\/\/agora.xtec.cat\/ceip-ferra\/wp-json\/wp\/v2\/users\/1"}],"replies":[{"embeddable":true,"href":"https:\/\/agora.xtec.cat\/ceip-ferra\/wp-json\/wp\/v2\/comments?post=261"}],"version-history":[{"count":3,"href":"https:\/\/agora.xtec.cat\/ceip-ferra\/wp-json\/wp\/v2\/pages\/261\/revisions"}],"predecessor-version":[{"id":2648,"href":"https:\/\/agora.xtec.cat\/ceip-ferra\/wp-json\/wp\/v2\/pages\/261\/revisions\/2648"}],"up":[{"embeddable":true,"href":"https:\/\/agora.xtec.cat\/ceip-ferra\/wp-json\/wp\/v2\/pages\/257"}],"wp:attachment":[{"href":"https:\/\/agora.xtec.cat\/ceip-ferra\/wp-json\/wp\/v2\/media?parent=261"}],"curies":[{"name":"wp","href":"https:\/\/api.w.org\/{rel}","templated":true}]}}