{"id":26,"date":"2014-09-18T12:24:32","date_gmt":"2014-09-18T11:24:32","guid":{"rendered":"http:\/\/agora.xtec.cat\/ceip-ferra\/?page_id=26"},"modified":"2017-11-03T15:09:11","modified_gmt":"2017-11-03T14:09:11","slug":"historia","status":"publish","type":"page","link":"https:\/\/agora.xtec.cat\/ceip-ferra\/lescola\/historia\/","title":{"rendered":"Breu hist\u00f2ria de l&#8217;escola"},"content":{"rendered":"<div class=\"container\">\n<div class=\"wrapper1\">\n<div class=\"row \">\n<div class=\"grid_12 perspective\">\n<p class=\"p4 mar_t_15\"><a class=\"\" href=\"http:\/\/www.xtec.cat\/ceip-ferra\/index.html#\"><img decoding=\"async\" src=\"http:\/\/www.xtec.cat\/ceip-ferra\/BallIcons\/light gradient\/100x100\/pointer.png\" alt=\"\" width=\"50\" \/>\u00a0 EL NOM<\/a><\/p>\n<p class=\"p4 mar_t_15\">L&#8217;ajuntament va decidir posar-li el nom de Josep Ferr\u00e0 i Esteva perqu\u00e8 va ser un mestre significatiu per a Olesa.<\/p>\n<p class=\"p4 mar_t_15\"><a class=\"\" href=\"http:\/\/www.xtec.cat\/ceip-ferra\/index.html#\"><img decoding=\"async\" src=\"http:\/\/www.xtec.cat\/ceip-ferra\/BallIcons\/light gradient\/100x100\/castle.png\" alt=\"\" width=\"50\" \/>\u00a0 L&#8217;EDIFICI PRINCIPAL<\/a><\/p>\n<p class=\"p4 mar_t_15\">L&#8217;edifici va ser constru\u00eft al final del poble, al costat de la via del tren, en un descampat anomenat per la gent del poble &#8220;el camp dels cagallons&#8221; La gent li deia aix\u00ed perqu\u00e8 hi solien anar a pasturar cabres i deixaven les seves caques o cagallons. En aquest descampat s&#8217;hi feien tamb\u00e9 els focs artificials de la festa major del poble perqu\u00e8 estava molt apartat de les edificacions.<\/p>\n<p class=\"p4 mar_t_15\">Aquest edifici quedava per sota del nivell del carrer (l&#8217;empresa constructora no va pensar a aplanar el terreny abans de construir-hi) i hi havia un tal\u00fas de terra que l&#8217;associaci\u00f3 de pares va enjardinar per tal que aquesta terra no an\u00e9s cap al pati. Per salvar aquest desnivell hi havia unes escales que s&#8217;havien de baixar per entrar a l&#8217;escola. Al lloc enjardinat hi havia oliveres, cirerers i altres arbres que es van anar plantant amb els alumnes. De les oliveres se&#8217;n collien les olives i es portaven al mol\u00ed per fer-ne oli. Alguns anys els alumnes n&#8217;havien fet un tast amb pa torrat.<\/p>\n<p class=\"p4 mar_t_15\">Tamb\u00e9 hi havia, en el lloc on actualment hi ha l&#8217;edifici d&#8217;educaci\u00f3 infantil, un hort i una granja. Durant un temps els alumnes cuidaven l&#8217;hort i els animals de la granja. Despr\u00e9s ja se&#8217;n va fer c\u00e0rrec l&#8217;AMPA.<\/p>\n<p class=\"p4 mar_t_15\">L&#8217;escola va ser constru\u00efda el primer any que es van traspassar les compet\u00e8ncies a la Generalitat. Per aix\u00f2 algunes dotacions es van quedar pel cam\u00ed entre Madrid i Barcelona. El ministeri d&#8217;educaci\u00f3 de Madrid va concedir la dotaci\u00f3 de la biblioteca i el laboratori. En canvi, no va arribar el material did\u00e0ctic ni tampoc la dotaci\u00f3 del menjador. A les aules nom\u00e9s hi havia el mobiliari sense cap tipus de material did\u00e0ctic. De mica en mica es va anar fent i comprant material per anar dotant les classes fins avui.<\/p>\n<p class=\"p4 mar_t_15\"><a class=\"\" href=\"http:\/\/www.xtec.cat\/ceip-ferra\/index.html#\"><img decoding=\"async\" src=\"http:\/\/www.xtec.cat\/ceip-ferra\/BallIcons\/light gradient\/100x100\/candy.png\" alt=\"\" width=\"50\" \/>\u00a0 EL PARVULARI<\/a><\/p>\n<p class=\"p4 mar_t_15\">No hi havia edifici de parvulari. Els pares i els mestres es van mobilitzar per demanar al departament d&#8217;ensenyament que fessin un espai pels alumnes de parvulari. Durant un temps els alumnes estaven a l&#8217;edifici de l&#8217;escola, per\u00f2 quan ja no hi cabien i mentre es constru\u00efa el parvulari, hi havia un o dos grups de P5 que anaven a fer classe a uns baixos del carrer Passeig del Progr\u00e9s que l&#8217;ajuntament havia habilitat i que eren uns antics tallers de la SEAT. Aquests alumnes venien a fer l&#8217;esbarjo al pati de l&#8217;escola. L&#8217;edifici finalment va comen\u00e7ar a funcionar el curs 1986-1987 i estava ubicat a l&#8217;actual pista de futbol de sorra. L&#8217;escolaritzaci\u00f3 dels alumnes de P3 va comen\u00e7ar a l&#8217;escola el curs 1992-1993, en unes cargoleres habilitades al pati fins que es va deixar de fer 8\u00e8. Aleshores van anar al parvulari i els nens de P5 van venir a l&#8217;escola de prim\u00e0ria, fins que ens han constru\u00eft un nou parvulari.<\/p>\n<h3>Hist\u00f2ria de les classes<\/h3>\n<div class=\"extra-wrap bord_1 pad_b_4\">\n<p class=\"p4 mar_t_15\"><a class=\"\" href=\"http:\/\/www.xtec.cat\/ceip-ferra\/index.html#\"><img decoding=\"async\" src=\"http:\/\/www.xtec.cat\/ceip-ferra\/BallIcons\/light gradient\/100x100\/blueprints.png\" alt=\"\" width=\"50\" \/>\u00a0 EVOLUCI\u00d3 DE L&#8217;ORGANITZACI\u00d3 CURRICULAR<\/a><br \/>\n<span class=\"p5\">L&#8217;any que va comen\u00e7ar l&#8217;escola, l&#8217;escolaritzaci\u00f3 s&#8217;iniciava als 4 anys i s&#8217;acabava a 8\u00e8 (amb 14 anys). L&#8217;organitzaci\u00f3 era la seg\u00fcent:<br \/>\nPreescolar: P4 i P5<br \/>\nCicle inicial: 1r i 2n<br \/>\nCicle mitj\u00e0 : 3r, 4t i 5\u00e8<br \/>\nCicle superior: 6\u00e8, 7\u00e8 i 8\u00e8<br \/>\nTots els grups tenien el mestre tutor excepte els de cicle superior, que funcionaven amb mestres especialistes (matem\u00e0tiques, socials, naturals, catal\u00e0, castell\u00e0, angl\u00e8s, etc.)<br \/>\nDurant el curs 1996-97 es va comen\u00e7ar l&#8217;ESO i els alumnes acabaven a 6\u00e8 (12 anys).<br \/>\nEls que feien 7\u00e8 i 8\u00e8 van anar a fer 3r i 4t d&#8217;ESO respectivament.<br \/>\nEs va iniciar l&#8217;escolaritat als 3 anys a l&#8217;any 1992 i actualment est\u00e1 organitzada de la seguent manera:<br \/>\nEducaci\u00f3 infantil : P3, P4 i P5<br \/>\nCicle inicial:1r i 2n<br \/>\nCicle mitj\u00e0: 3r i 4t<br \/>\nCicle superior: 5\u00e8 i 6\u00e8 <\/span><\/p>\n<p class=\"p4 mar_t_15\"><a class=\"\" href=\"http:\/\/www.xtec.cat\/ceip-ferra\/index.html#\"><img decoding=\"async\" src=\"http:\/\/www.xtec.cat\/ceip-ferra\/BallIcons\/light gradient\/100x100\/pencil.png\" alt=\"\" width=\"50\" \/>\u00a0 LES CLASSES DE CATAL\u00c0<\/a><br \/>\n<span class=\"p5\">Totes les classes es feien en castell\u00e0 i el catal\u00e0 era una assignatura rn\u00e9s. Les classes les feia un especialista del SEDEC (Servei d&#8217;ensenyarnent del Catal\u00e0).<br \/>\nEl curs escolar 1985-86, els pares ja podien triar si volien que els seus fills fessin totes les assignatures en catal\u00e0. Durant un ternps hi havia el grup A (que ho feia tot en catal\u00e0, excepte l&#8217;assignatura de castell\u00e0) i el grup B (que ho feia tot en castell\u00e0 excepte l&#8217;assignatura de catal\u00e0). Veient que els grups A tenien rn\u00e9s demanda per l&#8217;impuls de la norrnalitzaci\u00f3 ling\u00fc\u00edstica, es va establir la immersi\u00f3 ling\u00fc\u00edstica.<br \/>\nEl curs 1988-89 el alumnes que cornen\u00e7aven l&#8217;escolaritat ja ho van fer tot en catal\u00e0, tal com es fa ara.<\/span><\/p>\n<p class=\"p4 mar_t_15\"><a class=\"\" href=\"http:\/\/www.xtec.cat\/ceip-ferra\/index.html#\"><img decoding=\"async\" src=\"http:\/\/www.xtec.cat\/ceip-ferra\/BallIcons\/light gradient\/100x100\/stadium.png\" alt=\"\" width=\"50\" \/>\u00a0 LES CLASSES D&#8217;EDUCACI\u00d3 F\u00cdSICA<\/a><br \/>\n<span class=\"p5\">Durant uns anys no hi havia cap especialista d&#8217;educaci\u00f3 f\u00edsica. Cada tutor feia les classes de gimn\u00e0stica fins que l&#8217;administraci\u00f3 va implantar fer les classes amb un especialista i en un horari establert, tal i com fem ara. Corn a conseq\u00fc\u00e8ncia d&#8217;aix\u00f2, l&#8217;ajuntament va cedir un monitor per a fer les classes d&#8217;educaci\u00f3 f\u00edsica als grups que podia. La resta va continuar fent-les el tutor, fins que una mestra de l&#8217;escola va fer el postgrau d&#8217;educaci\u00f3 f\u00edsica i ja va comen\u00e7ar a fer les classes com a especialista.<br \/>\nActualment hi ha dos mestres d&#8217;aquesta especialitat.<\/span><\/p>\n<p class=\"p4 mar_t_15\"><a class=\"\" href=\"http:\/\/www.xtec.cat\/ceip-ferra\/index.html#\"><img decoding=\"async\" src=\"http:\/\/www.xtec.cat\/ceip-ferra\/BallIcons\/light gradient\/100x100\/note.png\" alt=\"\" width=\"50\" \/>\u00a0 LES CLASSES DE M\u00daSICA<\/a><br \/>\n<span class=\"p5\">Quan l&#8217;escola va comen\u00e7ar encara no es contemplava l&#8217;ensenyament de la m\u00fasica com a assignatura amb un mestre especialista. Les classes les feia cada tutor. Llavors l&#8217;associaci\u00f3 de pares va creure que per tal de millorar-ne l&#8217;ensenyarnent calia que ho fes una persona m\u00e9s preparada i va pagar a una professora especialista des del curs 1984-85 fins l&#8217;any en qu\u00e8 la Generalitat ja va implantar les classes de m\u00fasica amb especialista tal i com fem ara.<br \/>\nLa nostra escola era l&#8217;\u00fanica on es feia la m\u00fasica amb especialista. La mestra de m\u00fasica que pagava l&#8217;associaci\u00f3 de pares nom\u00e9s podia fer les classes als alumnes de 1r a 5\u00e8. Els de segona etapa no en feien. Durant aquests anys la mestra tamb\u00e9 s&#8217;encarregava de la formaci\u00f3 d&#8217;un conjunt instrumental (flauta i percussi\u00f3) i una coral. Per Nadal s&#8217;anava a les resid\u00e8ncies d&#8217;avis a cantar, per Pasqua es feien les caramelles i a final de curs un concert arnb la coral i el conjunt instrumental.<\/span><\/p>\n<p class=\"p4 mar_t_15\"><a class=\"\" href=\"http:\/\/www.xtec.cat\/ceip-ferra\/index.html#\"><img decoding=\"async\" src=\"http:\/\/www.xtec.cat\/ceip-ferra\/BallIcons\/light gradient\/100x100\/heart.png\" alt=\"\" width=\"50\" \/>\u00a0 LES CLASSES DE RELIGI\u00d3<\/a><br \/>\n<span class=\"p5\">Quan l&#8217;escola va comen\u00e7ar no es feien classes de religi\u00f3.<br \/>\nAl cap d&#8217;uns quants anys (el curs 1988-89) es van iniciar les classes d&#8217;aquesta mat\u00e8ria, per\u00f2 arnb for\u00e7a mancances d&#8217;espai, cosa que es va anar solucionant de maneres diferents. Al final, gr\u00e0cies a la remodelaci\u00f3 de l&#8217;escola s&#8217;ha aconseguit un espai adient.<br \/>\nEl nombre d&#8217;alumnes s&#8217;ha mantingut en la mateixa proporci\u00f3 al llarg de tots aquests anys, aproximadament una tercera part del grup.<\/span><\/p>\n<\/div>\n<\/div>\n<\/div>\n<\/div>\n<\/div>\n","protected":false},"excerpt":{"rendered":"<p>\u00a0 EL NOM L&#8217;ajuntament va decidir posar-li el nom de Josep Ferr\u00e0 i Esteva perqu\u00e8 va ser un mestre significatiu per a Olesa. \u00a0 L&#8217;EDIFICI PRINCIPAL L&#8217;edifici va ser constru\u00eft al final del poble, al costat de la via del tren, en un descampat anomenat per la gent del poble &#8220;el camp dels cagallons&#8221; La [&hellip;]<\/p>\n","protected":false},"author":1,"featured_media":0,"parent":22,"menu_order":20,"comment_status":"closed","ping_status":"closed","template":"page-templates\/side-menu.php","meta":{"_bbp_topic_count":0,"_bbp_reply_count":0,"_bbp_total_topic_count":0,"_bbp_total_reply_count":0,"_bbp_voice_count":0,"_bbp_anonymous_reply_count":0,"_bbp_topic_count_hidden":0,"_bbp_reply_count_hidden":0,"_bbp_forum_subforum_count":0,"site-sidebar-layout":"default","site-content-layout":"","ast-site-content-layout":"","site-content-style":"default","site-sidebar-style":"default","ast-global-header-display":"","ast-banner-title-visibility":"","ast-main-header-display":"","ast-hfb-above-header-display":"","ast-hfb-below-header-display":"","ast-hfb-mobile-header-display":"","site-post-title":"","ast-breadcrumbs-content":"","ast-featured-img":"","footer-sml-layout":"","theme-transparent-header-meta":"","adv-header-id-meta":"","stick-header-meta":"","header-above-stick-meta":"","header-main-stick-meta":"","header-below-stick-meta":"","astra-migrate-meta-layouts":"default","ast-page-background-enabled":"default","ast-page-background-meta":{"desktop":{"background-color":"var(--ast-global-color-4)","background-image":"","background-repeat":"repeat","background-position":"center center","background-size":"auto","background-attachment":"scroll","background-type":"","background-media":"","overlay-type":"","overlay-color":"","overlay-opacity":"","overlay-gradient":""},"tablet":{"background-color":"","background-image":"","background-repeat":"repeat","background-position":"center center","background-size":"auto","background-attachment":"scroll","background-type":"","background-media":"","overlay-type":"","overlay-color":"","overlay-opacity":"","overlay-gradient":""},"mobile":{"background-color":"","background-image":"","background-repeat":"repeat","background-position":"center center","background-size":"auto","background-attachment":"scroll","background-type":"","background-media":"","overlay-type":"","overlay-color":"","overlay-opacity":"","overlay-gradient":""}},"ast-content-background-meta":{"desktop":{"background-color":"var(--ast-global-color-5)","background-image":"","background-repeat":"repeat","background-position":"center center","background-size":"auto","background-attachment":"scroll","background-type":"","background-media":"","overlay-type":"","overlay-color":"","overlay-opacity":"","overlay-gradient":""},"tablet":{"background-color":"var(--ast-global-color-5)","background-image":"","background-repeat":"repeat","background-position":"center center","background-size":"auto","background-attachment":"scroll","background-type":"","background-media":"","overlay-type":"","overlay-color":"","overlay-opacity":"","overlay-gradient":""},"mobile":{"background-color":"var(--ast-global-color-5)","background-image":"","background-repeat":"repeat","background-position":"center center","background-size":"auto","background-attachment":"scroll","background-type":"","background-media":"","overlay-type":"","overlay-color":"","overlay-opacity":"","overlay-gradient":""}},"footnotes":""},"class_list":["post-26","page","type-page","status-publish","hentry"],"post_mailing_queue_ids":[],"_links":{"self":[{"href":"https:\/\/agora.xtec.cat\/ceip-ferra\/wp-json\/wp\/v2\/pages\/26","targetHints":{"allow":["GET"]}}],"collection":[{"href":"https:\/\/agora.xtec.cat\/ceip-ferra\/wp-json\/wp\/v2\/pages"}],"about":[{"href":"https:\/\/agora.xtec.cat\/ceip-ferra\/wp-json\/wp\/v2\/types\/page"}],"author":[{"embeddable":true,"href":"https:\/\/agora.xtec.cat\/ceip-ferra\/wp-json\/wp\/v2\/users\/1"}],"replies":[{"embeddable":true,"href":"https:\/\/agora.xtec.cat\/ceip-ferra\/wp-json\/wp\/v2\/comments?post=26"}],"version-history":[{"count":4,"href":"https:\/\/agora.xtec.cat\/ceip-ferra\/wp-json\/wp\/v2\/pages\/26\/revisions"}],"predecessor-version":[{"id":322,"href":"https:\/\/agora.xtec.cat\/ceip-ferra\/wp-json\/wp\/v2\/pages\/26\/revisions\/322"}],"up":[{"embeddable":true,"href":"https:\/\/agora.xtec.cat\/ceip-ferra\/wp-json\/wp\/v2\/pages\/22"}],"wp:attachment":[{"href":"https:\/\/agora.xtec.cat\/ceip-ferra\/wp-json\/wp\/v2\/media?parent=26"}],"curies":[{"name":"wp","href":"https:\/\/api.w.org\/{rel}","templated":true}]}}