{"id":2424,"date":"2018-12-14T12:47:05","date_gmt":"2018-12-14T11:47:05","guid":{"rendered":"http:\/\/agora.xtec.cat\/ceip-ferra\/?page_id=2424"},"modified":"2022-06-15T10:00:41","modified_gmt":"2022-06-15T08:00:41","slug":"projecte-linguistic","status":"publish","type":"page","link":"https:\/\/agora.xtec.cat\/ceip-ferra\/lescola\/documents-del-centre\/projecte-linguistic\/","title":{"rendered":"PLC &#8211; Projecte Ling\u00fc\u00edstic de Centre"},"content":{"rendered":"<p><strong>1. Qu\u00e8 \u00e9s el PROJECTE LING\u00dc\u00cdSTIC DE CENTRE?<\/strong><br \/>\nEl PROJECTE LING\u00dc\u00cdSTIC DE CENTRE \u00e9s un document que tots els centres p\u00fablics i privats sostinguts amb fons p\u00fablics han d\u2019elaborar com a part del seu projecte educatiu.<br \/>\nD\u2019acord amb la Llei 12\/2009, del 10 de juliol, d\u2019educaci\u00f3, el projecte ling\u00fc\u00edstic ha d\u2019emmarcar el tractament de les lleng\u00fces al centre i ha d\u2019incloure els aspectes relatius a l\u2019ensenyament i a l\u2019\u00fas de les lleng\u00fces, entre els quals hi ha d\u2019haver:<\/p>\n<p>a) El tractament del catal\u00e0 com a llengua vehicular i d\u2019aprenentatge,<\/p>\n<p>b) El proc\u00e9s d\u2019ensenyament i d\u2019aprenentatge del castell\u00e0,<\/p>\n<p>c) Les diverses opcions amb relaci\u00f3 a les lleng\u00fces estrangeres,<\/p>\n<p>d) Els criteris generals per a les adequacions del proc\u00e9s d\u2019ensenyament de les lleng\u00fces, tant globalment com individualment, a la realitat socioling\u00fc\u00edstica del centre, i<\/p>\n<p>e) La continu\u00eftat i la coher\u00e8ncia educatives, pel que fa als usos ling\u00fc\u00edstics, en els serveis escolars i en les activitats organitzades per les associacions de mares i pares d\u2019alumnes.<\/p>\n<p>Per tant, El PROJECTE LING\u00dc\u00cdSTIC DE CENTRE \u00e9s un document que parteix d\u2019una reflexi\u00f3 interna del centre, que recull les decisions preses a partir d\u2019aquesta an\u00e0lisi en relaci\u00f3 a l\u2019ensenyament i l\u2019aprenentatge de les lleng\u00fces i que t\u00e9 com a objectiu donar coher\u00e8ncia a la manera d\u2019adquirir-les. \u00c9s un document de reflexi\u00f3 i de presa de decisions que incideix en tots els contextos comunicatius dels centres: aula, centre i entorn.<\/p>\n<p><strong>2. Per qu\u00e8 i per a qu\u00e8 cal un PROJECTE LING\u00dc\u00cdSTIC DE CENTRE?<\/strong><br \/>\nEl projecte ling\u00fc\u00edstic ha de contribuir a donar la resposta educativa m\u00e9s adequada i efica\u00e7 a les necessitats i caracter\u00edstiques del centre.<br \/>\nTamb\u00e9 ha de servir per compartir amb la comunitat educativa els acords presos en relaci\u00f3 amb la gesti\u00f3 de les lleng\u00fces.<\/p>\n<p><strong>3. Caracter\u00edstiques del PROJECTE LING\u00dc\u00cdSTIC DE CENTRE<\/strong><br \/>\nEl Projecte Ling\u00fc\u00edstic de Centre ha de recollir els acords presos tant pel que fa a l\u2019ensenyament i l\u2019aprenentatge de les lleng\u00fces, com en relaci\u00f3 amb els usos ling\u00fc\u00edstics previstos, i ha de ser:<br \/>\n\u2022 Ajustat a la normativa vigent<br \/>\n\u2022 Adequat a l\u2019entorn socioling\u00fc\u00edstic i a la realitat del centre<br \/>\n\u2022 Coherent amb els altres documents del centre<br \/>\n\u2022 Integral i vinculant<br \/>\n\u2022 Consensuat i compartit amb la comunitat educativa<br \/>\n\u2022 Estable per\u00f2 no est\u00e0tic<br \/>\n\u2022 Realista i transformador<\/p>\n<p><strong>4. Difusi\u00f3 del PROJECTE LING\u00dc\u00cdSTIC DE CENTRE<\/strong><br \/>\nUn cop definits els objectius i establertes les estrat\u00e8gies i actuacions per assolir-los, el centre ha de compartir amb la comunitat educativa el seu Projecte Ling\u00fc\u00edstic, explicitat en el Projecte Educatiu.<\/p>\n<p style=\"text-align: right;\"><em><a href=\"https:\/\/agora.xtec.cat\/ceip-ferra\/wp-content\/uploads\/usu925\/2022\/06\/2022-Projecte-Linguistic-Ferra.pdf\">Descarrega&#8217;t el Projecte Ling\u00fc\u00edstic<\/a><\/em><\/p>\n","protected":false},"excerpt":{"rendered":"<p>1. Qu\u00e8 \u00e9s el PROJECTE LING\u00dc\u00cdSTIC DE CENTRE? El PROJECTE LING\u00dc\u00cdSTIC DE CENTRE \u00e9s un document que tots els centres p\u00fablics i privats sostinguts amb fons p\u00fablics han d\u2019elaborar com a part del seu projecte educatiu. D\u2019acord amb la Llei 12\/2009, del 10 de juliol, d\u2019educaci\u00f3, el projecte ling\u00fc\u00edstic ha d\u2019emmarcar el tractament de les [&hellip;]<\/p>\n","protected":false},"author":3,"featured_media":0,"parent":226,"menu_order":0,"comment_status":"closed","ping_status":"closed","template":"page-templates\/side-menu.php","meta":{"_bbp_topic_count":0,"_bbp_reply_count":0,"_bbp_total_topic_count":0,"_bbp_total_reply_count":0,"_bbp_voice_count":0,"_bbp_anonymous_reply_count":0,"_bbp_topic_count_hidden":0,"_bbp_reply_count_hidden":0,"_bbp_forum_subforum_count":0,"site-sidebar-layout":"default","site-content-layout":"","ast-site-content-layout":"","site-content-style":"default","site-sidebar-style":"default","ast-global-header-display":"","ast-banner-title-visibility":"","ast-main-header-display":"","ast-hfb-above-header-display":"","ast-hfb-below-header-display":"","ast-hfb-mobile-header-display":"","site-post-title":"","ast-breadcrumbs-content":"","ast-featured-img":"","footer-sml-layout":"","theme-transparent-header-meta":"","adv-header-id-meta":"","stick-header-meta":"","header-above-stick-meta":"","header-main-stick-meta":"","header-below-stick-meta":"","astra-migrate-meta-layouts":"default","ast-page-background-enabled":"default","ast-page-background-meta":{"desktop":{"background-color":"var(--ast-global-color-4)","background-image":"","background-repeat":"repeat","background-position":"center center","background-size":"auto","background-attachment":"scroll","background-type":"","background-media":"","overlay-type":"","overlay-color":"","overlay-opacity":"","overlay-gradient":""},"tablet":{"background-color":"","background-image":"","background-repeat":"repeat","background-position":"center center","background-size":"auto","background-attachment":"scroll","background-type":"","background-media":"","overlay-type":"","overlay-color":"","overlay-opacity":"","overlay-gradient":""},"mobile":{"background-color":"","background-image":"","background-repeat":"repeat","background-position":"center center","background-size":"auto","background-attachment":"scroll","background-type":"","background-media":"","overlay-type":"","overlay-color":"","overlay-opacity":"","overlay-gradient":""}},"ast-content-background-meta":{"desktop":{"background-color":"var(--ast-global-color-5)","background-image":"","background-repeat":"repeat","background-position":"center center","background-size":"auto","background-attachment":"scroll","background-type":"","background-media":"","overlay-type":"","overlay-color":"","overlay-opacity":"","overlay-gradient":""},"tablet":{"background-color":"var(--ast-global-color-5)","background-image":"","background-repeat":"repeat","background-position":"center center","background-size":"auto","background-attachment":"scroll","background-type":"","background-media":"","overlay-type":"","overlay-color":"","overlay-opacity":"","overlay-gradient":""},"mobile":{"background-color":"var(--ast-global-color-5)","background-image":"","background-repeat":"repeat","background-position":"center center","background-size":"auto","background-attachment":"scroll","background-type":"","background-media":"","overlay-type":"","overlay-color":"","overlay-opacity":"","overlay-gradient":""}},"footnotes":""},"class_list":["post-2424","page","type-page","status-publish","hentry"],"post_mailing_queue_ids":[],"_links":{"self":[{"href":"https:\/\/agora.xtec.cat\/ceip-ferra\/wp-json\/wp\/v2\/pages\/2424","targetHints":{"allow":["GET"]}}],"collection":[{"href":"https:\/\/agora.xtec.cat\/ceip-ferra\/wp-json\/wp\/v2\/pages"}],"about":[{"href":"https:\/\/agora.xtec.cat\/ceip-ferra\/wp-json\/wp\/v2\/types\/page"}],"author":[{"embeddable":true,"href":"https:\/\/agora.xtec.cat\/ceip-ferra\/wp-json\/wp\/v2\/users\/3"}],"replies":[{"embeddable":true,"href":"https:\/\/agora.xtec.cat\/ceip-ferra\/wp-json\/wp\/v2\/comments?post=2424"}],"version-history":[{"count":3,"href":"https:\/\/agora.xtec.cat\/ceip-ferra\/wp-json\/wp\/v2\/pages\/2424\/revisions"}],"predecessor-version":[{"id":7751,"href":"https:\/\/agora.xtec.cat\/ceip-ferra\/wp-json\/wp\/v2\/pages\/2424\/revisions\/7751"}],"up":[{"embeddable":true,"href":"https:\/\/agora.xtec.cat\/ceip-ferra\/wp-json\/wp\/v2\/pages\/226"}],"wp:attachment":[{"href":"https:\/\/agora.xtec.cat\/ceip-ferra\/wp-json\/wp\/v2\/media?parent=2424"}],"curies":[{"name":"wp","href":"https:\/\/api.w.org\/{rel}","templated":true}]}}