{"id":232,"date":"2017-11-03T11:00:26","date_gmt":"2017-11-03T10:00:26","guid":{"rendered":"http:\/\/agora.xtec.cat\/ceip-ferra\/?page_id=232"},"modified":"2024-09-27T16:07:30","modified_gmt":"2024-09-27T14:07:30","slug":"normes-dorganitzacio-i-funcionament","status":"publish","type":"page","link":"https:\/\/agora.xtec.cat\/ceip-ferra\/lescola\/documents-del-centre\/normes-dorganitzacio-i-funcionament\/","title":{"rendered":"NOFC &#8211; Normes d&#8217;Organitzaci\u00f3 i Funcionament"},"content":{"rendered":"<h5><strong>Introducci\u00f3<\/strong><\/h5>\n<p style=\"text-align: justify;\">Cal entendre les Normes d\u2019Organitzaci\u00f3 i Funcionament (NOFC) com una eina que ha de servir per regular la vida interna del Centre, establir i concretar les relacions entre els diferents sectors que formen la nostra comunitat educativa. Ens ha de servir per garantir la conviv\u00e8ncia, tot i considerant els seus drets i deures, de tots els membres integrants de la comunitat educativa i el bon funcionament del Centre.<\/p>\n<p style=\"text-align: justify;\">Les NOFC estructuren normes t\u00e8cniques, funcionals, pedag\u00f2giques i administratives per a portar a terme el proc\u00e9s educatiu i disposa de mecanismes adequats per la seva difusi\u00f3, el seu coneixement, avaluaci\u00f3 i modificaci\u00f3 per adaptar-lo a les noves necessitats del Centre, i aix\u00ed poder millorar aquells aspectes que es considerin convenients. Per tant, tindr\u00e0 sempre en aquest sentit, un car\u00e0cter de permanent actualitzaci\u00f3 i millora segons els mecanismes establerts en aquestes NOFC.<\/p>\n<h5><strong>Novetats del curs 24-25<\/strong><\/h5>\n<h6><strong><u>Drets d\u2019imatge<\/u><\/strong><\/h6>\n<p>A partir de la nova normativa hem elaborat un nou document, que ja us hem fet arribar, per a signar l\u2019autoritzaci\u00f3 per a la publicaci\u00f3 de dades dels vostres fills i filles:<\/p>\n<ul>\n<li>Publicar imatges i veus al web, instagram, twitter&#8230; (fotografies i v\u00eddeos de sortides, activitats, col\u00f2nies&#8230;)<\/li>\n<li>Publicar al web, als plafons&#8230; material elaborat pels alumnes (dibuixos, poemes, presentacions&#8230;)<\/li>\n<li>Utilitzar les inicials dels alumnes (no podem compartir mai els noms i cognoms, per\u00f2 en alguns casos necessitem poder utilitzar les inicials dels vostres fills i filles amb l\u2019EAP, els instituts&#8230;)<\/li>\n<\/ul>\n<p>Aquesta autoritzaci\u00f3 ser\u00e0 v\u00e0lida per a tot el temps d\u2019escolaritzaci\u00f3 dels alumnes al centre.<\/p>\n<p><strong>Novetat:<\/strong> utilitzant el correu electr\u00f2nic <em>******@josepferra.com<\/em> i la seva contrasenya, que hem creat pels vostres fills i filles, podreu accedir a la carpeta de cada classe per a veure les fotografies i v\u00eddeos dels vostres fills i filles . Ja no us enviarem enlla\u00e7os.<\/p>\n<h6><strong><u>Absentisme<\/u><\/strong><\/h6>\n<p>Aquest curs s\u2019inicia l\u2019\u00fas del nou protocol d\u2019absentisme escolar elaborat i consensuat per totes les escoles i instituts d\u2019Olesa i que contempla totes les instruccions del protocol del Departament d\u2019Educaci\u00f3 i Formaci\u00f3 Professional.<\/p>\n<p>Amb aquest protocol es pret\u00e9n reduir les abs\u00e8ncies no justificades i els retards de l\u2019alumnat.<\/p>\n<p>Els retards continuats tamb\u00e9 s\u00f3n considerats com absentisme i es tracten de la mateixa manera que les abs\u00e8ncies.<\/p>\n<p>Com a data significativa cal dir que el nou protocol contempla la seva activaci\u00f3 a partir d\u2019un dia d\u2019abs\u00e8ncia no justificat al mes i s\u2019inicia amb una conversa entre el tutor\/a i la fam\u00edlia. Si no s\u2019aconsegueix millorar l\u2019assist\u00e8ncia el protocol va adquirint de m\u00e9s interventors i agents implicats: direcci\u00f3, serveis social, EAP, inspecci\u00f3&#8230;<\/p>\n<h6><strong><u>\u00das dels m\u00f2bils<\/u><\/strong><\/h6>\n<p>A l&#8217;etapa d&#8217;educaci\u00f3 infantil i prim\u00e0ria no est\u00e0 perm\u00e8s l&#8217;\u00fas de tel\u00e8fons m\u00f2bils a l&#8217;alumnat al centre educatiu. Aquesta indicaci\u00f3 es fa extensiva a tot el temps que els alumnes passen al centre, tant a l&#8217;horari lectiu com a l&#8217;horari no lectiu i tamb\u00e9 es contempla al servei d\u2019acollida, al servei de menjador, a les activitats extraescolars i a les sortides i col\u00f2nies.<\/p>\n<p>Els i les alumnes no han de portar cap dispositiu m\u00f2bil personal al centre (tel\u00e8fon m\u00f2bil o rellotge intel\u00b7ligent). Si ho fan (amb el consentiment o no dels pares i mares), els dispositius m\u00f2bils hauran d&#8217;estar apagats al llarg de la jornada escolar i no els podran utilitzar en cap moment. A m\u00e9s, l\u2019escola no els custodiar\u00e0 ni se\u2019n far\u00e0 responsable en cas de p\u00e8rdua, robatori, avaria&#8230;<\/p>\n<p style=\"text-align: left;\"><strong><a href=\"https:\/\/agora.xtec.cat\/ceip-ferra\/wp-content\/uploads\/usu925\/2024\/09\/24-25-NOFC-Ferra-1.pdf\">Document de les NOFC<\/a><\/strong><\/p>\n","protected":false},"excerpt":{"rendered":"<p>Introducci\u00f3 Cal entendre les Normes d\u2019Organitzaci\u00f3 i Funcionament (NOFC) com una eina que ha de servir per regular la vida interna del Centre, establir i concretar les relacions entre els diferents sectors que formen la nostra comunitat educativa. Ens ha de servir per garantir la conviv\u00e8ncia, tot i considerant els seus drets i deures, de [&hellip;]<\/p>\n","protected":false},"author":1,"featured_media":0,"parent":226,"menu_order":0,"comment_status":"closed","ping_status":"closed","template":"page-templates\/side-menu.php","meta":{"_bbp_topic_count":0,"_bbp_reply_count":0,"_bbp_total_topic_count":0,"_bbp_total_reply_count":0,"_bbp_voice_count":0,"_bbp_anonymous_reply_count":0,"_bbp_topic_count_hidden":0,"_bbp_reply_count_hidden":0,"_bbp_forum_subforum_count":0,"site-sidebar-layout":"default","site-content-layout":"","ast-site-content-layout":"","site-content-style":"default","site-sidebar-style":"default","ast-global-header-display":"","ast-banner-title-visibility":"","ast-main-header-display":"","ast-hfb-above-header-display":"","ast-hfb-below-header-display":"","ast-hfb-mobile-header-display":"","site-post-title":"","ast-breadcrumbs-content":"","ast-featured-img":"","footer-sml-layout":"","theme-transparent-header-meta":"","adv-header-id-meta":"","stick-header-meta":"","header-above-stick-meta":"","header-main-stick-meta":"","header-below-stick-meta":"","astra-migrate-meta-layouts":"default","ast-page-background-enabled":"default","ast-page-background-meta":{"desktop":{"background-color":"var(--ast-global-color-4)","background-image":"","background-repeat":"repeat","background-position":"center center","background-size":"auto","background-attachment":"scroll","background-type":"","background-media":"","overlay-type":"","overlay-color":"","overlay-opacity":"","overlay-gradient":""},"tablet":{"background-color":"","background-image":"","background-repeat":"repeat","background-position":"center center","background-size":"auto","background-attachment":"scroll","background-type":"","background-media":"","overlay-type":"","overlay-color":"","overlay-opacity":"","overlay-gradient":""},"mobile":{"background-color":"","background-image":"","background-repeat":"repeat","background-position":"center center","background-size":"auto","background-attachment":"scroll","background-type":"","background-media":"","overlay-type":"","overlay-color":"","overlay-opacity":"","overlay-gradient":""}},"ast-content-background-meta":{"desktop":{"background-color":"var(--ast-global-color-5)","background-image":"","background-repeat":"repeat","background-position":"center center","background-size":"auto","background-attachment":"scroll","background-type":"","background-media":"","overlay-type":"","overlay-color":"","overlay-opacity":"","overlay-gradient":""},"tablet":{"background-color":"var(--ast-global-color-5)","background-image":"","background-repeat":"repeat","background-position":"center center","background-size":"auto","background-attachment":"scroll","background-type":"","background-media":"","overlay-type":"","overlay-color":"","overlay-opacity":"","overlay-gradient":""},"mobile":{"background-color":"var(--ast-global-color-5)","background-image":"","background-repeat":"repeat","background-position":"center center","background-size":"auto","background-attachment":"scroll","background-type":"","background-media":"","overlay-type":"","overlay-color":"","overlay-opacity":"","overlay-gradient":""}},"footnotes":""},"class_list":["post-232","page","type-page","status-publish","hentry"],"post_mailing_queue_ids":[],"_links":{"self":[{"href":"https:\/\/agora.xtec.cat\/ceip-ferra\/wp-json\/wp\/v2\/pages\/232","targetHints":{"allow":["GET"]}}],"collection":[{"href":"https:\/\/agora.xtec.cat\/ceip-ferra\/wp-json\/wp\/v2\/pages"}],"about":[{"href":"https:\/\/agora.xtec.cat\/ceip-ferra\/wp-json\/wp\/v2\/types\/page"}],"author":[{"embeddable":true,"href":"https:\/\/agora.xtec.cat\/ceip-ferra\/wp-json\/wp\/v2\/users\/1"}],"replies":[{"embeddable":true,"href":"https:\/\/agora.xtec.cat\/ceip-ferra\/wp-json\/wp\/v2\/comments?post=232"}],"version-history":[{"count":7,"href":"https:\/\/agora.xtec.cat\/ceip-ferra\/wp-json\/wp\/v2\/pages\/232\/revisions"}],"predecessor-version":[{"id":9431,"href":"https:\/\/agora.xtec.cat\/ceip-ferra\/wp-json\/wp\/v2\/pages\/232\/revisions\/9431"}],"up":[{"embeddable":true,"href":"https:\/\/agora.xtec.cat\/ceip-ferra\/wp-json\/wp\/v2\/pages\/226"}],"wp:attachment":[{"href":"https:\/\/agora.xtec.cat\/ceip-ferra\/wp-json\/wp\/v2\/media?parent=232"}],"curies":[{"name":"wp","href":"https:\/\/api.w.org\/{rel}","templated":true}]}}