{"id":226,"date":"2017-11-03T10:58:42","date_gmt":"2017-11-03T09:58:42","guid":{"rendered":"http:\/\/agora.xtec.cat\/ceip-ferra\/?page_id=226"},"modified":"2025-07-02T12:04:06","modified_gmt":"2025-07-02T10:04:06","slug":"documents-del-centre","status":"publish","type":"page","link":"https:\/\/agora.xtec.cat\/ceip-ferra\/lescola\/documents-del-centre\/","title":{"rendered":"Documents del centre"},"content":{"rendered":"<blockquote class=\"wp-embedded-content\" data-secret=\"mMV9iZaH83\"><p><a href=\"https:\/\/agora.xtec.cat\/ceip-ferra\/lescola\/documents-del-centre\/projecte-educatiu\/\">PEC &#8211; Projecte Educatiu de Centre<\/a><\/p><\/blockquote>\n<p><iframe loading=\"lazy\" class=\"wp-embedded-content\" sandbox=\"allow-scripts\" security=\"restricted\" style=\"position: absolute; visibility: hidden;\" title=\"&#8220;PEC &#8211; Projecte Educatiu de Centre&#8221; &#8212; Escola Josep Ferr\u00e0 i Esteva\" src=\"https:\/\/agora.xtec.cat\/ceip-ferra\/lescola\/documents-del-centre\/projecte-educatiu\/embed\/#?secret=jH0RK0u0oE#?secret=mMV9iZaH83\" data-secret=\"mMV9iZaH83\" width=\"500\" height=\"282\" frameborder=\"0\" marginwidth=\"0\" marginheight=\"0\" scrolling=\"no\"><\/iframe><\/p>\n<blockquote class=\"wp-embedded-content\" data-secret=\"bX1VRZwawu\"><p><a href=\"https:\/\/agora.xtec.cat\/ceip-ferra\/lescola\/documents-del-centre\/projecte-linguistic\/\">PLC &#8211; Projecte Ling\u00fc\u00edstic de Centre<\/a><\/p><\/blockquote>\n<p><iframe loading=\"lazy\" class=\"wp-embedded-content\" sandbox=\"allow-scripts\" security=\"restricted\" style=\"position: absolute; visibility: hidden;\" title=\"&#8220;PLC &#8211; Projecte Ling\u00fc\u00edstic de Centre&#8221; &#8212; Escola Josep Ferr\u00e0 i Esteva\" src=\"https:\/\/agora.xtec.cat\/ceip-ferra\/lescola\/documents-del-centre\/projecte-linguistic\/embed\/#?secret=13yyERAMWr#?secret=bX1VRZwawu\" data-secret=\"bX1VRZwawu\" width=\"500\" height=\"282\" frameborder=\"0\" marginwidth=\"0\" marginheight=\"0\" scrolling=\"no\"><\/iframe><\/p>\n<blockquote class=\"wp-embedded-content\" data-secret=\"ygjzYHVUJ8\"><p><a href=\"https:\/\/agora.xtec.cat\/ceip-ferra\/lescola\/documents-del-centre\/normes-dorganitzacio-i-funcionament\/\">NOFC &#8211; Normes d&#8217;Organitzaci\u00f3 i Funcionament<\/a><\/p><\/blockquote>\n<p><iframe loading=\"lazy\" class=\"wp-embedded-content\" sandbox=\"allow-scripts\" security=\"restricted\" style=\"position: absolute; visibility: hidden;\" title=\"&#8220;NOFC &#8211; Normes d&#8217;Organitzaci\u00f3 i Funcionament&#8221; &#8212; Escola Josep Ferr\u00e0 i Esteva\" src=\"https:\/\/agora.xtec.cat\/ceip-ferra\/lescola\/documents-del-centre\/normes-dorganitzacio-i-funcionament\/embed\/#?secret=njh10IxtVB#?secret=ygjzYHVUJ8\" data-secret=\"ygjzYHVUJ8\" width=\"500\" height=\"282\" frameborder=\"0\" marginwidth=\"0\" marginheight=\"0\" scrolling=\"no\"><\/iframe><\/p>\n<blockquote class=\"wp-embedded-content\" data-secret=\"2OhUJwXURQ\"><p><a href=\"https:\/\/agora.xtec.cat\/ceip-ferra\/lescola\/documents-del-centre\/carta-de-compromis-educatiu\/\">Carta de Comprom\u00eds Educatiu<\/a><\/p><\/blockquote>\n<p><iframe loading=\"lazy\" class=\"wp-embedded-content\" sandbox=\"allow-scripts\" security=\"restricted\" style=\"position: absolute; visibility: hidden;\" title=\"&#8220;Carta de Comprom\u00eds Educatiu&#8221; &#8212; Escola Josep Ferr\u00e0 i Esteva\" src=\"https:\/\/agora.xtec.cat\/ceip-ferra\/lescola\/documents-del-centre\/carta-de-compromis-educatiu\/embed\/#?secret=7L2H4oU3Vj#?secret=2OhUJwXURQ\" data-secret=\"2OhUJwXURQ\" width=\"500\" height=\"282\" frameborder=\"0\" marginwidth=\"0\" marginheight=\"0\" scrolling=\"no\"><\/iframe><\/p>\n<blockquote class=\"wp-embedded-content\" data-secret=\"OPxbNI9tlp\"><p><a href=\"https:\/\/agora.xtec.cat\/ceip-ferra\/general\/pocat\/\">POCAT<\/a><\/p><\/blockquote>\n<p><iframe loading=\"lazy\" class=\"wp-embedded-content\" sandbox=\"allow-scripts\" security=\"restricted\" style=\"position: absolute; visibility: hidden;\" title=\"&#8220;POCAT&#8221; &#8212; Escola Josep Ferr\u00e0 i Esteva\" src=\"https:\/\/agora.xtec.cat\/ceip-ferra\/general\/pocat\/embed\/#?secret=MkgcAHyiSQ#?secret=OPxbNI9tlp\" data-secret=\"OPxbNI9tlp\" width=\"500\" height=\"282\" frameborder=\"0\" marginwidth=\"0\" marginheight=\"0\" scrolling=\"no\"><\/iframe><\/p>\n<blockquote class=\"wp-embedded-content\" data-secret=\"w9dxJB3wai\"><p><a href=\"https:\/\/agora.xtec.cat\/ceip-ferra\/altres-informacions\/\">Altres informacions<\/a><\/p><\/blockquote>\n<p><iframe loading=\"lazy\" class=\"wp-embedded-content\" sandbox=\"allow-scripts\" security=\"restricted\" style=\"position: absolute; visibility: hidden;\" title=\"&#8220;Altres informacions&#8221; &#8212; Escola Josep Ferr\u00e0 i Esteva\" src=\"https:\/\/agora.xtec.cat\/ceip-ferra\/altres-informacions\/embed\/#?secret=ZC6cJAcUxq#?secret=w9dxJB3wai\" data-secret=\"w9dxJB3wai\" width=\"500\" height=\"282\" frameborder=\"0\" marginwidth=\"0\" marginheight=\"0\" scrolling=\"no\"><\/iframe><\/p>\n","protected":false},"excerpt":{"rendered":"<p>PEC &#8211; Projecte Educatiu de Centre PLC &#8211; Projecte Ling\u00fc\u00edstic de Centre NOFC &#8211; Normes d&#8217;Organitzaci\u00f3 i Funcionament Carta de Comprom\u00eds Educatiu POCAT Altres informacions<\/p>\n","protected":false},"author":1,"featured_media":0,"parent":22,"menu_order":0,"comment_status":"closed","ping_status":"closed","template":"","meta":{"_bbp_topic_count":0,"_bbp_reply_count":0,"_bbp_total_topic_count":0,"_bbp_total_reply_count":0,"_bbp_voice_count":0,"_bbp_anonymous_reply_count":0,"_bbp_topic_count_hidden":0,"_bbp_reply_count_hidden":0,"_bbp_forum_subforum_count":0,"site-sidebar-layout":"default","site-content-layout":"","ast-site-content-layout":"default","site-content-style":"default","site-sidebar-style":"default","ast-global-header-display":"","ast-banner-title-visibility":"","ast-main-header-display":"","ast-hfb-above-header-display":"","ast-hfb-below-header-display":"","ast-hfb-mobile-header-display":"","site-post-title":"","ast-breadcrumbs-content":"","ast-featured-img":"","footer-sml-layout":"","theme-transparent-header-meta":"default","adv-header-id-meta":"","stick-header-meta":"","header-above-stick-meta":"","header-main-stick-meta":"","header-below-stick-meta":"","astra-migrate-meta-layouts":"set","ast-page-background-enabled":"default","ast-page-background-meta":{"desktop":{"background-color":"var(--ast-global-color-4)","background-image":"","background-repeat":"repeat","background-position":"center center","background-size":"auto","background-attachment":"scroll","background-type":"","background-media":"","overlay-type":"","overlay-color":"","overlay-opacity":"","overlay-gradient":""},"tablet":{"background-color":"","background-image":"","background-repeat":"repeat","background-position":"center center","background-size":"auto","background-attachment":"scroll","background-type":"","background-media":"","overlay-type":"","overlay-color":"","overlay-opacity":"","overlay-gradient":""},"mobile":{"background-color":"","background-image":"","background-repeat":"repeat","background-position":"center center","background-size":"auto","background-attachment":"scroll","background-type":"","background-media":"","overlay-type":"","overlay-color":"","overlay-opacity":"","overlay-gradient":""}},"ast-content-background-meta":{"desktop":{"background-color":"var(--ast-global-color-5)","background-image":"","background-repeat":"repeat","background-position":"center center","background-size":"auto","background-attachment":"scroll","background-type":"","background-media":"","overlay-type":"","overlay-color":"","overlay-opacity":"","overlay-gradient":""},"tablet":{"background-color":"var(--ast-global-color-5)","background-image":"","background-repeat":"repeat","background-position":"center center","background-size":"auto","background-attachment":"scroll","background-type":"","background-media":"","overlay-type":"","overlay-color":"","overlay-opacity":"","overlay-gradient":""},"mobile":{"background-color":"var(--ast-global-color-5)","background-image":"","background-repeat":"repeat","background-position":"center center","background-size":"auto","background-attachment":"scroll","background-type":"","background-media":"","overlay-type":"","overlay-color":"","overlay-opacity":"","overlay-gradient":""}},"footnotes":""},"class_list":["post-226","page","type-page","status-publish","hentry"],"post_mailing_queue_ids":[],"_links":{"self":[{"href":"https:\/\/agora.xtec.cat\/ceip-ferra\/wp-json\/wp\/v2\/pages\/226","targetHints":{"allow":["GET"]}}],"collection":[{"href":"https:\/\/agora.xtec.cat\/ceip-ferra\/wp-json\/wp\/v2\/pages"}],"about":[{"href":"https:\/\/agora.xtec.cat\/ceip-ferra\/wp-json\/wp\/v2\/types\/page"}],"author":[{"embeddable":true,"href":"https:\/\/agora.xtec.cat\/ceip-ferra\/wp-json\/wp\/v2\/users\/1"}],"replies":[{"embeddable":true,"href":"https:\/\/agora.xtec.cat\/ceip-ferra\/wp-json\/wp\/v2\/comments?post=226"}],"version-history":[{"count":2,"href":"https:\/\/agora.xtec.cat\/ceip-ferra\/wp-json\/wp\/v2\/pages\/226\/revisions"}],"predecessor-version":[{"id":9803,"href":"https:\/\/agora.xtec.cat\/ceip-ferra\/wp-json\/wp\/v2\/pages\/226\/revisions\/9803"}],"up":[{"embeddable":true,"href":"https:\/\/agora.xtec.cat\/ceip-ferra\/wp-json\/wp\/v2\/pages\/22"}],"wp:attachment":[{"href":"https:\/\/agora.xtec.cat\/ceip-ferra\/wp-json\/wp\/v2\/media?parent=226"}],"curies":[{"name":"wp","href":"https:\/\/api.w.org\/{rel}","templated":true}]}}