{"id":223,"date":"2017-11-03T10:55:47","date_gmt":"2017-11-03T09:55:47","guid":{"rendered":"http:\/\/agora.xtec.cat\/ceip-ferra\/?page_id=223"},"modified":"2023-07-12T13:19:33","modified_gmt":"2023-07-12T11:19:33","slug":"informacions-generals","status":"publish","type":"page","link":"https:\/\/agora.xtec.cat\/ceip-ferra\/families\/informacions-generals\/","title":{"rendered":"Informacions generals"},"content":{"rendered":"<section id=\"content\" class=\"page6\">\n<div class=\"container perspective\">\n<div class=\"row mar_t_6 \">\n<div class=\"grid_12 bord_1 pad_b_95\">\n<h5 class=\"s5\" style=\"text-align: justify;\"><a class=\"\" href=\"http:\/\/www.xtec.cat\/ceip-ferra\/Informacions.html#\"> <img decoding=\"async\" src=\"http:\/\/www.xtec.cat\/ceip-ferra\/BallIcons\/light gradient\/100x100\/bell.png\" alt=\"\" width=\"50\" \/><\/a>\u00a0 Assist\u00e8ncia i puntualitat<\/h5>\n<p class=\"s5\" style=\"text-align: justify;\">L\u2019assist\u00e8ncia a l\u2019escola \u00e9s obligat\u00f2ria i en cas d\u2019abs\u00e8ncia cal notificar-ho al tutor mitjan\u00e7ant l&#8217;agenda o telefonar a secretaria. Pel bon funcionament de les activitats del centre cal que la puntualitat sigui respectada per tothom. En cas d\u2019arribar amb retard, tamb\u00e9 cal justificar-ho.<\/p>\n<h5 class=\"mar_t_4 s6\" style=\"text-align: justify;\"><a class=\"\" href=\"http:\/\/www.xtec.cat\/ceip-ferra\/Informacions.html#\"> <img decoding=\"async\" src=\"http:\/\/www.xtec.cat\/ceip-ferra\/BallIcons\/light gradient\/100x100\/run.png\" alt=\"\" width=\"50\" \/><\/a>\u00a0 Entrades al centre<\/h5>\n<p class=\"mar_t_4 s6\" style=\"text-align: justify;\">Els alumnes de prim\u00e0ria entren sols al centre i van directament a la seva aula sense fer files. Els mestres controlen en tot moment l\u2019entrada. Els alumnes d&#8217;educaci\u00f3 infantil entren sols al vest\u00edbul, on els acullen les mestres de refor\u00e7 i van sols cap a les respectives aules on els esperen les tutores.<\/p>\n<p class=\"mar_t_4 s6\" style=\"text-align: justify;\">Els pares i mares que hagin de realitzar gestions administratives, de menjador o AMPA podran accedir al centre un cop els alumnes hagin entrat.<\/p>\n<p class=\"mar_t_4 s6\" style=\"text-align: justify;\">Durant les hores de classe els pares i mares que vinguin al centre han de passar per consergeria o per secretaria i no poden pujar directament a les aules.<\/p>\n<h5 class=\"mar_t_4 s7\" style=\"text-align: justify;\"><a class=\"\" href=\"http:\/\/www.xtec.cat\/ceip-ferra\/Informacions.html#\"> <img decoding=\"async\" src=\"http:\/\/www.xtec.cat\/ceip-ferra\/BallIcons\/light gradient\/100x100\/buzzer.png\" alt=\"\" width=\"50\" \/>\u00a0 <\/a>Sortides del centre<\/h5>\n<p class=\"mar_t_4 s7\" style=\"text-align: justify;\">Els mestres acompanyen els alumnes de prim\u00e0ria fins la porta exterior, on els pares els recullen puntualment o marxen sols cap a casa.<\/p>\n<p class=\"mar_t_4 s7\" style=\"text-align: justify;\">Els alumnes de 1r i 2n es lliuren a cada fam\u00edlia o persona autoritzada a la porta del pati.<\/p>\n<p class=\"mar_t_4 s7\" style=\"text-align: justify;\">Els pares recullen els alumnes d&#8217;educaci\u00f3 infantil a la seva aula, intentant d\u2019evitar aglomeracions als passadissos o entrades.<\/p>\n<p class=\"mar_t_4 s7\" style=\"text-align: justify;\">Cal avisar els tutors o l&#8217;administrativa quan els alumnes hagin de sortir del centre durant les hores de classe. En aquest cas tots els alumnes ho han de fer acompanyats de la persona responsable, mai se\u2019ls deixar\u00e0 sortir sols.<\/p>\n<h5 class=\"mar_t_4 s8\" style=\"text-align: justify;\"><a class=\"\" href=\"http:\/\/www.xtec.cat\/ceip-ferra\/Informacions.html#\"> <img decoding=\"async\" src=\"http:\/\/www.xtec.cat\/ceip-ferra\/BallIcons\/light gradient\/100x100\/pills.png\" alt=\"\" width=\"50\" \/>\u00a0 <\/a>Medicaments i malalties<\/h5>\n<p class=\"mar_t_4 s8\" style=\"text-align: justify;\">L\u2019administraci\u00f3 de medicaments, quan no es pugui fer a casa, es realitzar\u00e0 sempre que hi hagi l\u2019oportuna prescripci\u00f3 m\u00e8dica i l\u2019autoritzaci\u00f3 de la fam\u00edlia. Si els vostres fills pateixen alguna al\u00b7l\u00e8rgia o malaltia rellevant, cal que ho comuniqueu al vostre tutor i lliureu una c\u00f2pia de l\u2019informe m\u00e8dic corresponent.<\/p>\n<h5 class=\"mar_t_4 s9\" style=\"text-align: justify;\"><a class=\"\" href=\"http:\/\/www.xtec.cat\/ceip-ferra\/Informacions.html#\"> <img decoding=\"async\" src=\"http:\/\/www.xtec.cat\/ceip-ferra\/BallIcons\/light gradient\/100x100\/like.png\" alt=\"\" width=\"50\" \/>\u00a0 <\/a>Higiene personal: POLLS<\/h5>\n<p class=\"mar_t_4 s9\" style=\"text-align: justify;\">De vegades observem al cabell d&#8217;alguns alumnes la pres\u00e8ncia de ll\u00e9menes (ous de poll), per la qual cosa us demanem que examineu regularment els vostres fills. En cas de detectar-ne us demanem que no porteu els vostres fills al centre i que feu algun tractament per tal d&#8217;eliminar els polls i les ll\u00e9menes.<\/p>\n<p class=\"mar_t_4 s9\" style=\"text-align: justify;\">Quan des de l\u2019escola detectem que els vostres fills tenen polls, us trucarem per tal que els vingueu a recollir. ALGUNES MESURES PREVENTIVES:<\/p>\n<p class=\"mar_t_4 s9\" style=\"text-align: justify;\">&#8211; Raspallar els cabells cada dia, mantenint nets els raspalls.<\/p>\n<p class=\"mar_t_4 s9\" style=\"text-align: justify;\">&#8211; Informar als nens\/es que l\u2019intercanvi d\u2019objectes pot afavorir el contagi.<\/p>\n<p class=\"mar_t_4 s9\" style=\"text-align: justify;\">&#8211; Per tant no s\u2019han de compartir ni pintes, ni raspall de cabell, ni tovalloles, ni gorres.<\/p>\n<p class=\"mar_t_4 s9\" style=\"text-align: justify;\">&#8211; Revisar els cabells dels nens\/es i de les persones que hi conviuen dos o tres cops per setmana, sobretot si es graten el cap o es queixen de picor.<\/p>\n<p class=\"mar_t_4 s9\" style=\"text-align: justify;\">&#8211; Si observeu que el vostre fill\/a t\u00e9 polls cal que aviseu al mestre\/a, o al director\/a de l\u2019escola.<\/p>\n<p class=\"mar_t_4 s9\" style=\"text-align: justify;\">&#8211; No s\u2019han d\u2019administrar insecticides \u201cper prevenir\u201d a persones no parasitades.<\/p>\n<h5 class=\"mar_t_4 s10\" style=\"text-align: justify;\"><a class=\"\" href=\"http:\/\/www.xtec.cat\/ceip-ferra\/Informacions.html#\"><img decoding=\"async\" src=\"http:\/\/www.xtec.cat\/ceip-ferra\/BallIcons\/light gradient\/100x100\/Roba.png\" alt=\"\" width=\"50\" \/>\u00a0 <\/a>Roba perduda<\/h5>\n<p class=\"mar_t_4 s10\" style=\"text-align: justify;\">Recordeu que tota la roba ha d\u2019anar degudament marcada. Tota la roba que es troba sense el nom es recull i es porta a consergeria. Al final del trimestre la roba no recollida es lliura als contenidors per a roba.<\/p>\n<h5 class=\"mar_t_4 s11\" style=\"text-align: justify;\"><a class=\"\" href=\"http:\/\/www.xtec.cat\/ceip-ferra\/Informacions.html#\"><img decoding=\"async\" src=\"http:\/\/www.xtec.cat\/ceip-ferra\/BallIcons\/light gradient\/100x100\/letter.png\" alt=\"\" width=\"50\" \/>\u00a0 <\/a>Comunicaci\u00f3 fam\u00edlia-escola<\/h5>\n<p class=\"mar_t_4 s11\" style=\"text-align: justify;\">Per tal de facilitar la comunicaci\u00f3 entre la fam\u00edlia i l\u2019escola (avisos, sol\u00b7licitud d\u2019entrevistes,&#8230;) cal fer-ho a trav\u00e9s del tokapp.<\/p>\n<\/div>\n<\/div>\n<\/div>\n<\/section>\n","protected":false},"excerpt":{"rendered":"<p>\u00a0 Assist\u00e8ncia i puntualitat L\u2019assist\u00e8ncia a l\u2019escola \u00e9s obligat\u00f2ria i en cas d\u2019abs\u00e8ncia cal notificar-ho al tutor mitjan\u00e7ant l&#8217;agenda o telefonar a secretaria. Pel bon funcionament de les activitats del centre cal que la puntualitat sigui respectada per tothom. En cas d\u2019arribar amb retard, tamb\u00e9 cal justificar-ho. \u00a0 Entrades al centre Els alumnes de prim\u00e0ria [&hellip;]<\/p>\n","protected":false},"author":1,"featured_media":0,"parent":64,"menu_order":0,"comment_status":"closed","ping_status":"closed","template":"page-templates\/side-menu.php","meta":{"_bbp_topic_count":0,"_bbp_reply_count":0,"_bbp_total_topic_count":0,"_bbp_total_reply_count":0,"_bbp_voice_count":0,"_bbp_anonymous_reply_count":0,"_bbp_topic_count_hidden":0,"_bbp_reply_count_hidden":0,"_bbp_forum_subforum_count":0,"site-sidebar-layout":"default","site-content-layout":"","ast-site-content-layout":"","site-content-style":"default","site-sidebar-style":"default","ast-global-header-display":"","ast-banner-title-visibility":"","ast-main-header-display":"","ast-hfb-above-header-display":"","ast-hfb-below-header-display":"","ast-hfb-mobile-header-display":"","site-post-title":"","ast-breadcrumbs-content":"","ast-featured-img":"","footer-sml-layout":"","theme-transparent-header-meta":"","adv-header-id-meta":"","stick-header-meta":"","header-above-stick-meta":"","header-main-stick-meta":"","header-below-stick-meta":"","astra-migrate-meta-layouts":"default","ast-page-background-enabled":"default","ast-page-background-meta":{"desktop":{"background-color":"var(--ast-global-color-4)","background-image":"","background-repeat":"repeat","background-position":"center center","background-size":"auto","background-attachment":"scroll","background-type":"","background-media":"","overlay-type":"","overlay-color":"","overlay-opacity":"","overlay-gradient":""},"tablet":{"background-color":"","background-image":"","background-repeat":"repeat","background-position":"center center","background-size":"auto","background-attachment":"scroll","background-type":"","background-media":"","overlay-type":"","overlay-color":"","overlay-opacity":"","overlay-gradient":""},"mobile":{"background-color":"","background-image":"","background-repeat":"repeat","background-position":"center center","background-size":"auto","background-attachment":"scroll","background-type":"","background-media":"","overlay-type":"","overlay-color":"","overlay-opacity":"","overlay-gradient":""}},"ast-content-background-meta":{"desktop":{"background-color":"var(--ast-global-color-5)","background-image":"","background-repeat":"repeat","background-position":"center center","background-size":"auto","background-attachment":"scroll","background-type":"","background-media":"","overlay-type":"","overlay-color":"","overlay-opacity":"","overlay-gradient":""},"tablet":{"background-color":"var(--ast-global-color-5)","background-image":"","background-repeat":"repeat","background-position":"center center","background-size":"auto","background-attachment":"scroll","background-type":"","background-media":"","overlay-type":"","overlay-color":"","overlay-opacity":"","overlay-gradient":""},"mobile":{"background-color":"var(--ast-global-color-5)","background-image":"","background-repeat":"repeat","background-position":"center center","background-size":"auto","background-attachment":"scroll","background-type":"","background-media":"","overlay-type":"","overlay-color":"","overlay-opacity":"","overlay-gradient":""}},"footnotes":""},"class_list":["post-223","page","type-page","status-publish","hentry"],"post_mailing_queue_ids":[],"_links":{"self":[{"href":"https:\/\/agora.xtec.cat\/ceip-ferra\/wp-json\/wp\/v2\/pages\/223","targetHints":{"allow":["GET"]}}],"collection":[{"href":"https:\/\/agora.xtec.cat\/ceip-ferra\/wp-json\/wp\/v2\/pages"}],"about":[{"href":"https:\/\/agora.xtec.cat\/ceip-ferra\/wp-json\/wp\/v2\/types\/page"}],"author":[{"embeddable":true,"href":"https:\/\/agora.xtec.cat\/ceip-ferra\/wp-json\/wp\/v2\/users\/1"}],"replies":[{"embeddable":true,"href":"https:\/\/agora.xtec.cat\/ceip-ferra\/wp-json\/wp\/v2\/comments?post=223"}],"version-history":[{"count":3,"href":"https:\/\/agora.xtec.cat\/ceip-ferra\/wp-json\/wp\/v2\/pages\/223\/revisions"}],"predecessor-version":[{"id":8703,"href":"https:\/\/agora.xtec.cat\/ceip-ferra\/wp-json\/wp\/v2\/pages\/223\/revisions\/8703"}],"up":[{"embeddable":true,"href":"https:\/\/agora.xtec.cat\/ceip-ferra\/wp-json\/wp\/v2\/pages\/64"}],"wp:attachment":[{"href":"https:\/\/agora.xtec.cat\/ceip-ferra\/wp-json\/wp\/v2\/media?parent=223"}],"curies":[{"name":"wp","href":"https:\/\/api.w.org\/{rel}","templated":true}]}}