{"id":5397,"date":"2019-06-03T19:33:39","date_gmt":"2019-06-03T17:33:39","guid":{"rendered":"http:\/\/agora.xtec.cat\/ceip-falba\/?page_id=5397"},"modified":"2023-03-06T12:34:17","modified_gmt":"2023-03-06T11:34:17","slug":"com-aprenem","status":"publish","type":"page","link":"https:\/\/agora.xtec.cat\/ceip-falba\/com-aprenem\/","title":{"rendered":"Com aprenem"},"content":{"rendered":"<p>Les metodologies i pr\u00e0ctiques d\u2019aula estan alineades amb el coneixement de com apr\u00e8n el nostre alumnat i quins s\u00f3n els seus interessos. Dissenyem\u00a0 les propostes did\u00e0ctiques emmarcades en els <strong>set principis que orienten la creaci\u00f3 dels entorns d\u2019aprenentatge del segle XXI:<\/strong><\/p>\n<p>1. L\u2019alumnat \u00e9s el centre de l\u2019aprenentatge.<br \/>\n2. L\u2019aprenentatge \u00e9s de naturalesa social.<br \/>\n3. Les emocions s\u00f3n part integral de l\u2019aprenentatge.<br \/>\n4. L\u2019aprenentatge ha de tenir en compte les difer\u00e8ncies individuals.<br \/>\n5. L\u2019esfor\u00e7 de tot l\u2019alumnat \u00e9s clau per a l\u2019aprenentatge.<br \/>\n6. L\u2019avaluaci\u00f3 continuada afavoreix l\u2019aprenentatge.<br \/>\n7. Aprendre \u00e9s construir connexions horitzontals.<\/p>\n<p>Podeu ampliar la informaci\u00f3 amb aquesta infografia que ha estat tradu\u00efda i adaptada per la Fundaci\u00f3 Jaume Bofill a partir dels continguts de <a href=\"http:\/\/www.oecd.org\/education\/ceri\/thenatureoflearningusingresearchtoinspirepractice.htm\" target=\"_blank\" rel=\"noopener\"><em>The Nature of Learning: Using Research to Inspire Practice<\/em><\/a>, OECD Publications, 2010: <a href=\"https:\/\/drive.google.com\/file\/d\/115AQ43IaH_TuIsKVbPKfEvQdDRgNY4BL\/view?usp=sharing\">INFOGRAFIA DELS 7 PRINCIPIS DE L&#8217;APRENENTATGE<\/a><\/p>\n","protected":false},"excerpt":{"rendered":"<p>Les metodologies i pr\u00e0ctiques d\u2019aula estan alineades amb el coneixement de com apr\u00e8n el nostre alumnat i quins s\u00f3n els seus interessos. Dissenyem\u00a0 les propostes did\u00e0ctiques emmarcades en els set principis que orienten la creaci\u00f3 dels entorns d\u2019aprenentatge del segle XXI:<br \/>\n1. L\u2019alumnat \u00e9s el centre&hellip;  <a href=\"https:\/\/agora.xtec.cat\/ceip-falba\/com-aprenem\/\" title=\"Read Com aprenem\">Llegeix m\u00e9s\u00bb<\/a><\/p>\n","protected":false},"author":1,"featured_media":0,"parent":0,"menu_order":0,"comment_status":"closed","ping_status":"closed","template":"","meta":{"_bbp_topic_count":0,"_bbp_reply_count":0,"_bbp_total_topic_count":0,"_bbp_total_reply_count":0,"_bbp_voice_count":0,"_bbp_anonymous_reply_count":0,"_bbp_topic_count_hidden":0,"_bbp_reply_count_hidden":0,"_bbp_forum_subforum_count":0,"footnotes":""},"class_list":["post-5397","page","type-page","status-publish","hentry"],"post_mailing_queue_ids":[],"_links":{"self":[{"href":"https:\/\/agora.xtec.cat\/ceip-falba\/wp-json\/wp\/v2\/pages\/5397","targetHints":{"allow":["GET"]}}],"collection":[{"href":"https:\/\/agora.xtec.cat\/ceip-falba\/wp-json\/wp\/v2\/pages"}],"about":[{"href":"https:\/\/agora.xtec.cat\/ceip-falba\/wp-json\/wp\/v2\/types\/page"}],"author":[{"embeddable":true,"href":"https:\/\/agora.xtec.cat\/ceip-falba\/wp-json\/wp\/v2\/users\/1"}],"replies":[{"embeddable":true,"href":"https:\/\/agora.xtec.cat\/ceip-falba\/wp-json\/wp\/v2\/comments?post=5397"}],"version-history":[{"count":3,"href":"https:\/\/agora.xtec.cat\/ceip-falba\/wp-json\/wp\/v2\/pages\/5397\/revisions"}],"predecessor-version":[{"id":11188,"href":"https:\/\/agora.xtec.cat\/ceip-falba\/wp-json\/wp\/v2\/pages\/5397\/revisions\/11188"}],"wp:attachment":[{"href":"https:\/\/agora.xtec.cat\/ceip-falba\/wp-json\/wp\/v2\/media?parent=5397"}],"curies":[{"name":"wp","href":"https:\/\/api.w.org\/{rel}","templated":true}]}}