{"id":260,"date":"2016-02-16T17:09:39","date_gmt":"2016-02-16T16:09:39","guid":{"rendered":"http:\/\/agora.xtec.cat\/ceip-falba\/?page_id=260"},"modified":"2025-10-02T11:13:52","modified_gmt":"2025-10-02T09:13:52","slug":"secretaria","status":"publish","type":"page","link":"https:\/\/agora.xtec.cat\/ceip-falba\/informacions-del-curs\/secretaria\/","title":{"rendered":"Secretaria"},"content":{"rendered":"<p>Podeu descarregar i imprimir tots aquests documents:<\/p>\n<p><a href=\"https:\/\/drive.google.com\/file\/d\/12XdZMwz6qcaP0Hx8FxBOM4pX8Lle1z0T\/view?usp=sharing\">Autoritzaci\u00f3 sortides Terrassa<\/a><\/p>\n<p><a href=\"https:\/\/drive.google.com\/file\/d\/1q5UkQkUXSpU2HvaVWqExHo5utafjCoLf\/view?usp=sharing\">Autoritzaci\u00f3 administraci\u00f3 paracetamol<\/a><\/p>\n<p><a href=\"https:\/\/drive.google.com\/file\/d\/1OHzLWU5CQMbFKACJ5L_8ZZB2p70eLYQO\/view?usp=sharing\">Autoritzaci\u00f3 recollida alumnat per altres persones<\/a><\/p>\n<p><a href=\"https:\/\/drive.google.com\/file\/d\/11wVCtqieE5as92Nx4q8OtvHG4qL4RXKG\/view?usp=sharing\">Autoritzaci\u00f3 administraci\u00f3 de medicaments<\/a><\/p>\n<p>&nbsp;<\/p>\n<p><strong>\u00a0 \u00a0 \u00a0 \u00a0 \u00a0 \u00a0 \u00a0 \u00a0 \u00a0 \u00a0 \u00a0 \u00a0 \u00a0 \u00a0 \u00a0 \u00a0 \u00a0 \u00a0 \u00a0 \u00a0 \u00a0 \u00a0 \u00a0 \u00a0 \u00a0 \u00a0 \u00a0 \u00a0 \u00a0 \u00a0 \u00a0 \u00a0 <span style=\"color: #666699;\">ATENCI\u00d3 FAM\u00cdLIES EQUIP DIRECTIU,\u00a0 ADMINISTRACI\u00d3 I T\u00c8CNICA D&#8217;INTEGRACI\u00d3 SOCIAL<\/span><\/strong><\/p>\n<p><b>DIRECTORA:<\/b><b> ISABEL GUZM\u00c1N<\/b><\/p>\n<ul>\n<li style=\"font-weight: 400;\" aria-level=\"1\"><span style=\"font-weight: 400;\">Dilluns de 9 a 10h.<\/span><\/li>\n<li style=\"font-weight: 400;\" aria-level=\"1\"><span style=\"font-weight: 400;\">Divendres de 16 a 17h.<\/span><\/li>\n<\/ul>\n<p><b>CAP D\u2019ESTUDIS:<\/b><b> SONIA ESCUDERO<\/b><\/p>\n<ul>\n<li style=\"font-weight: 400;\" aria-level=\"1\">Dilluns de 15 a 16h<\/li>\n<li aria-level=\"1\">Dijous de 9 a 10h<\/li>\n<\/ul>\n<p><b>SECRET\u00c0RIA: M\u00cdRIAM MU\u00d1OZ (<\/b><b>p. abs\u00e8ncia: EVA ALCAIDE)<\/b><\/p>\n<ul>\n<li style=\"font-weight: 400;\" aria-level=\"1\"><span style=\"font-weight: 400;\">Dilluns de 9 a 10h<\/span><\/li>\n<li style=\"font-weight: 400;\" aria-level=\"1\"><span style=\"font-weight: 400;\">Dijous de 16 a 17h.<\/span><\/li>\n<\/ul>\n<p><b>ADMINISTRATIVA:<\/b><b>\u00a0QUIMA JUSTE<\/b><\/p>\n<ul>\n<li aria-level=\"1\">De dilluns a divendres de 9 a 11h i de 15 a 16:30h.<b><br \/>\n<\/b><\/li>\n<\/ul>\n<p><b>T\u00c8CNICA D\u2019INTEGRACI\u00d3 SOCIAL:<\/b><b> QUERALT VILALTA<\/b><\/p>\n<p><a href=\"http:\/\/Programa T\u00e8cnics d\u2019integraci\u00f3 social i educadors socials\"><b>( Programa T\u00e8cnics d\u2019integraci\u00f3 social i educadors socials )<\/b><\/a><\/p>\n<ul>\n<li style=\"font-weight: 400;\" aria-level=\"1\"><span style=\"font-weight: 400; color: #000000;\">De dilluns a divendres de 9 a 10h.\u00a0<\/span><\/li>\n<\/ul>\n<p><span style=\"color: #000000;\"><b>PROMOTOR DE CULTURA GITANA:<\/b><b>\u00a0<\/b><\/span><\/p>\n<ul>\n<li style=\"font-weight: 400;\" aria-level=\"1\"><\/li>\n<\/ul>\n<p><b>MEDIADOR CULTURA MARROQUINA:<\/b><b> HASSAN<\/b><\/p>\n<ul>\n<li aria-level=\"1\"><\/li>\n<\/ul>\n<p>&nbsp;<\/p>\n<p><strong>CERTIFICATS<\/strong><\/p>\n<p>Si us cal un certificat d&#8217;escolaritzaci\u00f3, matr\u00edcula,&#8230; demaneu-lo amb UNA SETMANA de temps.<\/p>\n<p><strong>PAGAMENTS<\/strong><br \/>\nEls pagaments (transfer\u00e8ncia, caixer, domiciliaci\u00f3)\u00a0 per les quotes de r<em>eutilitzaci\u00f3 de llibres i aportaci\u00f3 econ\u00f2mica del material<\/em>\u00a0es faran al compte del centre\u00a0<strong>BBVA\u00a0 ES65 0182-8135-10-0201542863, <\/strong>\u00a0indicant a l&#8217;apartat\u00a0<em>concepte, <\/em>el\u00a0<strong>nom de l&#8217;alumne i curs.<\/strong><\/p>\n<p>Les sortides i excursions s&#8217;abonaran al tutor\/a en el termini establert.<\/p>\n<p>&nbsp;<\/p>\n<p><a href=\"https:\/\/docs.google.com\/document\/d\/1JC8gsJzlrj40TFV4JAiiJ1qA-b_9CcytjGWtQD6zDrc\/edit?usp=sharing\"><strong>LIQUIDACI\u00d3 I PRESSUPOST DE L&#8217;ESCOLA<\/strong><\/a><\/p>\n<div class=\"itanywhere-activator\" style=\"left: 450px; top: 978px; display: none;\" title=\"Google Translator Anywhere\"><\/div>\n","protected":false},"excerpt":{"rendered":"<p>Podeu descarregar i imprimir tots aquests documents:<br \/>\n<a href=\"https:\/\/drive.google.com\/file\/d\/12XdZMwz6qcaP0Hx8FxBOM4pX8Lle1z0T\/view?usp=sharing\">Autoritzaci\u00f3 sortides Terrassa<\/a><br \/>\n<a href=\"https:\/\/drive.google.com\/file\/d\/1q5UkQkUXSpU2HvaVWqExHo5utafjCoLf\/view?usp=sharing\">Autoritzaci\u00f3 administraci\u00f3 paracetamol<\/a><br \/>\n<a href=\"https:\/\/drive.google.com\/file\/d\/1OHzLWU5CQMbFKACJ5L_8ZZB2p70eLYQO\/view?usp=sharing\">Autoritzaci\u00f3 recollida alumnat per altres persones<\/a><br \/>\n<a href=\"https:\/\/drive.google.com\/file\/d\/11wVCtqieE5as92Nx4q8OtvHG4qL4RXKG\/view?usp=sharing\">Autoritzaci\u00f3 administraci\u00f3 de medicaments<\/a><br \/>\n&nbsp;<br \/>\n\u00a0 \u00a0 \u00a0 \u00a0 \u00a0 \u00a0 \u00a0 \u00a0 \u00a0 \u00a0 \u00a0 \u00a0 \u00a0 \u00a0 \u00a0 \u00a0 \u00a0 \u00a0 \u00a0 \u00a0 \u00a0 \u00a0 \u00a0&hellip;  <a href=\"https:\/\/agora.xtec.cat\/ceip-falba\/informacions-del-curs\/secretaria\/\" title=\"Read Secretaria\">Llegeix m\u00e9s\u00bb<\/a><\/p>\n","protected":false},"author":1,"featured_media":0,"parent":5385,"menu_order":71,"comment_status":"closed","ping_status":"closed","template":"page-templates\/side-menu.php","meta":{"_bbp_topic_count":0,"_bbp_reply_count":0,"_bbp_total_topic_count":0,"_bbp_total_reply_count":0,"_bbp_voice_count":0,"_bbp_anonymous_reply_count":0,"_bbp_topic_count_hidden":0,"_bbp_reply_count_hidden":0,"_bbp_forum_subforum_count":0,"footnotes":""},"class_list":["post-260","page","type-page","status-publish","hentry"],"post_mailing_queue_ids":[],"_links":{"self":[{"href":"https:\/\/agora.xtec.cat\/ceip-falba\/wp-json\/wp\/v2\/pages\/260","targetHints":{"allow":["GET"]}}],"collection":[{"href":"https:\/\/agora.xtec.cat\/ceip-falba\/wp-json\/wp\/v2\/pages"}],"about":[{"href":"https:\/\/agora.xtec.cat\/ceip-falba\/wp-json\/wp\/v2\/types\/page"}],"author":[{"embeddable":true,"href":"https:\/\/agora.xtec.cat\/ceip-falba\/wp-json\/wp\/v2\/users\/1"}],"replies":[{"embeddable":true,"href":"https:\/\/agora.xtec.cat\/ceip-falba\/wp-json\/wp\/v2\/comments?post=260"}],"version-history":[{"count":6,"href":"https:\/\/agora.xtec.cat\/ceip-falba\/wp-json\/wp\/v2\/pages\/260\/revisions"}],"predecessor-version":[{"id":13252,"href":"https:\/\/agora.xtec.cat\/ceip-falba\/wp-json\/wp\/v2\/pages\/260\/revisions\/13252"}],"up":[{"embeddable":true,"href":"https:\/\/agora.xtec.cat\/ceip-falba\/wp-json\/wp\/v2\/pages\/5385"}],"wp:attachment":[{"href":"https:\/\/agora.xtec.cat\/ceip-falba\/wp-json\/wp\/v2\/media?parent=260"}],"curies":[{"name":"wp","href":"https:\/\/api.w.org\/{rel}","templated":true}]}}