{"id":255,"date":"2015-11-27T14:07:58","date_gmt":"2015-11-27T13:07:58","guid":{"rendered":"http:\/\/agora.xtec.cat\/ceip-estel-stguim\/?page_id=255"},"modified":"2025-09-02T13:08:45","modified_gmt":"2025-09-02T11:08:45","slug":"mestres","status":"publish","type":"page","link":"https:\/\/agora.xtec.cat\/ceip-estel-stguim\/lescola\/mestres\/","title":{"rendered":"Mestres"},"content":{"rendered":"<p>EQUIP DIRECTIU<\/p>\n<table style=\"width: 100%; border-collapse: collapse; background-color: #f0f7c1;\" border=\"2\" cellspacing=\"0\">\n<tbody>\n<tr>\n<td style=\"width: 33.3333%;\"><strong>DIRECTORA<\/strong><\/td>\n<td style=\"width: 33.3333%;\"><strong>CAP D&#8217;ESTUDIS<\/strong><\/td>\n<td style=\"width: 33.3333%;\"><strong>SECRET\u00c0RIA<\/strong><\/td>\n<\/tr>\n<tr>\n<td style=\"width: 33.3333%;\">Nuri Trujillo<\/td>\n<td style=\"width: 33.3333%;\">Jos\u00e9 Sabater<\/td>\n<td style=\"width: 33.3333%;\">Anna Marcos<\/td>\n<\/tr>\n<\/tbody>\n<\/table>\n<table style=\"height: 672px; width: 99.2171%; border-style: solid; border-color: #2b2b87; background-color: #ccdee6;\" border=\"2\" cellpadding=\"0\">\n<tbody>\n<tr style=\"height: 10px;\">\n<td style=\"width: 19.8206%; height: 10px;\"><b>CURSOS<\/b><\/td>\n<td style=\"width: 27.7708%; height: 10px;\"><b>TUTOR \/ TUTORA<\/b><\/td>\n<td style=\"width: 25.8138%; height: 10px;\"><b>ESPECIALITATS<\/b><\/td>\n<td style=\"width: 40.0966%; height: 10px;\"><\/td>\n<\/tr>\n<tr style=\"height: 27px;\">\n<td style=\"width: 19.8206%; height: 32px;\">I3<\/td>\n<td style=\"width: 27.7708%; height: 32px;\">Montse Barrera<\/td>\n<td style=\"width: 25.8138%; height: 32px;\">ANGL\u00c8S<\/td>\n<td style=\"width: 40.0966%; height: 32px;\">Lena Castell\u00f3<\/td>\n<\/tr>\n<tr style=\"height: 57px;\">\n<td style=\"width: 19.8206%; height: 57px;\">I4<\/td>\n<td style=\"width: 27.7708%; height: 57px;\">Anna Marcos<\/td>\n<td style=\"width: 25.8138%; height: 57px;\">M\u00daSICA<\/td>\n<td style=\"width: 40.0966%; height: 57px;\">Maria Gabriel<\/td>\n<\/tr>\n<tr style=\"height: 57px;\">\n<td style=\"width: 19.8206%; height: 57px;\">I5<\/td>\n<td style=\"width: 27.7708%; height: 57px;\">Gl\u00f2ria Mateos<\/td>\n<td style=\"width: 25.8138%; height: 57px;\">ED. F\u00cdSICA<\/td>\n<td style=\"width: 40.0966%; height: 57px;\">Rub\u00e9n Fern\u00e1ndez<\/td>\n<\/tr>\n<tr style=\"height: 57px;\">\n<td style=\"width: 19.8206%; height: 57px;\">SUPORT INF<\/td>\n<td style=\"width: 27.7708%; height: 57px;\">Jos\u00e9 Sabater<\/td>\n<td style=\"width: 25.8138%; height: 57px;\">PSICOMOTRICITAT<\/td>\n<td style=\"width: 40.0966%; height: 57px;\">Gl\u00f2ria Mateos i Rub\u00e9n Fern\u00e1ndez<\/td>\n<\/tr>\n<tr style=\"height: 57px;\">\n<td style=\"width: 19.8206%; height: 57px;\">1r<\/td>\n<td style=\"width: 27.7708%; height: 57px;\">Xavier G\u00f3mez<\/td>\n<td style=\"width: 25.8138%; height: 57px;\">ED. ESPECIAL<\/td>\n<td style=\"width: 40.0966%; height: 57px;\">Laura de Mart\u00ed<\/td>\n<\/tr>\n<tr style=\"height: 30px;\">\n<td style=\"width: 19.8206%;\">2n<\/td>\n<td style=\"width: 27.7708%;\">Mireia Mu\u00f1oz<\/td>\n<td style=\"width: 25.8138%; height: 57px;\">RELIGI\u00d3<\/td>\n<td style=\"width: 40.0966%; height: 57px;\">Laura Navarro<\/td>\n<\/tr>\n<tr style=\"height: 96px;\">\n<td style=\"width: 19.8206%; height: 21px;\">3r<\/td>\n<td style=\"width: 27.7708%; height: 21px;\">Ester Jover<\/td>\n<td style=\"width: 25.8138%; height: 57px;\">SUPORT PRIM<\/td>\n<td style=\"width: 40.0966%; height: 57px;\">Nuri Trujillo<\/td>\n<\/tr>\n<tr style=\"height: 57px;\">\n<td style=\"width: 19.8206%; height: 57px;\">4t<\/td>\n<td style=\"width: 27.7708%; height: 57px;\">Abril Carreras<\/td>\n<td style=\"width: 25.8138%; height: 57px;\">VETLLADORA<\/td>\n<td style=\"width: 40.0966%; height: 57px;\">C\u00e8lia Ais<\/td>\n<\/tr>\n<tr style=\"height: 57px;\">\n<td style=\"width: 19.8206%; height: 57px;\">5\u00e8<\/td>\n<td style=\"width: 27.7708%; height: 57px;\">Magda Cisquella<\/td>\n<td style=\"width: 25.8138%; height: 57px;\"><\/td>\n<td style=\"width: 40.0966%; height: 57px;\"><\/td>\n<\/tr>\n<tr style=\"height: 57px;\">\n<td style=\"width: 19.8206%; height: 57px;\">6\u00e8<\/td>\n<td style=\"width: 27.7708%; height: 57px;\">Yasmina Ca\u00f1ete<\/td>\n<td style=\"width: 25.8138%; height: 57px;\"><\/td>\n<td style=\"width: 40.0966%; height: 57px;\"><\/td>\n<\/tr>\n<\/tbody>\n<\/table>\n<p style=\"text-align: center;\">\n","protected":false},"excerpt":{"rendered":"<p>EQUIP DIRECTIU DIRECTORA CAP D&#8217;ESTUDIS SECRET\u00c0RIA Nuri Trujillo Jos\u00e9 Sabater Anna Marcos CURSOS TUTOR \/ TUTORA ESPECIALITATS I3 Montse Barrera [&hellip;]<\/p>\n","protected":false},"author":1,"featured_media":0,"parent":22,"menu_order":0,"comment_status":"closed","ping_status":"closed","template":"","meta":{"_bbp_topic_count":0,"_bbp_reply_count":0,"_bbp_total_topic_count":0,"_bbp_total_reply_count":0,"_bbp_voice_count":0,"_bbp_anonymous_reply_count":0,"_bbp_topic_count_hidden":0,"_bbp_reply_count_hidden":0,"_bbp_forum_subforum_count":0,"site-sidebar-layout":"default","site-content-layout":"","ast-site-content-layout":"default","site-content-style":"default","site-sidebar-style":"default","ast-global-header-display":"","ast-banner-title-visibility":"","ast-main-header-display":"","ast-hfb-above-header-display":"","ast-hfb-below-header-display":"","ast-hfb-mobile-header-display":"","site-post-title":"","ast-breadcrumbs-content":"","ast-featured-img":"","footer-sml-layout":"","theme-transparent-header-meta":"default","adv-header-id-meta":"","stick-header-meta":"","header-above-stick-meta":"","header-main-stick-meta":"","header-below-stick-meta":"","astra-migrate-meta-layouts":"set","ast-page-background-enabled":"default","ast-page-background-meta":{"desktop":{"background-color":"var(--ast-global-color-4)","background-image":"","background-repeat":"repeat","background-position":"center center","background-size":"auto","background-attachment":"scroll","background-type":"","background-media":"","overlay-type":"","overlay-color":"","overlay-opacity":"","overlay-gradient":""},"tablet":{"background-color":"","background-image":"","background-repeat":"repeat","background-position":"center center","background-size":"auto","background-attachment":"scroll","background-type":"","background-media":"","overlay-type":"","overlay-color":"","overlay-opacity":"","overlay-gradient":""},"mobile":{"background-color":"","background-image":"","background-repeat":"repeat","background-position":"center center","background-size":"auto","background-attachment":"scroll","background-type":"","background-media":"","overlay-type":"","overlay-color":"","overlay-opacity":"","overlay-gradient":""}},"ast-content-background-meta":{"desktop":{"background-color":"var(--ast-global-color-5)","background-image":"","background-repeat":"repeat","background-position":"center center","background-size":"auto","background-attachment":"scroll","background-type":"","background-media":"","overlay-type":"","overlay-color":"","overlay-opacity":"","overlay-gradient":""},"tablet":{"background-color":"var(--ast-global-color-5)","background-image":"","background-repeat":"repeat","background-position":"center center","background-size":"auto","background-attachment":"scroll","background-type":"","background-media":"","overlay-type":"","overlay-color":"","overlay-opacity":"","overlay-gradient":""},"mobile":{"background-color":"var(--ast-global-color-5)","background-image":"","background-repeat":"repeat","background-position":"center center","background-size":"auto","background-attachment":"scroll","background-type":"","background-media":"","overlay-type":"","overlay-color":"","overlay-opacity":"","overlay-gradient":""}},"footnotes":""},"class_list":["post-255","page","type-page","status-publish","hentry"],"post_mailing_queue_ids":[],"_links":{"self":[{"href":"https:\/\/agora.xtec.cat\/ceip-estel-stguim\/wp-json\/wp\/v2\/pages\/255","targetHints":{"allow":["GET"]}}],"collection":[{"href":"https:\/\/agora.xtec.cat\/ceip-estel-stguim\/wp-json\/wp\/v2\/pages"}],"about":[{"href":"https:\/\/agora.xtec.cat\/ceip-estel-stguim\/wp-json\/wp\/v2\/types\/page"}],"author":[{"embeddable":true,"href":"https:\/\/agora.xtec.cat\/ceip-estel-stguim\/wp-json\/wp\/v2\/users\/1"}],"replies":[{"embeddable":true,"href":"https:\/\/agora.xtec.cat\/ceip-estel-stguim\/wp-json\/wp\/v2\/comments?post=255"}],"version-history":[{"count":6,"href":"https:\/\/agora.xtec.cat\/ceip-estel-stguim\/wp-json\/wp\/v2\/pages\/255\/revisions"}],"predecessor-version":[{"id":9821,"href":"https:\/\/agora.xtec.cat\/ceip-estel-stguim\/wp-json\/wp\/v2\/pages\/255\/revisions\/9821"}],"up":[{"embeddable":true,"href":"https:\/\/agora.xtec.cat\/ceip-estel-stguim\/wp-json\/wp\/v2\/pages\/22"}],"wp:attachment":[{"href":"https:\/\/agora.xtec.cat\/ceip-estel-stguim\/wp-json\/wp\/v2\/media?parent=255"}],"curies":[{"name":"wp","href":"https:\/\/api.w.org\/{rel}","templated":true}]}}