{"id":293,"date":"2013-03-17T19:20:45","date_gmt":"2013-03-17T18:20:45","guid":{"rendered":"http:\/\/blocs.xtec.cat\/espriufeliu\/?page_id=293"},"modified":"2023-01-14T21:04:25","modified_gmt":"2023-01-14T20:04:25","slug":"biblioteca","status":"publish","type":"page","link":"https:\/\/agora.xtec.cat\/ceip-espriu-sfeliu\/trets-didentitat\/biblioteca\/","title":{"rendered":"Biblioteca"},"content":{"rendered":"<p>&nbsp;<\/p>\n<p>&nbsp;<\/p>\n<p><strong>CLUB DE LECTURA<\/strong><\/p>\n<p><a href=\"http:\/\/agora.xtec.cat\/ceip-espriu-sfeliu\/wp-content\/uploads\/usu1016\/2013\/03\/octu-nov.jpg\"><img loading=\"lazy\" decoding=\"async\" class=\"aligncenter size-full wp-image-4131\" src=\"http:\/\/agora.xtec.cat\/ceip-espriu-sfeliu\/wp-content\/uploads\/usu1016\/2013\/03\/octu-nov.jpg\" alt=\"octu-nov\" width=\"632\" height=\"485\" srcset=\"https:\/\/agora.xtec.cat\/ceip-espriu-sfeliu\/wp-content\/uploads\/usu1016\/2013\/03\/octu-nov.jpg 632w, https:\/\/agora.xtec.cat\/ceip-espriu-sfeliu\/wp-content\/uploads\/usu1016\/2013\/03\/octu-nov-300x230.jpg 300w\" sizes=\"auto, (max-width: 632px) 100vw, 632px\" \/><\/a><\/p>\n<p><strong>ELS CONTES\u00a0M\u00c9S BONICS DEL M\u00d3N<\/strong><\/p>\n<p>S\u2019acosta\u00a0Nadal: una bona oportunitat per regalar llibres als m\u00e9s\u00a0petits.\u00a0<em>N\u00favol\u00a0<\/em>ha fet un recull dels millors contes\u00a0per a infants que trobareu a les\u00a0llibreries. Si teniu fills de 2 a 5 anys, aquesta llista \u00e9s per \u00a0vosaltres:\u00a0<a href=\"http:\/\/www.nuvol.com\/noticies\/els-contes-mes-bonics-del-mon\/\">\u00a0http:\/\/www.nuvol.com\/noticies\/els-contes-mes-bonics-del-mon\/<\/a><\/p>\n<p><a href=\"http:\/\/agora.xtec.cat\/ceip-espriu-sfeliu\/wp-content\/uploads\/usu1016\/2013\/03\/la-foto-1.jpg\"><img loading=\"lazy\" decoding=\"async\" class=\"aligncenter wp-image-3946\" src=\"http:\/\/agora.xtec.cat\/ceip-espriu-sfeliu\/wp-content\/uploads\/usu1016\/2013\/03\/la-foto-1-300x169.jpg\" alt=\"la-foto-1\" width=\"500\" height=\"281\" srcset=\"https:\/\/agora.xtec.cat\/ceip-espriu-sfeliu\/wp-content\/uploads\/usu1016\/2013\/03\/la-foto-1-300x169.jpg 300w, https:\/\/agora.xtec.cat\/ceip-espriu-sfeliu\/wp-content\/uploads\/usu1016\/2013\/03\/la-foto-1-768x432.jpg 768w, https:\/\/agora.xtec.cat\/ceip-espriu-sfeliu\/wp-content\/uploads\/usu1016\/2013\/03\/la-foto-1-1024x576.jpg 1024w, https:\/\/agora.xtec.cat\/ceip-espriu-sfeliu\/wp-content\/uploads\/usu1016\/2013\/03\/la-foto-1.jpg 1032w\" sizes=\"auto, (max-width: 500px) 100vw, 500px\" \/><\/a><\/p>\n<p><strong>AQUESTES VACANCES ELS LLIBRES A UN CLIC!<\/strong><\/p>\n<p>L\u2019estiu \u00e9s bon te<a href=\"https:\/\/app.box.com\/s\/nh5yl28w0nb0vnh91xps7sufian056u5\"><img loading=\"lazy\" decoding=\"async\" class=\"size-full wp-image-1802 alignright\" src=\"http:\/\/agora.xtec.cat\/ceip-espriu-sfeliu\/wp-content\/uploads\/usu1016\/2013\/03\/lectura_estiu_jpg_-_Archivo_compartido_desde_Box.jpg\" alt=\"lectura_estiu_jpg_-_archivo_compartido_desde_box\" width=\"272\" height=\"262\" \/><\/a>mps per la lectura en fam\u00edlia i gaudir de les bones hist\u00f2ries.<\/p>\n<p>Us proposem con\u00e8ixer EBIBLIO, el servei de pr\u00e9stec gratu\u00eft de llibres electr\u00f2nics de les Biblioteques P\u00fabliques de Catalunya. Si cliqueu a la imatge accedireu a una petita guia per poder descarregar llibres virtuals als vostres dispositius. Una bona proposta que val la pena saber com funciona!<\/p>\n<p><a href=\"http:\/\/genius.diba.cat\/mongenius\/genius\"><img loading=\"lazy\" decoding=\"async\" class=\"alignleft size-full wp-image-1803\" src=\"http:\/\/agora.xtec.cat\/ceip-espriu-sfeliu\/wp-content\/uploads\/usu1016\/2013\/03\/genius_-_Ge\u0300nius.jpg\" alt=\"genius_-_genius\" width=\"238\" height=\"122\" \/><\/a><\/p>\n<p>&nbsp;<\/p>\n<p>Tamb\u00e9 us recomanem la visita per G\u00c8NIUS on podreu gaudir de diferents propostes, trobar informaci\u00f3, con\u00e8ixer jocs educatius o descobrir noves lectures.<\/p>\n","protected":false},"excerpt":{"rendered":"<p>&nbsp; &nbsp; CLUB DE LECTURA ELS CONTES\u00a0M\u00c9S BONICS DEL M\u00d3N S\u2019acosta\u00a0Nadal: una bona oportunitat per regalar llibres als m\u00e9s\u00a0petits.\u00a0N\u00favol\u00a0ha fet un recull dels millors contes\u00a0per a infants que trobareu a les\u00a0llibreries. Si teniu fills de 2 a 5 anys, aquesta llista \u00e9s per \u00a0vosaltres:\u00a0\u00a0http:\/\/www.nuvol.com\/noticies\/els-contes-mes-bonics-del-mon\/ AQUESTES VACANCES ELS LLIBRES A UN CLIC! L\u2019estiu \u00e9s bon temps [&hellip;]<\/p>\n","protected":false},"author":1,"featured_media":0,"parent":1736,"menu_order":4,"comment_status":"open","ping_status":"closed","template":"page-templates\/side-menu.php","meta":{"_bbp_topic_count":0,"_bbp_reply_count":0,"_bbp_total_topic_count":0,"_bbp_total_reply_count":0,"_bbp_voice_count":0,"_bbp_anonymous_reply_count":0,"_bbp_topic_count_hidden":0,"_bbp_reply_count_hidden":0,"_bbp_forum_subforum_count":0,"site-sidebar-layout":"default","site-content-layout":"","ast-site-content-layout":"","site-content-style":"default","site-sidebar-style":"default","ast-global-header-display":"","ast-banner-title-visibility":"","ast-main-header-display":"","ast-hfb-above-header-display":"","ast-hfb-below-header-display":"","ast-hfb-mobile-header-display":"","site-post-title":"","ast-breadcrumbs-content":"","ast-featured-img":"","footer-sml-layout":"","theme-transparent-header-meta":"","adv-header-id-meta":"","stick-header-meta":"","header-above-stick-meta":"","header-main-stick-meta":"","header-below-stick-meta":"","astra-migrate-meta-layouts":"default","ast-page-background-enabled":"default","ast-page-background-meta":{"desktop":{"background-color":"var(--ast-global-color-4)","background-image":"","background-repeat":"repeat","background-position":"center center","background-size":"auto","background-attachment":"scroll","background-type":"","background-media":"","overlay-type":"","overlay-color":"","overlay-opacity":"","overlay-gradient":""},"tablet":{"background-color":"","background-image":"","background-repeat":"repeat","background-position":"center center","background-size":"auto","background-attachment":"scroll","background-type":"","background-media":"","overlay-type":"","overlay-color":"","overlay-opacity":"","overlay-gradient":""},"mobile":{"background-color":"","background-image":"","background-repeat":"repeat","background-position":"center center","background-size":"auto","background-attachment":"scroll","background-type":"","background-media":"","overlay-type":"","overlay-color":"","overlay-opacity":"","overlay-gradient":""}},"ast-content-background-meta":{"desktop":{"background-color":"var(--ast-global-color-5)","background-image":"","background-repeat":"repeat","background-position":"center center","background-size":"auto","background-attachment":"scroll","background-type":"","background-media":"","overlay-type":"","overlay-color":"","overlay-opacity":"","overlay-gradient":""},"tablet":{"background-color":"var(--ast-global-color-5)","background-image":"","background-repeat":"repeat","background-position":"center center","background-size":"auto","background-attachment":"scroll","background-type":"","background-media":"","overlay-type":"","overlay-color":"","overlay-opacity":"","overlay-gradient":""},"mobile":{"background-color":"var(--ast-global-color-5)","background-image":"","background-repeat":"repeat","background-position":"center center","background-size":"auto","background-attachment":"scroll","background-type":"","background-media":"","overlay-type":"","overlay-color":"","overlay-opacity":"","overlay-gradient":""}},"footnotes":""},"class_list":["post-293","page","type-page","status-publish","hentry"],"post_mailing_queue_ids":[],"_links":{"self":[{"href":"https:\/\/agora.xtec.cat\/ceip-espriu-sfeliu\/wp-json\/wp\/v2\/pages\/293","targetHints":{"allow":["GET"]}}],"collection":[{"href":"https:\/\/agora.xtec.cat\/ceip-espriu-sfeliu\/wp-json\/wp\/v2\/pages"}],"about":[{"href":"https:\/\/agora.xtec.cat\/ceip-espriu-sfeliu\/wp-json\/wp\/v2\/types\/page"}],"author":[{"embeddable":true,"href":"https:\/\/agora.xtec.cat\/ceip-espriu-sfeliu\/wp-json\/wp\/v2\/users\/1"}],"replies":[{"embeddable":true,"href":"https:\/\/agora.xtec.cat\/ceip-espriu-sfeliu\/wp-json\/wp\/v2\/comments?post=293"}],"version-history":[{"count":3,"href":"https:\/\/agora.xtec.cat\/ceip-espriu-sfeliu\/wp-json\/wp\/v2\/pages\/293\/revisions"}],"predecessor-version":[{"id":12568,"href":"https:\/\/agora.xtec.cat\/ceip-espriu-sfeliu\/wp-json\/wp\/v2\/pages\/293\/revisions\/12568"}],"up":[{"embeddable":true,"href":"https:\/\/agora.xtec.cat\/ceip-espriu-sfeliu\/wp-json\/wp\/v2\/pages\/1736"}],"wp:attachment":[{"href":"https:\/\/agora.xtec.cat\/ceip-espriu-sfeliu\/wp-json\/wp\/v2\/media?parent=293"}],"curies":[{"name":"wp","href":"https:\/\/api.w.org\/{rel}","templated":true}]}}