{"id":278,"date":"2013-03-16T16:19:13","date_gmt":"2013-03-16T15:19:13","guid":{"rendered":"http:\/\/blocs.xtec.cat\/espriufeliu\/?page_id=278"},"modified":"2023-01-14T21:01:37","modified_gmt":"2023-01-14T20:01:37","slug":"escola-verda","status":"publish","type":"page","link":"https:\/\/agora.xtec.cat\/ceip-espriu-sfeliu\/trets-didentitat\/escola-verda\/","title":{"rendered":"Escola per a la sostenibilitat"},"content":{"rendered":"<p style=\"text-align: center;\"><iframe loading=\"lazy\" src=\"https:\/\/www.youtube.com\/embed\/M0lu_YkmXqQ\" width=\"560\" height=\"315\" frameborder=\"0\" allowfullscreen=\"allowfullscreen\"><\/iframe><\/p>\n<h6><strong>\u00a0\u201c<\/strong>ELS AGENTS VERDS\u201d<\/h6>\n<h6>Som alumnes preocupats pel m\u00f3n que ens envolta;\u00a0 intentem, des de l\u2019escola, crear un espai m\u00e9s sostenible.<\/h6>\n<h6>Enguany ens hem dedicat a tres tasques priorit\u00e0ries:<\/h6>\n<ul>\n<li>\n<h6>Reducci\u00f3 dels residus org\u00e0nics<\/h6>\n<\/li>\n<li>\n<h6>Tenir cura del nostre entorn, el pati<\/h6>\n<\/li>\n<li>\n<h6>Projecte: Camins escolars \u201cvolem anar sols a l\u2019escola\u201d<\/h6>\n<\/li>\n<\/ul>\n<h6><u>Reducci\u00f3 dels residus organics<\/u><\/h6>\n<h6>Els nens i nenes de 3r de prim\u00e0ria ens hem dedicat, durant tot el curs, a recollir la mat\u00e8ria org\u00e0nica que generava la nostra escola, des de la cuina, passant per les aules d\u2019infantil i acabant recollint la brossa org\u00e0nica del pati.<\/h6>\n<h6>Tota aquesta mat\u00e8ria es ficava en del nostre compostador i mica en mica s\u2019est\u00e0 construint l\u2019adob que necessita el nostre hort ecol\u00f2gic.<\/h6>\n<h6><u>Tenir cura del nostre entorn, el pati<\/u><\/h6>\n<h6>Tenim la sort de tenir un pati magn\u00edfic. \u00c9s gran, amb molts arbres, amb un roserar fant\u00e0stic, un pati d\u2019infantil que fa ganes de jugar fins i tot als grans, i unes jardineres de rodes impressionants\u2026 Per\u00f2, tot aix\u00f2 s\u2019ha de cuidar i mantenir durant el curs. I aix\u00ed ho fem!<\/h6>\n<h6><u>Projecte: Camins escolars \u201cvolem anar sols a l\u2019escola\u201d<\/u><\/h6>\n<h6>El curs passat vam comen\u00e7ar un projecte sobre mobilitat. Els hi vam passar una enquesta a tots els alumnes sobre com arribaven a l\u2019escola i els hi vam proposar de canviar el cotxe per vehicles m\u00e9s sostenibles. I la veritat es que hem vist com cada cop hi ha m\u00e9s fam\u00edlies que arriben a l\u2019escola amb bicicletes o patinets. Creiem que va ser una campanya for\u00e7a exitosa.<\/h6>\n<h6>Enguany i aprofitant el projecte de l\u2019ajuntament \u201cCamins escolars\u201d, hem continuat el nostre projecte, ara encaminat a poder venir sols a l\u2019escola.<\/h6>\n<h6>Tota aquesta feia s\u2019acaba en una gran festa, la TROCAMBA, on ens reunim en el Palau Falguera tots els &#8220;Agents Verds&#8221; de Sant Feliu i fem un intercanvi de les nostres tasques. Tamb\u00e9 fem tallers relacionats amb el medi ambient i la sostenibilitat. I finalment, ho exposem tot davant de l\u2019alcalde del poble.<\/h6>\n<h6>Ser Agent Verd \u00e9s una gran responsabilitat.<\/h6>\n<p>&nbsp;<\/p>\n<p>&nbsp;<\/p>\n<p>&nbsp;<\/p>\n<p><a href=\"http:\/\/blocs.xtec.cat\/espriufeliu\/files\/2013\/03\/MONNETR.jpg\"><iframe loading=\"lazy\" src=\"\/\/www.youtube.com\/embed\/Q6Sa2bNO_5k\" width=\"560\" height=\"315\" frameborder=\"0\" allowfullscreen=\"allowfullscreen\"><\/iframe><img loading=\"lazy\" decoding=\"async\" class=\"alignleft wp-image-279 size-thumbnail\" src=\"http:\/\/blocs.xtec.cat\/espriufeliu\/files\/2013\/03\/MONNETR-150x150.jpg\" alt=\"\" width=\"150\" height=\"150\" \/><\/a><\/p>\n<p>&nbsp;<\/p>\n<p align=\"center\">\n","protected":false},"excerpt":{"rendered":"<p>\u00a0\u201cELS AGENTS VERDS\u201d Som alumnes preocupats pel m\u00f3n que ens envolta;\u00a0 intentem, des de l\u2019escola, crear un espai m\u00e9s sostenible. Enguany ens hem dedicat a tres tasques priorit\u00e0ries: Reducci\u00f3 dels residus org\u00e0nics Tenir cura del nostre entorn, el pati Projecte: Camins escolars \u201cvolem anar sols a l\u2019escola\u201d Reducci\u00f3 dels residus organics Els nens i nenes [&hellip;]<\/p>\n","protected":false},"author":1,"featured_media":0,"parent":1736,"menu_order":3,"comment_status":"open","ping_status":"closed","template":"page-templates\/side-menu.php","meta":{"_bbp_topic_count":0,"_bbp_reply_count":0,"_bbp_total_topic_count":0,"_bbp_total_reply_count":0,"_bbp_voice_count":0,"_bbp_anonymous_reply_count":0,"_bbp_topic_count_hidden":0,"_bbp_reply_count_hidden":0,"_bbp_forum_subforum_count":0,"site-sidebar-layout":"default","site-content-layout":"","ast-site-content-layout":"","site-content-style":"default","site-sidebar-style":"default","ast-global-header-display":"","ast-banner-title-visibility":"","ast-main-header-display":"","ast-hfb-above-header-display":"","ast-hfb-below-header-display":"","ast-hfb-mobile-header-display":"","site-post-title":"","ast-breadcrumbs-content":"","ast-featured-img":"","footer-sml-layout":"","theme-transparent-header-meta":"","adv-header-id-meta":"","stick-header-meta":"","header-above-stick-meta":"","header-main-stick-meta":"","header-below-stick-meta":"","astra-migrate-meta-layouts":"default","ast-page-background-enabled":"default","ast-page-background-meta":{"desktop":{"background-color":"var(--ast-global-color-4)","background-image":"","background-repeat":"repeat","background-position":"center center","background-size":"auto","background-attachment":"scroll","background-type":"","background-media":"","overlay-type":"","overlay-color":"","overlay-opacity":"","overlay-gradient":""},"tablet":{"background-color":"","background-image":"","background-repeat":"repeat","background-position":"center center","background-size":"auto","background-attachment":"scroll","background-type":"","background-media":"","overlay-type":"","overlay-color":"","overlay-opacity":"","overlay-gradient":""},"mobile":{"background-color":"","background-image":"","background-repeat":"repeat","background-position":"center center","background-size":"auto","background-attachment":"scroll","background-type":"","background-media":"","overlay-type":"","overlay-color":"","overlay-opacity":"","overlay-gradient":""}},"ast-content-background-meta":{"desktop":{"background-color":"var(--ast-global-color-5)","background-image":"","background-repeat":"repeat","background-position":"center center","background-size":"auto","background-attachment":"scroll","background-type":"","background-media":"","overlay-type":"","overlay-color":"","overlay-opacity":"","overlay-gradient":""},"tablet":{"background-color":"var(--ast-global-color-5)","background-image":"","background-repeat":"repeat","background-position":"center center","background-size":"auto","background-attachment":"scroll","background-type":"","background-media":"","overlay-type":"","overlay-color":"","overlay-opacity":"","overlay-gradient":""},"mobile":{"background-color":"var(--ast-global-color-5)","background-image":"","background-repeat":"repeat","background-position":"center center","background-size":"auto","background-attachment":"scroll","background-type":"","background-media":"","overlay-type":"","overlay-color":"","overlay-opacity":"","overlay-gradient":""}},"footnotes":""},"class_list":["post-278","page","type-page","status-publish","hentry"],"post_mailing_queue_ids":[],"_links":{"self":[{"href":"https:\/\/agora.xtec.cat\/ceip-espriu-sfeliu\/wp-json\/wp\/v2\/pages\/278","targetHints":{"allow":["GET"]}}],"collection":[{"href":"https:\/\/agora.xtec.cat\/ceip-espriu-sfeliu\/wp-json\/wp\/v2\/pages"}],"about":[{"href":"https:\/\/agora.xtec.cat\/ceip-espriu-sfeliu\/wp-json\/wp\/v2\/types\/page"}],"author":[{"embeddable":true,"href":"https:\/\/agora.xtec.cat\/ceip-espriu-sfeliu\/wp-json\/wp\/v2\/users\/1"}],"replies":[{"embeddable":true,"href":"https:\/\/agora.xtec.cat\/ceip-espriu-sfeliu\/wp-json\/wp\/v2\/comments?post=278"}],"version-history":[{"count":4,"href":"https:\/\/agora.xtec.cat\/ceip-espriu-sfeliu\/wp-json\/wp\/v2\/pages\/278\/revisions"}],"predecessor-version":[{"id":12567,"href":"https:\/\/agora.xtec.cat\/ceip-espriu-sfeliu\/wp-json\/wp\/v2\/pages\/278\/revisions\/12567"}],"up":[{"embeddable":true,"href":"https:\/\/agora.xtec.cat\/ceip-espriu-sfeliu\/wp-json\/wp\/v2\/pages\/1736"}],"wp:attachment":[{"href":"https:\/\/agora.xtec.cat\/ceip-espriu-sfeliu\/wp-json\/wp\/v2\/media?parent=278"}],"curies":[{"name":"wp","href":"https:\/\/api.w.org\/{rel}","templated":true}]}}