{"id":1736,"date":"2016-04-24T11:11:19","date_gmt":"2016-04-24T10:11:19","guid":{"rendered":"http:\/\/agora.xtec.cat\/ceip-espriu-sfeliu\/?page_id=1736"},"modified":"2016-09-27T21:10:25","modified_gmt":"2016-09-27T20:10:25","slug":"trets-didentitat","status":"publish","type":"page","link":"https:\/\/agora.xtec.cat\/ceip-espriu-sfeliu\/trets-didentitat\/","title":{"rendered":"Trets d&#8217;identitat"},"content":{"rendered":"<p><span style=\"font-family: Arial, Helvetica;\">L&#8217;escola Salvador Espriu pret\u00e9n com a tasca fonamental l&#8217;educaci\u00f3 integral de l&#8217;alumnat.<\/span><\/p>\n<ul>\n<li><span style=\"font-family: Arial, Helvetica;\"><img loading=\"lazy\" decoding=\"async\" class=\"wp-image-1818 alignright\" src=\"http:\/\/agora.xtec.cat\/ceip-espriu-sfeliu\/wp-content\/uploads\/usu1016\/2012\/11\/Sin-ti\u0301tulo-3.jpg\" alt=\"sin-titulo-3\" width=\"157\" height=\"118\" srcset=\"https:\/\/agora.xtec.cat\/ceip-espriu-sfeliu\/wp-content\/uploads\/usu1016\/2012\/11\/Sin-ti\u0301tulo-3.jpg 600w, https:\/\/agora.xtec.cat\/ceip-espriu-sfeliu\/wp-content\/uploads\/usu1016\/2012\/11\/Sin-ti\u0301tulo-3-300x225.jpg 300w, https:\/\/agora.xtec.cat\/ceip-espriu-sfeliu\/wp-content\/uploads\/usu1016\/2012\/11\/Sin-ti\u0301tulo-3-200x150.jpg 200w\" sizes=\"auto, (max-width: 157px) 100vw, 157px\" \/>Potenciar valors, com ara la solidaritat, la toler\u00e0ncia, la comprensi\u00f3, l&#8217;estimaci\u00f3, la sinceritat, el respecte a un mateix i als altres.<\/span><\/li>\n<\/ul>\n<ul>\n<li><span style=\"font-family: Arial, Helvetica;\">Nens i nenes junts han de rebre una educaci\u00f3 encaminada a trencar rols i estereotips sexistes mantenint els mateixos drets i oportunitats davant la societat.<\/span><\/li>\n<\/ul>\n<ul>\n<li><span style=\"font-family: Arial, Helvetica;\">Potenciar un ensenyament actiu que desenvolupi la iniciativa i la creativitat, evitant l&#8217;autoritarisme, canalitzant la competitivitat mitjan\u00e7ant actituds com ara la col.laboraci\u00f3 i potenciant el sentit cr\u00edtic i alhora responsable.<\/span><\/li>\n<\/ul>\n<ul>\n<li><span style=\"font-family: Arial, Helvetica;\">Establir una relaci\u00f3 oberta al medi que ens envolta i treure el millor profit dels recursos que aquest ens ofereix.<\/span><\/li>\n<\/ul>\n","protected":false},"excerpt":{"rendered":"<p>L&#8217;escola Salvador Espriu pret\u00e9n com a tasca fonamental l&#8217;educaci\u00f3 integral de l&#8217;alumnat. Potenciar valors, com ara la solidaritat, la toler\u00e0ncia, la comprensi\u00f3, l&#8217;estimaci\u00f3, la sinceritat, el respecte a un mateix i als altres. Nens i nenes junts han de rebre una educaci\u00f3 encaminada a trencar rols i estereotips sexistes mantenint els mateixos drets i oportunitats [&hellip;]<\/p>\n","protected":false},"author":1,"featured_media":0,"parent":0,"menu_order":0,"comment_status":"closed","ping_status":"closed","template":"page-templates\/side-menu.php","meta":{"_bbp_topic_count":0,"_bbp_reply_count":0,"_bbp_total_topic_count":0,"_bbp_total_reply_count":0,"_bbp_voice_count":0,"_bbp_anonymous_reply_count":0,"_bbp_topic_count_hidden":0,"_bbp_reply_count_hidden":0,"_bbp_forum_subforum_count":0,"site-sidebar-layout":"default","site-content-layout":"","ast-site-content-layout":"","site-content-style":"default","site-sidebar-style":"default","ast-global-header-display":"","ast-banner-title-visibility":"","ast-main-header-display":"","ast-hfb-above-header-display":"","ast-hfb-below-header-display":"","ast-hfb-mobile-header-display":"","site-post-title":"","ast-breadcrumbs-content":"","ast-featured-img":"","footer-sml-layout":"","theme-transparent-header-meta":"","adv-header-id-meta":"","stick-header-meta":"","header-above-stick-meta":"","header-main-stick-meta":"","header-below-stick-meta":"","astra-migrate-meta-layouts":"default","ast-page-background-enabled":"default","ast-page-background-meta":{"desktop":{"background-color":"var(--ast-global-color-4)","background-image":"","background-repeat":"repeat","background-position":"center center","background-size":"auto","background-attachment":"scroll","background-type":"","background-media":"","overlay-type":"","overlay-color":"","overlay-opacity":"","overlay-gradient":""},"tablet":{"background-color":"","background-image":"","background-repeat":"repeat","background-position":"center center","background-size":"auto","background-attachment":"scroll","background-type":"","background-media":"","overlay-type":"","overlay-color":"","overlay-opacity":"","overlay-gradient":""},"mobile":{"background-color":"","background-image":"","background-repeat":"repeat","background-position":"center center","background-size":"auto","background-attachment":"scroll","background-type":"","background-media":"","overlay-type":"","overlay-color":"","overlay-opacity":"","overlay-gradient":""}},"ast-content-background-meta":{"desktop":{"background-color":"var(--ast-global-color-5)","background-image":"","background-repeat":"repeat","background-position":"center center","background-size":"auto","background-attachment":"scroll","background-type":"","background-media":"","overlay-type":"","overlay-color":"","overlay-opacity":"","overlay-gradient":""},"tablet":{"background-color":"var(--ast-global-color-5)","background-image":"","background-repeat":"repeat","background-position":"center center","background-size":"auto","background-attachment":"scroll","background-type":"","background-media":"","overlay-type":"","overlay-color":"","overlay-opacity":"","overlay-gradient":""},"mobile":{"background-color":"var(--ast-global-color-5)","background-image":"","background-repeat":"repeat","background-position":"center center","background-size":"auto","background-attachment":"scroll","background-type":"","background-media":"","overlay-type":"","overlay-color":"","overlay-opacity":"","overlay-gradient":""}},"footnotes":""},"class_list":["post-1736","page","type-page","status-publish","hentry"],"post_mailing_queue_ids":[],"_links":{"self":[{"href":"https:\/\/agora.xtec.cat\/ceip-espriu-sfeliu\/wp-json\/wp\/v2\/pages\/1736","targetHints":{"allow":["GET"]}}],"collection":[{"href":"https:\/\/agora.xtec.cat\/ceip-espriu-sfeliu\/wp-json\/wp\/v2\/pages"}],"about":[{"href":"https:\/\/agora.xtec.cat\/ceip-espriu-sfeliu\/wp-json\/wp\/v2\/types\/page"}],"author":[{"embeddable":true,"href":"https:\/\/agora.xtec.cat\/ceip-espriu-sfeliu\/wp-json\/wp\/v2\/users\/1"}],"replies":[{"embeddable":true,"href":"https:\/\/agora.xtec.cat\/ceip-espriu-sfeliu\/wp-json\/wp\/v2\/comments?post=1736"}],"version-history":[{"count":3,"href":"https:\/\/agora.xtec.cat\/ceip-espriu-sfeliu\/wp-json\/wp\/v2\/pages\/1736\/revisions"}],"predecessor-version":[{"id":1819,"href":"https:\/\/agora.xtec.cat\/ceip-espriu-sfeliu\/wp-json\/wp\/v2\/pages\/1736\/revisions\/1819"}],"wp:attachment":[{"href":"https:\/\/agora.xtec.cat\/ceip-espriu-sfeliu\/wp-json\/wp\/v2\/media?parent=1736"}],"curies":[{"name":"wp","href":"https:\/\/api.w.org\/{rel}","templated":true}]}}