{"id":1708,"date":"2016-04-21T21:15:59","date_gmt":"2016-04-21T20:15:59","guid":{"rendered":"http:\/\/agora.xtec.cat\/ceip-espriu-sfeliu\/?page_id=1708"},"modified":"2025-10-27T15:45:04","modified_gmt":"2025-10-27T14:45:04","slug":"projectes","status":"publish","type":"page","link":"https:\/\/agora.xtec.cat\/ceip-espriu-sfeliu\/projectes\/","title":{"rendered":"Projectes"},"content":{"rendered":"<p data-start=\"224\" data-end=\"394\">A la nostra escola desenvolupem diversos <strong data-start=\"265\" data-end=\"312\">projectes educatius i programes d\u2019innovaci\u00f3<\/strong> que complementen el treball a l\u2019aula i enriqueixen l\u2019aprenentatge dels infants.<\/p>\n<p data-start=\"396\" data-end=\"635\">Aquests projectes abracen \u00e0mbits molt diversos, des de les <strong data-start=\"455\" data-end=\"486\">matem\u00e0tiques i les ci\u00e8ncies<\/strong> fins a la <strong data-start=\"497\" data-end=\"536\">salut, la sostenibilitat i l\u2019esport<\/strong>, i tenen com a objectiu oferir una educaci\u00f3 competencial, activa i connectada amb el m\u00f3n actual.<\/p>\n<p data-start=\"637\" data-end=\"913\">Formem part de programes com <strong data-start=\"666\" data-end=\"679\">Innovamat<\/strong>, <strong data-start=\"681\" data-end=\"702\">Fruita a l\u2019escola<\/strong>, <strong data-start=\"704\" data-end=\"728\">Escola Verda 2021-24<\/strong>, <strong data-start=\"730\" data-end=\"743\">STEAM.cat<\/strong> i el <strong data-start=\"749\" data-end=\"775\">Pla Catal\u00e0 de l\u2019Esport<\/strong>, que reflecteixen el nostre comprom\u00eds amb una educaci\u00f3 de qualitat, saludable, respectuosa amb el medi ambient i oberta a la innovaci\u00f3.<\/p>\n","protected":false},"excerpt":{"rendered":"<p>A la nostra escola desenvolupem diversos projectes educatius i programes d\u2019innovaci\u00f3 que complementen el treball a l\u2019aula i enriqueixen l\u2019aprenentatge dels infants. Aquests projectes abracen \u00e0mbits molt diversos, des de les matem\u00e0tiques i les ci\u00e8ncies fins a la salut, la sostenibilitat i l\u2019esport, i tenen com a objectiu oferir una educaci\u00f3 competencial, activa i connectada [&hellip;]<\/p>\n","protected":false},"author":1,"featured_media":0,"parent":0,"menu_order":0,"comment_status":"closed","ping_status":"closed","template":"","meta":{"_bbp_topic_count":0,"_bbp_reply_count":0,"_bbp_total_topic_count":0,"_bbp_total_reply_count":0,"_bbp_voice_count":0,"_bbp_anonymous_reply_count":0,"_bbp_topic_count_hidden":0,"_bbp_reply_count_hidden":0,"_bbp_forum_subforum_count":0,"site-sidebar-layout":"default","site-content-layout":"","ast-site-content-layout":"default","site-content-style":"default","site-sidebar-style":"default","ast-global-header-display":"","ast-banner-title-visibility":"","ast-main-header-display":"","ast-hfb-above-header-display":"","ast-hfb-below-header-display":"","ast-hfb-mobile-header-display":"","site-post-title":"","ast-breadcrumbs-content":"","ast-featured-img":"","footer-sml-layout":"","theme-transparent-header-meta":"default","adv-header-id-meta":"","stick-header-meta":"","header-above-stick-meta":"","header-main-stick-meta":"","header-below-stick-meta":"","astra-migrate-meta-layouts":"set","ast-page-background-enabled":"default","ast-page-background-meta":{"desktop":{"background-color":"var(--ast-global-color-4)","background-image":"","background-repeat":"repeat","background-position":"center center","background-size":"auto","background-attachment":"scroll","background-type":"","background-media":"","overlay-type":"","overlay-color":"","overlay-opacity":"","overlay-gradient":""},"tablet":{"background-color":"","background-image":"","background-repeat":"repeat","background-position":"center center","background-size":"auto","background-attachment":"scroll","background-type":"","background-media":"","overlay-type":"","overlay-color":"","overlay-opacity":"","overlay-gradient":""},"mobile":{"background-color":"","background-image":"","background-repeat":"repeat","background-position":"center center","background-size":"auto","background-attachment":"scroll","background-type":"","background-media":"","overlay-type":"","overlay-color":"","overlay-opacity":"","overlay-gradient":""}},"ast-content-background-meta":{"desktop":{"background-color":"var(--ast-global-color-5)","background-image":"","background-repeat":"repeat","background-position":"center center","background-size":"auto","background-attachment":"scroll","background-type":"","background-media":"","overlay-type":"","overlay-color":"","overlay-opacity":"","overlay-gradient":""},"tablet":{"background-color":"var(--ast-global-color-5)","background-image":"","background-repeat":"repeat","background-position":"center center","background-size":"auto","background-attachment":"scroll","background-type":"","background-media":"","overlay-type":"","overlay-color":"","overlay-opacity":"","overlay-gradient":""},"mobile":{"background-color":"var(--ast-global-color-5)","background-image":"","background-repeat":"repeat","background-position":"center center","background-size":"auto","background-attachment":"scroll","background-type":"","background-media":"","overlay-type":"","overlay-color":"","overlay-opacity":"","overlay-gradient":""}},"footnotes":""},"class_list":["post-1708","page","type-page","status-publish","hentry"],"post_mailing_queue_ids":[],"_links":{"self":[{"href":"https:\/\/agora.xtec.cat\/ceip-espriu-sfeliu\/wp-json\/wp\/v2\/pages\/1708","targetHints":{"allow":["GET"]}}],"collection":[{"href":"https:\/\/agora.xtec.cat\/ceip-espriu-sfeliu\/wp-json\/wp\/v2\/pages"}],"about":[{"href":"https:\/\/agora.xtec.cat\/ceip-espriu-sfeliu\/wp-json\/wp\/v2\/types\/page"}],"author":[{"embeddable":true,"href":"https:\/\/agora.xtec.cat\/ceip-espriu-sfeliu\/wp-json\/wp\/v2\/users\/1"}],"replies":[{"embeddable":true,"href":"https:\/\/agora.xtec.cat\/ceip-espriu-sfeliu\/wp-json\/wp\/v2\/comments?post=1708"}],"version-history":[{"count":4,"href":"https:\/\/agora.xtec.cat\/ceip-espriu-sfeliu\/wp-json\/wp\/v2\/pages\/1708\/revisions"}],"predecessor-version":[{"id":15620,"href":"https:\/\/agora.xtec.cat\/ceip-espriu-sfeliu\/wp-json\/wp\/v2\/pages\/1708\/revisions\/15620"}],"wp:attachment":[{"href":"https:\/\/agora.xtec.cat\/ceip-espriu-sfeliu\/wp-json\/wp\/v2\/media?parent=1708"}],"curies":[{"name":"wp","href":"https:\/\/api.w.org\/{rel}","templated":true}]}}