{"id":15959,"date":"2026-01-08T16:25:57","date_gmt":"2026-01-08T15:25:57","guid":{"rendered":"https:\/\/agora.xtec.cat\/ceip-espriu-sfeliu\/?page_id=15959"},"modified":"2026-01-08T16:25:57","modified_gmt":"2026-01-08T15:25:57","slug":"sharing-to-learn","status":"publish","type":"page","link":"https:\/\/agora.xtec.cat\/ceip-espriu-sfeliu\/sharing-to-learn\/","title":{"rendered":"Sharing to Learn"},"content":{"rendered":"<p><strong>Compartir per aprendre<\/strong><\/p>\n<p>Un programa educatiu de la Generalitat de Catalunya on estudiants de secund\u00e0ria ajuden alumnes de prim\u00e0ria a practicar angl\u00e8s mitjan\u00e7ant activitats orals, fomentant l&#8217;intercanvi i millorant la compet\u00e8ncia comunicativa en un entorn d&#8217;aprenentatge-servei.<span class=\"uJ19be notranslate\" data-wiz-uids=\"p49Wvb_e,p49Wvb_f\" data-processed=\"true\"><span class=\"vKEkVd\" data-animation-atomic=\"\" data-wiz-attrbind=\"class=p49Wvb_d\/TKHnVd\" data-processed=\"true\">\u00a0<\/span><\/span><\/p>\n<p>Per saber-ne m\u00e9s sobre el programa, clica<a href=\"https:\/\/serveiseducatius.xtec.cat\/baixllobregat5\/sharing-to-learn\/#:~:text=Connectant%20alumnes%2C%20compartint%20coneixements%20i%20millorant%20l'angl%C3%A8s,que%20combina%20l'aprenentatge%20i%20servei%20amb%20la\"> aqu\u00ed.<\/a><\/p>\n","protected":false},"excerpt":{"rendered":"<p>Compartir per aprendre Un programa educatiu de la Generalitat de Catalunya on estudiants de secund\u00e0ria ajuden alumnes de prim\u00e0ria a practicar angl\u00e8s mitjan\u00e7ant activitats orals, fomentant l&#8217;intercanvi i millorant la compet\u00e8ncia comunicativa en un entorn d&#8217;aprenentatge-servei.\u00a0 Per saber-ne m\u00e9s sobre el programa, clica aqu\u00ed.<\/p>\n","protected":false},"author":1,"featured_media":0,"parent":0,"menu_order":0,"comment_status":"closed","ping_status":"closed","template":"","meta":{"_bbp_topic_count":0,"_bbp_reply_count":0,"_bbp_total_topic_count":0,"_bbp_total_reply_count":0,"_bbp_voice_count":0,"_bbp_anonymous_reply_count":0,"_bbp_topic_count_hidden":0,"_bbp_reply_count_hidden":0,"_bbp_forum_subforum_count":0,"site-sidebar-layout":"default","site-content-layout":"","ast-site-content-layout":"default","site-content-style":"default","site-sidebar-style":"default","ast-global-header-display":"","ast-banner-title-visibility":"","ast-main-header-display":"","ast-hfb-above-header-display":"","ast-hfb-below-header-display":"","ast-hfb-mobile-header-display":"","site-post-title":"","ast-breadcrumbs-content":"","ast-featured-img":"","footer-sml-layout":"","theme-transparent-header-meta":"default","adv-header-id-meta":"","stick-header-meta":"","header-above-stick-meta":"","header-main-stick-meta":"","header-below-stick-meta":"","astra-migrate-meta-layouts":"set","ast-page-background-enabled":"default","ast-page-background-meta":{"desktop":{"background-color":"var(--ast-global-color-4)","background-image":"","background-repeat":"repeat","background-position":"center center","background-size":"auto","background-attachment":"scroll","background-type":"","background-media":"","overlay-type":"","overlay-color":"","overlay-opacity":"","overlay-gradient":""},"tablet":{"background-color":"","background-image":"","background-repeat":"repeat","background-position":"center center","background-size":"auto","background-attachment":"scroll","background-type":"","background-media":"","overlay-type":"","overlay-color":"","overlay-opacity":"","overlay-gradient":""},"mobile":{"background-color":"","background-image":"","background-repeat":"repeat","background-position":"center center","background-size":"auto","background-attachment":"scroll","background-type":"","background-media":"","overlay-type":"","overlay-color":"","overlay-opacity":"","overlay-gradient":""}},"ast-content-background-meta":{"desktop":{"background-color":"var(--ast-global-color-5)","background-image":"","background-repeat":"repeat","background-position":"center center","background-size":"auto","background-attachment":"scroll","background-type":"","background-media":"","overlay-type":"","overlay-color":"","overlay-opacity":"","overlay-gradient":""},"tablet":{"background-color":"var(--ast-global-color-5)","background-image":"","background-repeat":"repeat","background-position":"center center","background-size":"auto","background-attachment":"scroll","background-type":"","background-media":"","overlay-type":"","overlay-color":"","overlay-opacity":"","overlay-gradient":""},"mobile":{"background-color":"var(--ast-global-color-5)","background-image":"","background-repeat":"repeat","background-position":"center center","background-size":"auto","background-attachment":"scroll","background-type":"","background-media":"","overlay-type":"","overlay-color":"","overlay-opacity":"","overlay-gradient":""}},"footnotes":""},"class_list":["post-15959","page","type-page","status-publish","hentry"],"post_mailing_queue_ids":[],"_links":{"self":[{"href":"https:\/\/agora.xtec.cat\/ceip-espriu-sfeliu\/wp-json\/wp\/v2\/pages\/15959","targetHints":{"allow":["GET"]}}],"collection":[{"href":"https:\/\/agora.xtec.cat\/ceip-espriu-sfeliu\/wp-json\/wp\/v2\/pages"}],"about":[{"href":"https:\/\/agora.xtec.cat\/ceip-espriu-sfeliu\/wp-json\/wp\/v2\/types\/page"}],"author":[{"embeddable":true,"href":"https:\/\/agora.xtec.cat\/ceip-espriu-sfeliu\/wp-json\/wp\/v2\/users\/1"}],"replies":[{"embeddable":true,"href":"https:\/\/agora.xtec.cat\/ceip-espriu-sfeliu\/wp-json\/wp\/v2\/comments?post=15959"}],"version-history":[{"count":1,"href":"https:\/\/agora.xtec.cat\/ceip-espriu-sfeliu\/wp-json\/wp\/v2\/pages\/15959\/revisions"}],"predecessor-version":[{"id":15962,"href":"https:\/\/agora.xtec.cat\/ceip-espriu-sfeliu\/wp-json\/wp\/v2\/pages\/15959\/revisions\/15962"}],"wp:attachment":[{"href":"https:\/\/agora.xtec.cat\/ceip-espriu-sfeliu\/wp-json\/wp\/v2\/media?parent=15959"}],"curies":[{"name":"wp","href":"https:\/\/api.w.org\/{rel}","templated":true}]}}