{"id":15575,"date":"2025-10-27T12:16:49","date_gmt":"2025-10-27T11:16:49","guid":{"rendered":"https:\/\/agora.xtec.cat\/ceip-espriu-sfeliu\/?page_id=15575"},"modified":"2025-10-27T12:28:14","modified_gmt":"2025-10-27T11:28:14","slug":"aula-steam","status":"publish","type":"page","link":"https:\/\/agora.xtec.cat\/ceip-espriu-sfeliu\/aula-steam\/","title":{"rendered":"Aula STEAM"},"content":{"rendered":"<p data-start=\"191\" data-end=\"497\">A l\u2019escola hem creat <strong data-start=\"212\" data-end=\"228\">l\u2019Aula STEAM<\/strong>, un espai innovador dissenyat per despertar la curiositat, la creativitat i l\u2019esperit cient\u00edfic dels nostres alumnes. Aquesta aula \u00e9s <strong data-start=\"363\" data-end=\"405\">el cor tecnol\u00f2gic i creatiu del centre<\/strong>, on l\u2019aprenentatge es converteix en experimentaci\u00f3, descobriment i treball col\u00b7laboratiu.<\/p>\n<p data-start=\"499\" data-end=\"751\">Inspirada en el concepte d\u2019<strong data-start=\"526\" data-end=\"544\">aula del futur<\/strong>, l\u2019espai est\u00e0 organitzat en diferents <strong data-start=\"583\" data-end=\"606\">ambients de treball<\/strong> que permeten desenvolupar projectes interdisciplinaris a partir de la metodologia STEAM (Ci\u00e8ncia, Tecnologia, Enginyeria, Art i Matem\u00e0tiques):<\/p>\n<ul data-start=\"753\" data-end=\"1342\">\n<li data-start=\"753\" data-end=\"904\">\n<p data-start=\"755\" data-end=\"904\"><strong data-start=\"758\" data-end=\"779\">Espai de creaci\u00f3:<\/strong> on els alumnes imaginen, dissenyen i donen forma a les seves idees a trav\u00e9s de materials diversos i t\u00e8cniques art\u00edstiques.<\/p>\n<\/li>\n<li data-start=\"905\" data-end=\"1032\">\n<p data-start=\"907\" data-end=\"1032\"><strong data-start=\"910\" data-end=\"928\">Espai digital:<\/strong> destinat a la programaci\u00f3, el treball amb dispositius digitals i la creaci\u00f3 de continguts multim\u00e8dia.<\/p>\n<\/li>\n<li data-start=\"1033\" data-end=\"1178\">\n<p data-start=\"1035\" data-end=\"1178\"><strong data-start=\"1038\" data-end=\"1060\">Espai de rob\u00f2tica:<\/strong> per aprendre pensament computacional i programaci\u00f3 a trav\u00e9s de robots educatius i reptes de resoluci\u00f3 de problemes.<\/p>\n<\/li>\n<li data-start=\"1179\" data-end=\"1342\">\n<p data-start=\"1181\" data-end=\"1342\"><strong data-start=\"1184\" data-end=\"1221\">Espai d\u2019enginyeria i construcci\u00f3:<\/strong> on es treballen conceptes de disseny, estructura i resist\u00e8ncia amb materials manipulatius i tecnologies de fabricaci\u00f3.<\/p>\n<\/li>\n<\/ul>\n<p data-start=\"1344\" data-end=\"1580\">L\u2019aula compta tamb\u00e9 amb <strong data-start=\"1368\" data-end=\"1396\">tecnologia d\u2019avantguarda<\/strong>, com una <strong data-start=\"1406\" data-end=\"1425\">talladora l\u00e0ser<\/strong> i una <strong data-start=\"1432\" data-end=\"1449\">impressora 3D<\/strong>, que permeten als alumnes convertir les seves idees en prototips reals, fomentant el pensament cr\u00edtic i la creativitat aplicada.<\/p>\n<p data-start=\"1582\" data-end=\"1756\">A trav\u00e9s d\u2019aquest espai, volem que els nostres alumnes <strong data-start=\"1637\" data-end=\"1655\">aprenguin fent<\/strong>, desenvolupin habilitats del segle XXI i esdevinguin <strong data-start=\"1709\" data-end=\"1755\">creadors actius del seu propi aprenentatge<\/strong>.<\/p>\n<p data-start=\"1582\" data-end=\"1756\"><a href=\"https:\/\/agora.xtec.cat\/ceip-espriu-sfeliu\/wp-content\/uploads\/usu1016\/2025\/10\/Portada-de-E-book-salud-y-bienestar-collage-verde-1-1.png\"><img loading=\"lazy\" decoding=\"async\" class=\"aligncenter wp-image-15587\" src=\"https:\/\/agora.xtec.cat\/ceip-espriu-sfeliu\/wp-content\/uploads\/usu1016\/2025\/10\/Portada-de-E-book-salud-y-bienestar-collage-verde-1-1-188x300.png\" alt=\"\" width=\"438\" height=\"698\" srcset=\"https:\/\/agora.xtec.cat\/ceip-espriu-sfeliu\/wp-content\/uploads\/usu1016\/2025\/10\/Portada-de-E-book-salud-y-bienestar-collage-verde-1-1-188x300.png 188w, https:\/\/agora.xtec.cat\/ceip-espriu-sfeliu\/wp-content\/uploads\/usu1016\/2025\/10\/Portada-de-E-book-salud-y-bienestar-collage-verde-1-1-642x1024.png 642w, https:\/\/agora.xtec.cat\/ceip-espriu-sfeliu\/wp-content\/uploads\/usu1016\/2025\/10\/Portada-de-E-book-salud-y-bienestar-collage-verde-1-1-768x1226.png 768w, https:\/\/agora.xtec.cat\/ceip-espriu-sfeliu\/wp-content\/uploads\/usu1016\/2025\/10\/Portada-de-E-book-salud-y-bienestar-collage-verde-1-1-963x1536.png 963w, https:\/\/agora.xtec.cat\/ceip-espriu-sfeliu\/wp-content\/uploads\/usu1016\/2025\/10\/Portada-de-E-book-salud-y-bienestar-collage-verde-1-1-1283x2048.png 1283w, https:\/\/agora.xtec.cat\/ceip-espriu-sfeliu\/wp-content\/uploads\/usu1016\/2025\/10\/Portada-de-E-book-salud-y-bienestar-collage-verde-1-1.png 1410w\" sizes=\"auto, (max-width: 438px) 100vw, 438px\" \/><\/a><\/p>\n<p>&nbsp;<\/p>\n","protected":false},"excerpt":{"rendered":"<p>A l\u2019escola hem creat l\u2019Aula STEAM, un espai innovador dissenyat per despertar la curiositat, la creativitat i l\u2019esperit cient\u00edfic dels nostres alumnes. Aquesta aula \u00e9s el cor tecnol\u00f2gic i creatiu del centre, on l\u2019aprenentatge es converteix en experimentaci\u00f3, descobriment i treball col\u00b7laboratiu. Inspirada en el concepte d\u2019aula del futur, l\u2019espai est\u00e0 organitzat en diferents ambients [&hellip;]<\/p>\n","protected":false},"author":1,"featured_media":0,"parent":0,"menu_order":0,"comment_status":"closed","ping_status":"closed","template":"","meta":{"_bbp_topic_count":0,"_bbp_reply_count":0,"_bbp_total_topic_count":0,"_bbp_total_reply_count":0,"_bbp_voice_count":0,"_bbp_anonymous_reply_count":0,"_bbp_topic_count_hidden":0,"_bbp_reply_count_hidden":0,"_bbp_forum_subforum_count":0,"site-sidebar-layout":"default","site-content-layout":"","ast-site-content-layout":"default","site-content-style":"default","site-sidebar-style":"default","ast-global-header-display":"","ast-banner-title-visibility":"","ast-main-header-display":"","ast-hfb-above-header-display":"","ast-hfb-below-header-display":"","ast-hfb-mobile-header-display":"","site-post-title":"","ast-breadcrumbs-content":"","ast-featured-img":"","footer-sml-layout":"","theme-transparent-header-meta":"default","adv-header-id-meta":"","stick-header-meta":"","header-above-stick-meta":"","header-main-stick-meta":"","header-below-stick-meta":"","astra-migrate-meta-layouts":"set","ast-page-background-enabled":"default","ast-page-background-meta":{"desktop":{"background-color":"var(--ast-global-color-4)","background-image":"","background-repeat":"repeat","background-position":"center center","background-size":"auto","background-attachment":"scroll","background-type":"","background-media":"","overlay-type":"","overlay-color":"","overlay-opacity":"","overlay-gradient":""},"tablet":{"background-color":"","background-image":"","background-repeat":"repeat","background-position":"center center","background-size":"auto","background-attachment":"scroll","background-type":"","background-media":"","overlay-type":"","overlay-color":"","overlay-opacity":"","overlay-gradient":""},"mobile":{"background-color":"","background-image":"","background-repeat":"repeat","background-position":"center center","background-size":"auto","background-attachment":"scroll","background-type":"","background-media":"","overlay-type":"","overlay-color":"","overlay-opacity":"","overlay-gradient":""}},"ast-content-background-meta":{"desktop":{"background-color":"var(--ast-global-color-5)","background-image":"","background-repeat":"repeat","background-position":"center center","background-size":"auto","background-attachment":"scroll","background-type":"","background-media":"","overlay-type":"","overlay-color":"","overlay-opacity":"","overlay-gradient":""},"tablet":{"background-color":"var(--ast-global-color-5)","background-image":"","background-repeat":"repeat","background-position":"center center","background-size":"auto","background-attachment":"scroll","background-type":"","background-media":"","overlay-type":"","overlay-color":"","overlay-opacity":"","overlay-gradient":""},"mobile":{"background-color":"var(--ast-global-color-5)","background-image":"","background-repeat":"repeat","background-position":"center center","background-size":"auto","background-attachment":"scroll","background-type":"","background-media":"","overlay-type":"","overlay-color":"","overlay-opacity":"","overlay-gradient":""}},"footnotes":""},"class_list":["post-15575","page","type-page","status-publish","hentry"],"post_mailing_queue_ids":[],"_links":{"self":[{"href":"https:\/\/agora.xtec.cat\/ceip-espriu-sfeliu\/wp-json\/wp\/v2\/pages\/15575","targetHints":{"allow":["GET"]}}],"collection":[{"href":"https:\/\/agora.xtec.cat\/ceip-espriu-sfeliu\/wp-json\/wp\/v2\/pages"}],"about":[{"href":"https:\/\/agora.xtec.cat\/ceip-espriu-sfeliu\/wp-json\/wp\/v2\/types\/page"}],"author":[{"embeddable":true,"href":"https:\/\/agora.xtec.cat\/ceip-espriu-sfeliu\/wp-json\/wp\/v2\/users\/1"}],"replies":[{"embeddable":true,"href":"https:\/\/agora.xtec.cat\/ceip-espriu-sfeliu\/wp-json\/wp\/v2\/comments?post=15575"}],"version-history":[{"count":3,"href":"https:\/\/agora.xtec.cat\/ceip-espriu-sfeliu\/wp-json\/wp\/v2\/pages\/15575\/revisions"}],"predecessor-version":[{"id":15589,"href":"https:\/\/agora.xtec.cat\/ceip-espriu-sfeliu\/wp-json\/wp\/v2\/pages\/15575\/revisions\/15589"}],"wp:attachment":[{"href":"https:\/\/agora.xtec.cat\/ceip-espriu-sfeliu\/wp-json\/wp\/v2\/media?parent=15575"}],"curies":[{"name":"wp","href":"https:\/\/api.w.org\/{rel}","templated":true}]}}