{"id":15488,"date":"2025-10-22T12:05:37","date_gmt":"2025-10-22T10:05:37","guid":{"rendered":"https:\/\/agora.xtec.cat\/ceip-espriu-sfeliu\/?page_id=15488"},"modified":"2026-03-27T09:18:17","modified_gmt":"2026-03-27T08:18:17","slug":"radio-espriu-programa-setmanal","status":"publish","type":"page","link":"https:\/\/agora.xtec.cat\/ceip-espriu-sfeliu\/radio-espriu\/radio-espriu-programa-setmanal\/","title":{"rendered":"El magaz\u00edn radiof\u00f2nic dels divendres"},"content":{"rendered":"<p data-start=\"159\" data-end=\"502\">Cada divendres, l\u2019escola s\u2019omple de veu, m\u00fasica i emoci\u00f3 amb <strong data-start=\"220\" data-end=\"252\">el magaz\u00edn de r\u00e0dio setmanal<\/strong>, un programa fet <strong data-start=\"270\" data-end=\"313\">per tots els cursos d\u2019educaci\u00f3 prim\u00e0ria<\/strong>. \u00c9s un espai compartit on cada grup hi aporta les seves not\u00edcies, entrevistes, recomanacions, curiositats o petites seccions creatives, donant vida a una emissi\u00f3 variada i plena d\u2019energia.<\/p>\n<p data-start=\"504\" data-end=\"842\">El magaz\u00edn \u00e9s una oportunitat perqu\u00e8 l\u2019alumnat <strong data-start=\"551\" data-end=\"609\">aprengui a comunicar-se, escoltar i treballar en equip<\/strong>, tot donant valor al que passa a l\u2019escola i al seu entorn. A m\u00e9s, cada setmana hi trobem <strong data-start=\"699\" data-end=\"725\">\u201cla pregunta setmanal\u201d<\/strong>, una secci\u00f3 molt esperada on els infants responen, opinen i reflexionen sobre un tema que ens fa pensar i conversar.<\/p>\n<p data-start=\"844\" data-end=\"1039\">Aquest programa \u00e9s el <strong data-start=\"866\" data-end=\"916\">punt de trobada de tota la comunitat educativa<\/strong>, un espai que dona veu als nens i nenes i que converteix la r\u00e0dio en un instrument viu, participatiu i ple d\u2019aprenentatge.<\/p>\n<p>Podeu escoltar el programa setmanal tots els divendres a les 9:15 h clicant al seg\u00fcent <a href=\"http:\/\/crp-santfeliu.xtec.cat:8084\/ceip-espriu-sfeliu\">enlla\u00e7<\/a>!<\/p>\n<p style=\"text-align: left;\">Aqu\u00ed trobareu els p\u00f2dcasts d&#8217;aquest curs:<\/p>\n<table style=\"border-collapse: collapse; width: 100%; height: 363px;\">\n<tbody>\n<tr style=\"height: 52px;\">\n<td style=\"width: 100%; height: 52px;\">Primer trimestre<\/td>\n<\/tr>\n<tr style=\"height: 51px;\">\n<td style=\"width: 100%; height: 51px;\"><a href=\"https:\/\/drive.google.com\/file\/d\/1ORW-IGSSUe633GvMV8CIDxqqgqifRyGr\/view?usp=sharing\">P\u00f2dcast de la classe de 6\u00e8 A i 6\u00e8 B<\/a><\/td>\n<\/tr>\n<tr style=\"height: 52px;\">\n<td style=\"width: 100%; height: 52px;\"><a href=\"https:\/\/drive.google.com\/file\/d\/1KsU7urp15M0Q2XPH2VVV9YKyboHyj0tz\/view?usp=sharing\">P\u00f2dcast de la classe de 5\u00e8 A<\/a><\/td>\n<\/tr>\n<tr style=\"height: 52px;\">\n<td style=\"width: 100%; height: 52px;\"><a href=\"https:\/\/drive.google.com\/file\/d\/1CYEpgckTqJfoU-bj0jMjH36p4PGqwYK1\/view?usp=sharing\">P\u00f2dcast de la classe de 5\u00e8 B<\/a><\/td>\n<\/tr>\n<tr style=\"height: 52px;\">\n<td style=\"width: 100%; height: 52px;\"><a href=\"https:\/\/drive.google.com\/file\/d\/1-WDKxJVv89EXBL9rG6nZwgFnunz9mYfS\/view?usp=sharing\">P\u00f2dcast de la classe de 4t A<\/a><\/td>\n<\/tr>\n<tr style=\"height: 52px;\">\n<td style=\"width: 100%; height: 52px;\"><a href=\"https:\/\/drive.google.com\/file\/d\/1IySEWa7H5EWCuelgpi6VGUfugnwu5Exq\/view?usp=sharing\">P\u00f2dcast de la classe de 4t B<\/a><\/td>\n<\/tr>\n<tr style=\"height: 52px;\">\n<td style=\"width: 100%; height: 52px;\"><a href=\"https:\/\/drive.google.com\/file\/d\/1rY2hBqPwowTzva_VK1MuS8aaI6hdvSFI\/view?usp=sharing\">P\u00f2dcast de la classe de 3r A<\/a><\/td>\n<\/tr>\n<tr>\n<td style=\"width: 100%;\"><a href=\"https:\/\/drive.google.com\/file\/d\/1O4lbBVevV3djf8gCcpu1M1xexPsKylOa\/view?usp=sharing\">P\u00f2dcast de la classe de 3r B<\/a><\/td>\n<\/tr>\n<tr>\n<td style=\"width: 100%;\"><a href=\"https:\/\/drive.google.com\/file\/d\/1hS72UuMv__jaSn5tFdkEC1ZoOZKgf5QW\/view?usp=sharing\">P\u00f2dcast de la classe de 2n A<\/a><\/td>\n<\/tr>\n<tr>\n<td style=\"width: 100%;\"><a href=\"https:\/\/drive.google.com\/file\/d\/16nvQwVASvsB4lpK_vcjtacumpQF-Gr0j\/view?usp=sharing\">P\u00f2dcast de la classe de 2n B<\/a><\/td>\n<\/tr>\n<tr>\n<td style=\"width: 100%;\"><a href=\"https:\/\/drive.google.com\/file\/d\/1fWdLvL6Zgx7NR0XRbveYj-V1ncouaHft\/view?usp=sharing\">P\u00f2dcast de la classe de 1r A<\/a><\/td>\n<\/tr>\n<tr>\n<td style=\"width: 100%;\"><a href=\"https:\/\/drive.google.com\/file\/d\/1fCRNj9rqufhEwe6CE0NeK49KzXPQJdrJ\/view?usp=sharing\">P\u00f2dcast de la classe de 1r B<\/a><\/td>\n<\/tr>\n<\/tbody>\n<\/table>\n<table style=\"border-collapse: collapse; width: 100%; height: 624px;\">\n<tbody>\n<tr style=\"height: 52px;\">\n<td style=\"width: 100%; height: 52px;\">Segon trimestre<\/td>\n<\/tr>\n<tr style=\"height: 52px;\">\n<td style=\"width: 100%; height: 52px;\"><a href=\"https:\/\/drive.google.com\/file\/d\/1yDFzpNTU5i5on68_V9T3JJ7R1BYkQxH8\/view?usp=sharing\">P\u00f2dcast de la classe de 6\u00e8 A<\/a><\/td>\n<\/tr>\n<tr style=\"height: 52px;\">\n<td style=\"width: 100%; height: 52px;\"><a href=\"https:\/\/drive.google.com\/file\/d\/1G5mr_wz9xX8NhEw4QkYFrO7YOka8zmAV\/view?usp=sharing\">P\u00f2dcast de la classe de 6\u00e8 B<\/a><\/td>\n<\/tr>\n<tr style=\"height: 52px;\">\n<td style=\"width: 100%; height: 52px;\"><a href=\"https:\/\/drive.google.com\/file\/d\/11FLIlJGEitkCqZrgYWeenbdA3bEjALtk\/view?usp=sharing\">P\u00f2dcast de la classe de 5\u00e8 A<\/a><\/td>\n<\/tr>\n<tr style=\"height: 52px;\">\n<td style=\"width: 100%; height: 52px;\"><a href=\"https:\/\/drive.google.com\/file\/d\/1Xv5A0k4HoB3j8V2NQGhaO44IbCcv3PCB\/view?usp=sharing\">P\u00f2dcast de la classe de 5\u00e8 B<\/a><\/td>\n<\/tr>\n<tr style=\"height: 52px;\">\n<td style=\"width: 100%; height: 52px;\"><a href=\"https:\/\/drive.google.com\/file\/d\/1LzFFC2dLfK0qNL6fbaTL3usHQUdx_7sS\/view?usp=drive_link\">P\u00f2dcasts de les classes de 4t A i 4t B<\/a><\/td>\n<\/tr>\n<tr style=\"height: 52px;\">\n<td style=\"width: 100%; height: 52px;\"><a href=\"https:\/\/drive.google.com\/file\/d\/1liuW302LqTUk4DwNzSqwWWnDhIF6gEcX\/view?usp=drive_link\">P\u00f2dcast de la classe de 3r A<\/a><\/td>\n<\/tr>\n<tr style=\"height: 52px;\">\n<td style=\"width: 100%; height: 52px;\"><a href=\"https:\/\/drive.google.com\/file\/d\/1yP6tmsoGWTe_VHnsb4uf7_Q3QfOsz4Sb\/view?usp=drive_link\">P\u00f2dcast de la classe de 3r B<\/a><\/td>\n<\/tr>\n<tr style=\"height: 52px;\">\n<td style=\"width: 100%; height: 52px;\"><a href=\"http:\/\/P\u00f2dcast de la classe de 2n A\">P\u00f2dcast de la classe de 2n A<\/a><\/td>\n<\/tr>\n<tr style=\"height: 52px;\">\n<td style=\"width: 100%; height: 52px;\"><a href=\"https:\/\/drive.google.com\/file\/d\/1OGltJwQO6H86SvOVCkRj1ozLjIiDQi9g\/view?usp=sharing\">P\u00f2dcast de la classe de 2n B<\/a><\/td>\n<\/tr>\n<tr style=\"height: 52px;\">\n<td style=\"width: 100%; height: 52px;\"><a href=\"https:\/\/drive.google.com\/file\/d\/1xIg2hCAlnA5HY9cGxWvt0Oknbxl3eDop\/view?usp=sharing\">P\u00f2dcast de les classes de 1r A i B<\/a><\/td>\n<\/tr>\n<tr style=\"height: 52px;\">\n<td style=\"width: 100%; height: 52px;\"><\/td>\n<\/tr>\n<\/tbody>\n<\/table>\n<p>&nbsp;<\/p>\n<p>&nbsp;<\/p>\n","protected":false},"excerpt":{"rendered":"<p>Cada divendres, l\u2019escola s\u2019omple de veu, m\u00fasica i emoci\u00f3 amb el magaz\u00edn de r\u00e0dio setmanal, un programa fet per tots els cursos d\u2019educaci\u00f3 prim\u00e0ria. \u00c9s un espai compartit on cada grup hi aporta les seves not\u00edcies, entrevistes, recomanacions, curiositats o petites seccions creatives, donant vida a una emissi\u00f3 variada i plena d\u2019energia. El magaz\u00edn \u00e9s [&hellip;]<\/p>\n","protected":false},"author":1,"featured_media":0,"parent":15517,"menu_order":0,"comment_status":"closed","ping_status":"closed","template":"","meta":{"_bbp_topic_count":0,"_bbp_reply_count":0,"_bbp_total_topic_count":0,"_bbp_total_reply_count":0,"_bbp_voice_count":0,"_bbp_anonymous_reply_count":0,"_bbp_topic_count_hidden":0,"_bbp_reply_count_hidden":0,"_bbp_forum_subforum_count":0,"site-sidebar-layout":"default","site-content-layout":"","ast-site-content-layout":"default","site-content-style":"default","site-sidebar-style":"default","ast-global-header-display":"","ast-banner-title-visibility":"","ast-main-header-display":"","ast-hfb-above-header-display":"","ast-hfb-below-header-display":"","ast-hfb-mobile-header-display":"","site-post-title":"","ast-breadcrumbs-content":"","ast-featured-img":"","footer-sml-layout":"","theme-transparent-header-meta":"default","adv-header-id-meta":"","stick-header-meta":"","header-above-stick-meta":"","header-main-stick-meta":"","header-below-stick-meta":"","astra-migrate-meta-layouts":"set","ast-page-background-enabled":"default","ast-page-background-meta":{"desktop":{"background-color":"var(--ast-global-color-4)","background-image":"","background-repeat":"repeat","background-position":"center center","background-size":"auto","background-attachment":"scroll","background-type":"","background-media":"","overlay-type":"","overlay-color":"","overlay-opacity":"","overlay-gradient":""},"tablet":{"background-color":"","background-image":"","background-repeat":"repeat","background-position":"center center","background-size":"auto","background-attachment":"scroll","background-type":"","background-media":"","overlay-type":"","overlay-color":"","overlay-opacity":"","overlay-gradient":""},"mobile":{"background-color":"","background-image":"","background-repeat":"repeat","background-position":"center center","background-size":"auto","background-attachment":"scroll","background-type":"","background-media":"","overlay-type":"","overlay-color":"","overlay-opacity":"","overlay-gradient":""}},"ast-content-background-meta":{"desktop":{"background-color":"var(--ast-global-color-5)","background-image":"","background-repeat":"repeat","background-position":"center center","background-size":"auto","background-attachment":"scroll","background-type":"","background-media":"","overlay-type":"","overlay-color":"","overlay-opacity":"","overlay-gradient":""},"tablet":{"background-color":"var(--ast-global-color-5)","background-image":"","background-repeat":"repeat","background-position":"center center","background-size":"auto","background-attachment":"scroll","background-type":"","background-media":"","overlay-type":"","overlay-color":"","overlay-opacity":"","overlay-gradient":""},"mobile":{"background-color":"var(--ast-global-color-5)","background-image":"","background-repeat":"repeat","background-position":"center center","background-size":"auto","background-attachment":"scroll","background-type":"","background-media":"","overlay-type":"","overlay-color":"","overlay-opacity":"","overlay-gradient":""}},"footnotes":""},"class_list":["post-15488","page","type-page","status-publish","hentry"],"post_mailing_queue_ids":[],"_links":{"self":[{"href":"https:\/\/agora.xtec.cat\/ceip-espriu-sfeliu\/wp-json\/wp\/v2\/pages\/15488","targetHints":{"allow":["GET"]}}],"collection":[{"href":"https:\/\/agora.xtec.cat\/ceip-espriu-sfeliu\/wp-json\/wp\/v2\/pages"}],"about":[{"href":"https:\/\/agora.xtec.cat\/ceip-espriu-sfeliu\/wp-json\/wp\/v2\/types\/page"}],"author":[{"embeddable":true,"href":"https:\/\/agora.xtec.cat\/ceip-espriu-sfeliu\/wp-json\/wp\/v2\/users\/1"}],"replies":[{"embeddable":true,"href":"https:\/\/agora.xtec.cat\/ceip-espriu-sfeliu\/wp-json\/wp\/v2\/comments?post=15488"}],"version-history":[{"count":6,"href":"https:\/\/agora.xtec.cat\/ceip-espriu-sfeliu\/wp-json\/wp\/v2\/pages\/15488\/revisions"}],"predecessor-version":[{"id":16278,"href":"https:\/\/agora.xtec.cat\/ceip-espriu-sfeliu\/wp-json\/wp\/v2\/pages\/15488\/revisions\/16278"}],"up":[{"embeddable":true,"href":"https:\/\/agora.xtec.cat\/ceip-espriu-sfeliu\/wp-json\/wp\/v2\/pages\/15517"}],"wp:attachment":[{"href":"https:\/\/agora.xtec.cat\/ceip-espriu-sfeliu\/wp-json\/wp\/v2\/media?parent=15488"}],"curies":[{"name":"wp","href":"https:\/\/api.w.org\/{rel}","templated":true}]}}