{"id":11985,"date":"2022-09-23T13:35:18","date_gmt":"2022-09-23T11:35:18","guid":{"rendered":"https:\/\/agora.xtec.cat\/ceip-espriu-sfeliu\/?page_id=11985"},"modified":"2025-10-27T16:01:14","modified_gmt":"2025-10-27T15:01:14","slug":"prova","status":"publish","type":"page","link":"https:\/\/agora.xtec.cat\/ceip-espriu-sfeliu\/informacions\/prova\/","title":{"rendered":"L&#8217;equip docent de l&#8217;Espriu"},"content":{"rendered":"<p data-start=\"201\" data-end=\"414\">A la nostra escola comptem amb un <strong data-start=\"235\" data-end=\"282\">equip docent comprom\u00e8s, proper i entusiasta<\/strong>, que treballa cada dia per oferir una educaci\u00f3 de qualitat i una experi\u00e8ncia d\u2019aprenentatge significativa per a tots els infants.<\/p>\n<p data-start=\"416\" data-end=\"675\">Creiem en una <strong data-start=\"430\" data-end=\"451\">educaci\u00f3 integral<\/strong>, que acompanya el desenvolupament acad\u00e8mic, emocional i social de l\u2019alumnat. Per aix\u00f2, l\u2019escola disposa de <strong data-start=\"559\" data-end=\"596\">professionals de diferents \u00e0mbits<\/strong> que, de manera coordinada, comparteixen objectius i valors educatius comuns.<\/p>\n<p data-start=\"677\" data-end=\"703\">L\u2019equip est\u00e0 format per:<\/p>\n<ul data-start=\"704\" data-end=\"1421\">\n<li data-start=\"704\" data-end=\"831\">\n<p data-start=\"706\" data-end=\"831\"><strong data-start=\"706\" data-end=\"757\">Tutors i tutores d\u2019educaci\u00f3 infantil i prim\u00e0ria<\/strong>, que guien el proc\u00e9s d\u2019aprenentatge i creixement personal dels alumnes.<\/p>\n<\/li>\n<li data-start=\"832\" data-end=\"996\">\n<p data-start=\"834\" data-end=\"996\"><strong data-start=\"834\" data-end=\"907\">Especialistes en angl\u00e8s, m\u00fasica, educaci\u00f3 f\u00edsica, educaci\u00f3 art\u00edstica, cient\u00edfica i tecnol\u00f2gica<\/strong>, que aporten una mirada espec\u00edfica i enriquidora a les diferents \u00e0rees del curr\u00edculum.<\/p>\n<\/li>\n<li data-start=\"997\" data-end=\"1179\">\n<p data-start=\"999\" data-end=\"1179\"><strong data-start=\"999\" data-end=\"1034\">Equip de suport a la diversitat<\/strong>, amb mestres d\u2019educaci\u00f3 especial i vetlladors\/es, que vetllen per atendre les necessitats individuals i garantir la inclusi\u00f3 de tot l\u2019alumnat.<\/p>\n<\/li>\n<li data-start=\"1325\" data-end=\"1421\">\n<p data-start=\"1327\" data-end=\"1421\"><strong data-start=\"1327\" data-end=\"1345\">Equip directiu<\/strong>, que coordina, impulsa i dona coher\u00e8ncia al projecte educatiu del centre.<\/p>\n<\/li>\n<\/ul>\n<p data-start=\"1423\" data-end=\"1590\">Tots i totes treballem amb un objectiu com\u00fa: <strong data-start=\"1468\" data-end=\"1590\">ajudar cada infant a cr\u00e9ixer, aprendre i desenvolupar tot el seu potencial en un entorn proper, acollidor i motivador.<\/strong><\/p>\n","protected":false},"excerpt":{"rendered":"<p>A la nostra escola comptem amb un equip docent comprom\u00e8s, proper i entusiasta, que treballa cada dia per oferir una educaci\u00f3 de qualitat i una experi\u00e8ncia d\u2019aprenentatge significativa per a tots els infants. Creiem en una educaci\u00f3 integral, que acompanya el desenvolupament acad\u00e8mic, emocional i social de l\u2019alumnat. Per aix\u00f2, l\u2019escola disposa de professionals de [&hellip;]<\/p>\n","protected":false},"author":1,"featured_media":0,"parent":1740,"menu_order":7,"comment_status":"closed","ping_status":"closed","template":"","meta":{"_bbp_topic_count":0,"_bbp_reply_count":0,"_bbp_total_topic_count":0,"_bbp_total_reply_count":0,"_bbp_voice_count":0,"_bbp_anonymous_reply_count":0,"_bbp_topic_count_hidden":0,"_bbp_reply_count_hidden":0,"_bbp_forum_subforum_count":0,"site-sidebar-layout":"default","site-content-layout":"","ast-site-content-layout":"default","site-content-style":"default","site-sidebar-style":"default","ast-global-header-display":"","ast-banner-title-visibility":"","ast-main-header-display":"","ast-hfb-above-header-display":"","ast-hfb-below-header-display":"","ast-hfb-mobile-header-display":"","site-post-title":"","ast-breadcrumbs-content":"","ast-featured-img":"","footer-sml-layout":"","theme-transparent-header-meta":"default","adv-header-id-meta":"","stick-header-meta":"","header-above-stick-meta":"","header-main-stick-meta":"","header-below-stick-meta":"","astra-migrate-meta-layouts":"set","ast-page-background-enabled":"default","ast-page-background-meta":{"desktop":{"background-color":"var(--ast-global-color-4)","background-image":"","background-repeat":"repeat","background-position":"center center","background-size":"auto","background-attachment":"scroll","background-type":"","background-media":"","overlay-type":"","overlay-color":"","overlay-opacity":"","overlay-gradient":""},"tablet":{"background-color":"","background-image":"","background-repeat":"repeat","background-position":"center center","background-size":"auto","background-attachment":"scroll","background-type":"","background-media":"","overlay-type":"","overlay-color":"","overlay-opacity":"","overlay-gradient":""},"mobile":{"background-color":"","background-image":"","background-repeat":"repeat","background-position":"center center","background-size":"auto","background-attachment":"scroll","background-type":"","background-media":"","overlay-type":"","overlay-color":"","overlay-opacity":"","overlay-gradient":""}},"ast-content-background-meta":{"desktop":{"background-color":"var(--ast-global-color-5)","background-image":"","background-repeat":"repeat","background-position":"center center","background-size":"auto","background-attachment":"scroll","background-type":"","background-media":"","overlay-type":"","overlay-color":"","overlay-opacity":"","overlay-gradient":""},"tablet":{"background-color":"var(--ast-global-color-5)","background-image":"","background-repeat":"repeat","background-position":"center center","background-size":"auto","background-attachment":"scroll","background-type":"","background-media":"","overlay-type":"","overlay-color":"","overlay-opacity":"","overlay-gradient":""},"mobile":{"background-color":"var(--ast-global-color-5)","background-image":"","background-repeat":"repeat","background-position":"center center","background-size":"auto","background-attachment":"scroll","background-type":"","background-media":"","overlay-type":"","overlay-color":"","overlay-opacity":"","overlay-gradient":""}},"footnotes":""},"class_list":["post-11985","page","type-page","status-publish","hentry"],"post_mailing_queue_ids":[],"_links":{"self":[{"href":"https:\/\/agora.xtec.cat\/ceip-espriu-sfeliu\/wp-json\/wp\/v2\/pages\/11985","targetHints":{"allow":["GET"]}}],"collection":[{"href":"https:\/\/agora.xtec.cat\/ceip-espriu-sfeliu\/wp-json\/wp\/v2\/pages"}],"about":[{"href":"https:\/\/agora.xtec.cat\/ceip-espriu-sfeliu\/wp-json\/wp\/v2\/types\/page"}],"author":[{"embeddable":true,"href":"https:\/\/agora.xtec.cat\/ceip-espriu-sfeliu\/wp-json\/wp\/v2\/users\/1"}],"replies":[{"embeddable":true,"href":"https:\/\/agora.xtec.cat\/ceip-espriu-sfeliu\/wp-json\/wp\/v2\/comments?post=11985"}],"version-history":[{"count":3,"href":"https:\/\/agora.xtec.cat\/ceip-espriu-sfeliu\/wp-json\/wp\/v2\/pages\/11985\/revisions"}],"predecessor-version":[{"id":15593,"href":"https:\/\/agora.xtec.cat\/ceip-espriu-sfeliu\/wp-json\/wp\/v2\/pages\/11985\/revisions\/15593"}],"up":[{"embeddable":true,"href":"https:\/\/agora.xtec.cat\/ceip-espriu-sfeliu\/wp-json\/wp\/v2\/pages\/1740"}],"wp:attachment":[{"href":"https:\/\/agora.xtec.cat\/ceip-espriu-sfeliu\/wp-json\/wp\/v2\/media?parent=11985"}],"curies":[{"name":"wp","href":"https:\/\/api.w.org\/{rel}","templated":true}]}}