{"id":10808,"date":"2021-12-21T16:05:29","date_gmt":"2021-12-21T15:05:29","guid":{"rendered":"https:\/\/agora.xtec.cat\/ceip-espriu-sfeliu\/?page_id=10808"},"modified":"2025-10-27T15:49:05","modified_gmt":"2025-10-27T14:49:05","slug":"mengem-com-a-casa","status":"publish","type":"page","link":"https:\/\/agora.xtec.cat\/ceip-espriu-sfeliu\/projectes\/mengem-com-a-casa\/","title":{"rendered":"Educaci\u00f3 F\u00edsica i Pla Catal\u00e0 de l&#8217;Esport"},"content":{"rendered":"<p dir=\"ltr\">Les classes d<strong>&#8216;Educaci\u00f3 F\u00edsica<\/strong> tenen com objectius, gaudir <span class=\"il\">de<\/span> les activitats f\u00edsiques, incentivar h\u00e0bits saludables i treballar els valors.<\/p>\n<p dir=\"ltr\">Tanmateix, formem part del <strong><span class=\"il\">PLA<\/span> <span class=\"il\">CATAL\u00c0<\/span> <span class=\"il\">DE<\/span> <span class=\"il\">L<\/span>\u2019<span class=\"il\">ESPORT<\/span> A <span class=\"il\">L<\/span>\u2019ESCOLA ( CONSELL <span class=\"il\">CATAL\u00c0<\/span> <span class=\"il\">DE<\/span> <span class=\"il\">L<\/span>\u2019<span class=\"il\">ESPORT<\/span> )<\/strong><\/p>\n<p dir=\"ltr\">Els objectius <span class=\"il\">d<\/span>\u2019aquest <span class=\"il\">pla<\/span> s\u00f3n:<\/p>\n<ul>\n<li dir=\"ltr\">Incrementar la participaci\u00f3 en activitats f\u00edsiques i esportives en horari lectiu i no lectiu <span class=\"il\">de<\/span> <span class=\"il\">l<\/span>\u2019alumnat del centre.<\/li>\n<li dir=\"ltr\">Potenciar la funci\u00f3 integradora i <span class=\"il\" style=\"font-family: inherit; font-size: 1em;\">de<\/span><span style=\"font-family: inherit; font-size: 1em;\"> cohesi\u00f3 social <\/span><span class=\"il\" style=\"font-family: inherit; font-size: 1em;\">de<\/span> <span class=\"il\" style=\"font-family: inherit; font-size: 1em;\">l<\/span><span style=\"font-family: inherit; font-size: 1em;\">\u2019<\/span><span class=\"il\" style=\"font-family: inherit; font-size: 1em;\">esport<\/span><span style=\"font-family: inherit; font-size: 1em;\">.<\/span><\/li>\n<li dir=\"ltr\">Contribuir mitjan\u00e7ant la pr\u00e0ctica esportiva a la formaci\u00f3 en valors.<\/li>\n<\/ul>\n<p dir=\"ltr\">Participem en diverses sortides <span class=\"il\">l<\/span>\u00fadiques i esportives proposades pel Consell Esportiu del Baix Llobregat.<\/p>\n<p dir=\"ltr\"><strong>L&#8217;ESCOLA PARTICIPA EN ELS SEG\u00dcENTS PROGRAMES ESPORTIUS <span class=\"il\">DE<\/span> <span class=\"il\">L<\/span>\u2019AJUNTAMENT:<\/strong><\/p>\n<ul>\n<li dir=\"ltr\">NATACI\u00d3 ESCOLAR A PRIMER I SEGON DE PRIM\u00c0RIA<\/li>\n<\/ul>\n<p dir=\"ltr\">Els nens i nenes <span class=\"il\">de<\/span> comunitat mitjana, van un cop per setmana al complex poliesportiu del municipi a fer nataci\u00f3, amb <span class=\"il\">l<\/span>\u2019objectiu <span class=\"il\">de<\/span> proporcionar als infants la possibilitat <span class=\"il\">de<\/span> desenvolupar les seves habilitats motrius b\u00e0siques en el medi aqu\u00e0tic.<\/p>\n<ul>\n<li dir=\"ltr\">ATLETISME A CINQU\u00c8 I SIS\u00c8 DE PRIM\u00c0RIA<\/li>\n<\/ul>\n<p dir=\"ltr\">Sessions atl\u00e8tiques per con\u00e8ixer aquest <span class=\"il\">esport<\/span>, utilitzant tamb\u00e9 les instal\u00b7lacions <span class=\"il\">de<\/span> les Grasses cedides per <span class=\"il\">l<\/span>\u2019Ajuntament amb el suport <span class=\"il\">d<\/span>\u2019un monitor <span class=\"il\">d<\/span>\u2019atletisme.<\/p>\n","protected":false},"excerpt":{"rendered":"<p>Les classes d&#8216;Educaci\u00f3 F\u00edsica tenen com objectius, gaudir de les activitats f\u00edsiques, incentivar h\u00e0bits saludables i treballar els valors. Tanmateix, formem part del PLA CATAL\u00c0 DE L\u2019ESPORT A L\u2019ESCOLA ( CONSELL CATAL\u00c0 DE L\u2019ESPORT ) Els objectius d\u2019aquest pla s\u00f3n: Incrementar la participaci\u00f3 en activitats f\u00edsiques i esportives en horari lectiu i no lectiu de [&hellip;]<\/p>\n","protected":false},"author":1,"featured_media":0,"parent":1708,"menu_order":1,"comment_status":"closed","ping_status":"closed","template":"","meta":{"_bbp_topic_count":0,"_bbp_reply_count":0,"_bbp_total_topic_count":0,"_bbp_total_reply_count":0,"_bbp_voice_count":0,"_bbp_anonymous_reply_count":0,"_bbp_topic_count_hidden":0,"_bbp_reply_count_hidden":0,"_bbp_forum_subforum_count":0,"site-sidebar-layout":"default","site-content-layout":"","ast-site-content-layout":"default","site-content-style":"default","site-sidebar-style":"default","ast-global-header-display":"","ast-banner-title-visibility":"","ast-main-header-display":"","ast-hfb-above-header-display":"","ast-hfb-below-header-display":"","ast-hfb-mobile-header-display":"","site-post-title":"","ast-breadcrumbs-content":"","ast-featured-img":"","footer-sml-layout":"","theme-transparent-header-meta":"default","adv-header-id-meta":"","stick-header-meta":"","header-above-stick-meta":"","header-main-stick-meta":"","header-below-stick-meta":"","astra-migrate-meta-layouts":"set","ast-page-background-enabled":"default","ast-page-background-meta":{"desktop":{"background-color":"var(--ast-global-color-4)","background-image":"","background-repeat":"repeat","background-position":"center center","background-size":"auto","background-attachment":"scroll","background-type":"","background-media":"","overlay-type":"","overlay-color":"","overlay-opacity":"","overlay-gradient":""},"tablet":{"background-color":"","background-image":"","background-repeat":"repeat","background-position":"center center","background-size":"auto","background-attachment":"scroll","background-type":"","background-media":"","overlay-type":"","overlay-color":"","overlay-opacity":"","overlay-gradient":""},"mobile":{"background-color":"","background-image":"","background-repeat":"repeat","background-position":"center center","background-size":"auto","background-attachment":"scroll","background-type":"","background-media":"","overlay-type":"","overlay-color":"","overlay-opacity":"","overlay-gradient":""}},"ast-content-background-meta":{"desktop":{"background-color":"var(--ast-global-color-5)","background-image":"","background-repeat":"repeat","background-position":"center center","background-size":"auto","background-attachment":"scroll","background-type":"","background-media":"","overlay-type":"","overlay-color":"","overlay-opacity":"","overlay-gradient":""},"tablet":{"background-color":"var(--ast-global-color-5)","background-image":"","background-repeat":"repeat","background-position":"center center","background-size":"auto","background-attachment":"scroll","background-type":"","background-media":"","overlay-type":"","overlay-color":"","overlay-opacity":"","overlay-gradient":""},"mobile":{"background-color":"var(--ast-global-color-5)","background-image":"","background-repeat":"repeat","background-position":"center center","background-size":"auto","background-attachment":"scroll","background-type":"","background-media":"","overlay-type":"","overlay-color":"","overlay-opacity":"","overlay-gradient":""}},"footnotes":""},"class_list":["post-10808","page","type-page","status-publish","hentry"],"post_mailing_queue_ids":[],"_links":{"self":[{"href":"https:\/\/agora.xtec.cat\/ceip-espriu-sfeliu\/wp-json\/wp\/v2\/pages\/10808","targetHints":{"allow":["GET"]}}],"collection":[{"href":"https:\/\/agora.xtec.cat\/ceip-espriu-sfeliu\/wp-json\/wp\/v2\/pages"}],"about":[{"href":"https:\/\/agora.xtec.cat\/ceip-espriu-sfeliu\/wp-json\/wp\/v2\/types\/page"}],"author":[{"embeddable":true,"href":"https:\/\/agora.xtec.cat\/ceip-espriu-sfeliu\/wp-json\/wp\/v2\/users\/1"}],"replies":[{"embeddable":true,"href":"https:\/\/agora.xtec.cat\/ceip-espriu-sfeliu\/wp-json\/wp\/v2\/comments?post=10808"}],"version-history":[{"count":4,"href":"https:\/\/agora.xtec.cat\/ceip-espriu-sfeliu\/wp-json\/wp\/v2\/pages\/10808\/revisions"}],"predecessor-version":[{"id":15619,"href":"https:\/\/agora.xtec.cat\/ceip-espriu-sfeliu\/wp-json\/wp\/v2\/pages\/10808\/revisions\/15619"}],"up":[{"embeddable":true,"href":"https:\/\/agora.xtec.cat\/ceip-espriu-sfeliu\/wp-json\/wp\/v2\/pages\/1708"}],"wp:attachment":[{"href":"https:\/\/agora.xtec.cat\/ceip-espriu-sfeliu\/wp-json\/wp\/v2\/media?parent=10808"}],"curies":[{"name":"wp","href":"https:\/\/api.w.org\/{rel}","templated":true}]}}