{"id":10805,"date":"2021-12-21T15:55:48","date_gmt":"2021-12-21T14:55:48","guid":{"rendered":"https:\/\/agora.xtec.cat\/ceip-espriu-sfeliu\/?page_id=10805"},"modified":"2025-10-27T15:49:56","modified_gmt":"2025-10-27T14:49:56","slug":"projecte-steam-cat","status":"publish","type":"page","link":"https:\/\/agora.xtec.cat\/ceip-espriu-sfeliu\/projectes\/projecte-steam-cat\/","title":{"rendered":"Programa d&#8217;innovaci\u00f3 pedag\u00f2gica STEAM.cat"},"content":{"rendered":"<p style=\"text-align: justify;\"><strong>El programa d\u2019innovaci\u00f3 pedag\u00f2gica STEAMcat<\/strong> <span style=\"font-weight: 400;\">(ci\u00e8ncies, tecnologia, enginyeria, art\u00a0 i matem\u00e0tiques),<\/span> promoguda pel Departament d&#8217;Educaci\u00f3, consisteix en l\u2019acompanyament dels centres mitjan\u00e7ant l\u2019assessorament, la creaci\u00f3 de la Comunitat STEAMcat, les formacions i els recursos. Aprofitant el lideratge distribu\u00eft del centre, les metodologies, perspectives i tecnologies adients a l\u2019aula i el treball transversal del professorat, es fomenta el pensament cr\u00edtic de l\u2019alumnat. D&#8217;aquesta manera es millora la percepci\u00f3 social de la ci\u00e8ncia, per provocar un increment de la selecci\u00f3 d\u2019estudis postobligatoris STEAM per un canvi positiu de l\u2019autopercepci\u00f3 dels alumnes en vers aquestes disciplines.<\/p>\n<p style=\"text-align: justify;\"><span style=\"font-weight: 400;\">Aquest \u00e9s un repte important per la nostra escola. La societat ha canviat molt amb la irrupci\u00f3 de les noves tecnologies i l\u2019alumnat ha d\u2019estar preparat per aquesta situaci\u00f3 i pels canvis futurs.\u00a0<\/span><\/p>\n<p style=\"text-align: justify;\"><span style=\"font-weight: 400;\"><strong>El nostre objectiu \u00e9s despertar la sensibilitzaci\u00f3 i el gust entorn a les ci\u00e8ncies, despertar vocacions cient\u00edfiques entre l\u2019alumnat i en especial entre les nenes i les noies<\/strong>.\u00a0<\/span><\/p>\n<p style=\"text-align: justify;\"><span style=\"font-weight: 400;\">Formar persones respectuoses i amb valors, amb esperit cr\u00edtic i autocr\u00edtic des d\u2019una mirada constructiva es fa m\u00e9s necessari que mai. Aix\u00f2 s\u2019aconsegueix mitjan\u00e7ant el treball col\u00b7laboratiu, el treball globalitzat, l\u2019impuls de les <\/span><span style=\"font-weight: 400;\">STEAM<\/span><span style=\"font-weight: 400;\">, aix\u00ed com l\u2019acompanyament emocional.<\/span><\/p>\n<p style=\"text-align: justify;\"><span style=\"font-weight: 400;\">\u00a0Les comissions que intervenen en el programa s\u00f3n:<\/span><\/p>\n<ul>\n<li style=\"font-weight: 400; text-align: justify;\" aria-level=\"1\"><span style=\"font-weight: 400;\">La comissi\u00f3 digital que esdev\u00e9 el grup impulsor STEAM (ci\u00e8ncies, tecnologia, enginyeria, art i matem\u00e0tiques). El grup est\u00e0 conformat per un mestre de cada comunitat, el coordinador digital, la cap d\u2019estudis i la directora.<\/span><\/li>\n<li style=\"font-weight: 400; text-align: justify;\" aria-level=\"1\"><span style=\"font-weight: 400;\">La comissi\u00f3 pedag\u00f2gica, t\u00e9 la missi\u00f3 de fer la difusi\u00f3 STEAM al centre. Aquesta comissi\u00f3 est\u00e0 formada per un mestre de cada comunitat, cap d\u2019estudis i directora.<\/span><\/li>\n<\/ul>\n<p><a href=\"https:\/\/agora.xtec.cat\/ceip-espriu-sfeliu\/wp-content\/uploads\/usu1016\/2023\/03\/Steam.png\"><img loading=\"lazy\" decoding=\"async\" class=\"wp-image-12775 alignleft\" src=\"https:\/\/agora.xtec.cat\/ceip-espriu-sfeliu\/wp-content\/uploads\/usu1016\/2023\/03\/Steam.png\" alt=\"\" width=\"169\" height=\"73\" srcset=\"https:\/\/agora.xtec.cat\/ceip-espriu-sfeliu\/wp-content\/uploads\/usu1016\/2023\/03\/Steam.png 310w, https:\/\/agora.xtec.cat\/ceip-espriu-sfeliu\/wp-content\/uploads\/usu1016\/2023\/03\/Steam-300x130.png 300w\" sizes=\"auto, (max-width: 169px) 100vw, 169px\" \/><\/a><\/p>\n<p>&nbsp;<\/p>\n<p>&nbsp;<\/p>\n<p>&nbsp;<\/p>\n<div class=\"ast-oembed-container \" style=\"height: 100%;\"><iframe loading=\"lazy\" title=\"STEAMcat\" width=\"500\" height=\"281\" src=\"https:\/\/www.youtube.com\/embed\/2MvJqnL2U7I?feature=oembed\" frameborder=\"0\" allow=\"accelerometer; autoplay; clipboard-write; encrypted-media; gyroscope; picture-in-picture; web-share\" referrerpolicy=\"strict-origin-when-cross-origin\" allowfullscreen><\/iframe><\/div>\n<p>&nbsp;<\/p>\n<p>&nbsp;<\/p>\n","protected":false},"excerpt":{"rendered":"<p>El programa d\u2019innovaci\u00f3 pedag\u00f2gica STEAMcat (ci\u00e8ncies, tecnologia, enginyeria, art\u00a0 i matem\u00e0tiques), promoguda pel Departament d&#8217;Educaci\u00f3, consisteix en l\u2019acompanyament dels centres mitjan\u00e7ant l\u2019assessorament, la creaci\u00f3 de la Comunitat STEAMcat, les formacions i els recursos. Aprofitant el lideratge distribu\u00eft del centre, les metodologies, perspectives i tecnologies adients a l\u2019aula i el treball transversal del professorat, es fomenta [&hellip;]<\/p>\n","protected":false},"author":1,"featured_media":0,"parent":1708,"menu_order":4,"comment_status":"closed","ping_status":"closed","template":"","meta":{"_bbp_topic_count":0,"_bbp_reply_count":0,"_bbp_total_topic_count":0,"_bbp_total_reply_count":0,"_bbp_voice_count":0,"_bbp_anonymous_reply_count":0,"_bbp_topic_count_hidden":0,"_bbp_reply_count_hidden":0,"_bbp_forum_subforum_count":0,"site-sidebar-layout":"default","site-content-layout":"","ast-site-content-layout":"default","site-content-style":"default","site-sidebar-style":"default","ast-global-header-display":"","ast-banner-title-visibility":"","ast-main-header-display":"","ast-hfb-above-header-display":"","ast-hfb-below-header-display":"","ast-hfb-mobile-header-display":"","site-post-title":"","ast-breadcrumbs-content":"","ast-featured-img":"","footer-sml-layout":"","theme-transparent-header-meta":"default","adv-header-id-meta":"","stick-header-meta":"","header-above-stick-meta":"","header-main-stick-meta":"","header-below-stick-meta":"","astra-migrate-meta-layouts":"set","ast-page-background-enabled":"default","ast-page-background-meta":{"desktop":{"background-color":"var(--ast-global-color-4)","background-image":"","background-repeat":"repeat","background-position":"center center","background-size":"auto","background-attachment":"scroll","background-type":"","background-media":"","overlay-type":"","overlay-color":"","overlay-opacity":"","overlay-gradient":""},"tablet":{"background-color":"","background-image":"","background-repeat":"repeat","background-position":"center center","background-size":"auto","background-attachment":"scroll","background-type":"","background-media":"","overlay-type":"","overlay-color":"","overlay-opacity":"","overlay-gradient":""},"mobile":{"background-color":"","background-image":"","background-repeat":"repeat","background-position":"center center","background-size":"auto","background-attachment":"scroll","background-type":"","background-media":"","overlay-type":"","overlay-color":"","overlay-opacity":"","overlay-gradient":""}},"ast-content-background-meta":{"desktop":{"background-color":"var(--ast-global-color-5)","background-image":"","background-repeat":"repeat","background-position":"center center","background-size":"auto","background-attachment":"scroll","background-type":"","background-media":"","overlay-type":"","overlay-color":"","overlay-opacity":"","overlay-gradient":""},"tablet":{"background-color":"var(--ast-global-color-5)","background-image":"","background-repeat":"repeat","background-position":"center center","background-size":"auto","background-attachment":"scroll","background-type":"","background-media":"","overlay-type":"","overlay-color":"","overlay-opacity":"","overlay-gradient":""},"mobile":{"background-color":"var(--ast-global-color-5)","background-image":"","background-repeat":"repeat","background-position":"center center","background-size":"auto","background-attachment":"scroll","background-type":"","background-media":"","overlay-type":"","overlay-color":"","overlay-opacity":"","overlay-gradient":""}},"footnotes":""},"class_list":["post-10805","page","type-page","status-publish","hentry"],"post_mailing_queue_ids":[],"_links":{"self":[{"href":"https:\/\/agora.xtec.cat\/ceip-espriu-sfeliu\/wp-json\/wp\/v2\/pages\/10805","targetHints":{"allow":["GET"]}}],"collection":[{"href":"https:\/\/agora.xtec.cat\/ceip-espriu-sfeliu\/wp-json\/wp\/v2\/pages"}],"about":[{"href":"https:\/\/agora.xtec.cat\/ceip-espriu-sfeliu\/wp-json\/wp\/v2\/types\/page"}],"author":[{"embeddable":true,"href":"https:\/\/agora.xtec.cat\/ceip-espriu-sfeliu\/wp-json\/wp\/v2\/users\/1"}],"replies":[{"embeddable":true,"href":"https:\/\/agora.xtec.cat\/ceip-espriu-sfeliu\/wp-json\/wp\/v2\/comments?post=10805"}],"version-history":[{"count":5,"href":"https:\/\/agora.xtec.cat\/ceip-espriu-sfeliu\/wp-json\/wp\/v2\/pages\/10805\/revisions"}],"predecessor-version":[{"id":15574,"href":"https:\/\/agora.xtec.cat\/ceip-espriu-sfeliu\/wp-json\/wp\/v2\/pages\/10805\/revisions\/15574"}],"up":[{"embeddable":true,"href":"https:\/\/agora.xtec.cat\/ceip-espriu-sfeliu\/wp-json\/wp\/v2\/pages\/1708"}],"wp:attachment":[{"href":"https:\/\/agora.xtec.cat\/ceip-espriu-sfeliu\/wp-json\/wp\/v2\/media?parent=10805"}],"curies":[{"name":"wp","href":"https:\/\/api.w.org\/{rel}","templated":true}]}}