{"id":1064,"date":"2017-06-25T15:54:54","date_gmt":"2017-06-25T13:54:54","guid":{"rendered":"http:\/\/blocs.xtec.cat\/espriufeliu\/?page_id=383"},"modified":"2025-10-27T15:57:24","modified_gmt":"2025-10-27T14:57:24","slug":"llibres-de-text","status":"publish","type":"page","link":"https:\/\/agora.xtec.cat\/ceip-espriu-sfeliu\/informacions\/llibres-de-text\/","title":{"rendered":"Llibres de text 2025-26"},"content":{"rendered":"<h3><strong>1r.\u00a0<\/strong><\/h3>\n<table style=\"border-collapse: collapse; width: 79.9859%; height: 96px;\">\n<tbody>\n<tr style=\"height: 32px;\">\n<td style=\"width: 52.022%; height: 32px;\"><strong>\u00c0REA\/ T\u00cdTOL<\/strong><\/td>\n<td style=\"width: 24.4289%; height: 32px;\"><strong>EDITORIAL<\/strong><\/td>\n<td style=\"width: 35.4307%; height: 32px;\"><strong>ISBN<\/strong><\/td>\n<\/tr>\n<tr style=\"height: 32px;\">\n<td style=\"width: 52.022%; height: 32px;\">TRA\u00c7OS<\/td>\n<td style=\"width: 24.4289%; height: 32px;\">CRU\u00cfLLA &#8211; 2014<\/td>\n<td style=\"width: 35.4307%; height: 32px;\"><span style=\"font-weight: 400;\">978-84-661-3489-7<\/span><\/td>\n<\/tr>\n<\/tbody>\n<\/table>\n<h3><strong>4t.<\/strong><\/h3>\n<table style=\"border-collapse: collapse; width: 79.6233%;\">\n<tbody>\n<tr>\n<td style=\"width: 52.022%;\"><strong>\u00c0REA\/ T\u00cdTOL<\/strong><\/td>\n<td style=\"width: 24.4289%;\"><strong>EDITORIAL<\/strong><\/td>\n<td style=\"width: 34.9215%;\"><strong>ISBN<\/strong><\/td>\n<\/tr>\n<tr>\n<td style=\"width: 52.022%;\">LLENGUA ANGLESA: NEW TIGER 4 (PUPIL&#8217;S BOOK)<\/td>\n<td style=\"width: 24.4289%;\">MACMILLAN &#8211; E.L.T. &#8211; 2018<\/td>\n<td style=\"width: 34.9215%;\"><span style=\"font-weight: 400;\">978-13-800-1114-5<\/span><\/td>\n<\/tr>\n<tr>\n<td style=\"width: 52.022%;\">LLENGUA ANGLESA: NEW TIGER 4 (ACTIVITY BOOK)<\/td>\n<td style=\"width: 24.4289%;\">MACMILLAN &#8211; E.L.T. &#8211; 2018<\/td>\n<td style=\"width: 34.9215%;\"><span style=\"font-weight: 400;\">978-13-800-1126-8<\/span><\/td>\n<\/tr>\n<tr>\n<td style=\"width: 52.022%;\" colspan=\"3\">&nbsp;<\/p>\n<p>INSTRUMENT: FLAUTA DE DIGITACI\u00d3 ALEMANYA (FUSTA O PL\u00c0STIC)<br \/>\n<span style=\"font-weight: 400;\"><br \/>\n<\/span><\/td>\n<\/tr>\n<\/tbody>\n<\/table>\n<h3><strong>5\u00e8.<\/strong><\/h3>\n<table style=\"border-collapse: collapse; width: 79.9134%;\">\n<tbody>\n<tr>\n<td style=\"width: 52.022%;\"><strong>\u00c0REA\/ T\u00cdTOL<\/strong><\/td>\n<td style=\"width: 24.4289%;\"><strong>EDITORIAL<\/strong><\/td>\n<td style=\"width: 35.3289%;\"><strong>ISBN<\/strong><\/td>\n<\/tr>\n<tr>\n<td style=\"width: 52.022%;\">LLENGUA ANGLESA: NEW TIGER 5 (PUPIL&#8217;S BOOK)<\/td>\n<td style=\"width: 24.4289%;\">MACMILLAN &#8211; E.L.T. &#8211; 2018<\/td>\n<td style=\"width: 35.3289%;\"><span style=\"font-weight: 400;\">978-13-800-1115-2<\/span><\/td>\n<\/tr>\n<tr>\n<td style=\"width: 52.022%;\">LLENGUA ANGLESA: NEW TIGER 5 (ACTIVITY BOOK)<\/td>\n<td style=\"width: 24.4289%;\">MACMILLAN &#8211; E.L.T. &#8211; 2018<\/td>\n<td style=\"width: 35.3289%;\"><span style=\"font-weight: 400;\">978-13-800-1127-5<\/span><\/td>\n<\/tr>\n<\/tbody>\n<\/table>\n<h3><strong>6\u00e8.<\/strong><\/h3>\n<table style=\"border-collapse: collapse; width: 80.2035%;\">\n<tbody>\n<tr>\n<td style=\"width: 52.022%;\"><strong>\u00c0REA\/ T\u00cdTOL<\/strong><\/td>\n<td style=\"width: 24.4289%;\"><strong>EDITORIAL<\/strong><\/td>\n<td style=\"width: 35.7362%;\"><strong>ISBN<\/strong><\/td>\n<\/tr>\n<tr>\n<td style=\"width: 52.022%;\">LLENGUA ANGLESA: NEW TIGER 6 (PUPIL&#8217;S BOOK)<\/td>\n<td style=\"width: 24.4289%;\">MACMILLAN &#8211; 2018<\/td>\n<td style=\"width: 35.7362%;\"><span style=\"font-weight: 400;\">978-13-800-1116-9<\/span><\/td>\n<\/tr>\n<tr>\n<td style=\"width: 52.022%;\">LLENGUA ANGLESA: NEW TIGER 6 (ACTIVITY BOOK)<\/td>\n<td style=\"width: 24.4289%;\">MACMILLAN &#8211; 2018<\/td>\n<td style=\"width: 35.7362%;\"><span style=\"font-weight: 400;\">978-13-800-1128-2<\/span><\/td>\n<\/tr>\n<\/tbody>\n<\/table>\n<p><a href=\"https:\/\/app.box.com\/s\/kpazoz76l394wec81xfozd1bxjwfboiu\"><img loading=\"lazy\" decoding=\"async\" class=\"size-full wp-image-4689 alignright\" src=\"http:\/\/agora.xtec.cat\/ceip-espriu-sfeliu\/wp-content\/uploads\/usu1016\/2013\/05\/llibres.jpg\" alt=\"llibres\" width=\"250\" height=\"367\" srcset=\"https:\/\/agora.xtec.cat\/ceip-espriu-sfeliu\/wp-content\/uploads\/usu1016\/2013\/05\/llibres.jpg 250w, https:\/\/agora.xtec.cat\/ceip-espriu-sfeliu\/wp-content\/uploads\/usu1016\/2013\/05\/llibres-204x300.jpg 204w\" sizes=\"auto, (max-width: 250px) 100vw, 250px\" \/><\/a><\/p>\n","protected":false},"excerpt":{"rendered":"<p>1r.\u00a0 \u00c0REA\/ T\u00cdTOL EDITORIAL ISBN TRA\u00c7OS CRU\u00cfLLA &#8211; 2014 978-84-661-3489-7 4t. \u00c0REA\/ T\u00cdTOL EDITORIAL ISBN LLENGUA ANGLESA: NEW TIGER 4 (PUPIL&#8217;S BOOK) MACMILLAN &#8211; E.L.T. &#8211; 2018 978-13-800-1114-5 LLENGUA ANGLESA: NEW TIGER 4 (ACTIVITY BOOK) MACMILLAN &#8211; E.L.T. &#8211; 2018 978-13-800-1126-8 &nbsp; INSTRUMENT: FLAUTA DE DIGITACI\u00d3 ALEMANYA (FUSTA O PL\u00c0STIC) 5\u00e8. \u00c0REA\/ T\u00cdTOL EDITORIAL ISBN [&hellip;]<\/p>\n","protected":false},"author":1,"featured_media":0,"parent":1740,"menu_order":3,"comment_status":"open","ping_status":"closed","template":"","meta":{"_bbp_topic_count":0,"_bbp_reply_count":0,"_bbp_total_topic_count":0,"_bbp_total_reply_count":0,"_bbp_voice_count":0,"_bbp_anonymous_reply_count":0,"_bbp_topic_count_hidden":0,"_bbp_reply_count_hidden":0,"_bbp_forum_subforum_count":0,"site-sidebar-layout":"default","site-content-layout":"","ast-site-content-layout":"default","site-content-style":"default","site-sidebar-style":"default","ast-global-header-display":"","ast-banner-title-visibility":"","ast-main-header-display":"","ast-hfb-above-header-display":"","ast-hfb-below-header-display":"","ast-hfb-mobile-header-display":"","site-post-title":"","ast-breadcrumbs-content":"","ast-featured-img":"","footer-sml-layout":"","theme-transparent-header-meta":"default","adv-header-id-meta":"","stick-header-meta":"","header-above-stick-meta":"","header-main-stick-meta":"","header-below-stick-meta":"","astra-migrate-meta-layouts":"set","ast-page-background-enabled":"default","ast-page-background-meta":{"desktop":{"background-color":"var(--ast-global-color-4)","background-image":"","background-repeat":"repeat","background-position":"center center","background-size":"auto","background-attachment":"scroll","background-type":"","background-media":"","overlay-type":"","overlay-color":"","overlay-opacity":"","overlay-gradient":""},"tablet":{"background-color":"","background-image":"","background-repeat":"repeat","background-position":"center center","background-size":"auto","background-attachment":"scroll","background-type":"","background-media":"","overlay-type":"","overlay-color":"","overlay-opacity":"","overlay-gradient":""},"mobile":{"background-color":"","background-image":"","background-repeat":"repeat","background-position":"center center","background-size":"auto","background-attachment":"scroll","background-type":"","background-media":"","overlay-type":"","overlay-color":"","overlay-opacity":"","overlay-gradient":""}},"ast-content-background-meta":{"desktop":{"background-color":"var(--ast-global-color-5)","background-image":"","background-repeat":"repeat","background-position":"center center","background-size":"auto","background-attachment":"scroll","background-type":"","background-media":"","overlay-type":"","overlay-color":"","overlay-opacity":"","overlay-gradient":""},"tablet":{"background-color":"var(--ast-global-color-5)","background-image":"","background-repeat":"repeat","background-position":"center center","background-size":"auto","background-attachment":"scroll","background-type":"","background-media":"","overlay-type":"","overlay-color":"","overlay-opacity":"","overlay-gradient":""},"mobile":{"background-color":"var(--ast-global-color-5)","background-image":"","background-repeat":"repeat","background-position":"center center","background-size":"auto","background-attachment":"scroll","background-type":"","background-media":"","overlay-type":"","overlay-color":"","overlay-opacity":"","overlay-gradient":""}},"footnotes":""},"class_list":["post-1064","page","type-page","status-publish","hentry"],"post_mailing_queue_ids":[],"_links":{"self":[{"href":"https:\/\/agora.xtec.cat\/ceip-espriu-sfeliu\/wp-json\/wp\/v2\/pages\/1064","targetHints":{"allow":["GET"]}}],"collection":[{"href":"https:\/\/agora.xtec.cat\/ceip-espriu-sfeliu\/wp-json\/wp\/v2\/pages"}],"about":[{"href":"https:\/\/agora.xtec.cat\/ceip-espriu-sfeliu\/wp-json\/wp\/v2\/types\/page"}],"author":[{"embeddable":true,"href":"https:\/\/agora.xtec.cat\/ceip-espriu-sfeliu\/wp-json\/wp\/v2\/users\/1"}],"replies":[{"embeddable":true,"href":"https:\/\/agora.xtec.cat\/ceip-espriu-sfeliu\/wp-json\/wp\/v2\/comments?post=1064"}],"version-history":[{"count":4,"href":"https:\/\/agora.xtec.cat\/ceip-espriu-sfeliu\/wp-json\/wp\/v2\/pages\/1064\/revisions"}],"predecessor-version":[{"id":15214,"href":"https:\/\/agora.xtec.cat\/ceip-espriu-sfeliu\/wp-json\/wp\/v2\/pages\/1064\/revisions\/15214"}],"up":[{"embeddable":true,"href":"https:\/\/agora.xtec.cat\/ceip-espriu-sfeliu\/wp-json\/wp\/v2\/pages\/1740"}],"wp:attachment":[{"href":"https:\/\/agora.xtec.cat\/ceip-espriu-sfeliu\/wp-json\/wp\/v2\/media?parent=1064"}],"curies":[{"name":"wp","href":"https:\/\/api.w.org\/{rel}","templated":true}]}}