{"id":917,"date":"2019-09-09T13:50:38","date_gmt":"2019-09-09T11:50:38","guid":{"rendered":"http:\/\/agora.xtec.cat\/ceip-espriu-montgat\/?page_id=917"},"modified":"2025-10-21T11:07:51","modified_gmt":"2025-10-21T09:07:51","slug":"etwinning-rob-me","status":"publish","type":"page","link":"https:\/\/agora.xtec.cat\/ceip-espriu-montgat\/projectes-internacionals\/etwinning-rob-me\/","title":{"rendered":"eTwinning"},"content":{"rendered":"<p><a href=\"http:\/\/etwinning.es\/ca\/\" target=\"_blank\" rel=\"noopener noreferrer\">eTwinning<\/a> \u00e9s una plataforma per comunicar-se, col\u00b7laborar, desenvolupar projectes, compartir o qu\u00e8 \u00e9s el mateix:<strong> sentir-se i formar part de la comunitat educativa m\u00e9s atractiva d&#8217;Europa<\/strong>. eTwinning est\u00e0 cofinan\u00e7at per Erasmus+, programa europeu per a l&#8217;educaci\u00f3, la formaci\u00f3, la joventut i l&#8217;esport.<\/p>\n<p>El seu <strong>objectiu<\/strong> \u00e9s promoure i facilitar el contacte, l\u2019intercanvi d\u2019idees i el treball en <strong>col\u00b7laboraci\u00f3 entre professorat i alumnat dels pa\u00efsos de la Uni\u00f3 Europea.\u00a0<a href=\"https:\/\/agora.xtec.cat\/ceip-espriu-montgat\/wp-content\/uploads\/usu1919\/2021\/11\/classmates-working-together.jpg\"><img loading=\"lazy\" decoding=\"async\" class=\" wp-image-2104 alignright\" src=\"https:\/\/agora.xtec.cat\/ceip-espriu-montgat\/wp-content\/uploads\/usu1919\/2021\/11\/classmates-working-together.jpg\" alt=\"\" width=\"422\" height=\"281\" srcset=\"https:\/\/agora.xtec.cat\/ceip-espriu-montgat\/wp-content\/uploads\/usu1919\/2021\/11\/classmates-working-together.jpg 627w, https:\/\/agora.xtec.cat\/ceip-espriu-montgat\/wp-content\/uploads\/usu1919\/2021\/11\/classmates-working-together-300x200.jpg 300w\" sizes=\"auto, (max-width: 422px) 100vw, 422px\" \/><\/a><\/strong><\/p>\n<p>A eTwinning, el professorat treballa en equip per organitzar activitats per als seus<strong> estudiants.<\/strong> Els ofereixen comptar amb un paper actiu, interactuen, investiguen, prenen decisions, es respecten i<strong> aprenen habilitats del segle XXI<\/strong>. Als projectes eTwinning, es fomenta la participaci\u00f3 de totes les persones de l&#8217;equip.<\/p>\n<h3>Els nostres projectes eTwinning:<\/h3>\n<ul>\n<li>\n<h5><a href=\"https:\/\/school-education.ec.europa.eu\/en\/etwinning\/projects\/inclusive-europe-all-different-all-friends\/twinspace\/pages\/introduction\">Inclusive Europe (en curs)<\/a><\/h5>\n<\/li>\n<li>\n<h5><a href=\"https:\/\/school-education.ec.europa.eu\/en\/etwinning\/projects\/emotions-through-art\/twinspace\/pages\">Emotions through art <\/a><\/h5>\n<\/li>\n<li>\n<h5><a href=\"http:\/\/agora.xtec.cat\/ceip-espriu-montgat\/etwinning-rob-me\/rob-me-20\/\" target=\"_blank\" rel=\"noopener noreferrer\">Rob &amp; Me 20<\/a><\/h5>\n<\/li>\n<li>\n<h5><a href=\"http:\/\/agora.xtec.cat\/ceip-espriu-montgat\/etwinning-rob-me\/rob-me-2\/\" target=\"_blank\" rel=\"noopener noreferrer\">Rob &amp; Me Premi Nacional 2021 de Projectes Internacionals<\/a><\/h5>\n<\/li>\n<\/ul>\n<p>&nbsp;<\/p>\n<hr \/>\n<h3>ETWINNING SCHOOL<\/h3>\n<p>L&#8217;escola Salvador Espriu est\u00e0 reconeguda com a <a href=\"https:\/\/www.etwinning.net\/downloads\/etw_schools\/eTw_school_poster_DEF_ES.pdf\" target=\"_blank\" rel=\"noopener\">eTwinning school.<\/a><\/p>\n<p><a href=\"https:\/\/school-education.ec.europa.eu\/en\/insights\/news\/etwinning-school-label-2023-2024\"><img loading=\"lazy\" decoding=\"async\" class=\"aligncenter size-medium wp-image-2918\" src=\"https:\/\/agora.xtec.cat\/ceip-espriu-montgat\/wp-content\/uploads\/usu1919\/2023\/05\/school-label-resized-2-300x300.gif\" alt=\"etwinning school label\" width=\"300\" height=\"300\" srcset=\"https:\/\/agora.xtec.cat\/ceip-espriu-montgat\/wp-content\/uploads\/usu1919\/2023\/05\/school-label-resized-2-300x300.gif 300w, https:\/\/agora.xtec.cat\/ceip-espriu-montgat\/wp-content\/uploads\/usu1919\/2023\/05\/school-label-resized-2-150x150.gif 150w\" sizes=\"auto, (max-width: 300px) 100vw, 300px\" \/><\/a><\/p>\n<p>Ser escola eTwinning significa que:<\/p>\n<p>\ud83c\udf0d Comptem amb<strong> reconeixement a l&#8217;\u00e0mbit Europeu<\/strong> com a models d&#8217;\u00fas d&#8217;eTwinning.<\/p>\n<p><strong style=\"font-family: inherit; font-size: 1em;\">\ud83c\udf0d Formem una xarxa de centres educatius capdavanters<\/strong><span style=\"font-family: inherit; font-size: 1em;\"> que inspirar\u00e0 el futur desenvolupament d&#8217;eTwinning.<\/span><\/p>\n<p>\ud83c\udf0d Se&#8217;ns reconeix com a <strong>centres capdavanters<\/strong> a:<\/p>\n<ul>\n<li style=\"list-style-type: none;\">\n<ul>\n<li>\u00das d&#8217;eines digitals.<\/li>\n<li>Pr\u00e0ctiques de seguretat en l\u00ednia.<\/li>\n<li>Enfocaments did\u00e0ctics innovadors i creatius.<\/li>\n<li>Foment del desenvolupament professional continuat del personal.<\/li>\n<li>Foment de les pr\u00e0ctiques d&#8217;aprenentatge cooperatiu amb el personal i l&#8217;alumnat.<\/li>\n<\/ul>\n<\/li>\n<\/ul>\n","protected":false},"excerpt":{"rendered":"<p><a href=\"http:\/\/etwinning.es\/ca\/\" target=\"_blank\" rel=\"noopener noreferrer\">eTwinning<\/a> \u00e9s una plataforma per comunicar-se, col\u00b7laborar, desenvolupar projectes, compartir o qu\u00e8 \u00e9s el mateix: sentir-se i formar part de la comunitat educativa m\u00e9s atractiva d&#8217;Europa. eTwinning est\u00e0 cofinan\u00e7at per Erasmus+, programa europeu per a l&#8217;educaci\u00f3, la formaci\u00f3, la joventut i&hellip;  <a href=\"https:\/\/agora.xtec.cat\/ceip-espriu-montgat\/projectes-internacionals\/etwinning-rob-me\/\" title=\"Read eTwinning\">Llegeix m\u00e9s\u00bb<\/a><\/p>\n","protected":false},"author":1,"featured_media":0,"parent":915,"menu_order":0,"comment_status":"closed","ping_status":"closed","template":"","meta":{"_bbp_topic_count":0,"_bbp_reply_count":0,"_bbp_total_topic_count":0,"_bbp_total_reply_count":0,"_bbp_voice_count":0,"_bbp_anonymous_reply_count":0,"_bbp_topic_count_hidden":0,"_bbp_reply_count_hidden":0,"_bbp_forum_subforum_count":0,"footnotes":""},"class_list":["post-917","page","type-page","status-publish","hentry"],"post_mailing_queue_ids":[],"_links":{"self":[{"href":"https:\/\/agora.xtec.cat\/ceip-espriu-montgat\/wp-json\/wp\/v2\/pages\/917","targetHints":{"allow":["GET"]}}],"collection":[{"href":"https:\/\/agora.xtec.cat\/ceip-espriu-montgat\/wp-json\/wp\/v2\/pages"}],"about":[{"href":"https:\/\/agora.xtec.cat\/ceip-espriu-montgat\/wp-json\/wp\/v2\/types\/page"}],"author":[{"embeddable":true,"href":"https:\/\/agora.xtec.cat\/ceip-espriu-montgat\/wp-json\/wp\/v2\/users\/1"}],"replies":[{"embeddable":true,"href":"https:\/\/agora.xtec.cat\/ceip-espriu-montgat\/wp-json\/wp\/v2\/comments?post=917"}],"version-history":[{"count":6,"href":"https:\/\/agora.xtec.cat\/ceip-espriu-montgat\/wp-json\/wp\/v2\/pages\/917\/revisions"}],"predecessor-version":[{"id":3488,"href":"https:\/\/agora.xtec.cat\/ceip-espriu-montgat\/wp-json\/wp\/v2\/pages\/917\/revisions\/3488"}],"up":[{"embeddable":true,"href":"https:\/\/agora.xtec.cat\/ceip-espriu-montgat\/wp-json\/wp\/v2\/pages\/915"}],"wp:attachment":[{"href":"https:\/\/agora.xtec.cat\/ceip-espriu-montgat\/wp-json\/wp\/v2\/media?parent=917"}],"curies":[{"name":"wp","href":"https:\/\/api.w.org\/{rel}","templated":true}]}}