{"id":915,"date":"2019-09-09T13:49:58","date_gmt":"2019-09-09T11:49:58","guid":{"rendered":"http:\/\/agora.xtec.cat\/ceip-espriu-montgat\/?page_id=915"},"modified":"2025-10-21T11:04:43","modified_gmt":"2025-10-21T09:04:43","slug":"projectes-internacionals","status":"publish","type":"page","link":"https:\/\/agora.xtec.cat\/ceip-espriu-montgat\/projectes-internacionals\/","title":{"rendered":"PROJECTES INTERNACIONALS"},"content":{"rendered":"<p>L&#8217;Espriu ja fa molts anys que impulsa els projectes internacionals a l&#8217;escola, fent servir l\u2019angl\u00e8s com a llengua vehicular. L&#8217;objectiu dels projectes \u00e9s potenciar la<strong> innovaci\u00f3 educativa<\/strong>, la <strong>cooperaci\u00f3 internacional, el pluriling\u00fcisme i la multiculturalitat<\/strong>. Participem tant en projectes Erasmus+ com eTwinning.<\/p>\n<p><strong>Erasmus+<\/strong> i el seu complement <strong>eTwinning<\/strong> s\u00f3n <strong>programes estrat\u00e8gics de millora educativa<\/strong>, amb impacte positiu en tot el sistema.<\/p>\n<p>De fet, gr\u00e0cies a la nostra constant\u00a0 implicaci\u00f3 en projectes internacionals la nostra escola porta a terme diferents iniciatives:<\/p>\n<ul>\n<li>\n<h5><a href=\"https:\/\/agora.xtec.cat\/ceip-espriu-montgat\/projectes-internacionals\/acreditacio-erasmus\/\" target=\"_blank\" rel=\"noopener\">ACREDITACI\u00d3 ERASMUS<\/a><\/h5>\n<p>Un reconeixement que ens permet accedir a finan\u00e7ament per portar a terme projectes internacionals. Gr\u00e0cies a ser escola acreditada, ara mateix tenim en curs el projecte Ka121 Schools in Action.<\/li>\n<li>\n<h5><a href=\"https:\/\/agora.xtec.cat\/ceip-espriu-montgat\/projectes-internacionals\/erasmus-plus\/schools-in-action-an-inclusive-safe-and-welcoming-school-en-curs\/\" target=\"_blank\" rel=\"noopener\">PROJECTE KA121 SCHOOLS IN ACTION<\/a><\/h5>\n<p>Projecte centrat en la prevenci\u00f3 i detecci\u00f3 de l\u2019assetjament escolar i en impulsar m\u00e9s activitats coeducatives i inclusives.<\/li>\n<li>\n<h5><a href=\"https:\/\/agora.xtec.cat\/ceip-espriu-montgat\/projectes-internacionals\/etwinning-rob-me\/\" target=\"_blank\" rel=\"noopener\">ESCOLA ETWINNING<\/a><\/h5>\n<p><b><\/b>Treballem en projectes educatius amb escoles d\u2019altres pa\u00efsos d\u2019Europa, utilitzant les noves tecnologies per aprendre junts, compartir idees i obrir la mirada del nostre alumnat al m\u00f3n.<\/li>\n<\/ul>\n<hr \/>\n<h1>ELS NOSTRES PROJECTES<\/h1>\n<p>L\u2019Escola Salvador Espriu va iniciar la seva <strong>participaci\u00f3 en projectes Erasmus i eTwinning l\u2019any 2015<\/strong>. Des d\u2019aleshores, aquesta implicaci\u00f3 ens ha perm\u00e8s obrir-nos a Europa, establir vincles amb escoles d\u2019altres pa\u00efsos, i desenvolupar projectes innovadors que han enriquit tant la pr\u00e0ctica docent com l\u2019experi\u00e8ncia educativa dels nostres alumnes. No hem deixat de cr\u00e9ixer, d\u2019aprendre col\u00b7lectivament i de compartir coneixement amb altres comunitats educatives, amb l\u2019objectiu de construir una escola m\u00e9s oberta, inclusiva i connectada amb el m\u00f3n.<\/p>\n<p><a href=\"https:\/\/agora.xtec.cat\/ceip-espriu-montgat\/wp-content\/uploads\/usu1919\/2021\/11\/smiling-students-looking-at-globe.jpg\"><img loading=\"lazy\" decoding=\"async\" class=\" wp-image-2100 alignright\" src=\"https:\/\/agora.xtec.cat\/ceip-espriu-montgat\/wp-content\/uploads\/usu1919\/2021\/11\/smiling-students-looking-at-globe.jpg\" alt=\"\" width=\"459\" height=\"306\" srcset=\"https:\/\/agora.xtec.cat\/ceip-espriu-montgat\/wp-content\/uploads\/usu1919\/2021\/11\/smiling-students-looking-at-globe.jpg 627w, https:\/\/agora.xtec.cat\/ceip-espriu-montgat\/wp-content\/uploads\/usu1919\/2021\/11\/smiling-students-looking-at-globe-300x200.jpg 300w\" sizes=\"auto, (max-width: 459px) 100vw, 459px\" \/><\/a><\/p>\n<h3><a href=\"http:\/\/agora.xtec.cat\/ceip-espriu-montgat\/projectes-internacionals\/erasmus-plus\/\" target=\"_blank\" rel=\"noopener noreferrer\">ERASMUS PLUS<\/a><\/h3>\n<ul>\n<li style=\"list-style-type: none;\">\n<ul>\n<li>\n<h4><strong><a href=\"https:\/\/agora.xtec.cat\/ceip-espriu-montgat\/projectes-internacionals\/erasmus-plus\/schools-in-action-an-inclusive-safe-and-welcoming-school-en-curs\/\" target=\"_blank\" rel=\"noopener\">KA121 Schools in Action &#8211; En<\/a><\/strong><a href=\"https:\/\/agora.xtec.cat\/ceip-espriu-montgat\/projectes-internacionals\/erasmus-plus\/schools-in-action-an-inclusive-safe-and-welcoming-school-en-curs\/\" target=\"_blank\" rel=\"noopener\"> curs<\/a><\/h4>\n<\/li>\n<li>\n<h5><a style=\"color: #2795b6;\" href=\"http:\/\/agora.xtec.cat\/ceip-espriu-montgat\/erasmus-plus\/little-steamers\/\" target=\"_blank\" rel=\"noopener noreferrer\">Little STEAMers &#8211; 2020-2023<\/a><\/h5>\n<\/li>\n<li>\n<h5><a href=\"http:\/\/agora.xtec.cat\/ceip-espriu-montgat\/erasmus-plus\/back-to-school-back-ti-the-future\/\" target=\"_blank\" rel=\"noopener noreferrer\">Back to School, Back to the future &#8211; Erasmus Plus 2018-2020<\/a><\/h5>\n<\/li>\n<li>\n<h5><a href=\"http:\/\/agora.xtec.cat\/ceip-espriu-montgat\/erasmus-plus\/springcelebration\/\" target=\"_blank\" rel=\"noopener noreferrer\">Spring Celebration &#8211; Erasmus Plus 2015-2018<\/a><\/h5>\n<\/li>\n<\/ul>\n<\/li>\n<\/ul>\n<h3><a href=\"https:\/\/agora.xtec.cat\/ceip-espriu-montgat\/projectes-internacionals\/etwinning-rob-me\/\" target=\"_blank\" rel=\"noopener noreferrer\">ETwinning:<\/a><\/h3>\n<ul>\n<li style=\"list-style-type: none;\">\n<ul>\n<li>\n<h5><a href=\"https:\/\/school-education.ec.europa.eu\/en\/etwinning\/projects\/inclusive-europe-all-different-all-friends\/twinspace\/pages\/introduction\" target=\"_blank\" rel=\"noopener\">Inclusive Europe<\/a><\/h5>\n<\/li>\n<li>\n<h5><strong><a href=\"https:\/\/school-education.ec.europa.eu\/en\/etwinning\/projects\/emotions-through-art\/twinspace\/pages\" target=\"_blank\" rel=\"noopener\">Emotions Through Art <\/a><\/strong><\/h5>\n<\/li>\n<li>\n<h5><a href=\"http:\/\/agora.xtec.cat\/ceip-espriu-montgat\/etwinning-rob-me\/rob-me-20\/\" target=\"_blank\" rel=\"noopener noreferrer\">Rob &amp; Me 20<\/a><\/h5>\n<\/li>\n<li>\n<h5><a href=\"http:\/\/agora.xtec.cat\/ceip-espriu-montgat\/etwinning-rob-me\/rob-me-2\/\" target=\"_blank\" rel=\"noopener noreferrer\">Rob &amp; Me Premi Nacional 2021 de Projectes Internacionals<\/a><\/h5>\n<\/li>\n<\/ul>\n<\/li>\n<\/ul>\n<p><a href=\"https:\/\/agora.xtec.cat\/ceip-espriu-montgat\/wp-content\/uploads\/usu1919\/2025\/05\/Catalan-1.png\"><img loading=\"lazy\" decoding=\"async\" class=\"aligncenter size-large wp-image-3438\" src=\"https:\/\/agora.xtec.cat\/ceip-espriu-montgat\/wp-content\/uploads\/usu1919\/2025\/05\/Catalan-1-1024x256.png\" alt=\"\" width=\"1024\" height=\"256\" srcset=\"https:\/\/agora.xtec.cat\/ceip-espriu-montgat\/wp-content\/uploads\/usu1919\/2025\/05\/Catalan-1-1024x256.png 1024w, https:\/\/agora.xtec.cat\/ceip-espriu-montgat\/wp-content\/uploads\/usu1919\/2025\/05\/Catalan-1-300x75.png 300w, https:\/\/agora.xtec.cat\/ceip-espriu-montgat\/wp-content\/uploads\/usu1919\/2025\/05\/Catalan-1-768x192.png 768w, https:\/\/agora.xtec.cat\/ceip-espriu-montgat\/wp-content\/uploads\/usu1919\/2025\/05\/Catalan-1-1536x384.png 1536w, https:\/\/agora.xtec.cat\/ceip-espriu-montgat\/wp-content\/uploads\/usu1919\/2025\/05\/Catalan-1.png 1600w\" sizes=\"auto, (max-width: 1024px) 100vw, 1024px\" \/><\/a><\/p>\n","protected":false},"excerpt":{"rendered":"<p>L&#8217;Espriu ja fa molts anys que impulsa els projectes internacionals a l&#8217;escola, fent servir l\u2019angl\u00e8s com a llengua vehicular. L&#8217;objectiu dels projectes \u00e9s potenciar la innovaci\u00f3 educativa, la cooperaci\u00f3 internacional, el pluriling\u00fcisme i la multiculturalitat. Participem tant en projectes Erasmus+ com eTwinning.<br \/>\nErasmus+ i el seu&hellip;  <a href=\"https:\/\/agora.xtec.cat\/ceip-espriu-montgat\/projectes-internacionals\/\" title=\"Read PROJECTES INTERNACIONALS\">Llegeix m\u00e9s\u00bb<\/a><\/p>\n","protected":false},"author":1,"featured_media":0,"parent":0,"menu_order":0,"comment_status":"closed","ping_status":"closed","template":"","meta":{"_bbp_topic_count":0,"_bbp_reply_count":0,"_bbp_total_topic_count":0,"_bbp_total_reply_count":0,"_bbp_voice_count":0,"_bbp_anonymous_reply_count":0,"_bbp_topic_count_hidden":0,"_bbp_reply_count_hidden":0,"_bbp_forum_subforum_count":0,"footnotes":""},"class_list":["post-915","page","type-page","status-publish","hentry"],"post_mailing_queue_ids":[],"_links":{"self":[{"href":"https:\/\/agora.xtec.cat\/ceip-espriu-montgat\/wp-json\/wp\/v2\/pages\/915","targetHints":{"allow":["GET"]}}],"collection":[{"href":"https:\/\/agora.xtec.cat\/ceip-espriu-montgat\/wp-json\/wp\/v2\/pages"}],"about":[{"href":"https:\/\/agora.xtec.cat\/ceip-espriu-montgat\/wp-json\/wp\/v2\/types\/page"}],"author":[{"embeddable":true,"href":"https:\/\/agora.xtec.cat\/ceip-espriu-montgat\/wp-json\/wp\/v2\/users\/1"}],"replies":[{"embeddable":true,"href":"https:\/\/agora.xtec.cat\/ceip-espriu-montgat\/wp-json\/wp\/v2\/comments?post=915"}],"version-history":[{"count":6,"href":"https:\/\/agora.xtec.cat\/ceip-espriu-montgat\/wp-json\/wp\/v2\/pages\/915\/revisions"}],"predecessor-version":[{"id":3487,"href":"https:\/\/agora.xtec.cat\/ceip-espriu-montgat\/wp-json\/wp\/v2\/pages\/915\/revisions\/3487"}],"wp:attachment":[{"href":"https:\/\/agora.xtec.cat\/ceip-espriu-montgat\/wp-json\/wp\/v2\/media?parent=915"}],"curies":[{"name":"wp","href":"https:\/\/api.w.org\/{rel}","templated":true}]}}