{"id":87,"date":"2019-09-18T14:28:12","date_gmt":"2019-09-18T12:28:12","guid":{"rendered":"http:\/\/agora.xtec.cat\/ceip-espriu-montgat\/?page_id=87"},"modified":"2021-11-22T10:31:56","modified_gmt":"2021-11-22T09:31:56","slug":"nivells","status":"publish","type":"page","link":"https:\/\/agora.xtec.cat\/ceip-espriu-montgat\/nivells\/","title":{"rendered":"Nivells"},"content":{"rendered":"<p>L&#8217;escola disposa de classes de P3 a 6\u00e8.<\/p>\n<p>Durant l&#8217;etapa d&#8217;Educaci\u00f3 Infantil, de p3 a P5, els acollim a l&#8217;Edifici Sant Joan, on gaudeixen d&#8217;espais adaptats a les seves necessitats i unes incomparables vistes al mar.<\/p>\n<p><img loading=\"lazy\" decoding=\"async\" class=\"wp-image-2245 size-medium\" src=\"https:\/\/agora.xtec.cat\/ceip-espriu-montgat\/wp-content\/uploads\/usu1919\/2021\/11\/espriumontgat_160790142_438671110550867_3748598028350016517_n-270x300.jpg\" alt=\"\" width=\"270\" height=\"300\" srcset=\"https:\/\/agora.xtec.cat\/ceip-espriu-montgat\/wp-content\/uploads\/usu1919\/2021\/11\/espriumontgat_160790142_438671110550867_3748598028350016517_n-270x300.jpg 270w, https:\/\/agora.xtec.cat\/ceip-espriu-montgat\/wp-content\/uploads\/usu1919\/2021\/11\/espriumontgat_160790142_438671110550867_3748598028350016517_n-922x1024.jpg 922w, https:\/\/agora.xtec.cat\/ceip-espriu-montgat\/wp-content\/uploads\/usu1919\/2021\/11\/espriumontgat_160790142_438671110550867_3748598028350016517_n-768x853.jpg 768w, https:\/\/agora.xtec.cat\/ceip-espriu-montgat\/wp-content\/uploads\/usu1919\/2021\/11\/espriumontgat_160790142_438671110550867_3748598028350016517_n.jpg 1080w\" sizes=\"auto, (max-width: 270px) 100vw, 270px\" \/><\/p>\n<p>De 1r a 6\u00e8, els nens i nenes se sentiran com a casa a l&#8217;edifici de Prim\u00e0ria, on trobaran els materials i els espais que la seva edat requereix.<\/p>\n<p><img loading=\"lazy\" decoding=\"async\" class=\"aligncenter size-medium wp-image-2238\" src=\"https:\/\/agora.xtec.cat\/ceip-espriu-montgat\/wp-content\/uploads\/usu1919\/2021\/11\/espriumontgat_149354028_1137604323330190_733217127917726524_n-300x300.jpg\" alt=\"\" width=\"300\" height=\"300\" srcset=\"https:\/\/agora.xtec.cat\/ceip-espriu-montgat\/wp-content\/uploads\/usu1919\/2021\/11\/espriumontgat_149354028_1137604323330190_733217127917726524_n-300x300.jpg 300w, https:\/\/agora.xtec.cat\/ceip-espriu-montgat\/wp-content\/uploads\/usu1919\/2021\/11\/espriumontgat_149354028_1137604323330190_733217127917726524_n-1024x1024.jpg 1024w, https:\/\/agora.xtec.cat\/ceip-espriu-montgat\/wp-content\/uploads\/usu1919\/2021\/11\/espriumontgat_149354028_1137604323330190_733217127917726524_n-150x150.jpg 150w, https:\/\/agora.xtec.cat\/ceip-espriu-montgat\/wp-content\/uploads\/usu1919\/2021\/11\/espriumontgat_149354028_1137604323330190_733217127917726524_n-768x768.jpg 768w, https:\/\/agora.xtec.cat\/ceip-espriu-montgat\/wp-content\/uploads\/usu1919\/2021\/11\/espriumontgat_149354028_1137604323330190_733217127917726524_n.jpg 1080w\" sizes=\"auto, (max-width: 300px) 100vw, 300px\" \/><\/p>\n<p>&nbsp;<\/p>\n<p>Per veure les not\u00edcies\u00a0 podeu fer clic al curs corresponent:<\/p>\n<p>P3, P4, P5, Educaci\u00f3 prim\u00e0ria, 1r curs, 2n curs, 3r curs, 4t curs, 5\u00e8 curs, 6\u00e8 curs.<\/p>\n","protected":false},"excerpt":{"rendered":"<p>L&#8217;escola disposa de classes de P3 a 6\u00e8.<br \/>\nDurant l&#8217;etapa d&#8217;Educaci\u00f3 Infantil, de p3 a P5, els acollim a l&#8217;Edifici Sant Joan, on gaudeixen d&#8217;espais adaptats a les seves necessitats i unes incomparables vistes al mar.<\/p>\n<p>De 1r a 6\u00e8, els nens i nenes se sentiran com&hellip;  <a href=\"https:\/\/agora.xtec.cat\/ceip-espriu-montgat\/nivells\/\" title=\"Read Nivells\">Llegeix m\u00e9s\u00bb<\/a><\/p>\n","protected":false},"author":1,"featured_media":0,"parent":0,"menu_order":0,"comment_status":"closed","ping_status":"closed","template":"","meta":{"_bbp_topic_count":0,"_bbp_reply_count":0,"_bbp_total_topic_count":0,"_bbp_total_reply_count":0,"_bbp_voice_count":0,"_bbp_anonymous_reply_count":0,"_bbp_topic_count_hidden":0,"_bbp_reply_count_hidden":0,"_bbp_forum_subforum_count":0,"footnotes":""},"class_list":["post-87","page","type-page","status-publish","hentry"],"post_mailing_queue_ids":[],"_links":{"self":[{"href":"https:\/\/agora.xtec.cat\/ceip-espriu-montgat\/wp-json\/wp\/v2\/pages\/87","targetHints":{"allow":["GET"]}}],"collection":[{"href":"https:\/\/agora.xtec.cat\/ceip-espriu-montgat\/wp-json\/wp\/v2\/pages"}],"about":[{"href":"https:\/\/agora.xtec.cat\/ceip-espriu-montgat\/wp-json\/wp\/v2\/types\/page"}],"author":[{"embeddable":true,"href":"https:\/\/agora.xtec.cat\/ceip-espriu-montgat\/wp-json\/wp\/v2\/users\/1"}],"replies":[{"embeddable":true,"href":"https:\/\/agora.xtec.cat\/ceip-espriu-montgat\/wp-json\/wp\/v2\/comments?post=87"}],"version-history":[{"count":3,"href":"https:\/\/agora.xtec.cat\/ceip-espriu-montgat\/wp-json\/wp\/v2\/pages\/87\/revisions"}],"predecessor-version":[{"id":2282,"href":"https:\/\/agora.xtec.cat\/ceip-espriu-montgat\/wp-json\/wp\/v2\/pages\/87\/revisions\/2282"}],"wp:attachment":[{"href":"https:\/\/agora.xtec.cat\/ceip-espriu-montgat\/wp-json\/wp\/v2\/media?parent=87"}],"curies":[{"name":"wp","href":"https:\/\/api.w.org\/{rel}","templated":true}]}}