{"id":773,"date":"2019-05-09T09:33:16","date_gmt":"2019-05-09T07:33:16","guid":{"rendered":"http:\/\/agora.xtec.cat\/ceip-espriu-montgat\/?page_id=773"},"modified":"2025-05-05T11:51:44","modified_gmt":"2025-05-05T09:51:44","slug":"erasmus-plus","status":"publish","type":"page","link":"https:\/\/agora.xtec.cat\/ceip-espriu-montgat\/projectes-internacionals\/erasmus-plus\/","title":{"rendered":"ERASMUS PLUS"},"content":{"rendered":"<p class=\"\" data-start=\"71\" data-end=\"141\"><strong data-start=\"71\" data-end=\"141\"><br \/>\n<a href=\"https:\/\/agora.xtec.cat\/ceip-espriu-montgat\/wp-content\/uploads\/usu1919\/2025\/05\/Catalan-1.png\"><img loading=\"lazy\" decoding=\"async\" class=\"aligncenter wp-image-3438 size-full\" src=\"https:\/\/agora.xtec.cat\/ceip-espriu-montgat\/wp-content\/uploads\/usu1919\/2025\/05\/Catalan-1.png\" alt=\"\" width=\"1600\" height=\"400\" srcset=\"https:\/\/agora.xtec.cat\/ceip-espriu-montgat\/wp-content\/uploads\/usu1919\/2025\/05\/Catalan-1.png 1600w, https:\/\/agora.xtec.cat\/ceip-espriu-montgat\/wp-content\/uploads\/usu1919\/2025\/05\/Catalan-1-300x75.png 300w, https:\/\/agora.xtec.cat\/ceip-espriu-montgat\/wp-content\/uploads\/usu1919\/2025\/05\/Catalan-1-1024x256.png 1024w, https:\/\/agora.xtec.cat\/ceip-espriu-montgat\/wp-content\/uploads\/usu1919\/2025\/05\/Catalan-1-768x192.png 768w, https:\/\/agora.xtec.cat\/ceip-espriu-montgat\/wp-content\/uploads\/usu1919\/2025\/05\/Catalan-1-1536x384.png 1536w\" sizes=\"auto, (max-width: 1600px) 100vw, 1600px\" \/><\/a><\/strong><\/p>\n<p data-start=\"143\" data-end=\"606\"><strong data-start=\"71\" data-end=\"141\">Els projectes Erasmus+: una finestra al m\u00f3n per a la nostra escola<\/strong><\/p>\n<p class=\"\" data-start=\"143\" data-end=\"606\">A l\u2019Escola Salvador Espriu participem activament en projectes Erasmus+ des de l\u2019any 2015. Aquesta iniciativa europea ens ha perm\u00e8s, al llarg dels anys, obrir les portes de l\u2019aula a noves cultures, metodologies i maneres d\u2019entendre l\u2019educaci\u00f3. A trav\u00e9s de <strong>formacions internacionals, intercanvis i mobilitats<\/strong>, el nostre equip docent t\u00e9 l\u2019oportunitat d\u2019aprendre de primera m\u00e0 com treballen altres escoles d\u2019Europa i d\u2019aplicar aquesta experi\u00e8ncia al nostre dia a dia.<\/p>\n<p class=\"\" data-start=\"608\" data-end=\"964\">Els beneficis s\u00f3n molts:<\/p>\n<ul>\n<li data-start=\"608\" data-end=\"964\">Enriquiment professional del professorat<\/li>\n<li data-start=\"608\" data-end=\"964\">Intercanvi de bones pr\u00e0ctiques<\/li>\n<li data-start=\"608\" data-end=\"964\">Millora de la compet\u00e8ncia ling\u00fc\u00edstica i digital<\/li>\n<li data-start=\"608\" data-end=\"964\">Una mirada m\u00e9s oberta, innovadora i inclusiva cap a l\u2019educaci\u00f3.<\/li>\n<\/ul>\n<p>Gr\u00e0cies a Erasmus+, creixem com a comunitat educativa, connectada amb el m\u00f3n i compromesa amb una educaci\u00f3 de qualitat per a tothom.<\/p>\n<h2><strong>Els nostres projectes Erasmus+<\/strong><\/h2>\n<h4><strong><a href=\"https:\/\/agora.xtec.cat\/ceip-espriu-montgat\/projectes-internacionals\/erasmus-plus\/schools-in-action-an-inclusive-safe-and-welcoming-school-en-curs\/\" target=\"_blank\" rel=\"noopener\">KA121 Schools in Action \u2013 En<\/a><\/strong><a href=\"https:\/\/agora.xtec.cat\/ceip-espriu-montgat\/projectes-internacionals\/erasmus-plus\/schools-in-action-an-inclusive-safe-and-welcoming-school-en-curs\/\" target=\"_blank\" rel=\"noopener\">\u00a0curs<\/a><a href=\"https:\/\/agora.xtec.cat\/ceip-espriu-montgat\/projectes-internacionals\/erasmus-plus\/schools-in-action-an-inclusive-safe-and-welcoming-school-en-curs\/\"><img loading=\"lazy\" decoding=\"async\" class=\"wp-image-3435 size-medium alignleft\" src=\"https:\/\/agora.xtec.cat\/ceip-espriu-montgat\/wp-content\/uploads\/usu1919\/2025\/05\/KA120-ERASMUS-Presentacion-e1746437686135-300x107.png\" alt=\"\" width=\"300\" height=\"107\" srcset=\"https:\/\/agora.xtec.cat\/ceip-espriu-montgat\/wp-content\/uploads\/usu1919\/2025\/05\/KA120-ERASMUS-Presentacion-e1746437686135-300x107.png 300w, https:\/\/agora.xtec.cat\/ceip-espriu-montgat\/wp-content\/uploads\/usu1919\/2025\/05\/KA120-ERASMUS-Presentacion-e1746437686135-1024x365.png 1024w, https:\/\/agora.xtec.cat\/ceip-espriu-montgat\/wp-content\/uploads\/usu1919\/2025\/05\/KA120-ERASMUS-Presentacion-e1746437686135-768x274.png 768w, https:\/\/agora.xtec.cat\/ceip-espriu-montgat\/wp-content\/uploads\/usu1919\/2025\/05\/KA120-ERASMUS-Presentacion-e1746437686135-1536x547.png 1536w, https:\/\/agora.xtec.cat\/ceip-espriu-montgat\/wp-content\/uploads\/usu1919\/2025\/05\/KA120-ERASMUS-Presentacion-e1746437686135.png 1920w\" sizes=\"auto, (max-width: 300px) 100vw, 300px\" \/><\/a><\/h4>\n<p>Gr\u00e0cies a ser escola acreditada, la nostra escola pot portar a terme el projecte Erasmus\u00a0<strong>\u201cSchools in Action\u201d\u00a0<\/strong>que \u00a0inclou diverses iniciatives destinades a millorar la qualitat educativa i fomentar la internacionalitzaci\u00f3 del nostre centre.<\/p>\n<p>&nbsp;<\/p>\n<h5 style=\"text-align: left;\">PROJECTES FINALITZATS<\/h5>\n<table style=\"height: 31px; width: 100%; border-collapse: collapse; border-style: hidden;\">\n<tbody>\n<tr style=\"height: 31px;\">\n<td style=\"width: 33.3333%; height: 31px;\">&nbsp;<\/p>\n<p style=\"text-align: center;\"><a style=\"color: #2795b6; font-size: 16px; text-align: center;\" href=\"http:\/\/agora.xtec.cat\/ceip-espriu-montgat\/erasmus-plus\/little-steamers\/\" target=\"_blank\" rel=\"noopener noreferrer\">Little STEAMers <\/a><\/p>\n<p style=\"text-align: center;\"><a style=\"color: #2795b6; font-size: 16px; text-align: center;\" href=\"http:\/\/agora.xtec.cat\/ceip-espriu-montgat\/erasmus-plus\/little-steamers\/\" target=\"_blank\" rel=\"noopener noreferrer\">2020-2022<\/a><a style=\"color: #2795b6; text-align: center;\" href=\"http:\/\/agora.xtec.cat\/ceip-espriu-montgat\/erasmus-plus\/little-steamers\/\"><img loading=\"lazy\" decoding=\"async\" class=\"wp-image-2275 size-medium aligncenter\" src=\"https:\/\/agora.xtec.cat\/ceip-espriu-montgat\/wp-content\/uploads\/usu1919\/2021\/11\/little-steamers-logo-300x300.jpg\" alt=\"\" width=\"300\" height=\"300\" srcset=\"https:\/\/agora.xtec.cat\/ceip-espriu-montgat\/wp-content\/uploads\/usu1919\/2021\/11\/little-steamers-logo-300x300.jpg 300w, https:\/\/agora.xtec.cat\/ceip-espriu-montgat\/wp-content\/uploads\/usu1919\/2021\/11\/little-steamers-logo-150x150.jpg 150w, https:\/\/agora.xtec.cat\/ceip-espriu-montgat\/wp-content\/uploads\/usu1919\/2021\/11\/little-steamers-logo.jpg 500w\" sizes=\"auto, (max-width: 300px) 100vw, 300px\" \/><\/a><\/p>\n<p>&nbsp;<\/p>\n<p>&nbsp;<\/td>\n<td style=\"width: 33.3333%; height: 31px;\">\n<p style=\"text-align: center;\"><a style=\"font-family: inherit; font-size: 1em;\" href=\"https:\/\/agora.xtec.cat\/ceip-espriu-montgat\/erasmus-plus\/back-to-school-back-ti-the-future\/\">Back to School, Back to the future <\/a><\/p>\n<p style=\"text-align: center;\"><a style=\"font-family: inherit; font-size: 1em;\" href=\"https:\/\/agora.xtec.cat\/ceip-espriu-montgat\/erasmus-plus\/back-to-school-back-ti-the-future\/\">2018-2020<\/a><a style=\"color: #2795b6;\" href=\"https:\/\/backtoschoolbacktofuture.weebly.com\/\"><img loading=\"lazy\" decoding=\"async\" class=\"wp-image-2276 size-medium aligncenter\" src=\"https:\/\/agora.xtec.cat\/ceip-espriu-montgat\/wp-content\/uploads\/usu1919\/2021\/11\/Captura-de-pantalla-2021-11-19-122145-300x210.png\" alt=\"\" width=\"300\" height=\"210\" srcset=\"https:\/\/agora.xtec.cat\/ceip-espriu-montgat\/wp-content\/uploads\/usu1919\/2021\/11\/Captura-de-pantalla-2021-11-19-122145-300x210.png 300w, https:\/\/agora.xtec.cat\/ceip-espriu-montgat\/wp-content\/uploads\/usu1919\/2021\/11\/Captura-de-pantalla-2021-11-19-122145.png 760w\" sizes=\"auto, (max-width: 300px) 100vw, 300px\" \/><\/a><\/p>\n<\/td>\n<td style=\"width: 33.3333%; height: 31px;\">\n<p style=\"text-align: center;\"><a style=\"font-family: inherit; font-size: 1em;\" href=\"https:\/\/agora.xtec.cat\/ceip-espriu-montgat\/erasmus-plus\/springcelebration\/\">Spring Celebration &#8211; <\/a><\/p>\n<p style=\"text-align: center;\"><a style=\"font-family: inherit; font-size: 1em;\" href=\"https:\/\/agora.xtec.cat\/ceip-espriu-montgat\/erasmus-plus\/springcelebration\/\">2015-2018<\/a><\/p>\n<p style=\"font-family: 'Helvetica Neue', Helvetica, Helvetica, Arial, sans-serif; font-size: 16px;\"><span style=\"color: #2795b6;\"><a style=\"color: #2795b6;\" href=\"https:\/\/spring-celebration.edupage.org\/\"><img loading=\"lazy\" decoding=\"async\" class=\"size-medium wp-image-2278 alignnone aligncenter\" src=\"https:\/\/agora.xtec.cat\/ceip-espriu-montgat\/wp-content\/uploads\/usu1919\/2021\/11\/kika-300x225.jpg\" alt=\"\" width=\"300\" height=\"225\" srcset=\"https:\/\/agora.xtec.cat\/ceip-espriu-montgat\/wp-content\/uploads\/usu1919\/2021\/11\/kika-300x225.jpg 300w, https:\/\/agora.xtec.cat\/ceip-espriu-montgat\/wp-content\/uploads\/usu1919\/2021\/11\/kika-768x576.jpg 768w, https:\/\/agora.xtec.cat\/ceip-espriu-montgat\/wp-content\/uploads\/usu1919\/2021\/11\/kika-200x150.jpg 200w, https:\/\/agora.xtec.cat\/ceip-espriu-montgat\/wp-content\/uploads\/usu1919\/2021\/11\/kika.jpg 800w\" sizes=\"auto, (max-width: 300px) 100vw, 300px\" \/><\/a><\/span><\/p>\n<p>&nbsp;<\/td>\n<\/tr>\n<\/tbody>\n<\/table>\n<p>&nbsp;<\/p>\n<p>&nbsp;<\/p>\n","protected":false},"excerpt":{"rendered":"<p><a href=\"https:\/\/agora.xtec.cat\/ceip-espriu-montgat\/wp-content\/uploads\/usu1919\/2025\/05\/Catalan-1.png\"><\/a><br \/>\nEls projectes Erasmus+: una finestra al m\u00f3n per a la nostra escola<br \/>\nA l\u2019Escola Salvador Espriu participem activament en projectes Erasmus+ des de l\u2019any 2015. Aquesta iniciativa europea ens ha perm\u00e8s, al llarg dels anys, obrir les portes de l\u2019aula a noves cultures, metodologies i&hellip;  <a href=\"https:\/\/agora.xtec.cat\/ceip-espriu-montgat\/projectes-internacionals\/erasmus-plus\/\" title=\"Read ERASMUS PLUS\">Llegeix m\u00e9s\u00bb<\/a><\/p>\n","protected":false},"author":1,"featured_media":0,"parent":915,"menu_order":0,"comment_status":"closed","ping_status":"closed","template":"","meta":{"_bbp_topic_count":0,"_bbp_reply_count":0,"_bbp_total_topic_count":0,"_bbp_total_reply_count":0,"_bbp_voice_count":0,"_bbp_anonymous_reply_count":0,"_bbp_topic_count_hidden":0,"_bbp_reply_count_hidden":0,"_bbp_forum_subforum_count":0,"footnotes":""},"class_list":["post-773","page","type-page","status-publish","hentry"],"post_mailing_queue_ids":[],"_links":{"self":[{"href":"https:\/\/agora.xtec.cat\/ceip-espriu-montgat\/wp-json\/wp\/v2\/pages\/773","targetHints":{"allow":["GET"]}}],"collection":[{"href":"https:\/\/agora.xtec.cat\/ceip-espriu-montgat\/wp-json\/wp\/v2\/pages"}],"about":[{"href":"https:\/\/agora.xtec.cat\/ceip-espriu-montgat\/wp-json\/wp\/v2\/types\/page"}],"author":[{"embeddable":true,"href":"https:\/\/agora.xtec.cat\/ceip-espriu-montgat\/wp-json\/wp\/v2\/users\/1"}],"replies":[{"embeddable":true,"href":"https:\/\/agora.xtec.cat\/ceip-espriu-montgat\/wp-json\/wp\/v2\/comments?post=773"}],"version-history":[{"count":6,"href":"https:\/\/agora.xtec.cat\/ceip-espriu-montgat\/wp-json\/wp\/v2\/pages\/773\/revisions"}],"predecessor-version":[{"id":3440,"href":"https:\/\/agora.xtec.cat\/ceip-espriu-montgat\/wp-json\/wp\/v2\/pages\/773\/revisions\/3440"}],"up":[{"embeddable":true,"href":"https:\/\/agora.xtec.cat\/ceip-espriu-montgat\/wp-json\/wp\/v2\/pages\/915"}],"wp:attachment":[{"href":"https:\/\/agora.xtec.cat\/ceip-espriu-montgat\/wp-json\/wp\/v2\/media?parent=773"}],"curies":[{"name":"wp","href":"https:\/\/api.w.org\/{rel}","templated":true}]}}