{"id":723,"date":"2019-03-27T09:52:55","date_gmt":"2019-03-27T08:52:55","guid":{"rendered":"http:\/\/agora.xtec.cat\/ceip-espriu-montgat\/?page_id=723"},"modified":"2025-12-02T16:37:15","modified_gmt":"2025-12-02T15:37:15","slug":"ampa","status":"publish","type":"page","link":"https:\/\/agora.xtec.cat\/ceip-espriu-montgat\/serveis\/ampa\/","title":{"rendered":"AFA"},"content":{"rendered":"<p>L\u2019AFA \u00e9s l\u2019Associaci\u00f3 de Fam\u00edlies d\u2019Alumnes de l\u2019escola. \u00c9s una associaci\u00f3 sense \u00e0nim de lucre \u00a0encarregada de gestionar els recursos que aporten els socis (pares i mares dels alumnes) per contribuir a oferir i garantir el millor servei als nostres fills durant tota l\u2019etapa educativa i participar activament en el dia a dia de l\u2019Escola.<\/p>\n<h4><strong>Qu\u00e8 fa l\u2019AFA?<\/strong><\/h4>\n<ul>\n<li>Coordina l\u2019organitzaci\u00f3 de les Activitats Extraescolars, l\u2019esplai i el servei d&#8217;acollida del\u00a0mat\u00ed. Us podeu informar durant la \u00a0distribuci\u00f3 dels llibres.<a href=\"https:\/\/agora.xtec.cat\/ceip-espriu-montgat\/wp-content\/uploads\/usu1919\/2020\/02\/logo-AFA.jpg\"><img loading=\"lazy\" decoding=\"async\" class=\"size-medium wp-image-1249 alignright\" src=\"https:\/\/agora.xtec.cat\/ceip-espriu-montgat\/wp-content\/uploads\/usu1919\/2020\/02\/logo-AFA-300x212.jpg\" alt=\"\" width=\"300\" height=\"212\" srcset=\"https:\/\/agora.xtec.cat\/ceip-espriu-montgat\/wp-content\/uploads\/usu1919\/2020\/02\/logo-AFA-300x212.jpg 300w, https:\/\/agora.xtec.cat\/ceip-espriu-montgat\/wp-content\/uploads\/usu1919\/2020\/02\/logo-AFA-768x543.jpg 768w, https:\/\/agora.xtec.cat\/ceip-espriu-montgat\/wp-content\/uploads\/usu1919\/2020\/02\/logo-AFA-1024x724.jpg 1024w\" sizes=\"auto, (max-width: 300px) 100vw, 300px\" \/><\/a><\/li>\n<li>Organitza actes festius (Festa de fi de curs).<\/li>\n<li>Contribueix econ\u00f2micament cada curs en la millora de les infraestructures escolars i en\u00a0la renovaci\u00f3 del material educatiu i inform\u00e0tic que l\u2019Escola precisi, ja sigui per mitj\u00e0 de\u00a0l\u2019aportaci\u00f3 al pressupost anual de l\u2019Escola o b\u00e9 per mitj\u00e0 d\u2019aportacions puntuals i\u00a0espec\u00edfiques.<\/li>\n<li>Participa i col\u00b7labora en totes aquelles activitats educatives i l\u00fadiques en qu\u00e8 la direcci\u00f3 de\u00a0l\u2019escola la reclama, especialment en les Jornades Culturals.<\/li>\n<li>Gestiona la distribuci\u00f3 i venda dels llibres de text i materials escolars de l\u2019alumnat del centre<\/li>\n<\/ul>\n<p><strong>QUOTA AFA: 30\u20ac per fam\u00edlia i curs.<\/strong><\/p>\n<h4><strong>Vols participar? Tens dubtes?<\/strong><\/h4>\n<p>Contacta a<\/p>\n<h4><a href=\"mailto:afa@espriumontgat.cat\">\u2709\u00a0afa@espriumontgat.cat<\/a><\/h4>\n<p>T&#8217;esperem!<\/p>\n<p>&nbsp;<\/p>\n","protected":false},"excerpt":{"rendered":"<p>L\u2019AFA \u00e9s l\u2019Associaci\u00f3 de Fam\u00edlies d\u2019Alumnes de l\u2019escola. \u00c9s una associaci\u00f3 sense \u00e0nim de lucre \u00a0encarregada de gestionar els recursos que aporten els socis (pares i mares dels alumnes) per contribuir a oferir i garantir el millor servei als nostres fills durant tota l\u2019etapa educativa&hellip;  <a href=\"https:\/\/agora.xtec.cat\/ceip-espriu-montgat\/serveis\/ampa\/\" title=\"Read AFA\">Llegeix m\u00e9s\u00bb<\/a><\/p>\n","protected":false},"author":1,"featured_media":0,"parent":66,"menu_order":0,"comment_status":"closed","ping_status":"closed","template":"","meta":{"_bbp_topic_count":0,"_bbp_reply_count":0,"_bbp_total_topic_count":0,"_bbp_total_reply_count":0,"_bbp_voice_count":0,"_bbp_anonymous_reply_count":0,"_bbp_topic_count_hidden":0,"_bbp_reply_count_hidden":0,"_bbp_forum_subforum_count":0,"footnotes":""},"class_list":["post-723","page","type-page","status-publish","hentry"],"post_mailing_queue_ids":[],"_links":{"self":[{"href":"https:\/\/agora.xtec.cat\/ceip-espriu-montgat\/wp-json\/wp\/v2\/pages\/723","targetHints":{"allow":["GET"]}}],"collection":[{"href":"https:\/\/agora.xtec.cat\/ceip-espriu-montgat\/wp-json\/wp\/v2\/pages"}],"about":[{"href":"https:\/\/agora.xtec.cat\/ceip-espriu-montgat\/wp-json\/wp\/v2\/types\/page"}],"author":[{"embeddable":true,"href":"https:\/\/agora.xtec.cat\/ceip-espriu-montgat\/wp-json\/wp\/v2\/users\/1"}],"replies":[{"embeddable":true,"href":"https:\/\/agora.xtec.cat\/ceip-espriu-montgat\/wp-json\/wp\/v2\/comments?post=723"}],"version-history":[{"count":5,"href":"https:\/\/agora.xtec.cat\/ceip-espriu-montgat\/wp-json\/wp\/v2\/pages\/723\/revisions"}],"predecessor-version":[{"id":3519,"href":"https:\/\/agora.xtec.cat\/ceip-espriu-montgat\/wp-json\/wp\/v2\/pages\/723\/revisions\/3519"}],"up":[{"embeddable":true,"href":"https:\/\/agora.xtec.cat\/ceip-espriu-montgat\/wp-json\/wp\/v2\/pages\/66"}],"wp:attachment":[{"href":"https:\/\/agora.xtec.cat\/ceip-espriu-montgat\/wp-json\/wp\/v2\/media?parent=723"}],"curies":[{"name":"wp","href":"https:\/\/api.w.org\/{rel}","templated":true}]}}