{"id":64,"date":"2014-09-18T12:39:08","date_gmt":"2014-09-18T11:39:08","guid":{"rendered":"http:\/\/agora.xtec.cat\/ceip-espriu-montgat\/?page_id=64"},"modified":"2021-11-19T12:13:32","modified_gmt":"2021-11-19T11:13:32","slug":"projecte-educatiu","status":"publish","type":"page","link":"https:\/\/agora.xtec.cat\/ceip-espriu-montgat\/projecte-educatiu\/","title":{"rendered":"Projecte educatiu"},"content":{"rendered":"<p style=\"text-align: justify;\">L\u2019escola Salvador Espriu \u00e9s una escola p\u00fablica, catalana i innovadora que est\u00e0 en permanent canvi adaptant-se any rere any a la societat que l\u2019envolta.<br \/>\nA m\u00e9s ens definim com una escola activa, participativa, solid\u00e0ria, aconfessional, coeducadora i inclusiva.<\/p>\n<p style=\"text-align: justify;\">L\u2019objectiu principal de la nostra escola \u00e9s oferir una educaci\u00f3 de qualitat que afavoreixi el creixement personal dels nostres alumnes en el seu proc\u00e9s de socialitzaci\u00f3 i individualitzaci\u00f3, desenvolupant al m\u00e0xim les seves capacitats i compet\u00e8ncies, esdevenint aix\u00ed ciutadans responsables, compromesos, cr\u00edtics i actius envers la societat. En aquest proc\u00e9s \u00e9s necess\u00e0ria la implicaci\u00f3 de tota la comunitat educativa: les fam\u00edlies, els docents, l\u2019alumnat, altres institucions i els agents de la comunitat.<\/p>\n<p style=\"text-align: justify;\">Volem formar infants competents per a la vida, amb una mentalitat de creixement que els permeti ser creatius i entendre les dificultats com a reptes a treballar. Infants feli\u00e7os i cr\u00edtics, capa\u00e7os de viure en societat i millorar el seu entorn. Infants que somi\u00efn en gran, amb il\u00b7lusions, opcions i curiositat.<\/p>\n<h5 style=\"text-align: justify;\">El principis que defineixen la nostra escola s\u00f3n:<\/h5>\n<ol style=\"text-align: justify;\">\n<li>\n<h6><b> L\u2019educaci\u00f3 per a tots i per a totes.<\/b><\/h6>\n<\/li>\n<\/ol>\n<p style=\"text-align: justify;\"><span style=\"font-weight: 400;\">Acollim nens i nenes assumint un r\u00e8gim de coeducaci\u00f3 en el qual no hi ha cap mena de discriminaci\u00f3 per ra\u00f3 de sexe, cultural, religiosa o de ra\u00e7a.\u00a0<\/span><span style=\"font-weight: 400;\">Respectem els diferents ritmes evolutius i capacitats intel\u00b7lectuals atenent la diversitat i<\/span><span style=\"font-weight: 400;\">\u00a0el pluralisme ideol\u00f2gic, comprometent-nos en la defensa dels drets humans.<\/span><\/p>\n<h6 style=\"text-align: justify;\"><b style=\"font-family: inherit; font-size: 1em;\">2. L\u2019assoliment de les m\u00e0ximes compet\u00e8ncies.<\/b><\/h6>\n<p style=\"text-align: justify;\"><span style=\"font-weight: 400;\">\u00c9s un principi irrenunciable que tot l\u2019alumnat assoleixi unes \u00f2ptimes compet\u00e8ncies, afavorint en cadasc\u00fa el desenvolupament de les seves m\u00e0ximes capacitats.<\/span><\/p>\n<p style=\"text-align: justify;\"><span style=\"font-weight: 400;\">Entre aquestes compet\u00e8ncies destaquem: <\/span><\/p>\n<ul style=\"text-align: justify;\">\n<li style=\"font-weight: 400;\"><span style=\"font-weight: 400;\">L\u2019\u00fas de la llengua oral com a instrument de comunicaci\u00f3.<\/span><\/li>\n<li style=\"font-weight: 400;\"><span style=\"font-weight: 400;\">L\u2019\u00fas de la llengua escrita com a instrument de comprensi\u00f3 i aprenentatge.<\/span><\/li>\n<li style=\"font-weight: 400;\"><span style=\"font-weight: 400;\">L\u2019\u00fas del raonament matem\u00e0tic, les operacions b\u00e0siques i la seva aplicaci\u00f3 a la vida quotidiana.<\/span><\/li>\n<li style=\"font-weight: 400;\"><span style=\"font-weight: 400;\">L\u2019\u00fas i coneixement de la informaci\u00f3, treball de la informaci\u00f3 de manera cr\u00edtica per transformar-la en coneixements significatius.<\/span><\/li>\n<li style=\"font-weight: 400;\"><span style=\"font-weight: 400;\">L\u2019\u00fas de les TIC.<\/span><\/li>\n<li style=\"font-weight: 400;\"><span style=\"font-weight: 400;\">L\u2019adquisici\u00f3 d\u2019h\u00e0bits organitzatius i de treball.<\/span><\/li>\n<\/ul>\n<ol style=\"text-align: justify;\" start=\"3\">\n<li>\n<h6><b> El creixement personal i la relaci\u00f3 amb els altres en un context democr\u00e0tic, cr\u00edtic i sostenible.<\/b><\/h6>\n<\/li>\n<\/ol>\n<p style=\"text-align: justify;\"><span style=\"font-weight: 400;\">Afavorim l&#8217;esperit cr\u00edtic, la confrontaci\u00f3 a trav\u00e9s del di\u00e0leg i de l&#8217;intercanvi d&#8217;arguments, sempre des del respecte a l&#8217;altre i a les seves opinions, inculcant als alumnes la idea que els drets propis\u00a0<\/span><span style=\"font-weight: 400;\">tenen com a l\u00edmit els drets de la resta i la conviv\u00e8ncia pac\u00edfica.\u00a0<\/span><span style=\"font-weight: 400;\">Potenciem un r\u00e8gim participatiu en tots els \u00e0mbits de la comunitat escolar.\u00a0<\/span><span style=\"font-weight: 400;\">Partim d&#8217;una proposta pedag\u00f2gica que t\u00e9 com a finalitat l&#8217;educaci\u00f3 integral dels nostres alumnes.\u00a0<\/span><span style=\"font-weight: 400;\">Ens comprometem en la cultura de la pau, fonamentada en els valors democr\u00e0tics com la solidaritat, el respecte als drets individuals i col\u00b7lectius i la toler\u00e0ncia entre tots els components de la comunitat educativa.\u00a0<\/span><span style=\"font-weight: 400;\">Contribu\u00efm al creixement personal dels nostres alumnes en el seu proc\u00e9s de socialitzaci\u00f3 i individualitzaci\u00f3, desenvolupant al m\u00e0xim les seves capacitats i compet\u00e8ncies, esdevenint aix\u00ed ciutadans responsables, compromesos, cr\u00edtics i actius envers la societat.<\/span><\/p>\n<ol style=\"text-align: justify;\" start=\"4\">\n<li>\n<h6><b> Projectes<\/b><\/h6>\n<\/li>\n<\/ol>\n<p style=\"text-align: justify;\"><span style=\"font-weight: 400;\">Estem oberts a l&#8217;entorn mitjan\u00e7ant l&#8217;observaci\u00f3 i l&#8217;exploraci\u00f3, fomentant actituds de curiositat, respecte, reciclatge i conservaci\u00f3 del medi ambient.\u00a0<\/span><span style=\"font-weight: 400;\">Formar persones que siguin capaces d&#8217;adaptar-se als canvis i poder decidir en el seu futur. Persones aut\u00f2nomes que puguin ser part activa de la societat canviant en la qual vivim, de forma responsable. <\/span><\/p>\n<h6 style=\"text-align: justify;\"><b>5.TAC<\/b><\/h6>\n<p style=\"text-align: justify;\"><span style=\"font-weight: 400;\">Ser un centre actiu, emprenedor, amb visi\u00f3 de futur, que pret\u00e9n la millora constant del rendiment acad\u00e8mic dels alumnes mitjan\u00e7ant l&#8217;\u00fas habitual de les TAC, l&#8217;impuls de les lleng\u00fces estrangeres i la promoci\u00f3 de les habilitats socials i el treball cooperatiu per arribar a ser un referent de qualitat educativa.<\/span><\/p>\n<h6 style=\"text-align: justify;\"><b style=\"font-family: inherit; font-size: 1em;\">6. Lleng\u00fces<\/b><\/h6>\n<p style=\"text-align: justify;\"><span style=\"font-weight: 400;\">Estem compromesos amb la llengua i la cultura catalana, i la integraci\u00f3 dels nouvinguts.\u00a0<\/span><span style=\"font-weight: 400;\">Ser un centre actiu, emprenedor, amb visi\u00f3 de futur, que pret\u00e9n la millora constant del rendiment acad\u00e8mic dels alumnes mitjan\u00e7ant l&#8217;\u00fas habitual de les TAC, l&#8217;impuls de les lleng\u00fces estrangeres i la promoci\u00f3 de les habilitats socials i el treball cooperatiu per arribar a ser un referent de qualitat educativa.<\/span><\/p>\n<p>&nbsp;<\/p>\n<p>&nbsp;<\/p>\n","protected":false},"excerpt":{"rendered":"<p>L\u2019escola Salvador Espriu \u00e9s una escola p\u00fablica, catalana i innovadora que est\u00e0 en permanent canvi adaptant-se any rere any a la societat que l\u2019envolta.<br \/>\nA m\u00e9s ens definim com una escola activa, participativa, solid\u00e0ria, aconfessional, coeducadora i inclusiva.<br \/>\nL\u2019objectiu principal de la nostra escola \u00e9s oferir una&hellip;  <a href=\"https:\/\/agora.xtec.cat\/ceip-espriu-montgat\/projecte-educatiu\/\" title=\"Read Projecte educatiu\">Llegeix m\u00e9s\u00bb<\/a><\/p>\n","protected":false},"author":1,"featured_media":0,"parent":0,"menu_order":0,"comment_status":"closed","ping_status":"closed","template":"","meta":{"_bbp_topic_count":0,"_bbp_reply_count":0,"_bbp_total_topic_count":0,"_bbp_total_reply_count":0,"_bbp_voice_count":0,"_bbp_anonymous_reply_count":0,"_bbp_topic_count_hidden":0,"_bbp_reply_count_hidden":0,"_bbp_forum_subforum_count":0,"footnotes":""},"class_list":["post-64","page","type-page","status-publish","hentry"],"post_mailing_queue_ids":[],"_links":{"self":[{"href":"https:\/\/agora.xtec.cat\/ceip-espriu-montgat\/wp-json\/wp\/v2\/pages\/64","targetHints":{"allow":["GET"]}}],"collection":[{"href":"https:\/\/agora.xtec.cat\/ceip-espriu-montgat\/wp-json\/wp\/v2\/pages"}],"about":[{"href":"https:\/\/agora.xtec.cat\/ceip-espriu-montgat\/wp-json\/wp\/v2\/types\/page"}],"author":[{"embeddable":true,"href":"https:\/\/agora.xtec.cat\/ceip-espriu-montgat\/wp-json\/wp\/v2\/users\/1"}],"replies":[{"embeddable":true,"href":"https:\/\/agora.xtec.cat\/ceip-espriu-montgat\/wp-json\/wp\/v2\/comments?post=64"}],"version-history":[{"count":4,"href":"https:\/\/agora.xtec.cat\/ceip-espriu-montgat\/wp-json\/wp\/v2\/pages\/64\/revisions"}],"predecessor-version":[{"id":715,"href":"https:\/\/agora.xtec.cat\/ceip-espriu-montgat\/wp-json\/wp\/v2\/pages\/64\/revisions\/715"}],"wp:attachment":[{"href":"https:\/\/agora.xtec.cat\/ceip-espriu-montgat\/wp-json\/wp\/v2\/media?parent=64"}],"curies":[{"name":"wp","href":"https:\/\/api.w.org\/{rel}","templated":true}]}}