{"id":480,"date":"2019-01-29T13:41:08","date_gmt":"2019-01-29T12:41:08","guid":{"rendered":"http:\/\/agora.xtec.cat\/ceip-espriu-montgat\/?page_id=480"},"modified":"2021-11-22T19:14:02","modified_gmt":"2021-11-22T18:14:02","slug":"families","status":"publish","type":"page","link":"https:\/\/agora.xtec.cat\/ceip-espriu-montgat\/families\/","title":{"rendered":"Fam\u00edlies"},"content":{"rendered":"<p>La fam\u00edlia \u00e9s primer agent de socialitzaci\u00f3 per a l\u2019infant, el seu entorn m\u00e9s proper per mitj\u00e0 del qual aprendr\u00e0 les primeres paraules i les primeres pautes de conducta.<\/p>\n<p>L\u2019escola, per tant, ha d\u2019estar <strong>oberta a les fam\u00edlies<\/strong> perqu\u00e8 participin i s\u2019involucrin en el dia a dia: han d\u2019oferir les seves opinions, prendre decisions conjuntes i interessar-se pel proc\u00e9s evolutiu dels seus fills i filles. Perqu\u00e8 aix\u00f2 sigui possible <strong>les fam\u00edlies han de con\u00e8ixer el projecte de l\u2019escola, com s\u2019organitza el temps, l\u2019espai i l&#8217;alumnat<\/strong>, quins s\u00f3n els principis i els objectius que es pretenen per entendre\u2019ls, viure\u2019ls i convertir- se en una part imprescindible del projecte.<\/p>\n<p>Per aquesta voluntat d&#8217;obertura i connexi\u00f3 amb les fam\u00edlies, ens encanta oferir petites finestres al dia a dia de l&#8217;escola a trav\u00e9s diverses plataformes:<\/p>\n<p>\ud83d\udce2 La web,<span style=\"font-family: inherit; font-size: 1em;\">\u00a0 l&#8217;<\/span><a style=\"font-family: inherit; font-size: 1em;\" href=\"https:\/\/play.google.com\/store\/apps\/details?id=com.dumainteractiva.comunicapp&amp;hl=es&amp;gl=US\" target=\"_blank\" rel=\"noopener\">APP de l&#8217;Escola<\/a> i les nostres xarxes socials:<\/p>\n<figure class=\"figure wp-caption alignleft\"><a style=\"color: #2795b6;\" href=\"https:\/\/www.instagram.com\/espriumontgat\/\" target=\"_blank\" rel=\"noopener\"><img loading=\"lazy\" decoding=\"async\" class=\"wp-image-2331\" src=\"https:\/\/agora.xtec.cat\/ceip-espriu-montgat\/wp-content\/uploads\/usu1919\/2021\/11\/5296765_camera_instagram_instagram-logo_icon-e1637604129786.png\" alt=\"\" width=\"63\" height=\"63\" \/><\/a><figcaption class=\"wp-caption-text\">Instagram<\/figcaption><\/figure>\n<figure class=\"figure wp-caption alignleft\"><a href=\"https:\/\/twitter.com\/espriumontgat\" target=\"_blank\" rel=\"noopener\"><img loading=\"lazy\" decoding=\"async\" class=\"wp-image-2333\" src=\"https:\/\/agora.xtec.cat\/ceip-espriu-montgat\/wp-content\/uploads\/usu1919\/2021\/11\/5296516_tweet_twitter_twitter-logo_icon-150x150.png\" alt=\"\" width=\"63\" height=\"63\" srcset=\"https:\/\/agora.xtec.cat\/ceip-espriu-montgat\/wp-content\/uploads\/usu1919\/2021\/11\/5296516_tweet_twitter_twitter-logo_icon-150x150.png 150w, https:\/\/agora.xtec.cat\/ceip-espriu-montgat\/wp-content\/uploads\/usu1919\/2021\/11\/5296516_tweet_twitter_twitter-logo_icon-300x300.png 300w, https:\/\/agora.xtec.cat\/ceip-espriu-montgat\/wp-content\/uploads\/usu1919\/2021\/11\/5296516_tweet_twitter_twitter-logo_icon-1024x1024.png 1024w, https:\/\/agora.xtec.cat\/ceip-espriu-montgat\/wp-content\/uploads\/usu1919\/2021\/11\/5296516_tweet_twitter_twitter-logo_icon-768x768.png 768w, https:\/\/agora.xtec.cat\/ceip-espriu-montgat\/wp-content\/uploads\/usu1919\/2021\/11\/5296516_tweet_twitter_twitter-logo_icon-1536x1536.png 1536w, https:\/\/agora.xtec.cat\/ceip-espriu-montgat\/wp-content\/uploads\/usu1919\/2021\/11\/5296516_tweet_twitter_twitter-logo_icon-2048x2048.png 2048w\" sizes=\"auto, (max-width: 63px) 100vw, 63px\" \/><\/a><figcaption class=\"wp-caption-text\">Twitter<\/figcaption><\/figure>\n<figure class=\"figure wp-caption alignleft\"><a href=\"https:\/\/www.facebook.com\/Escola-Salvador-Espriu-Montgat-103979072079845\" target=\"_blank\" rel=\"noopener\"><img loading=\"lazy\" decoding=\"async\" class=\"wp-image-2332\" src=\"https:\/\/agora.xtec.cat\/ceip-espriu-montgat\/wp-content\/uploads\/usu1919\/2021\/11\/5365678_fb_facebook_facebook-logo_icon.png\" alt=\"\" width=\"63\" height=\"63\" \/><\/a><figcaption class=\"wp-caption-text\">Facebook<\/figcaption><\/figure>\n<p>&nbsp;<\/p>\n<p>&nbsp;<\/p>\n<p>&nbsp;<\/p>\n<p>A l&#8217;Espriu <strong>volem crear una xarxa de relaci\u00f3 i confian\u00e7a amb les fam\u00edlies<\/strong>, les quals s\u2019han de sentir igual de cuidades i acollides que els infants. Per aconseguir-ho, planifiquem reunions peri\u00f2diques i, a m\u00e9s, <strong>establim moments d\u2019implicaci\u00f3 i participaci\u00f3<\/strong>.<\/p>\n<p><strong><a href=\"https:\/\/agora.xtec.cat\/ceip-espriu-montgat\/serveis\/ampa\/\"><img loading=\"lazy\" decoding=\"async\" class=\"alignright wp-image-2313 size-medium\" src=\"https:\/\/agora.xtec.cat\/ceip-espriu-montgat\/wp-content\/uploads\/usu1919\/2021\/11\/afasalvadorespriumontgat_247154541_151125223840127_2494232083089871704_n.webp_-e1637578487668-163x300.jpg\" alt=\"\" width=\"163\" height=\"300\" srcset=\"https:\/\/agora.xtec.cat\/ceip-espriu-montgat\/wp-content\/uploads\/usu1919\/2021\/11\/afasalvadorespriumontgat_247154541_151125223840127_2494232083089871704_n.webp_-e1637578487668-163x300.jpg 163w, https:\/\/agora.xtec.cat\/ceip-espriu-montgat\/wp-content\/uploads\/usu1919\/2021\/11\/afasalvadorespriumontgat_247154541_151125223840127_2494232083089871704_n.webp_-e1637578487668-555x1024.jpg 555w, https:\/\/agora.xtec.cat\/ceip-espriu-montgat\/wp-content\/uploads\/usu1919\/2021\/11\/afasalvadorespriumontgat_247154541_151125223840127_2494232083089871704_n.webp_-e1637578487668.jpg 585w\" sizes=\"auto, (max-width: 163px) 100vw, 163px\" \/><\/a><\/strong><\/p>\n<p><a href=\"https:\/\/agora.xtec.cat\/ceip-espriu-montgat\/serveis\/ampa\/\" target=\"_blank\" rel=\"noopener\"><strong>L&#8217;AFA<\/strong><\/a> \u00e9s l&#8217;associaci\u00f3 que <strong>representa al conjunt dels fam\u00edlies<\/strong> davant de l&#8217;escola i fa d&#8217;enlla\u00e7 entre aquestes i l&#8217;equip docent.<\/p>\n<p>L\u2019<a href=\"https:\/\/agora.xtec.cat\/ceip-espriu-montgat\/infantil\/coneixes-lentrada-relaxada\/\" target=\"_blank\" rel=\"noopener\"><strong>entrada relaxada <\/strong><\/a>al mat\u00ed permet a docents i fam\u00edlies tenir estones al mat\u00ed on poden compartir dubtes, sensacions o moments de rutina di\u00e0ria que ajuden a afermar vincles.<\/p>\n<p>A m\u00e9s, cada \u00faltim divendres de mes \u00e9s el <strong>dia de les portes obertes<\/strong>, en el qual les fam\u00edlies poden entrar\u00a0 a l\u2019escola i observar i participar en moltes activitats. Aix\u00f2, a m\u00e9s de ser positiu pels infants, ho \u00e9s tamb\u00e9 per les fam\u00edlies, perqu\u00e8 poden <strong>con\u00e8ixer en primera persona com gaudeixen, interaccionen i aprenen els nens i les nenes.<\/strong><\/p>\n","protected":false},"excerpt":{"rendered":"<p>La fam\u00edlia \u00e9s primer agent de socialitzaci\u00f3 per a l\u2019infant, el seu entorn m\u00e9s proper per mitj\u00e0 del qual aprendr\u00e0 les primeres paraules i les primeres pautes de conducta.<br \/>\nL\u2019escola, per tant, ha d\u2019estar oberta a les fam\u00edlies perqu\u00e8 participin i s\u2019involucrin en el dia a&hellip;  <a href=\"https:\/\/agora.xtec.cat\/ceip-espriu-montgat\/families\/\" title=\"Read Fam\u00edlies\">Llegeix m\u00e9s\u00bb<\/a><\/p>\n","protected":false},"author":1,"featured_media":0,"parent":0,"menu_order":0,"comment_status":"closed","ping_status":"closed","template":"","meta":{"_bbp_topic_count":0,"_bbp_reply_count":0,"_bbp_total_topic_count":0,"_bbp_total_reply_count":0,"_bbp_voice_count":0,"_bbp_anonymous_reply_count":0,"_bbp_topic_count_hidden":0,"_bbp_reply_count_hidden":0,"_bbp_forum_subforum_count":0,"footnotes":""},"class_list":["post-480","page","type-page","status-publish","hentry"],"post_mailing_queue_ids":[],"_links":{"self":[{"href":"https:\/\/agora.xtec.cat\/ceip-espriu-montgat\/wp-json\/wp\/v2\/pages\/480","targetHints":{"allow":["GET"]}}],"collection":[{"href":"https:\/\/agora.xtec.cat\/ceip-espriu-montgat\/wp-json\/wp\/v2\/pages"}],"about":[{"href":"https:\/\/agora.xtec.cat\/ceip-espriu-montgat\/wp-json\/wp\/v2\/types\/page"}],"author":[{"embeddable":true,"href":"https:\/\/agora.xtec.cat\/ceip-espriu-montgat\/wp-json\/wp\/v2\/users\/1"}],"replies":[{"embeddable":true,"href":"https:\/\/agora.xtec.cat\/ceip-espriu-montgat\/wp-json\/wp\/v2\/comments?post=480"}],"version-history":[{"count":4,"href":"https:\/\/agora.xtec.cat\/ceip-espriu-montgat\/wp-json\/wp\/v2\/pages\/480\/revisions"}],"predecessor-version":[{"id":2339,"href":"https:\/\/agora.xtec.cat\/ceip-espriu-montgat\/wp-json\/wp\/v2\/pages\/480\/revisions\/2339"}],"wp:attachment":[{"href":"https:\/\/agora.xtec.cat\/ceip-espriu-montgat\/wp-json\/wp\/v2\/media?parent=480"}],"curies":[{"name":"wp","href":"https:\/\/api.w.org\/{rel}","templated":true}]}}