{"id":38,"date":"2019-09-18T12:34:08","date_gmt":"2019-09-18T10:34:08","guid":{"rendered":"http:\/\/agora.xtec.cat\/ceip-espriu-montgat\/?page_id=38"},"modified":"2020-02-05T09:26:52","modified_gmt":"2020-02-05T08:26:52","slug":"salut","status":"publish","type":"page","link":"https:\/\/agora.xtec.cat\/ceip-espriu-montgat\/families\/salut\/","title":{"rendered":"Salut"},"content":{"rendered":"<h4>MEDICAMENTS<\/h4>\n<h4><strong>Com a normativa els\/les mestres no estan autoritzats per administrar cap medicament.<a href=\"https:\/\/agora.xtec.cat\/ceip-espriu-montgat\/wp-content\/uploads\/usu1919\/2019\/03\/medicaments.jpg\"><img loading=\"lazy\" decoding=\"async\" class=\"size-thumbnail wp-image-676 alignleft\" src=\"https:\/\/agora.xtec.cat\/ceip-espriu-montgat\/wp-content\/uploads\/usu1919\/2019\/03\/medicaments-150x150.jpg\" alt=\"\" width=\"150\" height=\"150\" \/><\/a><\/strong><\/h4>\n<ul>\n<li>Sempre que sigui imprescindible fer-ho en horari lectiu, cal que s&#8217;aporti <strong>un informe m\u00e8dic<\/strong> on consti el <strong>nom de l&#8217;alumne<\/strong>, el <strong>nom del medicament<\/strong> que ha de prendre i <strong>la pauta d&#8217;administraci\u00f3<\/strong>. Aix\u00ed mateix, les fam\u00edles han d&#8217;aportar una autoritzaci\u00f3 on es demani l&#8217;administraci\u00f3 del medicament prescrit d&#8217;acord amb les pautes que constin en l&#8217;informe esmentat i se n&#8217;autoritzi der-ho als mestres del centre.<\/li>\n<\/ul>\n<p>&nbsp;<\/p>\n<h4>POLLS<\/h4>\n<p>El poll del cap \u00e9s un insecte que viu entre els cabells i s\u2019alimenta de la sang que xucla de la pell del cap en picar les persones. Es reprodueix r\u00e0pidament, cada femella posa de cent a tres-cents ous anomenats ll\u00e9menes, i s\u2019escampa amb facilitat, sobretot en nens i nenes en edat escolar. Els polls no volen ni salten, es transmeten per contacte f\u00edsic directe entre els caps i amb l\u2019\u00fas compartit de qualsevol material que pugui estar en contacte amb uns cabells infectats, com ara pintes, raspalls, gorres, bufandes, tovalloles o coixins.<\/p>\n<h5 style=\"padding-left: 30px;\">Com es poden detectar?<\/h5>\n<p>Els polls es poden veure amb facilitat amb una bona il\u00b7luminaci\u00f3 i separant els cabells per tal d\u2019inspeccionar el cuir cabellut. Tenen uns 2 mm de longitud, s\u00f3n de color grisenc i no tenen ales. Les ll\u00e9menes estan enganxades a la base dels cabells i s\u00f3n de color blanc groguenc. Es recomana iniciar la inspecci\u00f3 per la zona de darrere les orelles i la nuca. Els signes i s\u00edmptomes principals d\u2019una infecci\u00f3 per polls s\u00f3n: picor persistent al cap, petites protuber\u00e0ncies vermelles al cuir cabellut o al coll, pres\u00e8ncia de ll\u00e9menes enganxades a la base dels cabells que s\u00f3n dif\u00edcils d\u2019extreure i de color nacrat, sensaci\u00f3 de formigueig al cap.<\/p>\n<h5 style=\"padding-left: 30px;\">Mesura de prevenci\u00f3 per no agafar polls:<\/h5>\n<p>Cal prendre una s\u00e8rie de mesures higi\u00e8niques per prevenir els polls:<a href=\"https:\/\/agora.xtec.cat\/ceip-espriu-montgat\/wp-content\/uploads\/usu1919\/2019\/03\/POLLS-2.jpg\"><img loading=\"lazy\" decoding=\"async\" class=\"wp-image-673 alignright\" src=\"https:\/\/agora.xtec.cat\/ceip-espriu-montgat\/wp-content\/uploads\/usu1919\/2019\/03\/POLLS-2-1024x576.jpg\" alt=\"\" width=\"491\" height=\"276\" srcset=\"https:\/\/agora.xtec.cat\/ceip-espriu-montgat\/wp-content\/uploads\/usu1919\/2019\/03\/POLLS-2-1024x576.jpg 1024w, https:\/\/agora.xtec.cat\/ceip-espriu-montgat\/wp-content\/uploads\/usu1919\/2019\/03\/POLLS-2-300x169.jpg 300w, https:\/\/agora.xtec.cat\/ceip-espriu-montgat\/wp-content\/uploads\/usu1919\/2019\/03\/POLLS-2-768x432.jpg 768w, https:\/\/agora.xtec.cat\/ceip-espriu-montgat\/wp-content\/uploads\/usu1919\/2019\/03\/POLLS-2.jpg 1280w\" sizes=\"auto, (max-width: 491px) 100vw, 491px\" \/><\/a><\/p>\n<ul>\n<li>Rentar amb freq\u00fc\u00e8ncia el cabell: dues o tres vegades per setmana.<\/li>\n<li>Pentinar-los di\u00e0riamentels cabells. Netejar les pintes i els raspalls sovint.<\/li>\n<li>Evitar compartir els estris de neteja personal.<\/li>\n<li>Hem d&#8217;agafar l&#8217;h\u00e0bit de revisar el cap dels nens i nenes, especialment darrera de les orelles, el clatell i el serrell.<\/li>\n<li>El millor m\u00e8tode \u00e9s raspallar els cabells o passar una pinta de pues fines sobreun drap blanc.<\/li>\n<li>El tractament nom\u00e9s \u00e9s per una infestaci\u00f3, no com a m\u00e8tode de prevenci\u00f3.<\/li>\n<\/ul>\n<h5 style=\"padding-left: 30px;\">Comunicaci\u00f3 a l&#8217;escola<\/h5>\n<p>Sempre que es detectin polls s&#8217;haur\u00e0 de comunicar a l&#8217;escola.<\/p>\n<p>&nbsp;<\/p>\n<p>&nbsp;<\/p>\n<p>&nbsp;<\/p>\n<p>&nbsp;<\/p>\n<p>&nbsp;<\/p>\n","protected":false},"excerpt":{"rendered":"<p>MEDICAMENTS<br \/>\nCom a normativa els\/les mestres no estan autoritzats per administrar cap medicament.<a href=\"https:\/\/agora.xtec.cat\/ceip-espriu-montgat\/wp-content\/uploads\/usu1919\/2019\/03\/medicaments.jpg\"><\/a><\/p>\n<ul>\n<li>Sempre que sigui imprescindible fer-ho en horari lectiu, cal que s&#8217;aporti un informe m\u00e8dic on consti el nom de l&#8217;alumne, el nom del medicament que ha de prendre i la pauta d&#8217;administraci\u00f3. Aix\u00ed&hellip;  <a href=\"https:\/\/agora.xtec.cat\/ceip-espriu-montgat\/families\/salut\/\" title=\"Read Salut\">Llegeix m\u00e9s\u00bb<\/a><br \/>\n","protected":false},"author":1,"featured_media":0,"parent":480,"menu_order":80,"comment_status":"closed","ping_status":"closed","template":"page-templates\/side-menu.php","meta":{"_bbp_topic_count":0,"_bbp_reply_count":0,"_bbp_total_topic_count":0,"_bbp_total_reply_count":0,"_bbp_voice_count":0,"_bbp_anonymous_reply_count":0,"_bbp_topic_count_hidden":0,"_bbp_reply_count_hidden":0,"_bbp_forum_subforum_count":0,"footnotes":""},"class_list":["post-38","page","type-page","status-publish","hentry"],"post_mailing_queue_ids":[],"_links":{"self":[{"href":"https:\/\/agora.xtec.cat\/ceip-espriu-montgat\/wp-json\/wp\/v2\/pages\/38","targetHints":{"allow":["GET"]}}],"collection":[{"href":"https:\/\/agora.xtec.cat\/ceip-espriu-montgat\/wp-json\/wp\/v2\/pages"}],"about":[{"href":"https:\/\/agora.xtec.cat\/ceip-espriu-montgat\/wp-json\/wp\/v2\/types\/page"}],"author":[{"embeddable":true,"href":"https:\/\/agora.xtec.cat\/ceip-espriu-montgat\/wp-json\/wp\/v2\/users\/1"}],"replies":[{"embeddable":true,"href":"https:\/\/agora.xtec.cat\/ceip-espriu-montgat\/wp-json\/wp\/v2\/comments?post=38"}],"version-history":[{"count":4,"href":"https:\/\/agora.xtec.cat\/ceip-espriu-montgat\/wp-json\/wp\/v2\/pages\/38\/revisions"}],"predecessor-version":[{"id":677,"href":"https:\/\/agora.xtec.cat\/ceip-espriu-montgat\/wp-json\/wp\/v2\/pages\/38\/revisions\/677"}],"up":[{"embeddable":true,"href":"https:\/\/agora.xtec.cat\/ceip-espriu-montgat\/wp-json\/wp\/v2\/pages\/480"}],"wp:attachment":[{"href":"https:\/\/agora.xtec.cat\/ceip-espriu-montgat\/wp-json\/wp\/v2\/media?parent=38"}],"curies":[{"name":"wp","href":"https:\/\/api.w.org\/{rel}","templated":true}]}}