{"id":3412,"date":"2025-04-30T12:17:37","date_gmt":"2025-04-30T10:17:37","guid":{"rendered":"https:\/\/agora.xtec.cat\/ceip-espriu-montgat\/?page_id=3412"},"modified":"2025-04-30T12:17:37","modified_gmt":"2025-04-30T10:17:37","slug":"acreditacio-erasmus","status":"publish","type":"page","link":"https:\/\/agora.xtec.cat\/ceip-espriu-montgat\/projectes-internacionals\/acreditacio-erasmus\/","title":{"rendered":"Acreditaci\u00f3 Erasmus"},"content":{"rendered":"<h2>ACREDITACI\u00d3 ERASMUS<a href=\"https:\/\/agora.xtec.cat\/ceip-espriu-montgat\/wp-content\/uploads\/usu1919\/2025\/04\/1.jpg\"><img loading=\"lazy\" decoding=\"async\" class=\"aligncenter wp-image-3414 \" src=\"https:\/\/agora.xtec.cat\/ceip-espriu-montgat\/wp-content\/uploads\/usu1919\/2025\/04\/1-1024x1024.jpg\" alt=\"\" width=\"329\" height=\"329\" srcset=\"https:\/\/agora.xtec.cat\/ceip-espriu-montgat\/wp-content\/uploads\/usu1919\/2025\/04\/1-1024x1024.jpg 1024w, https:\/\/agora.xtec.cat\/ceip-espriu-montgat\/wp-content\/uploads\/usu1919\/2025\/04\/1-300x300.jpg 300w, https:\/\/agora.xtec.cat\/ceip-espriu-montgat\/wp-content\/uploads\/usu1919\/2025\/04\/1-150x150.jpg 150w, https:\/\/agora.xtec.cat\/ceip-espriu-montgat\/wp-content\/uploads\/usu1919\/2025\/04\/1-768x768.jpg 768w, https:\/\/agora.xtec.cat\/ceip-espriu-montgat\/wp-content\/uploads\/usu1919\/2025\/04\/1.jpg 1080w\" sizes=\"auto, (max-width: 329px) 100vw, 329px\" \/><\/a><\/h2>\n<p class=\"\" data-start=\"215\" data-end=\"516\">Aquesta acreditaci\u00f3 \u00e9s un reconeixement europeu que s\u2019atorga als centres educatius que tenen un comprom\u00eds ferm amb la millora cont\u00ednua i l&#8217;obertura a l&#8217;\u00e0mbit internacional.<\/p>\n<p class=\"\" data-start=\"518\" data-end=\"942\"><strong data-start=\"518\" data-end=\"568\">Qu\u00e8 vol dir ser una escola acreditada Erasmus?<\/strong><br data-start=\"568\" data-end=\"571\" \/>Vol dir que el nostre centre forma part del programa Erasmus+ de la Uni\u00f3 Europea, i que ha estat reconegut per la seva voluntat de participar de manera estable en projectes internacionals. L\u2019acreditaci\u00f3 ens permet organitzar activitats de formaci\u00f3, intercanvis i col\u00b7laboracions amb altres escoles d\u2019arreu d\u2019Europa de manera m\u00e9s \u00e0gil i amb acc\u00e9s prioritari a finan\u00e7ament.<\/p>\n<p class=\"\" data-start=\"944\" data-end=\"1077\"><strong data-start=\"944\" data-end=\"994\">Quins beneficis t\u00e9 per a l\u2019escola i l\u2019alumnat?<\/strong><br data-start=\"994\" data-end=\"997\" \/>Ser una escola acreditada Erasmus ens obre un ventall molt ampli d\u2019oportunitats:<\/p>\n<ul data-start=\"1079\" data-end=\"1627\">\n<li class=\"\" data-start=\"1079\" data-end=\"1240\">\n<p class=\"\" data-start=\"1081\" data-end=\"1240\">El professorat participar\u00e0 en formacions i estades a l\u2019estranger per con\u00e8ixer noves metodologies, compartir experi\u00e8ncies i millorar la pr\u00e0ctica educativa.<\/p>\n<\/li>\n<li class=\"\" data-start=\"1241\" data-end=\"1403\">\n<p class=\"\" data-start=\"1243\" data-end=\"1403\">S&#8217;establiran projectes de col\u00b7laboraci\u00f3 amb altres escoles europees, treballant temes comuns com la coeducaci\u00f3, la inclusi\u00f3 o les compet\u00e8ncies digitals.<\/p>\n<\/li>\n<li class=\"\" data-start=\"1404\" data-end=\"1534\">\n<p class=\"\" data-start=\"1406\" data-end=\"1534\">L\u2019alumnat tamb\u00e9 podr\u00e0 participar en activitats d\u2019intercanvi o projectes compartits amb alumnes d\u2019altres pa\u00efsos.<\/p>\n<\/li>\n<li class=\"\" data-start=\"1535\" data-end=\"1627\">\n<p class=\"\" data-start=\"1537\" data-end=\"1627\">Tot plegat ens ajuda a oferir una educaci\u00f3 m\u00e9s oberta, innovadora i connectada amb el m\u00f3n.<\/p>\n<\/li>\n<\/ul>\n<p class=\"\" data-start=\"1629\" data-end=\"1959\"><strong data-start=\"1629\" data-end=\"1666\">Una oportunitat per cr\u00e9ixer junts<\/strong><br data-start=\"1666\" data-end=\"1669\" \/>Formar part del programa Erasmus+ suposa un enriquiment per a tota la comunitat educativa. Ens permet obrir finestres a noves realitats, aprendre d\u2019altres contextos i, alhora, compartir all\u00f2 que fem a casa nostra. Ens fa cr\u00e9ixer com a professionals, com a escola i com a ciutadans europeus.<\/p>\n<p class=\"cvGsUA direction-ltr align-justify para-style-body\"><span class=\"OYPEnA font-feature-liga-off font-feature-clig-off font-feature-calt-off text-decoration-none text-strikethrough-none\">Durant tres cursos escolars, treballarem per aconseguir canvis significatius en la comunitat educativa amb aquests objectius principals:<\/span><\/p>\n<ul>\n<li><strong><span class=\"OYPEnA font-feature-liga-off font-feature-clig-off font-feature-calt-off text-decoration-none text-strikethrough-none\">Coeducaci\u00f3 i igualtat de g\u00e8nere:<\/span><\/strong><span class=\"OYPEnA font-feature-liga-off font-feature-clig-off font-feature-calt-off text-decoration-none text-strikethrough-none\"> Formaci\u00f3 del professorat per reduir conflictes relacionats amb la perspectiva de g\u00e8nere.<\/span><\/li>\n<li><span class=\"OYPEnA font-feature-liga-off font-feature-clig-off font-feature-calt-off text-decoration-none text-strikethrough-none\"><strong>Inclusi\u00f3 i conviv\u00e8ncia:<\/strong> <\/span><span class=\"OYPEnA font-feature-liga-off font-feature-clig-off font-feature-calt-off text-decoration-none text-strikethrough-none\">Estrat\u00e8gies per prevenir i gestionar l\u2019assetjament escolar.<\/span><\/li>\n<li><strong><span class=\"OYPEnA font-feature-liga-off font-feature-clig-off font-feature-calt-off text-decoration-none text-strikethrough-none\">Millora de l\u2019angl\u00e8s i connexions internacionals: <\/span><\/strong><span class=\"OYPEnA font-feature-liga-off font-feature-clig-off font-feature-calt-off text-decoration-none text-strikethrough-none\">Projectes amb escoles d\u2019altres pa\u00efsos per fomentar l\u2019intercanvi cultural i ling\u00fc\u00edstic<\/span><\/li>\n<\/ul>\n<p><strong>PROJECTES FINAN\u00c7ATS<\/strong><\/p>\n<p>Gr\u00e0cies a ser escola acreditada, la nostra escola pot portar a terme els seg\u00fcents projectes:<\/p>\n<ul>\n<li><a href=\"https:\/\/agora.xtec.cat\/ceip-espriu-montgat\/projectes-internacionals\/erasmus-plus\/schools-in-action-an-inclusive-safe-and-welcoming-school-en-curs\/\" target=\"_blank\" rel=\"noopener\">KA121 SCHOOLS IN ACTION<\/a>: creant una escola m\u00e9s inclusiva, segura i acollidora. Projecte EN CURS centrat en la prevenci\u00f3 i detecci\u00f3 de l&#8217;assetjament escolar i en impulsar m\u00e9s activitats coeducatives i inclusives.<\/li>\n<\/ul>\n<p>M\u00e9s sobre el projecte:<\/p>\n<div style=\"position: relative; width: 100%; height: 0; padding-top: 56.2500%; padding-bottom: 0; box-shadow: 0 2px 8px 0 rgba(63,69,81,0.16); margin-top: 1.6em; margin-bottom: 0.9em; overflow: hidden; border-radius: 8px; will-change: transform;\"><iframe style=\"position: absolute; width: 100%; height: 100%; top: 0; left: 0; border: none; padding: 0; margin: 0;\" src=\"https:\/\/www.canva.com\/design\/DAGDT3p73bI\/MG9bbcX2NRsrm3A3C_LSVg\/view?embed\" allowfullscreen=\"allowfullscreen\"><br \/>\n<\/iframe><\/div>\n<p><a href=\"https:\/\/www.canva.com\/design\/DAGDT3p73bI\/MG9bbcX2NRsrm3A3C_LSVg\/view?utm_content=DAGDT3p73bI&amp;utm_campaign=designshare&amp;utm_medium=embeds&amp;utm_source=link\" target=\"_blank\" rel=\"noopener\">KA120 ERASMUS <\/a><\/p>\n<p>&nbsp;<\/p>\n<hr \/>\n","protected":false},"excerpt":{"rendered":"<p>ACREDITACI\u00d3 ERASMUS<a href=\"https:\/\/agora.xtec.cat\/ceip-espriu-montgat\/wp-content\/uploads\/usu1919\/2025\/04\/1.jpg\"><\/a><br \/>\nAquesta acreditaci\u00f3 \u00e9s un reconeixement europeu que s\u2019atorga als centres educatius que tenen un comprom\u00eds ferm amb la millora cont\u00ednua i l&#8217;obertura a l&#8217;\u00e0mbit internacional.<br \/>\nQu\u00e8 vol dir ser una escola acreditada Erasmus?Vol dir que el nostre centre forma part del programa Erasmus+ de&hellip;  <a href=\"https:\/\/agora.xtec.cat\/ceip-espriu-montgat\/projectes-internacionals\/acreditacio-erasmus\/\" title=\"Read Acreditaci\u00f3 Erasmus\">Llegeix m\u00e9s\u00bb<\/a><\/p>\n","protected":false},"author":1,"featured_media":0,"parent":915,"menu_order":0,"comment_status":"closed","ping_status":"closed","template":"","meta":{"_bbp_topic_count":0,"_bbp_reply_count":0,"_bbp_total_topic_count":0,"_bbp_total_reply_count":0,"_bbp_voice_count":0,"_bbp_anonymous_reply_count":0,"_bbp_topic_count_hidden":0,"_bbp_reply_count_hidden":0,"_bbp_forum_subforum_count":0,"footnotes":""},"class_list":["post-3412","page","type-page","status-publish","hentry"],"post_mailing_queue_ids":[],"_links":{"self":[{"href":"https:\/\/agora.xtec.cat\/ceip-espriu-montgat\/wp-json\/wp\/v2\/pages\/3412","targetHints":{"allow":["GET"]}}],"collection":[{"href":"https:\/\/agora.xtec.cat\/ceip-espriu-montgat\/wp-json\/wp\/v2\/pages"}],"about":[{"href":"https:\/\/agora.xtec.cat\/ceip-espriu-montgat\/wp-json\/wp\/v2\/types\/page"}],"author":[{"embeddable":true,"href":"https:\/\/agora.xtec.cat\/ceip-espriu-montgat\/wp-json\/wp\/v2\/users\/1"}],"replies":[{"embeddable":true,"href":"https:\/\/agora.xtec.cat\/ceip-espriu-montgat\/wp-json\/wp\/v2\/comments?post=3412"}],"version-history":[{"count":2,"href":"https:\/\/agora.xtec.cat\/ceip-espriu-montgat\/wp-json\/wp\/v2\/pages\/3412\/revisions"}],"predecessor-version":[{"id":3416,"href":"https:\/\/agora.xtec.cat\/ceip-espriu-montgat\/wp-json\/wp\/v2\/pages\/3412\/revisions\/3416"}],"up":[{"embeddable":true,"href":"https:\/\/agora.xtec.cat\/ceip-espriu-montgat\/wp-json\/wp\/v2\/pages\/915"}],"wp:attachment":[{"href":"https:\/\/agora.xtec.cat\/ceip-espriu-montgat\/wp-json\/wp\/v2\/media?parent=3412"}],"curies":[{"name":"wp","href":"https:\/\/api.w.org\/{rel}","templated":true}]}}