{"id":2268,"date":"2021-11-19T12:11:17","date_gmt":"2021-11-19T11:11:17","guid":{"rendered":"https:\/\/agora.xtec.cat\/ceip-espriu-montgat\/?page_id=2268"},"modified":"2026-02-10T12:32:21","modified_gmt":"2026-02-10T11:32:21","slug":"documents-de-centre","status":"publish","type":"page","link":"https:\/\/agora.xtec.cat\/ceip-espriu-montgat\/projecte-educatiu\/documents-de-centre\/","title":{"rendered":"Documents de centre"},"content":{"rendered":"<p>En aquesta p\u00e0gina trobar\u00e0s tots els documents del centre per con\u00e8ixer a fons el nostre projecte.<\/p>\n<p>\ud83d\udcdd <a href=\"https:\/\/agora.xtec.cat\/ceip-espriu-montgat\/projecte-educatiu\/documents\/pec\/\">PEC i PLC<\/a><\/p>\n<p><strong>\ud83d\udcdd<\/strong><a href=\"https:\/\/drive.google.com\/file\/d\/1Ng5twg8Iez4kMKSQ4kmc3BsU8Z3Lug5_\/view?usp=drive_link\">Pla d&#8217;acollida<\/a><\/p>\n<p><strong>\ud83d\udcdd<\/strong><a href=\"https:\/\/drive.google.com\/file\/d\/1Gkwe4jwfPC8l7oArmFikQ8XA5lztMckX\/view?usp=sharing\">PES (Pla d&#8217;Educaci\u00f3 per la Sostenibilitat)<\/a><\/p>\n<p><strong>\ud83d\udcdd<\/strong><a href=\"https:\/\/drive.google.com\/file\/d\/1AOI72koWkuxiieHeJiULOMZPRYHoHbN8\/view?usp=sharing\">Resum Projecte de Direcci\u00f3 24-28<\/a><\/p>\n<p>\ud83d\udcdd <a href=\"https:\/\/agora.xtec.cat\/ceip-espriu-montgat\/projecte-educatiu\/documents\/pla-tac\/\">Pla TAC<\/a><\/p>\n<p>\ud83d\udcdd <a href=\"https:\/\/agora.xtec.cat\/ceip-espriu-montgat\/projecte-educatiu\/documents\/nofc\/\">NOFC<\/a><\/p>\n<p>\ud83d\udcdd <a href=\"https:\/\/agora.xtec.cat\/ceip-espriu-montgat\/families\/carta-de-compromis\/\">Carta de comprom\u00eds<\/a><\/p>\n<p>\ud83d\udcdd<a href=\"https:\/\/drive.google.com\/file\/d\/14C64v2aN2WBE7UamMu00qXZ0g-wvqmjT\/view?usp=sharing\">Programaci\u00f3 General Anual 25-26<\/a><\/p>\n<p><strong>\ud83d\udcdd<\/strong><a href=\"https:\/\/drive.google.com\/file\/d\/1VO-3dKFgSRxfjxXXdc6dTYZLO8vnlnIm\/view?usp=sharing\">Extracte Mem\u00f2ria Curs 24-25<\/a><\/p>\n<p><strong>\ud83d\udcdd<\/strong><a href=\"https:\/\/agora.xtec.cat\/ceip-espriu-montgat\/wp-content\/uploads\/usu1919\/2026\/02\/Dades-del-pressupost-3.pdf\">Dades del pressupost 2026<\/a><\/p>\n<p>&nbsp;<\/p>\n<p>&nbsp;<\/p>\n","protected":false},"excerpt":{"rendered":"<p>En aquesta p\u00e0gina trobar\u00e0s tots els documents del centre per con\u00e8ixer a fons el nostre projecte.<br \/>\n\ud83d\udcdd <a href=\"https:\/\/agora.xtec.cat\/ceip-espriu-montgat\/projecte-educatiu\/documents\/pec\/\">PEC i PLC<\/a><br \/>\n\ud83d\udcdd<a href=\"https:\/\/drive.google.com\/file\/d\/1Ng5twg8Iez4kMKSQ4kmc3BsU8Z3Lug5_\/view?usp=drive_link\">Pla d&#8217;acollida<\/a><br \/>\n\ud83d\udcdd<a href=\"https:\/\/drive.google.com\/file\/d\/1Gkwe4jwfPC8l7oArmFikQ8XA5lztMckX\/view?usp=sharing\">PES (Pla d&#8217;Educaci\u00f3 per la Sostenibilitat)<\/a><br \/>\n\ud83d\udcdd<a href=\"https:\/\/drive.google.com\/file\/d\/1AOI72koWkuxiieHeJiULOMZPRYHoHbN8\/view?usp=sharing\">Resum Projecte de Direcci\u00f3 24-28<\/a><br \/>\n\ud83d\udcdd <a href=\"https:\/\/agora.xtec.cat\/ceip-espriu-montgat\/projecte-educatiu\/documents\/pla-tac\/\">Pla TAC<\/a><br \/>\n\ud83d\udcdd <a href=\"https:\/\/agora.xtec.cat\/ceip-espriu-montgat\/projecte-educatiu\/documents\/nofc\/\">NOFC<\/a><br \/>\n\ud83d\udcdd <a href=\"https:\/\/agora.xtec.cat\/ceip-espriu-montgat\/families\/carta-de-compromis\/\">Carta de comprom\u00eds<\/a><br \/>\n\ud83d\udcdd<a href=\"https:\/\/drive.google.com\/file\/d\/14C64v2aN2WBE7UamMu00qXZ0g-wvqmjT\/view?usp=sharing\">Programaci\u00f3 General Anual&hellip;  <a href=\"https:\/\/agora.xtec.cat\/ceip-espriu-montgat\/projecte-educatiu\/documents-de-centre\/\" title=\"Read Documents de centre\">Llegeix m\u00e9s\u00bb<\/a><\/p>\n","protected":false},"author":1,"featured_media":0,"parent":64,"menu_order":0,"comment_status":"closed","ping_status":"closed","template":"","meta":{"_bbp_topic_count":0,"_bbp_reply_count":0,"_bbp_total_topic_count":0,"_bbp_total_reply_count":0,"_bbp_voice_count":0,"_bbp_anonymous_reply_count":0,"_bbp_topic_count_hidden":0,"_bbp_reply_count_hidden":0,"_bbp_forum_subforum_count":0,"footnotes":""},"class_list":["post-2268","page","type-page","status-publish","hentry"],"post_mailing_queue_ids":[],"_links":{"self":[{"href":"https:\/\/agora.xtec.cat\/ceip-espriu-montgat\/wp-json\/wp\/v2\/pages\/2268","targetHints":{"allow":["GET"]}}],"collection":[{"href":"https:\/\/agora.xtec.cat\/ceip-espriu-montgat\/wp-json\/wp\/v2\/pages"}],"about":[{"href":"https:\/\/agora.xtec.cat\/ceip-espriu-montgat\/wp-json\/wp\/v2\/types\/page"}],"author":[{"embeddable":true,"href":"https:\/\/agora.xtec.cat\/ceip-espriu-montgat\/wp-json\/wp\/v2\/users\/1"}],"replies":[{"embeddable":true,"href":"https:\/\/agora.xtec.cat\/ceip-espriu-montgat\/wp-json\/wp\/v2\/comments?post=2268"}],"version-history":[{"count":7,"href":"https:\/\/agora.xtec.cat\/ceip-espriu-montgat\/wp-json\/wp\/v2\/pages\/2268\/revisions"}],"predecessor-version":[{"id":3583,"href":"https:\/\/agora.xtec.cat\/ceip-espriu-montgat\/wp-json\/wp\/v2\/pages\/2268\/revisions\/3583"}],"up":[{"embeddable":true,"href":"https:\/\/agora.xtec.cat\/ceip-espriu-montgat\/wp-json\/wp\/v2\/pages\/64"}],"wp:attachment":[{"href":"https:\/\/agora.xtec.cat\/ceip-espriu-montgat\/wp-json\/wp\/v2\/media?parent=2268"}],"curies":[{"name":"wp","href":"https:\/\/api.w.org\/{rel}","templated":true}]}}