{"id":2013,"date":"2021-11-18T13:53:22","date_gmt":"2021-11-18T12:53:22","guid":{"rendered":"https:\/\/agora.xtec.cat\/ceip-espriu-montgat\/?page_id=2013"},"modified":"2024-01-23T14:11:27","modified_gmt":"2024-01-23T13:11:27","slug":"que-fem","status":"publish","type":"page","link":"https:\/\/agora.xtec.cat\/ceip-espriu-montgat\/projecte-educatiu\/que-fem\/","title":{"rendered":"Qu\u00e8 fem?"},"content":{"rendered":"<p><a href=\"https:\/\/agora.xtec.cat\/ceip-espriu-montgat\/wp-content\/uploads\/usu1919\/2022\/01\/Cartells-web-1.png\"><img loading=\"lazy\" decoding=\"async\" class=\"aligncenter wp-image-2470 \" src=\"https:\/\/agora.xtec.cat\/ceip-espriu-montgat\/wp-content\/uploads\/usu1919\/2022\/01\/Cartells-web-1-1024x576.png\" alt=\"\" width=\"764\" height=\"430\" srcset=\"https:\/\/agora.xtec.cat\/ceip-espriu-montgat\/wp-content\/uploads\/usu1919\/2022\/01\/Cartells-web-1-1024x576.png 1024w, https:\/\/agora.xtec.cat\/ceip-espriu-montgat\/wp-content\/uploads\/usu1919\/2022\/01\/Cartells-web-1-300x169.png 300w, https:\/\/agora.xtec.cat\/ceip-espriu-montgat\/wp-content\/uploads\/usu1919\/2022\/01\/Cartells-web-1-768x432.png 768w, https:\/\/agora.xtec.cat\/ceip-espriu-montgat\/wp-content\/uploads\/usu1919\/2022\/01\/Cartells-web-1-1536x864.png 1536w, https:\/\/agora.xtec.cat\/ceip-espriu-montgat\/wp-content\/uploads\/usu1919\/2022\/01\/Cartells-web-1-2048x1152.png 2048w\" sizes=\"auto, (max-width: 764px) 100vw, 764px\" \/><\/a><\/p>\n<p>Partint d\u2019aquesta idea transformadora del fam\u00f2s pedagog Loris Malaguzzi, l&#8217;Escola Salvador Espriu es defineix com una escola en constant <strong>proc\u00e9s innovador<\/strong> que afavoreixi una <strong>escola viva i activa.\u00a0<\/strong><\/p>\n<p>Per aconseguir-ho prioritzem les <strong>metodologies competencials, globalitzades i motivadores:<\/strong><a href=\"https:\/\/agora.xtec.cat\/ceip-espriu-montgat\/wp-content\/uploads\/usu1919\/2021\/10\/Copia-de-portada-my-business-2.png\"><img loading=\"lazy\" decoding=\"async\" class=\"wp-image-2020 alignright\" src=\"https:\/\/agora.xtec.cat\/ceip-espriu-montgat\/wp-content\/uploads\/usu1919\/2021\/10\/Copia-de-portada-my-business-2.png\" alt=\"\" width=\"567\" height=\"319\" srcset=\"https:\/\/agora.xtec.cat\/ceip-espriu-montgat\/wp-content\/uploads\/usu1919\/2021\/10\/Copia-de-portada-my-business-2.png 1080w, https:\/\/agora.xtec.cat\/ceip-espriu-montgat\/wp-content\/uploads\/usu1919\/2021\/10\/Copia-de-portada-my-business-2-300x169.png 300w, https:\/\/agora.xtec.cat\/ceip-espriu-montgat\/wp-content\/uploads\/usu1919\/2021\/10\/Copia-de-portada-my-business-2-1024x576.png 1024w, https:\/\/agora.xtec.cat\/ceip-espriu-montgat\/wp-content\/uploads\/usu1919\/2021\/10\/Copia-de-portada-my-business-2-768x432.png 768w\" sizes=\"auto, (max-width: 567px) 100vw, 567px\" \/><\/a><\/p>\n<h5><a href=\"https:\/\/agora.xtec.cat\/ceip-espriu-montgat\/projecte-educatiu\/que-fem\/racons-daprenentatge\/\" target=\"_blank\" rel=\"noopener\">\u2714 Racons<\/a><\/h5>\n<h5><a href=\"https:\/\/agora.xtec.cat\/ceip-espriu-montgat\/projecte-educatiu\/que-fem\/ambients-daprenentatge\/\">\u2714 Ambients d&#8217;aprenentatge<\/a><\/h5>\n<h5>\u2714\u00a0<a href=\"https:\/\/agora.xtec.cat\/ceip-espriu-montgat\/projecte-educatiu\/que-fem\/treball-per-projectes\/\">Treball per projectes<\/a><\/h5>\n<h5>\u2714 <a href=\"https:\/\/agora.xtec.cat\/ceip-espriu-montgat\/projecte-educatiu\/que-fem\/matematiques-competencials-innovamat\/\">Matem\u00e0tiques competencials<\/a><\/h5>\n<h5>\u2714 Situacions d&#8217;aprenentatge<\/h5>\n<h5><a href=\"https:\/\/agora.xtec.cat\/ceip-espriu-montgat\/projectes-internacionals\/\" target=\"_blank\" rel=\"noopener\">\u2714 Projectes Internacionals<\/a><\/h5>\n<h5>\u2714 Projectes transversals d&#8217;escola com:<\/h5>\n<h6 style=\"padding-left: 40px;\">\ud83c\udf99 <a href=\"https:\/\/agora.xtec.cat\/ceip-espriu-montgat\/general\/radio-escolar\/\" target=\"_blank\" rel=\"noopener\">R\u00e0dio escolar<\/a><\/h6>\n<h6 style=\"padding-left: 40px;\"><a href=\"https:\/\/agora.xtec.cat\/ceip-espriu-montgat\/portada\/cicle-superior-fa-vela-a-lescola-de-mar\/\" target=\"_blank\" rel=\"noopener\">\u26f5 Vela<\/a><\/h6>\n<h6 style=\"padding-left: 40px;\"><a href=\"https:\/\/agora.xtec.cat\/ceip-espriu-montgat\/general\/sortim-a-la-revista-de-montgat\/\" target=\"_blank\" rel=\"noopener\">\ud83c\udf7d L&#8217;olla a taula<\/a><\/h6>\n<p>&nbsp;<\/p>\n<p style=\"text-align: left;\">Totes les metodologies que s\u2019apliquen a l\u2019aula tenen en com\u00fa els seg\u00fcents punts:<\/p>\n<p style=\"text-align: left;\"><strong>El protagonista de l\u2019aprenentatge \u00e9s l\u2019infant<\/strong>: cada infant \u00e9s \u00fanic i la difer\u00e8ncia cal ser respectada i entesa com quelcom enriquidor. Respectant el ritme individual i el bagatge de cada infant podem donar millor resposta a les seves necessitats i, per tant, millorem el proc\u00e9s d&#8217;ensenyament-aprenentatge.<\/p>\n<p style=\"text-align: left;\"><strong>El joc com a recurs did\u00e0ctic:<\/strong> El joc permet desenvolupar facultats a nivell cognitiu, f\u00edsic, afectiu i social que parteixen de l\u2019espontane\u00eftat i de la naturalesa infantil. A trav\u00e9s del joc s\u2019experimenten viv\u00e8ncies i experi\u00e8ncies reals on els infants s\u00f3n els principals protagonistes, moltes vegades en interacci\u00f3 amb d\u2019altres infants, i els ajuda a descobrir-se a si mateixos, als altres i al m\u00f3n que els envolta.<\/p>\n<p style=\"text-align: left;\"><strong>Aprenentatge actiu<\/strong>: l\u2019infant \u00e9s actiu per naturalesa, per tant, la metodologia de l\u2019educaci\u00f3 infantil i prim\u00e0ria\u00a0 ha d\u2019afavorir en tot moment la seva activitat, ja que \u00e9s una de les fonts principals del seu aprenentatge i desenvolupament.<\/p>\n<p style=\"text-align: left;\"><strong>Inclusi\u00f3:\u00a0<\/strong>Cal acollir i celebrar\u00a0 la difer\u00e8ncia com un dret de l\u2019infant, adaptant l\u2019aula i les activitats a les difer\u00e8ncies individuals que presenta l\u2019alumnat.<\/p>\n<p style=\"text-align: left;\"><strong>Ambient educatiu acollidor<\/strong>: el centre i l\u2019aula ofereixen un clima de seguretat en qu\u00e8 l\u2019alumnat se senti acceptat i valorat. Cal subministrar experi\u00e8ncies que facilitin l\u2019expressi\u00f3 i comunicaci\u00f3 dels sentiments, pensaments i emocions. Hem d\u2019afavorir l\u2019intercanvi comunicatiu, la capacitat de decidir i anar fomentant una autoestima positiva en els alumnes.<img loading=\"lazy\" decoding=\"async\" class=\" wp-image-2192 alignright\" src=\"https:\/\/agora.xtec.cat\/ceip-espriu-montgat\/wp-content\/uploads\/usu1919\/2021\/11\/espriumontgat_241448123_130389459321006_1209346445048853763_n-300x300.jpg\" alt=\"\" width=\"229\" height=\"229\" srcset=\"https:\/\/agora.xtec.cat\/ceip-espriu-montgat\/wp-content\/uploads\/usu1919\/2021\/11\/espriumontgat_241448123_130389459321006_1209346445048853763_n-300x300.jpg 300w, https:\/\/agora.xtec.cat\/ceip-espriu-montgat\/wp-content\/uploads\/usu1919\/2021\/11\/espriumontgat_241448123_130389459321006_1209346445048853763_n-1024x1024.jpg 1024w, https:\/\/agora.xtec.cat\/ceip-espriu-montgat\/wp-content\/uploads\/usu1919\/2021\/11\/espriumontgat_241448123_130389459321006_1209346445048853763_n-150x150.jpg 150w, https:\/\/agora.xtec.cat\/ceip-espriu-montgat\/wp-content\/uploads\/usu1919\/2021\/11\/espriumontgat_241448123_130389459321006_1209346445048853763_n-768x768.jpg 768w, https:\/\/agora.xtec.cat\/ceip-espriu-montgat\/wp-content\/uploads\/usu1919\/2021\/11\/espriumontgat_241448123_130389459321006_1209346445048853763_n.jpg 1080w\" sizes=\"auto, (max-width: 229px) 100vw, 229px\" \/><\/p>\n<p style=\"text-align: left;\"><strong>\u00das de la tecnologia<\/strong>: e<span class=\"JsGRdQ\">ducar en els recursos digitals i ensenyar a fer un \u00fas \u00fatil i segur de la tecnologia \u00e9s un eix transversal de la nostra escola. La tecnologia integrada dins les activitats d&#8217;aula \u00e9s una eina b\u00e0sica per l&#8217;aprenentatge que ens ajuda, ens motiva i ens obre una finestra al m\u00f3n actual.<\/span><\/p>\n<p style=\"text-align: left;\"><strong>Escola Erasmus<\/strong>: l&#8217;aprenentatge d&#8217;una llengua estrangera, l&#8217;educaci\u00f3 multicultural i la cooperar internacional \u00e9s un dels pilars del projecte de centre. Per aix\u00f2, els infants aprenen <strong>angl\u00e8s des de P3<\/strong> i cada curs es posen en marxa <strong>projectes internacionals<\/strong> que afavoreixen la mobilitat i la cooperaci\u00f3 amb centres de tota Europa.<\/p>\n<p><b>Escola Verda: <\/b>som un centre educatiu comprom\u00e8s amb la sostenibilitat que treballa per fomentar una educaci\u00f3 ecosocial que transformi el centre educatiu i el seu entorn.<\/p>\n<p style=\"text-align: left;\">Aix\u00ed doncs, l\u2019objectiu principal de la nostra escola \u00e9s <span style=\"font-family: inherit; font-size: 1em;\">oferir una <\/span><strong style=\"font-family: inherit; font-size: 1em;\">educaci\u00f3 de qualitat que afavoreixi el creixement personal<\/strong><span style=\"font-family: inherit; font-size: 1em;\"> del nostre alumnat en el seu proc\u00e9s de socialitzaci\u00f3 i individualitzaci\u00f3, <\/span><strong>desenvolupant al m\u00e0xim les seves capacitats i compet\u00e8ncies<\/strong>, esdevenint aix\u00ed ciutadans i ciutadanes responsables, compromesos, cr\u00edtics i actius envers la societat. En aquest proc\u00e9s \u00e9s necess\u00e0ria la implicaci\u00f3 de tota la comunitat educativa i, per aix\u00f2, som <strong>una escola oberta al m\u00f3n<\/strong>: les fam\u00edlies, els docents, l\u2019alumnat, altres institucions i els agents de la comunitat.<\/p>\n<p style=\"text-align: left;\"><strong>Volem formar infants competents<\/strong> per a la vida, amb una mentalitat de creixement que els permeti ser creatius i entendre les dificultats com a reptes a treballar. <strong>Infants feli\u00e7os i cr\u00edtics,<\/strong> capa\u00e7os de viure en societat i de millorar el seu entorn. Infants que somi\u00efn, amb il\u00b7lusions, opcions i curiositat.<\/p>\n<p>&nbsp;<\/p>\n","protected":false},"excerpt":{"rendered":"<p><a href=\"https:\/\/agora.xtec.cat\/ceip-espriu-montgat\/wp-content\/uploads\/usu1919\/2022\/01\/Cartells-web-1.png\"><\/a><br \/>\nPartint d\u2019aquesta idea transformadora del fam\u00f2s pedagog Loris Malaguzzi, l&#8217;Escola Salvador Espriu es defineix com una escola en constant proc\u00e9s innovador que afavoreixi una escola viva i activa.\u00a0<br \/>\nPer aconseguir-ho prioritzem les metodologies competencials, globalitzades i motivadores:<a href=\"https:\/\/agora.xtec.cat\/ceip-espriu-montgat\/wp-content\/uploads\/usu1919\/2021\/10\/Copia-de-portada-my-business-2.png\"><\/a><br \/>\n<a href=\"https:\/\/agora.xtec.cat\/ceip-espriu-montgat\/projecte-educatiu\/que-fem\/racons-daprenentatge\/\" target=\"_blank\" rel=\"noopener\">\u2714 Racons<\/a><br \/>\n<a href=\"https:\/\/agora.xtec.cat\/ceip-espriu-montgat\/projecte-educatiu\/que-fem\/ambients-daprenentatge\/\">\u2714 Ambients d&#8217;aprenentatge<\/a><br \/>\n\u2714\u00a0<a&hellip;  <a href=\"https:\/\/agora.xtec.cat\/ceip-espriu-montgat\/projecte-educatiu\/que-fem\/\" title=\"Read Qu\u00e8 fem?\">Llegeix m\u00e9s\u00bb<\/a><\/p>\n","protected":false},"author":1,"featured_media":0,"parent":64,"menu_order":0,"comment_status":"closed","ping_status":"closed","template":"","meta":{"_bbp_topic_count":0,"_bbp_reply_count":0,"_bbp_total_topic_count":0,"_bbp_total_reply_count":0,"_bbp_voice_count":0,"_bbp_anonymous_reply_count":0,"_bbp_topic_count_hidden":0,"_bbp_reply_count_hidden":0,"_bbp_forum_subforum_count":0,"footnotes":""},"class_list":["post-2013","page","type-page","status-publish","hentry"],"post_mailing_queue_ids":[],"_links":{"self":[{"href":"https:\/\/agora.xtec.cat\/ceip-espriu-montgat\/wp-json\/wp\/v2\/pages\/2013","targetHints":{"allow":["GET"]}}],"collection":[{"href":"https:\/\/agora.xtec.cat\/ceip-espriu-montgat\/wp-json\/wp\/v2\/pages"}],"about":[{"href":"https:\/\/agora.xtec.cat\/ceip-espriu-montgat\/wp-json\/wp\/v2\/types\/page"}],"author":[{"embeddable":true,"href":"https:\/\/agora.xtec.cat\/ceip-espriu-montgat\/wp-json\/wp\/v2\/users\/1"}],"replies":[{"embeddable":true,"href":"https:\/\/agora.xtec.cat\/ceip-espriu-montgat\/wp-json\/wp\/v2\/comments?post=2013"}],"version-history":[{"count":5,"href":"https:\/\/agora.xtec.cat\/ceip-espriu-montgat\/wp-json\/wp\/v2\/pages\/2013\/revisions"}],"predecessor-version":[{"id":2383,"href":"https:\/\/agora.xtec.cat\/ceip-espriu-montgat\/wp-json\/wp\/v2\/pages\/2013\/revisions\/2383"}],"up":[{"embeddable":true,"href":"https:\/\/agora.xtec.cat\/ceip-espriu-montgat\/wp-json\/wp\/v2\/pages\/64"}],"wp:attachment":[{"href":"https:\/\/agora.xtec.cat\/ceip-espriu-montgat\/wp-json\/wp\/v2\/media?parent=2013"}],"curies":[{"name":"wp","href":"https:\/\/api.w.org\/{rel}","templated":true}]}}