{"id":1721,"date":"2021-01-14T10:13:41","date_gmt":"2021-01-14T09:13:41","guid":{"rendered":"http:\/\/agora.xtec.cat\/ceip-espriu-montgat\/?page_id=1721"},"modified":"2021-11-09T10:04:07","modified_gmt":"2021-11-09T09:04:07","slug":"rob-me-2","status":"publish","type":"page","link":"https:\/\/agora.xtec.cat\/ceip-espriu-montgat\/projectes-internacionals\/etwinning-rob-me\/rob-me-2\/","title":{"rendered":"Rob &#038; Me"},"content":{"rendered":"<h1 style=\"text-align: center;\">Rob &amp; Me<\/h1>\n<p>La nostra escola forma part del projecte europeu ETwinning <em>Rob &amp; Me<\/em>. En col\u00b7laboraci\u00f3 amb escoles d&#8217;arreu d&#8217;Europa, el projecte pret\u00e9n promoure la rob\u00f2tica com a eina educativa i fomentar la igualtat de g\u00e8nere en l&#8217;\u00fas de la tecnologia des de ben petits.<\/p>\n<h5 style=\"text-align: center;\">\ud83c\udfc6 Per aquest projecte l&#8217;escola ha obtingut el <a href=\"https:\/\/projectes.xtec.cat\/internacional\/etwinning\/reconeixements-i-premis-etwinning\/premis-etwinning\/projectes-amb-premi-nacional-2021\/\" target=\"_blank\" rel=\"noopener\"><strong>Premi Nacional 2021 de Projectes Internacionals<\/strong><\/a><\/h5>\n<p><a href=\"https:\/\/projectes.xtec.cat\/internacional\/etwinning\/reconeixements-i-premis-etwinning\/premis-etwinning\/projectes-amb-premi-nacional-2021\/\"><img loading=\"lazy\" decoding=\"async\" class=\"aligncenter wp-image-1988 size-full\" src=\"https:\/\/agora.xtec.cat\/ceip-espriu-montgat\/wp-content\/uploads\/usu1919\/2021\/09\/Premis-300x225-1-e1631008204623.jpg\" alt=\"\" width=\"200\" height=\"150\" \/><\/a><\/p>\n<p><a href=\"https:\/\/twinspace.etwinning.net\/89807\"><img loading=\"lazy\" decoding=\"async\" class=\"alignnone wp-image-1223 size-large\" src=\"https:\/\/agora.xtec.cat\/ceip-espriu-montgat\/wp-content\/uploads\/usu1919\/2020\/02\/rob-me-1024x523.jpg\" alt=\"\" width=\"1024\" height=\"523\" srcset=\"https:\/\/agora.xtec.cat\/ceip-espriu-montgat\/wp-content\/uploads\/usu1919\/2020\/02\/rob-me-1024x523.jpg 1024w, https:\/\/agora.xtec.cat\/ceip-espriu-montgat\/wp-content\/uploads\/usu1919\/2020\/02\/rob-me-300x153.jpg 300w, https:\/\/agora.xtec.cat\/ceip-espriu-montgat\/wp-content\/uploads\/usu1919\/2020\/02\/rob-me-768x392.jpg 768w, https:\/\/agora.xtec.cat\/ceip-espriu-montgat\/wp-content\/uploads\/usu1919\/2020\/02\/rob-me.jpg 1415w\" sizes=\"auto, (max-width: 1024px) 100vw, 1024px\" \/><\/a><\/p>\n","protected":false},"excerpt":{"rendered":"<p>Rob &amp; Me<br \/>\nLa nostra escola forma part del projecte europeu ETwinning Rob &amp; Me. En col\u00b7laboraci\u00f3 amb escoles d&#8217;arreu d&#8217;Europa, el projecte pret\u00e9n promoure la rob\u00f2tica com a eina educativa i fomentar la igualtat de g\u00e8nere en l&#8217;\u00fas de la tecnologia des de ben petits.<br \/>\n\ud83c\udfc6&hellip;  <a href=\"https:\/\/agora.xtec.cat\/ceip-espriu-montgat\/projectes-internacionals\/etwinning-rob-me\/rob-me-2\/\" title=\"Read Rob &#038; Me\">Llegeix m\u00e9s\u00bb<\/a><\/p>\n","protected":false},"author":1,"featured_media":0,"parent":917,"menu_order":0,"comment_status":"closed","ping_status":"closed","template":"","meta":{"_bbp_topic_count":0,"_bbp_reply_count":0,"_bbp_total_topic_count":0,"_bbp_total_reply_count":0,"_bbp_voice_count":0,"_bbp_anonymous_reply_count":0,"_bbp_topic_count_hidden":0,"_bbp_reply_count_hidden":0,"_bbp_forum_subforum_count":0,"footnotes":""},"class_list":["post-1721","page","type-page","status-publish","hentry"],"post_mailing_queue_ids":[],"_links":{"self":[{"href":"https:\/\/agora.xtec.cat\/ceip-espriu-montgat\/wp-json\/wp\/v2\/pages\/1721","targetHints":{"allow":["GET"]}}],"collection":[{"href":"https:\/\/agora.xtec.cat\/ceip-espriu-montgat\/wp-json\/wp\/v2\/pages"}],"about":[{"href":"https:\/\/agora.xtec.cat\/ceip-espriu-montgat\/wp-json\/wp\/v2\/types\/page"}],"author":[{"embeddable":true,"href":"https:\/\/agora.xtec.cat\/ceip-espriu-montgat\/wp-json\/wp\/v2\/users\/1"}],"replies":[{"embeddable":true,"href":"https:\/\/agora.xtec.cat\/ceip-espriu-montgat\/wp-json\/wp\/v2\/comments?post=1721"}],"version-history":[{"count":3,"href":"https:\/\/agora.xtec.cat\/ceip-espriu-montgat\/wp-json\/wp\/v2\/pages\/1721\/revisions"}],"predecessor-version":[{"id":2079,"href":"https:\/\/agora.xtec.cat\/ceip-espriu-montgat\/wp-json\/wp\/v2\/pages\/1721\/revisions\/2079"}],"up":[{"embeddable":true,"href":"https:\/\/agora.xtec.cat\/ceip-espriu-montgat\/wp-json\/wp\/v2\/pages\/917"}],"wp:attachment":[{"href":"https:\/\/agora.xtec.cat\/ceip-espriu-montgat\/wp-json\/wp\/v2\/media?parent=1721"}],"curies":[{"name":"wp","href":"https:\/\/api.w.org\/{rel}","templated":true}]}}