{"id":1195,"date":"2020-02-04T11:06:20","date_gmt":"2020-02-04T10:06:20","guid":{"rendered":"http:\/\/agora.xtec.cat\/ceip-espriu-montgat\/?page_id=1195"},"modified":"2024-01-09T16:04:22","modified_gmt":"2024-01-09T15:04:22","slug":"carta-de-compromis","status":"publish","type":"page","link":"https:\/\/agora.xtec.cat\/ceip-espriu-montgat\/families\/carta-de-compromis\/","title":{"rendered":"Carta de comprom\u00eds"},"content":{"rendered":"<p>La Carta de Comprom\u00eds Educatiu \u00e9s una eina de di\u00e0leg entre les fam\u00edlies de l\u2019alumnat i els professionals de l\u2019educaci\u00f3, amb la finalitat d\u2019afavorir l\u2019\u00e8xit educatiu. En aquest comprom\u00eds, fam\u00edlia i escola expressen els objectius per assolir un entorn de conviv\u00e8ncia i respecte pel desenvolupament de les activitats educatives.<\/p>\n<p>Mitjan\u00e7ant la Carta de Comprom\u00eds Educatiu es vol potenciar la participaci\u00f3 de les fam\u00edlies en l\u2019educaci\u00f3 dels seus fills i filles, ja que l\u2019educaci\u00f3 \u00e9s el resultat de l\u2019esfor\u00e7 conjunt de les fam\u00edlies i les escoles.<\/p>\n<p>A la nostra escola hi ha dues cartes de comprom\u00eds, segons l&#8217;etapa educativa, que es signen per part de la fam\u00edlia i de la directora del centre, al comen\u00e7ament de cada etapa.<\/p>\n<p><a href=\"https:\/\/drive.google.com\/file\/d\/1c7NedM6r2S-b9WA6MQOr7RxETeY5TCgn\/view?usp=drive_link\">Carta de comprom\u00eds Escola Salvador Espriu<\/a><\/p>\n<p>&nbsp;<\/p>\n","protected":false},"excerpt":{"rendered":"<p>La Carta de Comprom\u00eds Educatiu \u00e9s una eina de di\u00e0leg entre les fam\u00edlies de l\u2019alumnat i els professionals de l\u2019educaci\u00f3, amb la finalitat d\u2019afavorir l\u2019\u00e8xit educatiu. En aquest comprom\u00eds, fam\u00edlia i escola expressen els objectius per assolir un entorn de conviv\u00e8ncia i respecte pel desenvolupament&hellip;  <a href=\"https:\/\/agora.xtec.cat\/ceip-espriu-montgat\/families\/carta-de-compromis\/\" title=\"Read Carta de comprom\u00eds\">Llegeix m\u00e9s\u00bb<\/a><\/p>\n","protected":false},"author":1,"featured_media":0,"parent":480,"menu_order":0,"comment_status":"closed","ping_status":"closed","template":"","meta":{"_bbp_topic_count":0,"_bbp_reply_count":0,"_bbp_total_topic_count":0,"_bbp_total_reply_count":0,"_bbp_voice_count":0,"_bbp_anonymous_reply_count":0,"_bbp_topic_count_hidden":0,"_bbp_reply_count_hidden":0,"_bbp_forum_subforum_count":0,"footnotes":""},"class_list":["post-1195","page","type-page","status-publish","hentry"],"post_mailing_queue_ids":[],"_links":{"self":[{"href":"https:\/\/agora.xtec.cat\/ceip-espriu-montgat\/wp-json\/wp\/v2\/pages\/1195","targetHints":{"allow":["GET"]}}],"collection":[{"href":"https:\/\/agora.xtec.cat\/ceip-espriu-montgat\/wp-json\/wp\/v2\/pages"}],"about":[{"href":"https:\/\/agora.xtec.cat\/ceip-espriu-montgat\/wp-json\/wp\/v2\/types\/page"}],"author":[{"embeddable":true,"href":"https:\/\/agora.xtec.cat\/ceip-espriu-montgat\/wp-json\/wp\/v2\/users\/1"}],"replies":[{"embeddable":true,"href":"https:\/\/agora.xtec.cat\/ceip-espriu-montgat\/wp-json\/wp\/v2\/comments?post=1195"}],"version-history":[{"count":4,"href":"https:\/\/agora.xtec.cat\/ceip-espriu-montgat\/wp-json\/wp\/v2\/pages\/1195\/revisions"}],"predecessor-version":[{"id":3042,"href":"https:\/\/agora.xtec.cat\/ceip-espriu-montgat\/wp-json\/wp\/v2\/pages\/1195\/revisions\/3042"}],"up":[{"embeddable":true,"href":"https:\/\/agora.xtec.cat\/ceip-espriu-montgat\/wp-json\/wp\/v2\/pages\/480"}],"wp:attachment":[{"href":"https:\/\/agora.xtec.cat\/ceip-espriu-montgat\/wp-json\/wp\/v2\/media?parent=1195"}],"curies":[{"name":"wp","href":"https:\/\/api.w.org\/{rel}","templated":true}]}}